{"id":64,"date":"2014-09-18T12:39:08","date_gmt":"2014-09-18T11:39:08","guid":{"rendered":"http:\/\/agora.xtec.cat\/escolacanparera\/?page_id=64"},"modified":"2023-11-02T10:51:18","modified_gmt":"2023-11-02T09:51:18","slug":"projecte-educatiu","status":"publish","type":"page","link":"https:\/\/agora.xtec.cat\/escolacanparera\/projecte-educatiu\/","title":{"rendered":"Documents de centre"},"content":{"rendered":"<p style=\"text-align: justify;\">La Llei 12\/2009, de 10 de juliol, d&#8217;educaci\u00f3 i el seu desplegament normatiu (el Decret 102\/2010, de 3 d&#8217;agost, d&#8217;autonomia dels centres educatius, el Decret 155\/2010, de 2 de novembre, de la direcci\u00f3 dels centres educatius p\u00fablics i del personal directiu<br \/>\nprofessional docent, i el Decret 39\/2014, de 25 de mar\u00e7, pel qual es regulen els procediments per definir el perfil i la provisi\u00f3 dels llocs de treball docents) situen la presa de decisions en el centre educatiu, com a element nuclear del sistema educatiu.<br \/>\nL&#8217;exercici de l&#8217;autonomia dels centres, en el marc dels principis rectors del sistema i orientada a l&#8217;\u00e8xit i l\u2019excel\u00b7l\u00e8ncia educatives, requereix d&#8217;instruments operatius que permetin l&#8217;organitzaci\u00f3 i la gesti\u00f3 del centre a fi d\u2019assolir els objectius definits en el<br \/>\nprojecte educatiu i retre comptes davant la comunitat i l&#8217;administraci\u00f3 educatives.<br \/>\nLa legislaci\u00f3 vigent preveu que tots els centres elaborin els seus documents de gesti\u00f3, com a eines eficaces que els han de permetre un exercici responsable de l&#8217;autonomia reconeguda. Aquests documents s\u00f3n els seg\u00fcents:<\/p>\n<p><a href=\"https:\/\/agora.xtec.cat\/escolacanparera\/projecte-educatiu\/pec\/\">El projecte educatiu del centre (PEC)<\/a><br \/>\n<a href=\"https:\/\/agora.xtec.cat\/escolacanparera\/projecte-educatiu\/nofc\/\">Les normes d&#8217;organitzaci\u00f3 i funcionament del centre (NOFC)<\/a><br \/>\n<a href=\"https:\/\/agora.xtec.cat\/escolacanparera\/projecte-educatiu\/projecte-linguistic\/\">El projecte ling\u00fc\u00edstic (PL)<\/a><br \/>\nEl projecte de direcci\u00f3 (PdD)<br \/>\n<a href=\"https:\/\/agora.xtec.cat\/escolacanparera\/projecte-educatiu\/pgac\/\">La programaci\u00f3 general anual (PGA)<\/a><br \/>\n<a href=\"https:\/\/agora.xtec.cat\/escolacanparera\/wp-content\/uploads\/usu1938\/2023\/11\/MEMORIA-22-23.pdf\">MEM\u00d2RIA 22 &#8211; 23<\/a><\/p>\n","protected":false},"excerpt":{"rendered":"<p>La Llei 12\/2009, de 10 de juliol, d&#8217;educaci\u00f3 i el seu desplegament normatiu (el Decret 102\/2010, de 3 d&#8217;agost, d&#8217;autonomia dels centres educatius, el Decret 155\/2010, de 2 de novembre, de la direcci\u00f3 dels centres educatius p\u00fablics i del personal directiu<br \/>\nprofessional docent, i el Decret&hellip;  <a href=\"https:\/\/agora.xtec.cat\/escolacanparera\/projecte-educatiu\/\" title=\"Read Documents de centre\">Llegeix m\u00e9s\u00bb<\/a><\/p>\n","protected":false},"author":1,"featured_media":0,"parent":0,"menu_order":0,"comment_status":"closed","ping_status":"closed","template":"page-templates\/side-menu.php","meta":{"_bbp_topic_count":0,"_bbp_reply_count":0,"_bbp_total_topic_count":0,"_bbp_total_reply_count":0,"_bbp_voice_count":0,"_bbp_anonymous_reply_count":0,"_bbp_topic_count_hidden":0,"_bbp_reply_count_hidden":0,"_bbp_forum_subforum_count":0,"footnotes":""},"class_list":["post-64","page","type-page","status-publish","hentry"],"post_mailing_queue_ids":[],"_links":{"self":[{"href":"https:\/\/agora.xtec.cat\/escolacanparera\/wp-json\/wp\/v2\/pages\/64","targetHints":{"allow":["GET"]}}],"collection":[{"href":"https:\/\/agora.xtec.cat\/escolacanparera\/wp-json\/wp\/v2\/pages"}],"about":[{"href":"https:\/\/agora.xtec.cat\/escolacanparera\/wp-json\/wp\/v2\/types\/page"}],"author":[{"embeddable":true,"href":"https:\/\/agora.xtec.cat\/escolacanparera\/wp-json\/wp\/v2\/users\/1"}],"replies":[{"embeddable":true,"href":"https:\/\/agora.xtec.cat\/escolacanparera\/wp-json\/wp\/v2\/comments?post=64"}],"version-history":[{"count":4,"href":"https:\/\/agora.xtec.cat\/escolacanparera\/wp-json\/wp\/v2\/pages\/64\/revisions"}],"predecessor-version":[{"id":12600,"href":"https:\/\/agora.xtec.cat\/escolacanparera\/wp-json\/wp\/v2\/pages\/64\/revisions\/12600"}],"wp:attachment":[{"href":"https:\/\/agora.xtec.cat\/escolacanparera\/wp-json\/wp\/v2\/media?parent=64"}],"curies":[{"name":"wp","href":"https:\/\/api.w.org\/{rel}","templated":true}]}}