{"id":531,"date":"2018-11-14T12:20:13","date_gmt":"2018-11-14T11:20:13","guid":{"rendered":"https:\/\/agora.xtec.cat\/escolacanparera\/?page_id=531"},"modified":"2024-10-02T13:32:01","modified_gmt":"2024-10-02T11:32:01","slug":"laboratori-aula-de-ciencies","status":"publish","type":"page","link":"https:\/\/agora.xtec.cat\/escolacanparera\/lescola\/instal%c2%b7lacions\/laboratori-aula-de-ciencies\/","title":{"rendered":"AULA POLIVALENT"},"content":{"rendered":"<p>L&#8217;aula polivalent \u00e9s un espai del centre destinat als desdoblaments, en grups m\u00e9s redu\u00efts, per tal de millorar l&#8217;atenci\u00f3 al nostre alumnat.\u00a0 Aquest espai est\u00e0 dotat de taules que permeten agrupacions flexibles, pantalla i projector.<\/p>\n<p><a href=\"https:\/\/agora.xtec.cat\/escolacanparera\/wp-content\/uploads\/usu1938\/2024\/10\/WhatsApp-Image-2024-10-02-at-13.30.41.jpeg\"><img loading=\"lazy\" decoding=\"async\" class=\"size-medium wp-image-13859 alignleft\" src=\"https:\/\/agora.xtec.cat\/escolacanparera\/wp-content\/uploads\/usu1938\/2024\/10\/WhatsApp-Image-2024-10-02-at-13.30.41-300x212.jpeg\" alt=\"\" width=\"300\" height=\"212\" srcset=\"https:\/\/agora.xtec.cat\/escolacanparera\/wp-content\/uploads\/usu1938\/2024\/10\/WhatsApp-Image-2024-10-02-at-13.30.41-300x212.jpeg 300w, https:\/\/agora.xtec.cat\/escolacanparera\/wp-content\/uploads\/usu1938\/2024\/10\/WhatsApp-Image-2024-10-02-at-13.30.41-1024x723.jpeg 1024w, https:\/\/agora.xtec.cat\/escolacanparera\/wp-content\/uploads\/usu1938\/2024\/10\/WhatsApp-Image-2024-10-02-at-13.30.41-768x542.jpeg 768w, https:\/\/agora.xtec.cat\/escolacanparera\/wp-content\/uploads\/usu1938\/2024\/10\/WhatsApp-Image-2024-10-02-at-13.30.41-1536x1085.jpeg 1536w, https:\/\/agora.xtec.cat\/escolacanparera\/wp-content\/uploads\/usu1938\/2024\/10\/WhatsApp-Image-2024-10-02-at-13.30.41.jpeg 1600w\" sizes=\"auto, (max-width: 300px) 100vw, 300px\" \/><\/a><\/p>\n","protected":false},"excerpt":{"rendered":"<p>L&#8217;aula polivalent \u00e9s un espai del centre destinat als desdoblaments, en grups m\u00e9s redu\u00efts, per tal de millorar l&#8217;atenci\u00f3 al nostre alumnat.\u00a0 Aquest espai est\u00e0 dotat de taules que permeten agrupacions flexibles, pantalla i projector.<br \/>\n<a href=\"https:\/\/agora.xtec.cat\/escolacanparera\/wp-content\/uploads\/usu1938\/2024\/10\/WhatsApp-Image-2024-10-02-at-13.30.41.jpeg\"><\/a><\/p>\n","protected":false},"author":1,"featured_media":0,"parent":30,"menu_order":0,"comment_status":"closed","ping_status":"closed","template":"","meta":{"_bbp_topic_count":0,"_bbp_reply_count":0,"_bbp_total_topic_count":0,"_bbp_total_reply_count":0,"_bbp_voice_count":0,"_bbp_anonymous_reply_count":0,"_bbp_topic_count_hidden":0,"_bbp_reply_count_hidden":0,"_bbp_forum_subforum_count":0,"footnotes":""},"class_list":["post-531","page","type-page","status-publish","hentry"],"post_mailing_queue_ids":[],"_links":{"self":[{"href":"https:\/\/agora.xtec.cat\/escolacanparera\/wp-json\/wp\/v2\/pages\/531","targetHints":{"allow":["GET"]}}],"collection":[{"href":"https:\/\/agora.xtec.cat\/escolacanparera\/wp-json\/wp\/v2\/pages"}],"about":[{"href":"https:\/\/agora.xtec.cat\/escolacanparera\/wp-json\/wp\/v2\/types\/page"}],"author":[{"embeddable":true,"href":"https:\/\/agora.xtec.cat\/escolacanparera\/wp-json\/wp\/v2\/users\/1"}],"replies":[{"embeddable":true,"href":"https:\/\/agora.xtec.cat\/escolacanparera\/wp-json\/wp\/v2\/comments?post=531"}],"version-history":[{"count":4,"href":"https:\/\/agora.xtec.cat\/escolacanparera\/wp-json\/wp\/v2\/pages\/531\/revisions"}],"predecessor-version":[{"id":13860,"href":"https:\/\/agora.xtec.cat\/escolacanparera\/wp-json\/wp\/v2\/pages\/531\/revisions\/13860"}],"up":[{"embeddable":true,"href":"https:\/\/agora.xtec.cat\/escolacanparera\/wp-json\/wp\/v2\/pages\/30"}],"wp:attachment":[{"href":"https:\/\/agora.xtec.cat\/escolacanparera\/wp-json\/wp\/v2\/media?parent=531"}],"curies":[{"name":"wp","href":"https:\/\/api.w.org\/{rel}","templated":true}]}}