{"id":28,"date":"2014-09-18T12:29:35","date_gmt":"2014-09-18T11:29:35","guid":{"rendered":"http:\/\/agora.xtec.cat\/escolacanparera\/?page_id=28"},"modified":"2026-01-28T13:47:33","modified_gmt":"2026-01-28T12:47:33","slug":"consell-escolar","status":"publish","type":"page","link":"https:\/\/agora.xtec.cat\/escolacanparera\/lescola\/consell-escolar\/","title":{"rendered":"Consell escolar"},"content":{"rendered":"<p style=\"color: #444444; text-align: justify;\">El <strong>consell escolar<\/strong> \u00e9s l&#8217;\u00f2rgan de participaci\u00f3 dels diferents sectors de la comunitat educativa en el govern dels centres.<\/p>\n<p>La funci\u00f3 principal del consell escolar \u00e9s participar en la presa de decisions en relaci\u00f3 amb aquells temes importants per al funcionament i l&#8217;organitzaci\u00f3 del centre: el projecte educatiu, la programaci\u00f3 general, la gesti\u00f3 econ\u00f2mica, etc.<\/p>\n<p>Els membres del consell escolar s\u00f3n elegits per un per\u00edode de quatre anys i es renoven per meitats cada dos anys.<\/p>\n<table style=\"width: 100%; border-collapse: collapse; border-color: #000000; border-style: double;\" border=\"1\">\n<tbody>\n<tr style=\"background-color: #f2071b;\">\n<td style=\"width: 33.3333%; text-align: center;\" colspan=\"3\"><strong>SECTOR PROFESSORAT<\/strong><\/td>\n<\/tr>\n<tr>\n<td style=\"width: 33.3333%; text-align: center;\">Mar\u00eda Prieto<\/td>\n<td style=\"width: 33.3333%; text-align: center;\">Ver\u00f3nica Garrido<\/td>\n<td style=\"width: 33.3333%; text-align: center;\">Marta Heras<\/td>\n<\/tr>\n<tr>\n<td style=\"width: 33.3333%; text-align: center;\">M\u00aa del Pilar Fern\u00e1ndez<\/td>\n<td style=\"width: 33.3333%; text-align: center;\">M\u00edriam Borrego<\/td>\n<td style=\"width: 33.3333%; text-align: center;\">Ver\u00f3nica Invern\u00f3n<\/td>\n<\/tr>\n<\/tbody>\n<\/table>\n<table style=\"width: 100%; border-collapse: collapse; border-color: #000000; border-style: double;\" border=\"1\">\n<tbody>\n<tr style=\"background-color: #b5e64a;\">\n<td style=\"width: 100.101%; height: 30px; text-align: center;\" colspan=\"3\"><strong>SECTOR FAM\u00cdLIES<\/strong><\/td>\n<\/tr>\n<tr style=\"height: 30px;\">\n<td style=\"width: 33.3333%; height: 30px; text-align: center;\">Cristina Hern\u00e1ndez<\/td>\n<td style=\"width: 33.3333%; height: 30px; text-align: center;\">Eva del Barco<\/td>\n<td style=\"width: 33.4345%; height: 30px; text-align: center;\">Lorena N\u00fa\u00f1ez<\/td>\n<\/tr>\n<tr style=\"height: 30px;\">\n<td style=\"width: 33.3333%; height: 30px; text-align: center;\">Elena Ib\u00e1\u00f1ez<\/td>\n<td style=\"width: 33.3333%; height: 30px; text-align: center;\">Maria Isabel Traviesa<\/td>\n<td style=\"width: 33.4345%; height: 30px; text-align: center;\">Jos\u00e9 Rodr\u00edguez (AFA)<\/td>\n<\/tr>\n<\/tbody>\n<\/table>\n<table style=\"width: 100.112%; border-collapse: collapse; border-color: #000000; border-style: double; height: 63px;\" border=\"1\">\n<tbody>\n<tr style=\"background-color: #f2071b;\">\n<td style=\"width: 100%; text-align: center;\"><strong>SECTOR AJUNTAMENT<\/strong><\/td>\n<\/tr>\n<tr>\n<td style=\"width: 100%; text-align: center;\">Jos\u00e9 Antonio Montero<\/td>\n<\/tr>\n<\/tbody>\n<\/table>\n<table style=\"width: 100%; border-collapse: collapse; border-color: #000000; border-style: double;\" border=\"1\">\n<tbody>\n<tr style=\"background-color: #b5e64a;\">\n<td style=\"width: 53.0062%; height: 30px; text-align: center;\"><strong>SECTOR PAS<\/strong><\/td>\n<td style=\"width: 47.0948%; text-align: center;\"><strong>SECTOR PAE<\/strong><\/td>\n<\/tr>\n<tr style=\"height: 30px;\">\n<td style=\"width: 53.0062%; height: 30px; text-align: center;\">Ana Bel\u00e9n P\u00e9rez<\/td>\n<td style=\"width: 47.0948%; text-align: center;\">Gemma Parellada<\/td>\n<\/tr>\n<\/tbody>\n<\/table>\n<table style=\"width: 100%; border-collapse: collapse; border-color: #000000; border-style: double;\" border=\"1\">\n<tbody>\n<tr style=\"background-color: #f2071b;\">\n<td style=\"width: 33.3333%; text-align: center;\" colspan=\"3\"><strong>EQUIP DIRECTIU<\/strong><\/td>\n<\/tr>\n<tr>\n<td style=\"width: 33.3333%; text-align: center;\">Rosa M\u00aa Caballero<\/td>\n<td style=\"width: 33.3333%; text-align: center;\">\u00c0lex Cass\u00e0<\/td>\n<td style=\"width: 33.3333%; text-align: center;\">\u00c1ngel Collado<\/td>\n<\/tr>\n<\/tbody>\n<\/table>\n<p><strong>La distribuci\u00f3 dels membres del sector professorat i fam\u00edlies en les diferents comisions queda de la seg\u00fcent manera:<\/strong><\/p>\n<table style=\"width: 99.5698%; border-collapse: collapse; border-color: #000000; border-style: double; height: 88px;\" border=\"1\">\n<tbody>\n<tr style=\"background-color: #b5e64a;\">\n<td style=\"width: 66.6666%; height: 30px; text-align: center;\" colspan=\"2\"><strong>SECTOR FAM\u00cdLIES<\/strong><\/td>\n<\/tr>\n<tr style=\"height: 30px;\">\n<td style=\"width: 33.3333%; height: 30px; text-align: center;\"><\/td>\n<td style=\"width: 33.3333%; height: 30px; text-align: center;\">Comissi\u00f3 de menjador<\/td>\n<\/tr>\n<tr style=\"height: 30px;\">\n<td style=\"width: 33.3333%; height: 30px; text-align: center;\">Elena Ib\u00e1\u00f1ez<\/td>\n<td style=\"width: 33.3333%; height: 30px; text-align: center;\">Comissi\u00f3 de menjador<\/td>\n<\/tr>\n<tr style=\"height: 30px;\">\n<td style=\"width: 33.3333%; text-align: center; height: 30px;\">Maria Isabel Traviesa<\/td>\n<td style=\"width: 33.3333%; text-align: center; height: 30px;\">Comissi\u00f3 permanent<\/td>\n<\/tr>\n<tr style=\"height: 30px;\">\n<td style=\"width: 33.3333%; text-align: center; height: 30px;\"><\/td>\n<td style=\"width: 33.3333%; text-align: center; height: 30px;\">Comissi\u00f3 econ\u00f2mica<\/td>\n<\/tr>\n<tr style=\"height: 30px;\">\n<td style=\"width: 33.3333%; text-align: center; height: 30px;\"><\/td>\n<td style=\"width: 33.3333%; text-align: center; height: 30px;\">Comissi\u00f3 conviv\u00e8ncia<\/td>\n<\/tr>\n<tr>\n<td style=\"width: 33.3333%; text-align: center;\">Jos\u00e9 Rodr\u00edguez (Representant de l&#8217;AFA)<\/td>\n<td style=\"width: 33.3333%; text-align: center;\">Comissi\u00f3 econ\u00f2mica<\/td>\n<\/tr>\n<\/tbody>\n<\/table>\n<table style=\"width: 99.5698%; border-collapse: collapse; border-color: #000000; border-style: double; height: 88px;\" border=\"1\">\n<tbody>\n<tr style=\"background-color: #f2071b;\">\n<td style=\"width: 66.6666%; height: 30px; text-align: center;\" colspan=\"2\"><strong>SECTOR PROFESSORAT<\/strong><\/td>\n<\/tr>\n<tr style=\"height: 30px;\">\n<td style=\"width: 33.3333%; height: 30px; text-align: center;\">Pilar Fern\u00e1ndez<\/td>\n<td style=\"width: 33.3333%; height: 30px; text-align: center;\">Comissi\u00f3 de menjador<\/td>\n<\/tr>\n<tr>\n<td style=\"width: 33.3333%; text-align: center;\">M\u00edriam Borrego<\/td>\n<td style=\"width: 33.3333%; text-align: center;\">Comissi\u00f3 conviv\u00e8ncia<\/td>\n<\/tr>\n<tr style=\"height: 30px;\">\n<td style=\"width: 33.3333%; height: 30px; text-align: center;\">Marta Heras<\/td>\n<td style=\"width: 33.3333%; height: 30px; text-align: center;\">Comissi\u00f3 econ\u00f2mica<\/td>\n<\/tr>\n<tr style=\"height: 30px;\">\n<td style=\"width: 33.3333%; text-align: center; height: 30px;\">Ver\u00f3nica Garrido<\/td>\n<td style=\"width: 33.3333%; text-align: center; height: 30px;\">Comissi\u00f3 de menjador<\/td>\n<\/tr>\n<tr style=\"height: 30px;\">\n<td style=\"width: 33.3333%; text-align: center; height: 30px;\"><\/td>\n<td style=\"width: 33.3333%; text-align: center; height: 30px;\">Comissi\u00f3 conviv\u00e8ncia<\/td>\n<\/tr>\n<tr style=\"height: 30px;\">\n<td style=\"width: 33.3333%; text-align: center; height: 30px;\">Ver\u00f3nica Invern\u00f3n<\/td>\n<td style=\"width: 33.3333%; text-align: center; height: 30px;\">Comissi\u00f3 permanent<\/td>\n<\/tr>\n<\/tbody>\n<\/table>\n<p style=\"text-align: center;\">\n","protected":false},"excerpt":{"rendered":"<p>El consell escolar \u00e9s l&#8217;\u00f2rgan de participaci\u00f3 dels diferents sectors de la comunitat educativa en el govern dels centres.<br \/>\nLa funci\u00f3 principal del consell escolar \u00e9s participar en la presa de decisions en relaci\u00f3 amb aquells temes importants per al funcionament i l&#8217;organitzaci\u00f3 del centre: el&hellip;  <a href=\"https:\/\/agora.xtec.cat\/escolacanparera\/lescola\/consell-escolar\/\" title=\"Read Consell escolar\">Llegeix m\u00e9s\u00bb<\/a><\/p>\n","protected":false},"author":1,"featured_media":0,"parent":22,"menu_order":30,"comment_status":"closed","ping_status":"closed","template":"page-templates\/side-menu.php","meta":{"_bbp_topic_count":0,"_bbp_reply_count":0,"_bbp_total_topic_count":0,"_bbp_total_reply_count":0,"_bbp_voice_count":0,"_bbp_anonymous_reply_count":0,"_bbp_topic_count_hidden":0,"_bbp_reply_count_hidden":0,"_bbp_forum_subforum_count":0,"footnotes":""},"class_list":["post-28","page","type-page","status-publish","hentry"],"post_mailing_queue_ids":[],"_links":{"self":[{"href":"https:\/\/agora.xtec.cat\/escolacanparera\/wp-json\/wp\/v2\/pages\/28","targetHints":{"allow":["GET"]}}],"collection":[{"href":"https:\/\/agora.xtec.cat\/escolacanparera\/wp-json\/wp\/v2\/pages"}],"about":[{"href":"https:\/\/agora.xtec.cat\/escolacanparera\/wp-json\/wp\/v2\/types\/page"}],"author":[{"embeddable":true,"href":"https:\/\/agora.xtec.cat\/escolacanparera\/wp-json\/wp\/v2\/users\/1"}],"replies":[{"embeddable":true,"href":"https:\/\/agora.xtec.cat\/escolacanparera\/wp-json\/wp\/v2\/comments?post=28"}],"version-history":[{"count":6,"href":"https:\/\/agora.xtec.cat\/escolacanparera\/wp-json\/wp\/v2\/pages\/28\/revisions"}],"predecessor-version":[{"id":16026,"href":"https:\/\/agora.xtec.cat\/escolacanparera\/wp-json\/wp\/v2\/pages\/28\/revisions\/16026"}],"up":[{"embeddable":true,"href":"https:\/\/agora.xtec.cat\/escolacanparera\/wp-json\/wp\/v2\/pages\/22"}],"wp:attachment":[{"href":"https:\/\/agora.xtec.cat\/escolacanparera\/wp-json\/wp\/v2\/media?parent=28"}],"curies":[{"name":"wp","href":"https:\/\/api.w.org\/{rel}","templated":true}]}}