{"id":26,"date":"2014-09-18T12:24:32","date_gmt":"2014-09-18T11:24:32","guid":{"rendered":"http:\/\/agora.xtec.cat\/escolacanparera\/?page_id=26"},"modified":"2024-03-13T13:47:37","modified_gmt":"2024-03-13T12:47:37","slug":"historia","status":"publish","type":"page","link":"https:\/\/agora.xtec.cat\/escolacanparera\/lescola\/historia\/","title":{"rendered":"Hist\u00f2ria"},"content":{"rendered":"<p style=\"text-align: justify;\">L\u2019Escola Can Parera \u00e9s una escola catalana de titularitat p\u00fablica d\u2019educaci\u00f3 infantil i prim\u00e0ria de dues l\u00ednies de I3 a 6\u00e8, oberta a tothom, laic i respectu\u00f3s cap a totes les religions, solidari, no discriminatori en cap \u00e0mbit, democr\u00e0tic i obert a la poblaci\u00f3 amb una atenci\u00f3 preferent a la diversitat. T\u00e9 com a objectiu la formaci\u00f3 de persones solid\u00e0ries, tolerants, respectuoses i lliures.<br \/>\nLa nostra escola, fou inaugurada l\u2019any 1980. Llavors, Montorn\u00e8s del Vall\u00e8s disposava de dues escoles, l\u2019Escola sant Sadurn\u00ed, al centre del poble, i l\u2019Escola Marinada situada a Montorn\u00e8s Nord. Va ser edificada en un terreny \u201cneutral\u201d, sense urbanitzar, que quedava pr\u00e0cticament a mig cam\u00ed dels dos nuclis urbans. Es va construir en l\u2019espai on hi havia una antiga masia d\u2019estiueig (1902-1979) que durant la guerra civil ja es va ubicar part de l\u2019escola del poble.<\/p>\n<p style=\"text-align: justify;\"><a href=\"https:\/\/agora.xtec.cat\/escolacanparera\/wp-content\/uploads\/usu1938\/2018\/11\/cole-antic-1.jpg\"><img loading=\"lazy\" decoding=\"async\" class=\"alignnone wp-image-483\" src=\"https:\/\/agora.xtec.cat\/escolacanparera\/wp-content\/uploads\/usu1938\/2018\/11\/cole-antic-1.jpg\" alt=\"\" width=\"386\" height=\"250\" srcset=\"https:\/\/agora.xtec.cat\/escolacanparera\/wp-content\/uploads\/usu1938\/2018\/11\/cole-antic-1.jpg 496w, https:\/\/agora.xtec.cat\/escolacanparera\/wp-content\/uploads\/usu1938\/2018\/11\/cole-antic-1-300x194.jpg 300w\" sizes=\"auto, (max-width: 386px) 100vw, 386px\" \/><\/a> <a href=\"https:\/\/agora.xtec.cat\/escolacanparera\/wp-content\/uploads\/usu1938\/2018\/11\/cole-antic-2.jpg\"><img loading=\"lazy\" decoding=\"async\" class=\"alignnone wp-image-484\" src=\"https:\/\/agora.xtec.cat\/escolacanparera\/wp-content\/uploads\/usu1938\/2018\/11\/cole-antic-2.jpg\" alt=\"\" width=\"330\" height=\"249\" srcset=\"https:\/\/agora.xtec.cat\/escolacanparera\/wp-content\/uploads\/usu1938\/2018\/11\/cole-antic-2.jpg 411w, https:\/\/agora.xtec.cat\/escolacanparera\/wp-content\/uploads\/usu1938\/2018\/11\/cole-antic-2-300x226.jpg 300w, https:\/\/agora.xtec.cat\/escolacanparera\/wp-content\/uploads\/usu1938\/2018\/11\/cole-antic-2-200x150.jpg 200w\" sizes=\"auto, (max-width: 330px) 100vw, 330px\" \/><\/a><\/p>\n<p style=\"text-align: justify;\">En un principi es va construir un edifici que acollia tots els espais dels centre, a mesura que va anar creixent el nombre d\u2019alumnat es va edificar al costat d\u2019aquest,<br \/>\nl\u2019aulari, on actualment es troben les aules de I3 i I4.<br \/>\nEn el moment de la seva creaci\u00f3, l\u2019alumnat va ser el provinent dels excedents de<br \/>\nmatr\u00edcula dels altres dos centres. Al llarg dels anys, per\u00f2, diferents factors han<br \/>\ncontribu\u00eft a que l\u2019espectre de les fam\u00edlies usu\u00e0ries del centre s\u2019hagi anat ampliant: el proc\u00e9s de conscienciaci\u00f3 de les fam\u00edlies respecte l\u2019elecci\u00f3 del centre escolar dels<br \/>\nseus fills fa que cada vegada m\u00e9s es tinguin en compte altres motius fora de la proximitat al domicili.<\/p>\n","protected":false},"excerpt":{"rendered":"<p>L\u2019Escola Can Parera \u00e9s una escola catalana de titularitat p\u00fablica d\u2019educaci\u00f3 infantil i prim\u00e0ria de dues l\u00ednies de I3 a 6\u00e8, oberta a tothom, laic i respectu\u00f3s cap a totes les religions, solidari, no discriminatori en cap \u00e0mbit, democr\u00e0tic i obert a la poblaci\u00f3 amb&hellip;  <a href=\"https:\/\/agora.xtec.cat\/escolacanparera\/lescola\/historia\/\" title=\"Read Hist\u00f2ria\">Llegeix m\u00e9s\u00bb<\/a><\/p>\n","protected":false},"author":1,"featured_media":0,"parent":22,"menu_order":20,"comment_status":"closed","ping_status":"closed","template":"page-templates\/side-menu.php","meta":{"_bbp_topic_count":0,"_bbp_reply_count":0,"_bbp_total_topic_count":0,"_bbp_total_reply_count":0,"_bbp_voice_count":0,"_bbp_anonymous_reply_count":0,"_bbp_topic_count_hidden":0,"_bbp_reply_count_hidden":0,"_bbp_forum_subforum_count":0,"footnotes":""},"class_list":["post-26","page","type-page","status-publish","hentry"],"post_mailing_queue_ids":[],"_links":{"self":[{"href":"https:\/\/agora.xtec.cat\/escolacanparera\/wp-json\/wp\/v2\/pages\/26","targetHints":{"allow":["GET"]}}],"collection":[{"href":"https:\/\/agora.xtec.cat\/escolacanparera\/wp-json\/wp\/v2\/pages"}],"about":[{"href":"https:\/\/agora.xtec.cat\/escolacanparera\/wp-json\/wp\/v2\/types\/page"}],"author":[{"embeddable":true,"href":"https:\/\/agora.xtec.cat\/escolacanparera\/wp-json\/wp\/v2\/users\/1"}],"replies":[{"embeddable":true,"href":"https:\/\/agora.xtec.cat\/escolacanparera\/wp-json\/wp\/v2\/comments?post=26"}],"version-history":[{"count":4,"href":"https:\/\/agora.xtec.cat\/escolacanparera\/wp-json\/wp\/v2\/pages\/26\/revisions"}],"predecessor-version":[{"id":13379,"href":"https:\/\/agora.xtec.cat\/escolacanparera\/wp-json\/wp\/v2\/pages\/26\/revisions\/13379"}],"up":[{"embeddable":true,"href":"https:\/\/agora.xtec.cat\/escolacanparera\/wp-json\/wp\/v2\/pages\/22"}],"wp:attachment":[{"href":"https:\/\/agora.xtec.cat\/escolacanparera\/wp-json\/wp\/v2\/media?parent=26"}],"curies":[{"name":"wp","href":"https:\/\/api.w.org\/{rel}","templated":true}]}}