{"id":15059,"date":"2025-04-02T13:35:06","date_gmt":"2025-04-02T11:35:06","guid":{"rendered":"https:\/\/agora.xtec.cat\/escolacanparera\/?page_id=15059"},"modified":"2025-04-02T14:15:41","modified_gmt":"2025-04-02T12:15:41","slug":"gimnas","status":"publish","type":"page","link":"https:\/\/agora.xtec.cat\/escolacanparera\/gimnas\/","title":{"rendered":"GIMN\u00c0S"},"content":{"rendered":"<p>\ud83c\udfc3\u200d\u2640\ufe0f El gimn\u00e0s: un espai per moure\u2019s, cr\u00e9ixer i aprendre.<br \/>\nEl gimn\u00e0s de l\u2019Escola Can Parera \u00e9s un espai ampli, llumin\u00f3s i molt ben equipat, pensat per afavorir el moviment, l\u2019expressi\u00f3 corporal i el desenvolupament motor de l\u2019alumnat des d\u2019I3 fins a 6\u00e8.<\/p>\n<p>\ud83e\udde9 Un espai per a tothom.<br \/>\nTots els infants de l\u2019escola utilitzen el gimn\u00e0s de manera regular en les sessions de psicomotricitat (educaci\u00f3 infantil) i d\u2019educaci\u00f3 f\u00edsica (prim\u00e0ria). \u00c9s un entorn segur i estimulant que convida a l\u2019experimentaci\u00f3, el joc i la superaci\u00f3 personal.<\/p>\n<p>\ud83c\udf92 Ben equipat i en constant renovaci\u00f3.<br \/>\nDisposem de gran varietat de materials esportius i psicomotrius: pilotes, m\u00f2duls tous, cordes, cons, c\u00e8rcols, colxonetes, aparells de gimn\u00e0stica, entre molts altres. Cada curs, el material es renova i s\u2019amplia amb noves propostes per adaptar-se a les necessitats i interessos dels infants.<\/p>\n<p>\ud83d\udebf Treballant h\u00e0bits des de petits.<br \/>\nEl gimn\u00e0s compta amb tres vestuaris amb dutxes, un d\u2019ells adaptat per a persones amb diversitat funcional. Aquests espais permeten treballar, de manera progressiva, h\u00e0bits d\u2019higiene i d\u2019autonomia personal, des de les primeres etapes fins a la prim\u00e0ria.<\/p>\n<p>\ud83d\udc9a Un espai per moure el cos&#8230; i molt m\u00e9s!<br \/>\nEl gimn\u00e0s \u00e9s tamb\u00e9 un espai on es fomenta el respecte, el joc en equip, la superaci\u00f3 personal i la conviv\u00e8ncia. Una pe\u00e7a clau en el projecte educatiu de la nostra escola.<\/p>\n\r\n\t<div class=\"slideshow_container slideshow_container_style-light\" style=\"height: 300px; \" data-slideshow-id=\"15063\" data-style-name=\"style-light\" data-style-version=\"2.3.1\" >\r\n\r\n\t\t\t\t\t<div class=\"slideshow_loading_icon\"><\/div>\r\n\t\t\r\n\t\t<div class=\"slideshow_content\" style=\"display: none;\">\r\n\r\n\t\t\t<div class=\"slideshow_view\">\r\n\t\t\t\t<div class=\"slideshow_slide slideshow_slide_image\">\r\n\t\t\t\t\t\t\t\t\t\t\t<img src=\"https:\/\/agora.xtec.cat\/escolacanparera\/wp-content\/uploads\/usu1938\/2025\/04\/IMG20240516193705-scaled.jpg\" alt=\"oppo_2\" width=\"2560\" height=\"1920\" \/>\r\n\t\t\t\t\t\t\t\t\t\t<div class=\"slideshow_description_box slideshow_transparent\">\r\n\t\t\t\t\t\t\t\t\t\t\t\t\t\t\t\t\t<\/div>\r\n\t\t\t\t<\/div>\r\n\r\n\t\t\t\t\t\t<div style=\"clear: both;\"><\/div><\/div><div class=\"slideshow_view\">\r\n\t\t\t\t<div class=\"slideshow_slide slideshow_slide_image\">\r\n\t\t\t\t\t\t\t\t\t\t\t<img src=\"https:\/\/agora.xtec.cat\/escolacanparera\/wp-content\/uploads\/usu1938\/2025\/04\/IMG20240516193747-scaled.jpg\" alt=\"oppo_2\" width=\"2560\" height=\"1920\" \/>\r\n\t\t\t\t\t\t\t\t\t\t<div class=\"slideshow_description_box slideshow_transparent\">\r\n\t\t\t\t\t\t\t\t\t\t\t\t\t\t\t\t\t<\/div>\r\n\t\t\t\t<\/div>\r\n\r\n\t\t\t\t\t\t<div style=\"clear: both;\"><\/div><\/div><div class=\"slideshow_view\">\r\n\t\t\t\t<div class=\"slideshow_slide slideshow_slide_image\">\r\n\t\t\t\t\t\t\t\t\t\t\t<img src=\"https:\/\/agora.xtec.cat\/escolacanparera\/wp-content\/uploads\/usu1938\/2025\/04\/IMG20240516193756-scaled.jpg\" alt=\"oppo_2\" width=\"2560\" height=\"1920\" \/>\r\n\t\t\t\t\t\t\t\t\t\t<div class=\"slideshow_description_box slideshow_transparent\">\r\n\t\t\t\t\t\t\t\t\t\t\t\t\t\t\t\t\t<\/div>\r\n\t\t\t\t<\/div>\r\n\r\n\t\t\t\t\t\t<div style=\"clear: both;\"><\/div><\/div><div class=\"slideshow_view\">\r\n\t\t\t\t<div class=\"slideshow_slide slideshow_slide_image\">\r\n\t\t\t\t\t\t\t\t\t\t\t<img src=\"https:\/\/agora.xtec.cat\/escolacanparera\/wp-content\/uploads\/usu1938\/2025\/04\/IMG20240516193713-scaled.jpg\" alt=\"oppo_2\" width=\"2560\" height=\"1920\" \/>\r\n\t\t\t\t\t\t\t\t\t\t<div class=\"slideshow_description_box slideshow_transparent\">\r\n\t\t\t\t\t\t\t\t\t\t\t\t\t\t\t\t\t<\/div>\r\n\t\t\t\t<\/div>\r\n\r\n\t\t\t\t\t\t<div style=\"clear: both;\"><\/div><\/div><div class=\"slideshow_view\">\r\n\t\t\t\t<div class=\"slideshow_slide slideshow_slide_image\">\r\n\t\t\t\t\t\t\t\t\t\t\t<img src=\"https:\/\/agora.xtec.cat\/escolacanparera\/wp-content\/uploads\/usu1938\/2025\/04\/IMG20240516193502-scaled.jpg\" alt=\"oppo_34\" width=\"1920\" height=\"2560\" \/>\r\n\t\t\t\t\t\t\t\t\t\t<div class=\"slideshow_description_box slideshow_transparent\">\r\n\t\t\t\t\t\t\t\t\t\t\t\t\t\t\t\t\t<\/div>\r\n\t\t\t\t<\/div>\r\n\r\n\t\t\t\t\t\t<div style=\"clear: both;\"><\/div><\/div><div class=\"slideshow_view\">\r\n\t\t\t\t<div class=\"slideshow_slide slideshow_slide_image\">\r\n\t\t\t\t\t\t\t\t\t\t\t<img src=\"https:\/\/agora.xtec.cat\/escolacanparera\/wp-content\/uploads\/usu1938\/2025\/04\/IMG20240516193524-scaled.jpg\" alt=\"oppo_2\" width=\"2560\" height=\"1920\" \/>\r\n\t\t\t\t\t\t\t\t\t\t<div class=\"slideshow_description_box slideshow_transparent\">\r\n\t\t\t\t\t\t\t\t\t\t\t\t\t\t\t\t\t<\/div>\r\n\t\t\t\t<\/div>\r\n\r\n\t\t\t\t\t\t<div style=\"clear: both;\"><\/div><\/div><div class=\"slideshow_view\">\r\n\t\t\t\t<div class=\"slideshow_slide slideshow_slide_image\">\r\n\t\t\t\t\t\t\t\t\t\t\t<img src=\"https:\/\/agora.xtec.cat\/escolacanparera\/wp-content\/uploads\/usu1938\/2025\/04\/IMG20240516193539-scaled.jpg\" alt=\"oppo_34\" width=\"1920\" height=\"2560\" \/>\r\n\t\t\t\t\t\t\t\t\t\t<div class=\"slideshow_description_box slideshow_transparent\">\r\n\t\t\t\t\t\t\t\t\t\t\t\t\t\t\t\t\t<\/div>\r\n\t\t\t\t<\/div>\r\n\r\n\t\t\t\t\t\t<div style=\"clear: both;\"><\/div><\/div><div class=\"slideshow_view\">\r\n\t\t\t\t<div class=\"slideshow_slide slideshow_slide_image\">\r\n\t\t\t\t\t\t\t\t\t\t\t<img src=\"https:\/\/agora.xtec.cat\/escolacanparera\/wp-content\/uploads\/usu1938\/2025\/04\/IMG20240516193534-scaled.jpg\" alt=\"oppo_34\" width=\"1920\" height=\"2560\" \/>\r\n\t\t\t\t\t\t\t\t\t\t<div class=\"slideshow_description_box slideshow_transparent\">\r\n\t\t\t\t\t\t\t\t\t\t\t\t\t\t\t\t\t<\/div>\r\n\t\t\t\t<\/div>\r\n\r\n\t\t\t\t\t\t<div style=\"clear: both;\"><\/div><\/div>\r\n\t\t<\/div>\r\n\r\n\t\t<div class=\"slideshow_controlPanel slideshow_transparent\" style=\"display: none;\"><ul><li class=\"slideshow_togglePlay\" data-play-text=\"Visualitza\" data-pause-text=\"Pausa\"><\/li><\/ul><\/div>\r\n\r\n\t\t<div class=\"slideshow_button slideshow_previous slideshow_transparent\" role=\"button\" data-previous-text=\"Anterior\" style=\"display: none;\"><\/div>\r\n\t\t<div class=\"slideshow_button slideshow_next slideshow_transparent\" role=\"button\" data-next-text=\"Seg\u00fcent\" style=\"display: none;\"><\/div>\r\n\r\n\t\t<div class=\"slideshow_pagination\" style=\"display: none;\" data-go-to-text=\"V\u00e9s a la diapositiva\"><div class=\"slideshow_pagination_center\"><\/div><\/div>\r\n\r\n\t\t<!-- WordPress Slideshow Version 2.3.1 -->\r\n\r\n\t\t\t<\/div>\r\n\r\n\n<p>&nbsp;<\/p>\n","protected":false},"excerpt":{"rendered":"<p>\ud83c\udfc3\u200d\u2640\ufe0f El gimn\u00e0s: un espai per moure\u2019s, cr\u00e9ixer i aprendre.<br \/>\nEl gimn\u00e0s de l\u2019Escola Can Parera \u00e9s un espai ampli, llumin\u00f3s i molt ben equipat, pensat per afavorir el moviment, l\u2019expressi\u00f3 corporal i el desenvolupament motor de l\u2019alumnat des d\u2019I3 fins a 6\u00e8.<br \/>\n\ud83e\udde9 Un espai per&hellip;  <a href=\"https:\/\/agora.xtec.cat\/escolacanparera\/gimnas\/\" title=\"Read GIMN\u00c0S\">Llegeix m\u00e9s\u00bb<\/a><\/p>\n","protected":false},"author":1,"featured_media":0,"parent":0,"menu_order":0,"comment_status":"closed","ping_status":"closed","template":"","meta":{"_bbp_topic_count":0,"_bbp_reply_count":0,"_bbp_total_topic_count":0,"_bbp_total_reply_count":0,"_bbp_voice_count":0,"_bbp_anonymous_reply_count":0,"_bbp_topic_count_hidden":0,"_bbp_reply_count_hidden":0,"_bbp_forum_subforum_count":0,"footnotes":""},"class_list":["post-15059","page","type-page","status-publish","hentry"],"post_mailing_queue_ids":[],"_links":{"self":[{"href":"https:\/\/agora.xtec.cat\/escolacanparera\/wp-json\/wp\/v2\/pages\/15059","targetHints":{"allow":["GET"]}}],"collection":[{"href":"https:\/\/agora.xtec.cat\/escolacanparera\/wp-json\/wp\/v2\/pages"}],"about":[{"href":"https:\/\/agora.xtec.cat\/escolacanparera\/wp-json\/wp\/v2\/types\/page"}],"author":[{"embeddable":true,"href":"https:\/\/agora.xtec.cat\/escolacanparera\/wp-json\/wp\/v2\/users\/1"}],"replies":[{"embeddable":true,"href":"https:\/\/agora.xtec.cat\/escolacanparera\/wp-json\/wp\/v2\/comments?post=15059"}],"version-history":[{"count":4,"href":"https:\/\/agora.xtec.cat\/escolacanparera\/wp-json\/wp\/v2\/pages\/15059\/revisions"}],"predecessor-version":[{"id":15082,"href":"https:\/\/agora.xtec.cat\/escolacanparera\/wp-json\/wp\/v2\/pages\/15059\/revisions\/15082"}],"wp:attachment":[{"href":"https:\/\/agora.xtec.cat\/escolacanparera\/wp-json\/wp\/v2\/media?parent=15059"}],"curies":[{"name":"wp","href":"https:\/\/api.w.org\/{rel}","templated":true}]}}