{"id":12638,"date":"2023-11-06T16:30:56","date_gmt":"2023-11-06T15:30:56","guid":{"rendered":"https:\/\/agora.xtec.cat\/escolacanparera\/?page_id=12638"},"modified":"2025-05-07T13:45:14","modified_gmt":"2025-05-07T11:45:14","slug":"memoria","status":"publish","type":"page","link":"https:\/\/agora.xtec.cat\/escolacanparera\/memoria\/","title":{"rendered":"Mem\u00f2ria"},"content":{"rendered":"<p>La mem\u00f2ria de Centre \u00e9s un document que recull i valora els aspectes plantejats a la<br \/>\nProgramaci\u00f3 General de Centre.<br \/>\nEns ha de servir per avaluar el curs 2023-24, consolidar all\u00f2 que ha funcionat i establir<br \/>\nmesures de millora i proposar noves actuacions de cara a la Programaci\u00f3 General de Centre<br \/>\ndel curs 2024-25.<\/p>\n<p><a href=\"https:\/\/agora.xtec.cat\/escolacanparera\/wp-content\/uploads\/usu1938\/2025\/05\/MEMORIA_-2023-2024.pdf\">MEM\u00d2RIA_ 2023 &#8211; 2024<\/a><\/p>\n","protected":false},"excerpt":{"rendered":"<p>La mem\u00f2ria de Centre \u00e9s un document que recull i valora els aspectes plantejats a la<br \/>\nProgramaci\u00f3 General de Centre.<br \/>\nEns ha de servir per avaluar el curs 2023-24, consolidar all\u00f2 que ha funcionat i establir<br \/>\nmesures de millora i proposar noves actuacions de cara a la Programaci\u00f3&hellip;  <a href=\"https:\/\/agora.xtec.cat\/escolacanparera\/memoria\/\" title=\"Read Mem\u00f2ria\">Llegeix m\u00e9s\u00bb<\/a><\/p>\n","protected":false},"author":1,"featured_media":0,"parent":0,"menu_order":0,"comment_status":"closed","ping_status":"closed","template":"","meta":{"_bbp_topic_count":0,"_bbp_reply_count":0,"_bbp_total_topic_count":0,"_bbp_total_reply_count":0,"_bbp_voice_count":0,"_bbp_anonymous_reply_count":0,"_bbp_topic_count_hidden":0,"_bbp_reply_count_hidden":0,"_bbp_forum_subforum_count":0,"footnotes":""},"class_list":["post-12638","page","type-page","status-publish","hentry"],"post_mailing_queue_ids":[],"_links":{"self":[{"href":"https:\/\/agora.xtec.cat\/escolacanparera\/wp-json\/wp\/v2\/pages\/12638","targetHints":{"allow":["GET"]}}],"collection":[{"href":"https:\/\/agora.xtec.cat\/escolacanparera\/wp-json\/wp\/v2\/pages"}],"about":[{"href":"https:\/\/agora.xtec.cat\/escolacanparera\/wp-json\/wp\/v2\/types\/page"}],"author":[{"embeddable":true,"href":"https:\/\/agora.xtec.cat\/escolacanparera\/wp-json\/wp\/v2\/users\/1"}],"replies":[{"embeddable":true,"href":"https:\/\/agora.xtec.cat\/escolacanparera\/wp-json\/wp\/v2\/comments?post=12638"}],"version-history":[{"count":2,"href":"https:\/\/agora.xtec.cat\/escolacanparera\/wp-json\/wp\/v2\/pages\/12638\/revisions"}],"predecessor-version":[{"id":15194,"href":"https:\/\/agora.xtec.cat\/escolacanparera\/wp-json\/wp\/v2\/pages\/12638\/revisions\/15194"}],"wp:attachment":[{"href":"https:\/\/agora.xtec.cat\/escolacanparera\/wp-json\/wp\/v2\/media?parent=12638"}],"curies":[{"name":"wp","href":"https:\/\/api.w.org\/{rel}","templated":true}]}}