{"id":12552,"date":"2023-10-27T10:40:32","date_gmt":"2023-10-27T08:40:32","guid":{"rendered":"https:\/\/agora.xtec.cat\/escolacanparera\/?page_id=12552"},"modified":"2025-05-28T13:42:00","modified_gmt":"2025-05-28T11:42:00","slug":"aula-de-llum-i-ombra","status":"publish","type":"page","link":"https:\/\/agora.xtec.cat\/escolacanparera\/lescola\/instal%c2%b7lacions\/aula-de-llum-i-ombra\/","title":{"rendered":"Aula de llum i ombres"},"content":{"rendered":"<p>\ud83c\udf1f L&#8217;aula de llum i ombres \u00e9s <span class=\"relative -mx-px my-[-0.2rem] rounded px-px py-[0.2rem] transition-colors duration-100 ease-in-out\">un espai on els infants poden explorar com la llum crea ombres i transforma els objectes.<\/span> <span class=\"relative -mx-px my-[-0.2rem] rounded px-px py-[0.2rem] transition-colors duration-100 ease-in-out\">Mitjan\u00e7ant materials com taules de llum, llanternes i objectes transl\u00facids, els petits descobreixen efectes visuals que estimulen la seva curiositat i creativitat.<\/span><a href=\"https:\/\/agora.xtec.cat\/escolacanparera\/wp-content\/uploads\/usu1938\/2024\/12\/IMG_3833-scaled.jpg\"><br \/>\n<\/a><\/p>\n\r\n\t<div class=\"slideshow_container slideshow_container_style-light\" style=\"height: 300px; \" data-slideshow-id=\"14847\" data-style-name=\"style-light\" data-style-version=\"2.3.1\" >\r\n\r\n\t\t\t\t\t<div class=\"slideshow_loading_icon\"><\/div>\r\n\t\t\r\n\t\t<div class=\"slideshow_content\" style=\"display: none;\">\r\n\r\n\t\t\t<div class=\"slideshow_view\">\r\n\t\t\t\t<div class=\"slideshow_slide slideshow_slide_image\">\r\n\t\t\t\t\t\t\t\t\t\t\t<img src=\"https:\/\/agora.xtec.cat\/escolacanparera\/wp-content\/uploads\/usu1938\/2025\/03\/WhatsApp-Image-2025-03-12-at-13.18.55-9.jpeg\" alt=\"WhatsApp Image 2025-03-12 at 13.18.55 (9)\" width=\"1200\" height=\"1600\" \/>\r\n\t\t\t\t\t\t\t\t\t\t<div class=\"slideshow_description_box slideshow_transparent\">\r\n\t\t\t\t\t\t\t\t\t\t\t\t\t\t\t\t\t<\/div>\r\n\t\t\t\t<\/div>\r\n\r\n\t\t\t\t\t\t<div style=\"clear: both;\"><\/div><\/div><div class=\"slideshow_view\">\r\n\t\t\t\t<div class=\"slideshow_slide slideshow_slide_image\">\r\n\t\t\t\t\t\t\t\t\t\t\t<img src=\"https:\/\/agora.xtec.cat\/escolacanparera\/wp-content\/uploads\/usu1938\/2025\/03\/WhatsApp-Image-2025-03-12-at-13.18.55-8.jpeg\" alt=\"WhatsApp Image 2025-03-12 at 13.18.55 (8)\" width=\"1600\" height=\"1200\" \/>\r\n\t\t\t\t\t\t\t\t\t\t<div class=\"slideshow_description_box slideshow_transparent\">\r\n\t\t\t\t\t\t\t\t\t\t\t\t\t\t\t\t\t<\/div>\r\n\t\t\t\t<\/div>\r\n\r\n\t\t\t\t\t\t<div style=\"clear: both;\"><\/div><\/div><div class=\"slideshow_view\">\r\n\t\t\t\t<div class=\"slideshow_slide slideshow_slide_image\">\r\n\t\t\t\t\t\t\t\t\t\t\t<img src=\"https:\/\/agora.xtec.cat\/escolacanparera\/wp-content\/uploads\/usu1938\/2025\/03\/WhatsApp-Image-2025-03-12-at-13.18.55-7.jpeg\" alt=\"WhatsApp Image 2025-03-12 at 13.18.55 (7)\" width=\"1200\" height=\"1600\" \/>\r\n\t\t\t\t\t\t\t\t\t\t<div class=\"slideshow_description_box slideshow_transparent\">\r\n\t\t\t\t\t\t\t\t\t\t\t\t\t\t\t\t\t<\/div>\r\n\t\t\t\t<\/div>\r\n\r\n\t\t\t\t\t\t<div style=\"clear: both;\"><\/div><\/div><div class=\"slideshow_view\">\r\n\t\t\t\t<div class=\"slideshow_slide slideshow_slide_image\">\r\n\t\t\t\t\t\t\t\t\t\t\t<img src=\"https:\/\/agora.xtec.cat\/escolacanparera\/wp-content\/uploads\/usu1938\/2025\/03\/WhatsApp-Image-2025-03-12-at-13.18.55-6.jpeg\" alt=\"WhatsApp Image 2025-03-12 at 13.18.55 (6)\" width=\"1200\" height=\"1600\" \/>\r\n\t\t\t\t\t\t\t\t\t\t<div class=\"slideshow_description_box slideshow_transparent\">\r\n\t\t\t\t\t\t\t\t\t\t\t\t\t\t\t\t\t<\/div>\r\n\t\t\t\t<\/div>\r\n\r\n\t\t\t\t\t\t<div style=\"clear: both;\"><\/div><\/div><div class=\"slideshow_view\">\r\n\t\t\t\t<div class=\"slideshow_slide slideshow_slide_image\">\r\n\t\t\t\t\t\t\t\t\t\t\t<img src=\"https:\/\/agora.xtec.cat\/escolacanparera\/wp-content\/uploads\/usu1938\/2025\/03\/WhatsApp-Image-2025-03-12-at-13.18.55-5.jpeg\" alt=\"WhatsApp Image 2025-03-12 at 13.18.55 (5)\" width=\"1200\" height=\"1600\" \/>\r\n\t\t\t\t\t\t\t\t\t\t<div class=\"slideshow_description_box slideshow_transparent\">\r\n\t\t\t\t\t\t\t\t\t\t\t\t\t\t\t\t\t<\/div>\r\n\t\t\t\t<\/div>\r\n\r\n\t\t\t\t\t\t<div style=\"clear: both;\"><\/div><\/div><div class=\"slideshow_view\">\r\n\t\t\t\t<div class=\"slideshow_slide slideshow_slide_image\">\r\n\t\t\t\t\t\t\t\t\t\t\t<img src=\"https:\/\/agora.xtec.cat\/escolacanparera\/wp-content\/uploads\/usu1938\/2025\/03\/WhatsApp-Image-2025-03-12-at-13.18.55-4.jpeg\" alt=\"WhatsApp Image 2025-03-12 at 13.18.55 (4)\" width=\"1600\" height=\"1200\" \/>\r\n\t\t\t\t\t\t\t\t\t\t<div class=\"slideshow_description_box slideshow_transparent\">\r\n\t\t\t\t\t\t\t\t\t\t\t\t\t\t\t\t\t<\/div>\r\n\t\t\t\t<\/div>\r\n\r\n\t\t\t\t\t\t<div style=\"clear: both;\"><\/div><\/div><div class=\"slideshow_view\">\r\n\t\t\t\t<div class=\"slideshow_slide slideshow_slide_image\">\r\n\t\t\t\t\t\t\t\t\t\t\t<img src=\"https:\/\/agora.xtec.cat\/escolacanparera\/wp-content\/uploads\/usu1938\/2025\/03\/WhatsApp-Image-2025-03-12-at-13.18.55-3.jpeg\" alt=\"WhatsApp Image 2025-03-12 at 13.18.55 (3)\" width=\"1600\" height=\"1200\" \/>\r\n\t\t\t\t\t\t\t\t\t\t<div class=\"slideshow_description_box slideshow_transparent\">\r\n\t\t\t\t\t\t\t\t\t\t\t\t\t\t\t\t\t<\/div>\r\n\t\t\t\t<\/div>\r\n\r\n\t\t\t\t\t\t<div style=\"clear: both;\"><\/div><\/div><div class=\"slideshow_view\">\r\n\t\t\t\t<div class=\"slideshow_slide slideshow_slide_image\">\r\n\t\t\t\t\t\t\t\t\t\t\t<img src=\"https:\/\/agora.xtec.cat\/escolacanparera\/wp-content\/uploads\/usu1938\/2025\/03\/WhatsApp-Image-2025-03-12-at-13.18.55-2.jpeg\" alt=\"WhatsApp Image 2025-03-12 at 13.18.55 (2)\" width=\"1200\" height=\"1600\" \/>\r\n\t\t\t\t\t\t\t\t\t\t<div class=\"slideshow_description_box slideshow_transparent\">\r\n\t\t\t\t\t\t\t\t\t\t\t\t\t\t\t\t\t<\/div>\r\n\t\t\t\t<\/div>\r\n\r\n\t\t\t\t\t\t<div style=\"clear: both;\"><\/div><\/div><div class=\"slideshow_view\">\r\n\t\t\t\t<div class=\"slideshow_slide slideshow_slide_image\">\r\n\t\t\t\t\t\t\t\t\t\t\t<img src=\"https:\/\/agora.xtec.cat\/escolacanparera\/wp-content\/uploads\/usu1938\/2025\/03\/WhatsApp-Image-2025-03-12-at-13.18.55-1.jpeg\" alt=\"WhatsApp Image 2025-03-12 at 13.18.55 (1)\" width=\"1600\" height=\"1200\" \/>\r\n\t\t\t\t\t\t\t\t\t\t<div class=\"slideshow_description_box slideshow_transparent\">\r\n\t\t\t\t\t\t\t\t\t\t\t\t\t\t\t\t\t<\/div>\r\n\t\t\t\t<\/div>\r\n\r\n\t\t\t\t\t\t<div style=\"clear: both;\"><\/div><\/div><div class=\"slideshow_view\">\r\n\t\t\t\t<div class=\"slideshow_slide slideshow_slide_image\">\r\n\t\t\t\t\t\t\t\t\t\t\t<img src=\"https:\/\/agora.xtec.cat\/escolacanparera\/wp-content\/uploads\/usu1938\/2025\/03\/WhatsApp-Image-2025-03-12-at-13.18.55.jpeg\" alt=\"WhatsApp Image 2025-03-12 at 13.18.55\" width=\"1600\" height=\"857\" \/>\r\n\t\t\t\t\t\t\t\t\t\t<div class=\"slideshow_description_box slideshow_transparent\">\r\n\t\t\t\t\t\t\t\t\t\t\t\t\t\t\t\t\t<\/div>\r\n\t\t\t\t<\/div>\r\n\r\n\t\t\t\t\t\t<div style=\"clear: both;\"><\/div><\/div>\r\n\t\t<\/div>\r\n\r\n\t\t<div class=\"slideshow_controlPanel slideshow_transparent\" style=\"display: none;\"><ul><li class=\"slideshow_togglePlay\" data-play-text=\"Visualitza\" data-pause-text=\"Pausa\"><\/li><\/ul><\/div>\r\n\r\n\t\t<div class=\"slideshow_button slideshow_previous slideshow_transparent\" role=\"button\" data-previous-text=\"Anterior\" style=\"display: none;\"><\/div>\r\n\t\t<div class=\"slideshow_button slideshow_next slideshow_transparent\" role=\"button\" data-next-text=\"Seg\u00fcent\" style=\"display: none;\"><\/div>\r\n\r\n\t\t<div class=\"slideshow_pagination\" style=\"display: none;\" data-go-to-text=\"V\u00e9s a la diapositiva\"><div class=\"slideshow_pagination_center\"><\/div><\/div>\r\n\r\n\t\t<!-- WordPress Slideshow Version 2.3.1 -->\r\n\r\n\t\t\t<\/div>\r\n\r\n\n<p><a href=\"https:\/\/agora.xtec.cat\/escolacanparera\/wp-content\/uploads\/usu1938\/2024\/12\/IMG_2950-1.heic\"><img decoding=\"async\" class=\"aligncenter size-full wp-image-14292\" src=\"https:\/\/agora.xtec.cat\/escolacanparera\/wp-content\/uploads\/usu1938\/2024\/12\/IMG_2950-1.heic\" alt=\"\" \/><\/a> <a href=\"https:\/\/agora.xtec.cat\/escolacanparera\/wp-content\/uploads\/usu1938\/2024\/12\/IMG_3833-1.heic\"><img loading=\"lazy\" decoding=\"async\" class=\"aligncenter size-medium wp-image-14293\" src=\"https:\/\/agora.xtec.cat\/escolacanparera\/wp-content\/uploads\/usu1938\/2024\/12\/IMG_3833-1.heic\" alt=\"\" width=\"1\" height=\"1\" \/><\/a> <a href=\"https:\/\/agora.xtec.cat\/escolacanparera\/wp-content\/uploads\/usu1938\/2024\/12\/IMG_3834-1.heic\"><img loading=\"lazy\" decoding=\"async\" class=\"aligncenter size-medium wp-image-14294\" src=\"https:\/\/agora.xtec.cat\/escolacanparera\/wp-content\/uploads\/usu1938\/2024\/12\/IMG_3834-1.heic\" alt=\"\" width=\"1\" height=\"1\" \/><\/a><\/p>\n<p>&nbsp;<\/p>\n","protected":false},"excerpt":{"rendered":"<p>\ud83c\udf1f L&#8217;aula de llum i ombres \u00e9s un espai on els infants poden explorar com la llum crea ombres i transforma els objectes. Mitjan\u00e7ant materials com taules de llum, llanternes i objectes transl\u00facids, els petits descobreixen efectes visuals que estimulen la seva curiositat i creativitat.<a&hellip;  <a href=\"https:\/\/agora.xtec.cat\/escolacanparera\/lescola\/instal%c2%b7lacions\/aula-de-llum-i-ombra\/\" title=\"Read Aula de llum i ombres\">Llegeix m\u00e9s\u00bb<\/a><\/p>\n","protected":false},"author":1,"featured_media":0,"parent":30,"menu_order":0,"comment_status":"closed","ping_status":"closed","template":"","meta":{"_bbp_topic_count":0,"_bbp_reply_count":0,"_bbp_total_topic_count":0,"_bbp_total_reply_count":0,"_bbp_voice_count":0,"_bbp_anonymous_reply_count":0,"_bbp_topic_count_hidden":0,"_bbp_reply_count_hidden":0,"_bbp_forum_subforum_count":0,"footnotes":""},"class_list":["post-12552","page","type-page","status-publish","hentry"],"post_mailing_queue_ids":[],"_links":{"self":[{"href":"https:\/\/agora.xtec.cat\/escolacanparera\/wp-json\/wp\/v2\/pages\/12552","targetHints":{"allow":["GET"]}}],"collection":[{"href":"https:\/\/agora.xtec.cat\/escolacanparera\/wp-json\/wp\/v2\/pages"}],"about":[{"href":"https:\/\/agora.xtec.cat\/escolacanparera\/wp-json\/wp\/v2\/types\/page"}],"author":[{"embeddable":true,"href":"https:\/\/agora.xtec.cat\/escolacanparera\/wp-json\/wp\/v2\/users\/1"}],"replies":[{"embeddable":true,"href":"https:\/\/agora.xtec.cat\/escolacanparera\/wp-json\/wp\/v2\/comments?post=12552"}],"version-history":[{"count":6,"href":"https:\/\/agora.xtec.cat\/escolacanparera\/wp-json\/wp\/v2\/pages\/12552\/revisions"}],"predecessor-version":[{"id":15431,"href":"https:\/\/agora.xtec.cat\/escolacanparera\/wp-json\/wp\/v2\/pages\/12552\/revisions\/15431"}],"up":[{"embeddable":true,"href":"https:\/\/agora.xtec.cat\/escolacanparera\/wp-json\/wp\/v2\/pages\/30"}],"wp:attachment":[{"href":"https:\/\/agora.xtec.cat\/escolacanparera\/wp-json\/wp\/v2\/media?parent=12552"}],"curies":[{"name":"wp","href":"https:\/\/api.w.org\/{rel}","templated":true}]}}