{"id":10926,"date":"2023-02-03T15:50:18","date_gmt":"2023-02-03T14:50:18","guid":{"rendered":"https:\/\/agora.xtec.cat\/escolacanparera\/?page_id=10926"},"modified":"2023-02-03T16:13:48","modified_gmt":"2023-02-03T15:13:48","slug":"diagnosi","status":"publish","type":"page","link":"https:\/\/agora.xtec.cat\/escolacanparera\/diagnosi\/","title":{"rendered":"Diagnosi"},"content":{"rendered":"<p>A continuaci\u00f3 es detalla el proc\u00e9s de diagnosi que l\u2019escola realitza sistem\u00e0ticament per actualitzar el projecte d\u2019educaci\u00f3 emocional.<\/p>\n<p><span style=\"font-weight: 400;\">El projecte es va iniciar en el curs 2010-2011 i al llarg d\u2019aquests anys s\u2019han anat recollint en el diferents \u00e0mbits d\u2019actuaci\u00f3 (professorat, fam\u00edlies i alumnat) la detecci\u00f3 de necessitats i dissenyant les l\u00ednies d\u2019actuaci\u00f3.<\/span><\/p>\n<p><span style=\"font-weight: 400;\">Per a l\u2019elaboraci\u00f3 del projecte s\u2019han utilitzat materials i instruments oferts pel propi Departament d\u2019Ensenyament: Carpeta de Conviv\u00e8ncia als centres d\u2019educaci\u00f3 infantil i prim\u00e0ria (setembre, 2007) i\u00a0 Continguts de l\u2019aplicaci\u00f3 inform\u00e0tica per a l\u2019elaboraci\u00f3 del projecte (setembre, 2014), aix\u00ed com d\u2019altres que s\u2019han constru\u00eft pr\u00f2piament pel centre.<\/span><\/p>\n<p><span style=\"font-weight: 400;\">Aix\u00ed mateix, cal remarcar que el propi projecte d\u2019educaci\u00f3 emocional es revisa sistem\u00e0ticament a trav\u00e9s de la programaci\u00f3 general de centre i la mem\u00f2ria del mateix.\u00a0 D\u2019aquesta manera s&#8217;est\u00e9n que el projecte \u00e9s un document viu que es revisa, contextualitza i actualitza en el moment que es creu convenient per tal d\u2019ajustar-lo a les noves necessitats i demandes de la comunitat educativa.<\/span><\/p>\n<p><span style=\"font-weight: 400;\">A continuaci\u00f3 es detalla la seq\u00fcenciaci\u00f3 dels diferents cursos en els que s&#8217;han utilitzat diversitat d&#8217;eines per a la diagnosi del projecte, aix\u00ed com l&#8217;explicaci\u00f3 de l&#8217;actuaci\u00f3 per la que es requerien aquestes eines:<\/span><\/p>\n<table style=\"width: 82.8427%; height: 1448px;\">\n<tbody>\n<tr>\n<td style=\"width: 35.7893%; text-align: center;\"><b>Curs acad\u00e8mic<\/b><\/td>\n<td style=\"width: 32.1998%; text-align: center;\"><b>ACTUACI\u00d3<\/b><\/td>\n<td style=\"width: 0.777605%; text-align: center;\"><b>Eines emprades<\/b><\/td>\n<\/tr>\n<tr>\n<td style=\"width: 35.7893%;\"><span style=\"font-weight: 400;\">2010-2012<\/span><\/td>\n<td style=\"width: 32.1998%;\"><span style=\"font-weight: 400;\">Diagn\u00f2stic inicial.<\/span><\/td>\n<td style=\"width: 0.777605%;\"><span style=\"font-weight: 400;\">Material de sensibilitzaci\u00f3 per a l\u2019elaboraci\u00f3 del Projecte de Conviv\u00e8ncia.<\/span><\/td>\n<\/tr>\n<tr>\n<td style=\"width: 35.7893%;\"><span style=\"font-weight: 400;\">2013 &#8211; 2014<\/span><\/p>\n<p><span style=\"font-weight: 400;\">2017 &#8211; 2018\u00a0<\/span><\/td>\n<td style=\"width: 32.1998%;\"><span style=\"font-weight: 400;\">Participaci\u00f3 en l\u2019elaboraci\u00f3 del Pla Educatiu d\u2019Entorn.<\/span><\/td>\n<td style=\"width: 0.777605%;\"><span style=\"font-weight: 400;\">Recull de diagnosis sobre l\u2019Educaci\u00f3 a Montorn\u00e8s<\/span><\/p>\n<p><span style=\"font-weight: 400;\">chrome-extension:\/\/efaidnbmnnnibpcajpcglclefindmkaj\/<\/span><a href=\"https:\/\/www.montornes.cat\/fitxer\/29968\/Informe_final_PEC_Montornes_del_Valles_web.pdf\"><span style=\"font-weight: 400;\">https:\/\/www.montornes.cat\/fitxer\/29968\/Informe_final_PEC_Montornes_del_Valles_web.pdf<\/span><\/a><\/td>\n<\/tr>\n<tr>\n<td style=\"width: 35.7893%;\"><span style=\"font-weight: 400;\">2015-2016<\/span><\/td>\n<td style=\"width: 32.1998%;\"><span style=\"font-weight: 400;\">Enquesta i an\u00e0lisi \u201cTransformem el nostre pati\u201d realitzada a tot l\u2019alumnat de l\u2019escola, mestres i PAS.<\/span><\/td>\n<td style=\"width: 0.777605%;\"><span style=\"font-weight: 400;\">Enquesta AD-HOC<\/span><\/td>\n<\/tr>\n<tr>\n<td style=\"width: 35.7893%;\"><span style=\"font-weight: 400;\">2015 &#8211; 2016<\/span><\/p>\n<p><span style=\"font-weight: 400;\">2016 &#8211; 2017<\/span><\/td>\n<td style=\"width: 32.1998%;\"><span style=\"font-weight: 400;\">Aprovaci\u00f3 NOFC<\/span><\/p>\n<p><span style=\"font-weight: 400;\">Aprovaci\u00f3 PEC<\/span><\/td>\n<td style=\"width: 0.777605%;\"><span style=\"font-weight: 400;\">Q\u00fcestionaris propis per a la comunitat educativa.<\/span><\/td>\n<\/tr>\n<tr>\n<td style=\"width: 35.7893%;\"><span style=\"font-weight: 400;\">2016 &#8211; 2017<\/span><\/td>\n<td style=\"width: 32.1998%;\"><span style=\"font-weight: 400;\">Aplicaci\u00f3 inform\u00e0tica per a l\u2019elaboraci\u00f3 del projecte (setembre, 2014), i d\u2019altres que s\u2019han constru\u00eft pr\u00f2piament pel centre.\u00a0<\/span><\/td>\n<td style=\"width: 0.777605%;\"><span style=\"font-weight: 400;\">Actualitzaci\u00f3 de la diagnosi per a l\u2019elaboraci\u00f3 del Projecte de Conviv\u00e8ncia.<\/span><\/td>\n<\/tr>\n<tr>\n<td style=\"width: 35.7893%;\"><span style=\"font-weight: 400;\">2016 &#8211; 2017\u00a0<\/span><\/td>\n<td style=\"width: 32.1998%;\"><span style=\"font-weight: 400;\">Estat sociom\u00e8tric grup 3r\u00a0<\/span><\/td>\n<td style=\"width: 0.777605%;\"><span style=\"font-weight: 400;\">CESC-Instrument estandarditzat.<\/span><\/p>\n<p><span style=\"font-weight: 400;\">Collell, J. i Escud\u00e9, C. (2006) CESC Conducta<\/span><\/p>\n<p><span style=\"font-weight: 400;\">i Experi\u00e8ncies Socials a Classe.<\/span><\/td>\n<\/tr>\n<tr>\n<td style=\"width: 35.7893%;\"><span style=\"font-weight: 400;\">2016-2017<\/span><\/td>\n<td style=\"width: 32.1998%;\"><span style=\"font-weight: 400;\">Formaci\u00f3 interna de centre (FIC)\u00a0<\/span><\/td>\n<td style=\"width: 0.777605%;\"><span style=\"font-weight: 400;\">Enquestes de Compet\u00e8ncies emocionals del professorat GROP<\/span><\/td>\n<\/tr>\n<tr>\n<td style=\"width: 35.7893%;\"><span style=\"font-weight: 400;\">2017 &#8211; 2018<\/span><\/td>\n<td style=\"width: 32.1998%;\"><span style=\"font-weight: 400;\">Q\u00fcestionari de desenvolupament emocional per a l\u2019alumnat de 4t, 5\u00e8 i 6\u00e8.<\/span><\/td>\n<td style=\"width: 0.777605%;\"><span style=\"font-weight: 400;\">Instruments estandarditzats oferts pel Grup de Recerca i Orientaci\u00f3 Psicopedag\u00f2gica (GROP)<\/span><\/td>\n<\/tr>\n<tr>\n<td style=\"width: 35.7893%;\"><span style=\"font-weight: 400;\">2020-2021<\/span><\/td>\n<td style=\"width: 32.1998%;\"><span style=\"font-weight: 400;\">Compet\u00e8ncies emocionals del professorat i sociograma de claustre.<\/span><\/td>\n<td style=\"width: 0.777605%;\"><span style=\"font-weight: 400;\">Enquestes Emosocio<\/span><\/td>\n<\/tr>\n<\/tbody>\n<\/table>\n<p>En aquest <a href=\"https:\/\/blocs.xtec.cat\/licterresdelebre\/convivencia\/eines-de-diagnosi-convivencia\/\">enlla\u00e7<\/a> trobareu moltes de les eines que s&#8217;han fet servir per a la diagnosi<\/p>\n<p>&nbsp;<\/p>\n<p>&nbsp;<\/p>\n","protected":false},"excerpt":{"rendered":"<p>A continuaci\u00f3 es detalla el proc\u00e9s de diagnosi que l\u2019escola realitza sistem\u00e0ticament per actualitzar el projecte d\u2019educaci\u00f3 emocional.<br \/>\nEl projecte es va iniciar en el curs 2010-2011 i al llarg d\u2019aquests anys s\u2019han anat recollint en el diferents \u00e0mbits d\u2019actuaci\u00f3 (professorat, fam\u00edlies i alumnat) la detecci\u00f3&hellip;  <a href=\"https:\/\/agora.xtec.cat\/escolacanparera\/diagnosi\/\" title=\"Read Diagnosi\">Llegeix m\u00e9s\u00bb<\/a><\/p>\n","protected":false},"author":1,"featured_media":0,"parent":0,"menu_order":0,"comment_status":"closed","ping_status":"closed","template":"","meta":{"_bbp_topic_count":0,"_bbp_reply_count":0,"_bbp_total_topic_count":0,"_bbp_total_reply_count":0,"_bbp_voice_count":0,"_bbp_anonymous_reply_count":0,"_bbp_topic_count_hidden":0,"_bbp_reply_count_hidden":0,"_bbp_forum_subforum_count":0,"footnotes":""},"class_list":["post-10926","page","type-page","status-publish","hentry"],"post_mailing_queue_ids":[],"_links":{"self":[{"href":"https:\/\/agora.xtec.cat\/escolacanparera\/wp-json\/wp\/v2\/pages\/10926","targetHints":{"allow":["GET"]}}],"collection":[{"href":"https:\/\/agora.xtec.cat\/escolacanparera\/wp-json\/wp\/v2\/pages"}],"about":[{"href":"https:\/\/agora.xtec.cat\/escolacanparera\/wp-json\/wp\/v2\/types\/page"}],"author":[{"embeddable":true,"href":"https:\/\/agora.xtec.cat\/escolacanparera\/wp-json\/wp\/v2\/users\/1"}],"replies":[{"embeddable":true,"href":"https:\/\/agora.xtec.cat\/escolacanparera\/wp-json\/wp\/v2\/comments?post=10926"}],"version-history":[{"count":3,"href":"https:\/\/agora.xtec.cat\/escolacanparera\/wp-json\/wp\/v2\/pages\/10926\/revisions"}],"predecessor-version":[{"id":12041,"href":"https:\/\/agora.xtec.cat\/escolacanparera\/wp-json\/wp\/v2\/pages\/10926\/revisions\/12041"}],"wp:attachment":[{"href":"https:\/\/agora.xtec.cat\/escolacanparera\/wp-json\/wp\/v2\/media?parent=10926"}],"curies":[{"name":"wp","href":"https:\/\/api.w.org\/{rel}","templated":true}]}}