{"id":10591,"date":"2023-01-09T15:33:32","date_gmt":"2023-01-09T14:33:32","guid":{"rendered":"https:\/\/agora.xtec.cat\/escolacanparera\/?page_id=10591"},"modified":"2023-07-04T14:37:12","modified_gmt":"2023-07-04T12:37:12","slug":"el-nostre-projecte-apareix-als-mitjans-de-comunicacio","status":"publish","type":"page","link":"https:\/\/agora.xtec.cat\/escolacanparera\/el-nostre-projecte-apareix-als-mitjans-de-comunicacio\/","title":{"rendered":"Difusi\u00f3 i transfer\u00e8ncia del projecte d&#8217;educaci\u00f3 emocional."},"content":{"rendered":"<p><span style=\"text-decoration: underline;\"><strong>MITJANS DE COMUNICACI\u00d3<\/strong><\/span><\/p>\n<ul>\n<li><strong><em>El Vall\u00e8s Educa<\/em><\/strong><strong> dimarts 08-03-2016 de Canal Terrassa. <\/strong>(Minut 18.44). <a href=\"https:\/\/correu.edau.ub.edu\/owa\/redir.aspx?SURL=3Uro_WklgTzVbqQ2H7RQ7XWDpqvyfiLE2UfpisUTu8zbp4WxUQ7UCGgAdAB0AHAAcwA6AC8ALwB3AHcAdwAuAHkAbwB1AHQAdQBiAGUALgBjAG8AbQAvAHcAYQB0AGMAaAA_AHYAPQBJAEsAdgBQAFAAbgBDADcAcwBvAE0A&amp;URL=https%3a%2f%2fwww.youtube.com%2fwatch%3fv%3dIKvPPnC7soM\">https:\/\/www.youtube.com\/watch?v=IKvPPnC7soM<\/a><\/li>\n<\/ul>\n<p><strong>\u00a0<\/strong>&#8216;El Vall\u00e8s Educa&#8217; de Canal Terrassa neix per divulgar la tasca de la comunitat educativa a la comarca. Aquest mitj\u00e0 es posa en contacte amb l\u2019escola per con\u00e8ixer d\u2019aprop el projecte d\u2019educaci\u00f3 emocional. En aquest reportatge es presenten els fonaments que sustenten el projecte, aix\u00ed com es presenten testimonis directes sobre la pr\u00e0ctica de l\u2019educaci\u00f3 emocional (alumnat, professorat, etc.)<\/p>\n<ul>\n<li><strong><em>Vall\u00e8s Not\u00edcies<\/em><\/strong><strong>&#8211; 27 d\u2019abril de 2017.<\/strong><\/li>\n<\/ul>\n<blockquote class=\"wp-embedded-content\" data-secret=\"GeCkt80Nqq\"><p><a href=\"https:\/\/www.vallesvisio.cat\/montornes-potencia-leducacio-emocional-des-de-petits\/\">Montorn\u00e8s potencia l&#8217;educaci\u00f3 emocional des de petits<\/a><\/p><\/blockquote>\n<p><iframe loading=\"lazy\" class=\"wp-embedded-content\" sandbox=\"allow-scripts\" security=\"restricted\" style=\"position: absolute; clip: rect(1px, 1px, 1px, 1px);\" title=\"&#8220;Montorn\u00e8s potencia l&#8217;educaci\u00f3 emocional des de petits&#8221; &#8212; Vall\u00e8s Visi\u00f3\" src=\"https:\/\/www.vallesvisio.cat\/montornes-potencia-leducacio-emocional-des-de-petits\/embed\/#?secret=DzHdbyM6lV#?secret=GeCkt80Nqq\" data-secret=\"GeCkt80Nqq\" width=\"500\" height=\"282\" frameborder=\"0\" marginwidth=\"0\" marginheight=\"0\" scrolling=\"no\"><\/iframe><\/p>\n<p>A l\u2019espai informatiu Vall\u00e8s Not\u00edcies es d\u00f3na a con\u00e8ixer el projecte d\u2019educaci\u00f3 emocional de l\u2019escola Can Parera: Inici i desenvolupament del projecte i el seu impacte en el centre i la comunitat educativa.<\/p>\n<ul>\n<li><strong><em>Vall\u00e8s Visi\u00f3 7 de juny de 2018. <\/em><\/strong>A trav\u00e9s de la m\u00fasica, la dansa o el teatre, els alumnes dels instituts Vinyes Velles, Marta Mata i l\u2019escola Can Parera de Montorn\u00e8s han explicat com viuen i solucionen els conflictes a les aules. Ho han fet a l\u2019escenari de l\u2019Espai Cultural Montbarri, en el marc de les Jornades de Mediaci\u00f3 a les Escoles, que tenen com a objectiu la posada en com\u00fa d\u2019experi\u00e8ncies sobre la resoluci\u00f3 de conflictes.<\/li>\n<\/ul>\n<blockquote class=\"wp-embedded-content\" data-secret=\"RvfJwDPifC\"><p><a href=\"https:\/\/www.vallesvisio.cat\/alumnes-de-montornes-comparteixen-experiencies-sobre-la-mediacio-de-conflictes\/\">Alumnes de Montorn\u00e8s comparteixen experi\u00e8ncies sobre la mediaci\u00f3 de conflictes<\/a><\/p><\/blockquote>\n<p><iframe loading=\"lazy\" class=\"wp-embedded-content\" sandbox=\"allow-scripts\" security=\"restricted\" style=\"position: absolute; clip: rect(1px, 1px, 1px, 1px);\" title=\"&#8220;Alumnes de Montorn\u00e8s comparteixen experi\u00e8ncies sobre la mediaci\u00f3 de conflictes&#8221; &#8212; Vall\u00e8s Visi\u00f3\" src=\"https:\/\/www.vallesvisio.cat\/alumnes-de-montornes-comparteixen-experiencies-sobre-la-mediacio-de-conflictes\/embed\/#?secret=gEstPETeOP#?secret=RvfJwDPifC\" data-secret=\"RvfJwDPifC\" width=\"500\" height=\"282\" frameborder=\"0\" marginwidth=\"0\" marginheight=\"0\" scrolling=\"no\"><\/iframe><\/p>\n<ul>\n<li><strong>Edici\u00f3 impresa Diari 9 Nou .\u00a0 Divendres 9 de juny de 2023.<\/strong><\/li>\n<\/ul>\n<p><a href=\"https:\/\/agora.xtec.cat\/escolacanparera\/wp-content\/uploads\/usu1938\/2023\/06\/99.jpeg\"><img loading=\"lazy\" decoding=\"async\" class=\" wp-image-12095 alignleft\" src=\"https:\/\/agora.xtec.cat\/escolacanparera\/wp-content\/uploads\/usu1938\/2023\/06\/99-300x227.jpeg\" alt=\"\" width=\"400\" height=\"303\" srcset=\"https:\/\/agora.xtec.cat\/escolacanparera\/wp-content\/uploads\/usu1938\/2023\/06\/99-300x227.jpeg 300w, https:\/\/agora.xtec.cat\/escolacanparera\/wp-content\/uploads\/usu1938\/2023\/06\/99-1024x776.jpeg 1024w, https:\/\/agora.xtec.cat\/escolacanparera\/wp-content\/uploads\/usu1938\/2023\/06\/99-768x582.jpeg 768w, https:\/\/agora.xtec.cat\/escolacanparera\/wp-content\/uploads\/usu1938\/2023\/06\/99-1536x1164.jpeg 1536w, https:\/\/agora.xtec.cat\/escolacanparera\/wp-content\/uploads\/usu1938\/2023\/06\/99.jpeg 2048w\" sizes=\"auto, (max-width: 400px) 100vw, 400px\" \/><\/a><\/p>\n<p>&nbsp;<\/p>\n<p>&nbsp;<\/p>\n<p>&nbsp;<\/p>\n<p>&nbsp;<\/p>\n<p>&nbsp;<\/p>\n<p>&nbsp;<\/p>\n<p>&nbsp;<\/p>\n<ul>\n<li><strong>Edici\u00f3\u00a0 impresa i virtual:\u00a0 Som Montorn\u00e8s.\u00a0 Divendres 16 de juny de 2023<\/strong><\/li>\n<\/ul>\n<p><a href=\"https:\/\/agora.xtec.cat\/escolacanparera\/wp-content\/uploads\/usu1938\/2023\/06\/ARTICLE-SOMMONTORNES.pdf\">Acc\u00e9s a\u00a0 la versi\u00f3 impresa.<\/a><\/p>\n<p><a href=\"https:\/\/www.sommontornes.cat\/noticia\/88825\/premi-escola-can-parera\">Acc\u00e9s a la versi\u00f3 virtual.<\/a><\/p>\n<ul>\n<li><strong>Vall\u00e8s Visi\u00f3 16 de juny de 2023.\u00a0 \u00a0El Departament d\u2019Educaci\u00f3 reconeix el projecte \u2018L\u2019educaci\u00f3 emocional en el centre\u2019 de l\u2019escola Can Parera.\u00a0 <\/strong><span class=\"posted-on\"><a title=\"\" href=\"https:\/\/www.vallesvisio.cat\/el-departament-deducacio-reconeix-el-projecte-leducacio-emocional-en-el-centre-de-lescola-can-parera\/\" rel=\"bookmark\"><strong>\u00a0<\/strong><time class=\"entry-date published\" datetime=\"2023-06-16T09:40:25+02:00\"><\/time><\/a><\/span><i class=\"fa fa-user\"><\/i><\/li>\n<\/ul>\n<p>L&#8217;escola \u00e9s not\u00edcia al noticiari de Vall\u00e8s Visi\u00f3 del dia 16 de juny pel fet de ser reconegut el projecte d&#8217;educaci\u00f3 emocional com a projecte d&#8217;innovaci\u00f3 educativa.<\/p>\n<blockquote class=\"wp-embedded-content\" data-secret=\"MWS5fR0uca\"><p><a href=\"https:\/\/www.vallesvisio.cat\/el-departament-deducacio-reconeix-el-projecte-leducacio-emocional-en-el-centre-de-lescola-can-parera\/\">El Departament d&#8217;Educaci\u00f3 reconeix el projecte &#8216;L&#8217;educaci\u00f3 emocional en el centre&#8217; de l&#8217;escola Can Parera<\/a><\/p><\/blockquote>\n<p><iframe loading=\"lazy\" class=\"wp-embedded-content\" sandbox=\"allow-scripts\" security=\"restricted\" style=\"position: absolute; clip: rect(1px, 1px, 1px, 1px);\" title=\"&#8220;El Departament d&#8217;Educaci\u00f3 reconeix el projecte &#8216;L&#8217;educaci\u00f3 emocional en el centre&#8217; de l&#8217;escola Can Parera&#8221; &#8212; Vall\u00e8s Visi\u00f3\" src=\"https:\/\/www.vallesvisio.cat\/el-departament-deducacio-reconeix-el-projecte-leducacio-emocional-en-el-centre-de-lescola-can-parera\/embed\/#?secret=0dS3YsEd2n#?secret=MWS5fR0uca\" data-secret=\"MWS5fR0uca\" width=\"500\" height=\"282\" frameborder=\"0\" marginwidth=\"0\" marginheight=\"0\" scrolling=\"no\"><\/iframe><\/p>\n<p>&nbsp;<\/p>\n<p><span style=\"text-decoration: underline;\"><strong>PARTICIPACI\u00d3 A JORNADES<\/strong><\/span><\/p>\n<ul>\n<li>Participaci\u00f3 a les XIV Jornades d\u2019Educaci\u00f3 Emocional. La educaci\u00f3n emocional en el centro del cambio educativo, celebrada el 16 i 17 de mar\u00e7 2018 <em>(Es presenta publicaci\u00f3 cient\u00edfica, es descriu m\u00e9s avall). <\/em><\/li>\n<li><em>\u00a0<\/em><span style=\"font-family: inherit; font-size: 1em;\">Participaci\u00f3 a la I Jornada de Mediaci\u00f3 Escolar a Montorn\u00e8s del Vall\u00e8s (7 de juny de 2018).<\/span><span style=\"font-family: inherit; font-size: 1em;\">Organitzat per Carme CapelALIC (Llengua, Interculturalitat i Cohesi\u00f3 Social), SE Vall\u00e8s Oriental II i Seminaris de prim\u00e0ria i secund\u00e0ria i pla educatiu d\u2019Entorn de Montorn\u00e8s.<\/span><\/li>\n<\/ul>\n<p><a href=\"https:\/\/youtu.be\/c5SB0WSLX0Y\">https:\/\/youtu.be\/c5SB0WSLX0Y<\/a> (1a part-minut 11.58)<\/p>\n<p><a href=\"https:\/\/youtu.be\/HTKWrznDtIE\">https:\/\/youtu.be\/HTKWrznDtIE<\/a> (2a part)<\/p>\n<p>Presentaci\u00f3 del projecte d\u2019educaci\u00f3 emocional per part de l\u2019alumnat de 5\u00e8 d\u2019educaci\u00f3 prim\u00e0ria. A la jornada es mostra un v\u00eddeo elaborat per infants, mestres i fam\u00edlies de l\u2019escola sobre l\u2019educaci\u00f3 emocional i es fan algunes din\u00e0miques i practiques de com es resolen els conflictes a l\u2019escola.<\/p>\n<ul>\n<li>Curs 19-20: Participaci\u00f3 de l\u2019escola en el projecte Fem Xarxa del Centre de Recursos Pedag\u00f2gics Vall\u00e8s Oriental II amb l\u2019objectiu de donar a con\u00e8ixer i orientar a les escoles sobre com iniciar un projecte d\u2019educaci\u00f3 emocional. Es van apuntar 6 centres de la zona.<\/li>\n<li>Curs 21-22Entrevista per al Blog de la Fundaci\u00f3 Bofill. 15\/02\/2022. Educaci\u00f3 per canviar-ho tot. \u00a0\u201cQuan m\u00e9s a gust m\u2019he sentit a l\u2019institut \u00e9s quan m\u00e9s hi he apr\u00e8s\u201d <a href=\"https:\/\/fundaciobofill.cat\/blog\/quan-mes-a-gust-m-he-sentit-a-l-institut-es-quan-mes-hi-he-apres\">https:\/\/fundaciobofill.cat\/blog\/quan-mes-a-gust-m-he-sentit-a-l-institut-es-quan-mes-hi-he-apres<\/a><\/li>\n<li>Curs 22-23:\u00a0 \u00a0Nova participaci\u00f3 en el projecte Fem Xarxa del Centre de Recursos Pedag\u00f2gics del Vall\u00e8s Oriental II.<\/li>\n<li>Curs 22-23:\u00a0 Participaci\u00f3 a la taula rodona a la Jornada \u201c<em>Retos para una escuela emocionalmente competentes<\/em>\u201d celebrada el 7 de novembre de 2022 i organitzada pel GROP (Grup de Recerca en Orientaci\u00f3 Psicopedag\u00f2gica) i el Departament MIDE (M\u00e8todes d\u2019Investigaci\u00f3 i Diagn\u00f2stic en Educaci\u00f3) de la Universitat de Barcelona.<\/li>\n<li>Curs 22-23:\u00a0 Participaci\u00f3 a la jornada del <em>Dia Escolar de la No-Viol\u00e8ncia i la Pau<\/em> (DENIP) que es celebrar\u00e0 virtualment el dimarts 31 de gener de 2023 i organitzada pel Servei Escola i Fam\u00edlia. Subdirecci\u00f3 General de Suport i Atenci\u00f3 a la Comunitat Educativa del Departament d&#8217;Educaci\u00f3. Es sol\u00b7licita la participaci\u00f3 de l\u2019escola per donar a con\u00e8ixer\u00a0 el desenvolupament del programa de compet\u00e8ncia emocional que s\u2019est\u00e0 duent en el nostre centre.<\/li>\n<\/ul>\n<p><strong>14\/02\/2023 NOVETAT!<\/strong><\/p>\n<p>Ja podem compartir amb vosaltres la intervenci\u00f3 que el grup impulsor d&#8217;educaci\u00f3 emocional va fer a\u00a0 la jornada del <em>Dia Escolar de la No-Viol\u00e8ncia i la Pau<\/em> (DENIP) el passat dimarts 31 de gener.<\/p>\n<p>https:\/\/www.youtube.com\/watch?v=Lud2x09PyAY<\/p>\n<p><strong><span style=\"text-decoration: underline;\">PUBLICACIONS<\/span><\/strong><\/p>\n<ul>\n<li>L\u00f3pez-Cass\u00e0, E., Cruz-Royo, M. i Pern\u00eda, M. (2018).\u00a0<a href=\"https:\/\/drive.google.com\/open?id=1Ne26FiM_nM336j1ZGM0TqOABS0pFMG6y\"><em>La educaci\u00f3n emocional en el proyecto de convivencia y en el desarrollo humano.<\/em><\/a>Comunicaci\u00f3 presentada a les XIV Jornades d\u2019Educaci\u00f3 Emocional. La educaci\u00f3n emocional en el centro del cambio educativo (pp. 145-152). Barcelona, Espanya.<a href=\"https:\/\/drive.google.com\/file\/d\/1Ne26FiM_nM336j1ZGM0TqOABS0pFMG6y\/view\">https:\/\/drive.google.com\/file\/d\/1Ne26FiM_nM336j1ZGM0TqOABS0pFMG6y\/view<\/a><\/li>\n<\/ul>\n<p>En aquesta comunicaci\u00f3 es presenta com s&#8217;ha implementat l&#8217;educaci\u00f3 emocional el centre educatiu p\u00fablic d&#8217;educaci\u00f3 infantil i prim\u00e0ria Can Parera de la poblaci\u00f3 de Montorn\u00e9s del Vall\u00e9s (Barcelona). Es mostra la l\u00ednia de treball duta a terme dins del projecte de conviv\u00e8ncia i per al desenvolupament hum\u00e0 de l&#8217;alumnat dels 3 als 12 anys, docents i altres agents educatius. Aquest treball se sustenta en el marc te\u00f2ric de les compet\u00e8ncies emocionals de Bisquerra i P\u00e9rez-Escoda (2007) del GROP de la Universitat de Barcelona. Tamb\u00e9 es focalitza la part pr\u00e0ctica en els continguts i objectius de l&#8217;educaci\u00f3 emocional emmarcats en la mateixa l\u00ednia d&#8217;aquests autors. Es presenta l&#8217;experi\u00e8ncia i bona pr\u00e0ctica desenvolupada des del curs 2012-2013. Aix\u00ed mateix es donen a con\u00e8ixer els resultats i evid\u00e8ncies de l&#8217;educaci\u00f3 emocional en el centre i en el desenvolupament emocional dels nens i nenes, professorat, monitors del centre i fam\u00edlies. Els resultats mostren que l&#8217;educaci\u00f3 emocional \u00e9s un aspecte rellevant a l&#8217;escola Can Parera i que ella forma part de la l\u00ednia pedag\u00f2gica, curricular i de conviv\u00e8ncia en el centre.<\/p>\n<p><strong>\u00a0<\/strong><strong style=\"font-family: inherit; font-size: 1em;\"><em>Educaci\u00f3n 3.0.<\/em><\/strong><em style=\"font-family: inherit; font-size: 1em;\">Claves para la educaci\u00f3n emocional en el proyecto de convivencia de centro<\/em><\/p>\n<p><a href=\"http:\/\/www.educaciontrespuntocero.com\/recursos\/educacion-emocional-proyecto-convivencia-centro\/59133.html\">http:\/\/www.educaciontrespuntocero.com\/recursos\/educacion-emocional-proyecto-convivencia-centro\/59133.html<\/a><\/p>\n<p>La revista Educaci\u00f3 3.0, \u00e9s un mitj\u00e0 de comunicaci\u00f3 l\u00edder en innovaci\u00f3 educativa. El aquest espai es d\u00f3na a con\u00e8ixer l\u2019escola Can Parera i com el projecte d\u2019educaci\u00f3 emocional ha millorat la conviv\u00e8ncia escolar. Publicat a l\u2019any 2018.<\/p>\n","protected":false},"excerpt":{"rendered":"<p>MITJANS DE COMUNICACI\u00d3<\/p>\n<ul>\n<li>El Vall\u00e8s Educa dimarts 08-03-2016 de Canal Terrassa. (Minut 18.44). <a href=\"https:\/\/correu.edau.ub.edu\/owa\/redir.aspx?SURL=3Uro_WklgTzVbqQ2H7RQ7XWDpqvyfiLE2UfpisUTu8zbp4WxUQ7UCGgAdAB0AHAAcwA6AC8ALwB3AHcAdwAuAHkAbwB1AHQAdQBiAGUALgBjAG8AbQAvAHcAYQB0AGMAaAA_AHYAPQBJAEsAdgBQAFAAbgBDADcAcwBvAE0A&amp;URL=https%3a%2f%2fwww.youtube.com%2fwatch%3fv%3dIKvPPnC7soM\">https:\/\/www.youtube.com\/watch?v=IKvPPnC7soM<\/a><\/li>\n<\/ul>\n<p>\u00a0&#8216;El Vall\u00e8s Educa&#8217; de Canal Terrassa neix per divulgar la tasca de la comunitat educativa a la comarca. Aquest mitj\u00e0 es posa en contacte amb l\u2019escola per con\u00e8ixer d\u2019aprop el projecte d\u2019educaci\u00f3&hellip;  <a href=\"https:\/\/agora.xtec.cat\/escolacanparera\/el-nostre-projecte-apareix-als-mitjans-de-comunicacio\/\" title=\"Read Difusi\u00f3 i transfer\u00e8ncia del projecte d&#8217;educaci\u00f3 emocional.\">Llegeix m\u00e9s\u00bb<\/a><\/p>\n","protected":false},"author":1,"featured_media":0,"parent":0,"menu_order":0,"comment_status":"closed","ping_status":"closed","template":"","meta":{"_bbp_topic_count":0,"_bbp_reply_count":0,"_bbp_total_topic_count":0,"_bbp_total_reply_count":0,"_bbp_voice_count":0,"_bbp_anonymous_reply_count":0,"_bbp_topic_count_hidden":0,"_bbp_reply_count_hidden":0,"_bbp_forum_subforum_count":0,"footnotes":""},"class_list":["post-10591","page","type-page","status-publish","hentry"],"post_mailing_queue_ids":[],"_links":{"self":[{"href":"https:\/\/agora.xtec.cat\/escolacanparera\/wp-json\/wp\/v2\/pages\/10591","targetHints":{"allow":["GET"]}}],"collection":[{"href":"https:\/\/agora.xtec.cat\/escolacanparera\/wp-json\/wp\/v2\/pages"}],"about":[{"href":"https:\/\/agora.xtec.cat\/escolacanparera\/wp-json\/wp\/v2\/types\/page"}],"author":[{"embeddable":true,"href":"https:\/\/agora.xtec.cat\/escolacanparera\/wp-json\/wp\/v2\/users\/1"}],"replies":[{"embeddable":true,"href":"https:\/\/agora.xtec.cat\/escolacanparera\/wp-json\/wp\/v2\/comments?post=10591"}],"version-history":[{"count":3,"href":"https:\/\/agora.xtec.cat\/escolacanparera\/wp-json\/wp\/v2\/pages\/10591\/revisions"}],"predecessor-version":[{"id":12157,"href":"https:\/\/agora.xtec.cat\/escolacanparera\/wp-json\/wp\/v2\/pages\/10591\/revisions\/12157"}],"wp:attachment":[{"href":"https:\/\/agora.xtec.cat\/escolacanparera\/wp-json\/wp\/v2\/media?parent=10591"}],"curies":[{"name":"wp","href":"https:\/\/api.w.org\/{rel}","templated":true}]}}