{"id":10590,"date":"2023-01-09T15:33:31","date_gmt":"2023-01-09T14:33:31","guid":{"rendered":"https:\/\/agora.xtec.cat\/escolacanparera\/?page_id=10590"},"modified":"2023-01-11T17:01:55","modified_gmt":"2023-01-11T16:01:55","slug":"referencies-bibliografiques","status":"publish","type":"page","link":"https:\/\/agora.xtec.cat\/escolacanparera\/referencies-bibliografiques\/","title":{"rendered":"Convenis de col.laboraci\u00f3 entre l&#8217;escola i la Universitat de Barcelona"},"content":{"rendered":"<p>L&#8217;escola mant\u00e9 un conveni de col\u00b7laboraci\u00f3 des del 2019 amb el Grup de Recerca en Orientaci\u00f3 Psicopedag\u00f2gica (GROP) de la Universitat de Barcelona.\u00a0 El GROP \u00e9s un grup de recerca consolidat i reconegut com a grup de qualitat en educaci\u00f3 emocional per la Generalitat de Catalunya.\u00a0 A continuaci\u00f3 us presentem els convenis que s&#8217;han signat:<\/p>\n<p>\u2022 CONVENI DE COL\u2022LABORACI\u00d3 ENTRE LA UNIVERSITAT DE BARCELONA I L\u2019 ESCOLA CAN PARERA EN LA RECERCA TITULADA\u201c Avaluaci\u00f3 i assessorament del projecte d\u2019educaci\u00f3 emocional a l\u2019educaci\u00f3 infantil i prim\u00e0ria\u201d. La vig\u00e8ncia del present conveni ser\u00e0 del 1 de desembre de 2019 fins al 30 de juny d 2020. Aquest contracte ha estat prorrogat pr\u00e8via revisi\u00f3 i ajust dels compromisos per les dues parts fins al 18 de mar\u00e7 de 2021.<br \/>\n\u2022 CONVENI DE COL\u2022LABORACI\u00d3 ENTRE LA UNIVERSITAT DE BARCELONA I L\u2019ESCOLA CAN PARERA EN LA RECERCA TITULADA &#8221; Avaluaci\u00f3 de la implementaci\u00f3 de l\u2019educaci\u00f3 emocional a la educaci\u00f3 infantil i prim\u00e0ria\u201d. Vig\u00e8ncia del conveni: del 19 de mar\u00e7 de 2021 fins ea 30 de juny de 2022. Aquest conveni podr\u00e0 ser prorrogat pr\u00e8via revisi\u00f3 i ajust dels compromisos per totes dues parts.<\/p>\n<p>&nbsp;<\/p>\n<p>&nbsp;<\/p>\n","protected":false},"excerpt":{"rendered":"<p>L&#8217;escola mant\u00e9 un conveni de col\u00b7laboraci\u00f3 des del 2019 amb el Grup de Recerca en Orientaci\u00f3 Psicopedag\u00f2gica (GROP) de la Universitat de Barcelona.\u00a0 El GROP \u00e9s un grup de recerca consolidat i reconegut com a grup de qualitat en educaci\u00f3 emocional per la Generalitat de&hellip;  <a href=\"https:\/\/agora.xtec.cat\/escolacanparera\/referencies-bibliografiques\/\" title=\"Read Convenis de col.laboraci\u00f3 entre l&#8217;escola i la Universitat de Barcelona\">Llegeix m\u00e9s\u00bb<\/a><\/p>\n","protected":false},"author":1,"featured_media":0,"parent":0,"menu_order":0,"comment_status":"closed","ping_status":"closed","template":"","meta":{"_bbp_topic_count":0,"_bbp_reply_count":0,"_bbp_total_topic_count":0,"_bbp_total_reply_count":0,"_bbp_voice_count":0,"_bbp_anonymous_reply_count":0,"_bbp_topic_count_hidden":0,"_bbp_reply_count_hidden":0,"_bbp_forum_subforum_count":0,"footnotes":""},"class_list":["post-10590","page","type-page","status-publish","hentry"],"post_mailing_queue_ids":[],"_links":{"self":[{"href":"https:\/\/agora.xtec.cat\/escolacanparera\/wp-json\/wp\/v2\/pages\/10590","targetHints":{"allow":["GET"]}}],"collection":[{"href":"https:\/\/agora.xtec.cat\/escolacanparera\/wp-json\/wp\/v2\/pages"}],"about":[{"href":"https:\/\/agora.xtec.cat\/escolacanparera\/wp-json\/wp\/v2\/types\/page"}],"author":[{"embeddable":true,"href":"https:\/\/agora.xtec.cat\/escolacanparera\/wp-json\/wp\/v2\/users\/1"}],"replies":[{"embeddable":true,"href":"https:\/\/agora.xtec.cat\/escolacanparera\/wp-json\/wp\/v2\/comments?post=10590"}],"version-history":[{"count":3,"href":"https:\/\/agora.xtec.cat\/escolacanparera\/wp-json\/wp\/v2\/pages\/10590\/revisions"}],"predecessor-version":[{"id":10708,"href":"https:\/\/agora.xtec.cat\/escolacanparera\/wp-json\/wp\/v2\/pages\/10590\/revisions\/10708"}],"wp:attachment":[{"href":"https:\/\/agora.xtec.cat\/escolacanparera\/wp-json\/wp\/v2\/media?parent=10590"}],"curies":[{"name":"wp","href":"https:\/\/api.w.org\/{rel}","templated":true}]}}