{"id":10589,"date":"2023-01-09T15:33:31","date_gmt":"2023-01-09T14:33:31","guid":{"rendered":"https:\/\/agora.xtec.cat\/escolacanparera\/?page_id=10589"},"modified":"2023-01-11T15:56:30","modified_gmt":"2023-01-11T14:56:30","slug":"leducacio-emocional-i-les-competencies-emocionals","status":"publish","type":"page","link":"https:\/\/agora.xtec.cat\/escolacanparera\/leducacio-emocional-i-les-competencies-emocionals\/","title":{"rendered":"Justificaci\u00f3 i marc referencial del projecte d&#8217;educaci\u00f3 emocional"},"content":{"rendered":"<p><span style=\"text-decoration: underline;\"><strong>JUSTIFICACI\u00d3 DEL PROJECTE<\/strong><\/span><\/p>\n<p>Aquest projecte \u201cL\u2019educaci\u00f3 emocional en el centre\u201d ha estat fruit de la reflexi\u00f3 i participaci\u00f3 conjunta del professorat, alumnat, fam\u00edlies i d\u2019altres persones vinculades a la comunitat\u00a0 educativa. Va tenir els seus inicis en el curs 2012-2013.\u00a0 Hi ha importants raons que han plantejat incloure l&#8217;educaci\u00f3 emocional en diferents apartats del nostre Projecte Educatiu de Centre com: Pla d\u2019Acci\u00f3 Tutorial i el Projecte de Conviv\u00e8ncia.<\/p>\n<p>&#8211;\u00a0 Els informes Delors (UNESCO, 1996)i UNESCO (2015) destaquen la import\u00e0ncia d&#8217;educar en emocions i no sols atendre al merament cognitiu.<br \/>\nL\u2019OCDE (2021) ha constatat la import\u00e0ncia d&#8217;oferir a tots els estudiants el desenvolupament i l&#8217;aprenentatge d&#8217;habilitats socials i emocionals.<\/p>\n<p>&#8211;\u00a0 Les diferents lleis en mat\u00e8ria d&#8217;educaci\u00f3 expressen com a principal finalitat l&#8217;educar de manera integral(LEC, 2006; LOMCE, 2014, i l\u2019actual LOMLOE, 2020).Els centres s\u00f3n un lloc d&#8217;aprenentatge per al desenvolupament integral de l&#8217;alumnat i aix\u00f2 implica tant el desenvolupament de compet\u00e8ncies cognitives, com a personals i socials. L&#8217;obligatorietat d\u2019un Pla de Conviv\u00e8ncia (Llei Org\u00e0nica 2\/2006, de 3 de maig d\u2019educaci\u00f3. Obligatorietat d\u2019elaborar un Pla de Conviv\u00e8ncia) i un Pla D\u2019acci\u00f3 Tutorial (Llei 12\/2009, de 10 de juliol, d&#8217;educaci\u00f3) dins el PEC.<\/p>\n<p>-Els avan\u00e7os durant els \u00faltims 20 anys en el camp de la psicologia que ens porten a entendre i atendre els diferents tipus d&amp;#39;intel\u00b7lig\u00e8ncies (Gardner: intel\u00b7lig\u00e8ncies m\u00faltiples), entre les quals destaquen la intrapersonal i la interpersonal definides, posteriorment per Salovey i Mayer (1990), com a intel\u00b7lig\u00e8ncia emocional. Tamb\u00e9, des de l&#8217;\u00e0mbit de la neuroci\u00e8ncia, avui estem comen\u00e7ant a entendre com s&#8217;organitzen les xarxes neuronals durant el proc\u00e9s d&#8217;aprenentatge estan relacionades amb les emocions.(Bueno, 2019).A m\u00e9s, hi ha suficients evid\u00e8ncies dels beneficis de l&#8217;educaci\u00f3 emocional per a millorar les actituds cap a un mateix i cap als altres, el clima de l&#8217;aula, l&#8217;assertivitat, la resili\u00e8ncia reducci\u00f3 de conductes disruptives, i fins i tot elr rendiment acad\u00e8mic, juntament amb altres aspectes rellevants per a una educaci\u00f3 de qualitat (Durlak,2011; Keefer, 2018).<\/p>\n<p>-La diversitat i complexitat dels escenaris en els quals fem el nostre treball en les \u00faltimes d\u00e8cades. L&#8217;educaci\u00f3 emocional \u00e9s una forma de prevenci\u00f3 prim\u00e0ria inespec\u00edfica dels problemes de conviv\u00e8ncia. Es proposa el desenvolupament de compet\u00e8ncies b\u00e0siques per a la vida, necess\u00e0ries per a una ciutadania efectiva i responsable. Prevenci\u00f3 dels problemes de conviv\u00e8ncia i\u00a0 desenvolupament hum\u00e0 s\u00f3n els objectius essencials de l&amp;#39;educaci\u00f3 emocional. (Bisquerra, 2009; 2014) A tals efectes s&#8217;orienta a l&#8217;adquisici\u00f3 de compet\u00e8ncies emocionals que es poden aplicar a una multiplicitat de situacions de la vida, com la soluci\u00f3 positiva de conflictes, prevenci\u00f3 del consum de drogues, de l&#8217;estr\u00e8s, ansietat, depressi\u00f3, viol\u00e8ncia, etc. En aquest marc, la prevenci\u00f3 de l&#8217;assetjament escolar \u00e9s un aspecte important a considerar.<\/p>\n<p>L&#8217;educaci\u00f3 emocional s&#8217;ent\u00e9n com el \u00abproc\u00e9s educatiu, continu i permanent, que pret\u00e9n potenciar el desenvolupament hum\u00e0 per a capacitar-lo per a la vida amb la finalitat d&#8217;augmentar el seu benestar personal i social\u00bb (Bisquerra, 2000, p. 158).<br \/>\nBisquerra\u00a0(2009) defineix una compet\u00e8ncia com la \u00abcapacitat per a mobilitzar adequadament un conjunt de coneixements, capacitats, habilitats i actituds necess\u00e0ries per a realitzar activitats diverses amb un cert nivell de qualitat i efic\u00e0cia\u00bb. Aix\u00ed doncs, l&#8217;educaci\u00f3 emocional desenvolupa les compet\u00e8ncies emocionals de la persona.<\/p>\n<table style=\"border-collapse: collapse; width: 74.0088%; height: 400px;\">\n<tbody>\n<tr style=\"height: 33px;\">\n<td style=\"width: 33.3333%; height: 400px; text-align: center;\" rowspan=\"6\"><strong>Compet\u00e8ncia Emocional<\/strong><\/td>\n<td style=\"width: 33.3333%; height: 33px; text-align: center;\"><strong>Dimensi\u00f3<\/strong><\/td>\n<td style=\"width: 33.3333%; height: 33px; text-align: center;\"><strong>Descripci\u00f3<\/strong><\/td>\n<\/tr>\n<tr style=\"height: 33px;\">\n<td style=\"width: 33.3333%; height: 33px;\"><strong>Consci\u00e8ncia emocional<\/strong><\/td>\n<td style=\"width: 33.3333%; height: 33px;\">Capacitat per prendre consci\u00e8ncia de les pr\u00f2pies emocions, afegint l&#8217;habilitat per captar el clima emocional d&#8217;un context determinat.<\/td>\n<\/tr>\n<tr style=\"height: 33px;\">\n<td style=\"width: 33.3333%; height: 33px;\"><strong>Regulaci\u00f3 emocional<\/strong><\/td>\n<td style=\"width: 33.3333%; height: 33px;\">Capacitat per utilitzar les emocions de forma adequada.\u00a0 Suposa el prendre consci\u00e8ncia de la relaci\u00f3 entre emoci\u00f3, cognici\u00f3 i comportament; tenir bones estrat\u00e8gies d&#8217;afrontament, capacitat per autogenerar-se emocions positives.<\/td>\n<\/tr>\n<tr style=\"height: 111px;\">\n<td style=\"width: 33.3333%; height: 111px;\"><strong>Autonomia emocional<\/strong><\/td>\n<td style=\"width: 33.3333%; height: 111px;\">L&#8217;autonomia emocional inclou un conjunt de caracter\u00edstiques relacionades amb l&#8217;autogesti\u00f3 emocional, entre les que es troben l&#8217;autoestima, actitud positiva a la vida, responsabilitat, capacitat per buscar ajuda i recursos, aix\u00ed com l&#8217;autoefic\u00e0cia personal.<\/td>\n<\/tr>\n<tr style=\"height: 95px;\">\n<td style=\"width: 33.3333%; height: 95px;\"><strong>Compet\u00e8ncies socials<\/strong><\/td>\n<td style=\"width: 33.3333%; height: 95px;\">Les compet\u00e8ncia socials es refereix a la capacitat per mantenir bones relacions amb altres persones.\u00a0 Aix\u00f2 implica dominar les habilitats socials b\u00e0siques, comunicaci\u00f3 efectiva, respecte, actituds pro socials, assertivitat, etc.<\/td>\n<\/tr>\n<tr style=\"height: 95px;\">\n<td style=\"width: 33.3333%; height: 95px;\"><strong>Compet\u00e8ncies per a la vida i el benestar<\/strong><\/td>\n<td style=\"width: 33.3333%; height: 95px;\">Capacitat per prendre comportaments adequats i responsables per a la soluci\u00f3 de problemes personals, familiars, professionals i socials, orientat cap a la millora del benestar de vida personal i social.<\/td>\n<\/tr>\n<\/tbody>\n<\/table>\n<p>Quadre 1.\u00a0 Model de compet\u00e8ncia emocional (Bisquerra i P\u00e9rez-Escoda, 2007)<\/p>\n<p>Aquest plantejament \u00e9s el que dona sentit a l&#8217;enfocament te\u00f2ric-pr\u00e0ctic de l&#8217;educaci\u00f3 emocional i les compet\u00e8ncies emocionals a l\u2019escola Can Parera. El model referencial del GROP (Grup de Recerca en Orientaci\u00f3 Psicopedag\u00f2gica) de la Universitat i que defineixen Bisquerra i P\u00e9rez-Escoda (2007), contempla el desenvolupament de cinc compet\u00e8ncies emocionals: la consci\u00e8ncia emocional, la regulaci\u00f3 emocional, l\u2019autonomia emocional, aix\u00ed com les compet\u00e8ncies socials i compet\u00e8ncies per a la vida (Quadre 1).<\/p>\n<p><span style=\"text-decoration: underline;\"><strong>REFER\u00c8NCIES BIBLIOGR\u00c0FIQUES<\/strong><\/span><\/p>\n<p>Bisquerra, R. (2000). <em>Educaci\u00f3n emocional y bienestar<\/em>. Barcelona: Praxis.<\/p>\n<p>Bisquerra, R. (2009). <em>Psicopedagog\u00eda de las emociones<\/em>. Madrid: S\u00edntesis.<\/p>\n<p>Bisquerra, R. (Coord.), Colau, C., Colau, P., Collell, J., Escud\u00e9, C., P\u00e9rez-Escoda, N., Avil\u00e9s, J. M., y Ortega, R. (2014). <em>Prevenci\u00f3n del acoso escolar con educaci\u00f3n emocional<\/em>. Bilbao: Descl\u00e9e de Brower.<\/p>\n<p>Bisquerra, R., &amp; P\u00e9rez-Escoda, N. (2007). <em>Las competencias emocionales<\/em>. Educaci\u00f3n XXI, 10, 61-82. http:\/\/e-spacio.uned.es\/fez\/eserv\/bibliuned:EducacionXXI-2007numero10-823\/Documento.pdf<\/p>\n<p>Bueno, D. (2019). <em>Neurociencia aplicada a la educaci\u00f3n<\/em>. Editorial S\u00edntesis.<\/p>\n<p>Delors, J. (1996).<em>Los cuatro pilares de la educaci\u00f3n\u201d en La educaci\u00f3n encierra un tesoro. Informe a la UNESCO de la Comisi\u00f3n internacional sobre la educaci\u00f3n para el siglo XXI<\/em>. Madrid, Espa\u00f1a: Santillana\/UNESCO. pp. 91-103<\/p>\n<p><a href=\"https:\/\/unesdoc.unesco.org\/ark:\/48223\/pf0000109590_spa\">https:\/\/unesdoc.unesco.org\/ark:\/48223\/pf0000109590_spa<\/a><\/p>\n<p>Durlak, J.A.; Weissberg, R.P.; Dymnicki, A.B.; Taylor, R.D.; Schellinger, K. The impact of Enhancing Students\u2019 Social and Emotional Learning: A Meta-Analysis of School-Based Universal Interventions. Child Dev. 2011, 82, 405\u2013432. <a href=\"https:\/\/pubmed.ncbi.nlm.nih.gov\/21291449\/\">https:\/\/pubmed.ncbi.nlm.nih.gov\/21291449\/<\/a><\/p>\n<p>Gardner, H. (1995). <em>Inteligencias m\u00faltiples. La teor\u00eda en la pr\u00e1ctica<\/em>. Barcelona: Paid\u00f3s.<\/p>\n<p>Gardner, H. (2001). <em>La inteligencia reformulada. Las inteligencias m\u00faltiples en el siglo XXI<\/em>. Barcelona: Paid\u00f3s.<\/p>\n<p>Grop (<em>Grup de Recerca en Orientaci\u00f3 Psicopedag\u00f2gica<\/em>) de la Universitat de Barcelona: http:\/\/www.ub.edu\/grop\/<\/p>\n<p>Keefer, K.V.; Parker, J.D.A.; Saklofske, D.H. <em>Emotional Intelligence in Education. Integrating Research with Practice<\/em>; Springer: Cham, Switzerland, 2018.<\/p>\n<p>Llei Org\u00e0nica 2\/2006, de 3 de maig, d\u2019Educaci\u00f3 (LOE) (BOE n\u00fam. 106, 4 de maig de 2006)<\/p>\n<p>Llei Org\u00e0nica 2\/2006, de 3 de maig, d\u2019Educaci\u00f3 (LOE) (BOE n\u00fam. 106, 4 de maig de 2006)<\/p>\n<p>Llei 12\/2009, del 10 de juliol, d&#8217;educaci\u00f3 (LEC). Generalitat de Catalunya<\/p>\n<p>LLei Org\u00e0nica 8\/2013, de 9 de desembre (LOMCE), per a la millora de la qualitat educativa (BOE10 12 13).<\/p>\n<p>Llei Org\u00e0nica 3\/2020, de 29 de desembre (LOMLOE), per la qual\u00a0 es modifica la LLei Org\u00e0nica 2\/2006, de 3 de maig, d\u2019 Educaci\u00f3 (BOE n\u00fam. 340, 30 12 2020)<\/p>\n<p>OCDE (2021). <em>Beyond Academic Learning: First Results from the Survey of Social and Emotional Skills<\/em>, OECD Publishing, <a href=\"https:\/\/doi.org\/10.1787\/92a11084-en\">https:\/\/doi.org\/10.1787\/92a11084-en<\/a><\/p>\n<p>Salovey, P. y Mayer, J. D. (1990). Emotional intelligence. <em>Imagination, cognition, and personality<\/em>, 9,185-211.<\/p>\n<p>UNESCO (2015). <em>Replantear la educaci\u00f3n. \u00bfHacia un bien com\u00fan mundial?<\/em> Par\u00eds: UNESCO. <a href=\"https:\/\/unesdoc.unesco.org\/ark:\/48223\/pf0000232697\">https:\/\/unesdoc.unesco.org\/ark:\/48223\/pf0000232697<\/a><\/p>\n","protected":false},"excerpt":{"rendered":"<p>JUSTIFICACI\u00d3 DEL PROJECTE<br \/>\nAquest projecte \u201cL\u2019educaci\u00f3 emocional en el centre\u201d ha estat fruit de la reflexi\u00f3 i participaci\u00f3 conjunta del professorat, alumnat, fam\u00edlies i d\u2019altres persones vinculades a la comunitat\u00a0 educativa. Va tenir els seus inicis en el curs 2012-2013.\u00a0 Hi ha importants raons que han&hellip;  <a href=\"https:\/\/agora.xtec.cat\/escolacanparera\/leducacio-emocional-i-les-competencies-emocionals\/\" title=\"Read Justificaci\u00f3 i marc referencial del projecte d&#8217;educaci\u00f3 emocional\">Llegeix m\u00e9s\u00bb<\/a><\/p>\n","protected":false},"author":1,"featured_media":0,"parent":0,"menu_order":0,"comment_status":"closed","ping_status":"closed","template":"","meta":{"_bbp_topic_count":0,"_bbp_reply_count":0,"_bbp_total_topic_count":0,"_bbp_total_reply_count":0,"_bbp_voice_count":0,"_bbp_anonymous_reply_count":0,"_bbp_topic_count_hidden":0,"_bbp_reply_count_hidden":0,"_bbp_forum_subforum_count":0,"footnotes":""},"class_list":["post-10589","page","type-page","status-publish","hentry"],"post_mailing_queue_ids":[],"_links":{"self":[{"href":"https:\/\/agora.xtec.cat\/escolacanparera\/wp-json\/wp\/v2\/pages\/10589","targetHints":{"allow":["GET"]}}],"collection":[{"href":"https:\/\/agora.xtec.cat\/escolacanparera\/wp-json\/wp\/v2\/pages"}],"about":[{"href":"https:\/\/agora.xtec.cat\/escolacanparera\/wp-json\/wp\/v2\/types\/page"}],"author":[{"embeddable":true,"href":"https:\/\/agora.xtec.cat\/escolacanparera\/wp-json\/wp\/v2\/users\/1"}],"replies":[{"embeddable":true,"href":"https:\/\/agora.xtec.cat\/escolacanparera\/wp-json\/wp\/v2\/comments?post=10589"}],"version-history":[{"count":3,"href":"https:\/\/agora.xtec.cat\/escolacanparera\/wp-json\/wp\/v2\/pages\/10589\/revisions"}],"predecessor-version":[{"id":10693,"href":"https:\/\/agora.xtec.cat\/escolacanparera\/wp-json\/wp\/v2\/pages\/10589\/revisions\/10693"}],"wp:attachment":[{"href":"https:\/\/agora.xtec.cat\/escolacanparera\/wp-json\/wp\/v2\/media?parent=10589"}],"curies":[{"name":"wp","href":"https:\/\/api.w.org\/{rel}","templated":true}]}}