{"id":7724,"date":"2023-07-06T14:26:35","date_gmt":"2023-07-06T12:26:35","guid":{"rendered":"https:\/\/agora.xtec.cat\/escolacanmassallera\/?page_id=7724"},"modified":"2023-07-14T12:25:32","modified_gmt":"2023-07-14T10:25:32","slug":"perfil-i-trajectoria-professional-de-lequip-directiu","status":"publish","type":"page","link":"https:\/\/agora.xtec.cat\/escolacanmassallera\/lescola\/equip-docent-2021-2022\/perfil-i-trajectoria-professional-de-lequip-directiu\/","title":{"rendered":"Perfil i traject\u00f2ria professional de l\u2019Equip Directiu"},"content":{"rendered":"<p>Perfil i traject\u00f2ria professional del Director. (Ramon Fradera Gajo)<\/p>\n<p><a href=\"https:\/\/drive.google.com\/file\/d\/1jiPckKAM8A_u3BJBo-iVCaUUqF2GY-_d\/view?usp=drive_link\" target=\"_blank\" rel=\"noopener\">Fitxa_PTP Ramon<\/a><\/p>\n<p>Perfil i traject\u00f2ria professional de la cap d\u2019estudis (Andrea Carcel\u00e9n Ferrero)<\/p>\n<p><a href=\"https:\/\/drive.google.com\/file\/d\/1dyEU4H4jc7hKyNwMJ9CdA10twPbA3IWL\/view?usp=sharing\" target=\"_blank\" rel=\"noopener\">Fitxa_PTP Andrea<\/a><\/p>\n<p>Perfil i traject\u00f2ria professional del secretari (Abraham Barroso Rodr\u00edguez)<\/p>\n<p><a href=\"https:\/\/drive.google.com\/file\/d\/1_WJcnZgpbPxbhMS_rHJatl9Ufa9jslNu\/view?usp=drive_link\" target=\"_blank\" rel=\"noopener\">Fitxa_PTP Abraham<\/a><\/p>\n","protected":false},"excerpt":{"rendered":"<p>Perfil i traject\u00f2ria professional del Director. (Ramon Fradera Gajo) Fitxa_PTP Ramon Perfil i traject\u00f2ria professional de la cap d\u2019estudis (Andrea Carcel\u00e9n Ferrero) Fitxa_PTP Andrea Perfil i traject\u00f2ria professional del secretari (Abraham Barroso Rodr\u00edguez) Fitxa_PTP Abraham<\/p>\n","protected":false},"author":1,"featured_media":0,"parent":6078,"menu_order":0,"comment_status":"closed","ping_status":"closed","template":"page-templates\/side-menu.php","meta":{"_bbp_topic_count":0,"_bbp_reply_count":0,"_bbp_total_topic_count":0,"_bbp_total_reply_count":0,"_bbp_voice_count":0,"_bbp_anonymous_reply_count":0,"_bbp_topic_count_hidden":0,"_bbp_reply_count_hidden":0,"_bbp_forum_subforum_count":0,"site-sidebar-layout":"default","site-content-layout":"","ast-site-content-layout":"","site-content-style":"default","site-sidebar-style":"default","ast-global-header-display":"","ast-banner-title-visibility":"","ast-main-header-display":"","ast-hfb-above-header-display":"","ast-hfb-below-header-display":"","ast-hfb-mobile-header-display":"","site-post-title":"","ast-breadcrumbs-content":"","ast-featured-img":"","footer-sml-layout":"","theme-transparent-header-meta":"","adv-header-id-meta":"","stick-header-meta":"","header-above-stick-meta":"","header-main-stick-meta":"","header-below-stick-meta":"","astra-migrate-meta-layouts":"default","ast-page-background-enabled":"default","ast-page-background-meta":{"desktop":{"background-color":"var(--ast-global-color-4)","background-image":"","background-repeat":"repeat","background-position":"center center","background-size":"auto","background-attachment":"scroll","background-type":"","background-media":"","overlay-type":"","overlay-color":"","overlay-opacity":"","overlay-gradient":""},"tablet":{"background-color":"","background-image":"","background-repeat":"repeat","background-position":"center center","background-size":"auto","background-attachment":"scroll","background-type":"","background-media":"","overlay-type":"","overlay-color":"","overlay-opacity":"","overlay-gradient":""},"mobile":{"background-color":"","background-image":"","background-repeat":"repeat","background-position":"center center","background-size":"auto","background-attachment":"scroll","background-type":"","background-media":"","overlay-type":"","overlay-color":"","overlay-opacity":"","overlay-gradient":""}},"ast-content-background-meta":{"desktop":{"background-color":"var(--ast-global-color-5)","background-image":"","background-repeat":"repeat","background-position":"center center","background-size":"auto","background-attachment":"scroll","background-type":"","background-media":"","overlay-type":"","overlay-color":"","overlay-opacity":"","overlay-gradient":""},"tablet":{"background-color":"var(--ast-global-color-5)","background-image":"","background-repeat":"repeat","background-position":"center center","background-size":"auto","background-attachment":"scroll","background-type":"","background-media":"","overlay-type":"","overlay-color":"","overlay-opacity":"","overlay-gradient":""},"mobile":{"background-color":"var(--ast-global-color-5)","background-image":"","background-repeat":"repeat","background-position":"center center","background-size":"auto","background-attachment":"scroll","background-type":"","background-media":"","overlay-type":"","overlay-color":"","overlay-opacity":"","overlay-gradient":""}},"footnotes":""},"class_list":["post-7724","page","type-page","status-publish","hentry"],"post_mailing_queue_ids":[],"_links":{"self":[{"href":"https:\/\/agora.xtec.cat\/escolacanmassallera\/wp-json\/wp\/v2\/pages\/7724","targetHints":{"allow":["GET"]}}],"collection":[{"href":"https:\/\/agora.xtec.cat\/escolacanmassallera\/wp-json\/wp\/v2\/pages"}],"about":[{"href":"https:\/\/agora.xtec.cat\/escolacanmassallera\/wp-json\/wp\/v2\/types\/page"}],"author":[{"embeddable":true,"href":"https:\/\/agora.xtec.cat\/escolacanmassallera\/wp-json\/wp\/v2\/users\/1"}],"replies":[{"embeddable":true,"href":"https:\/\/agora.xtec.cat\/escolacanmassallera\/wp-json\/wp\/v2\/comments?post=7724"}],"version-history":[{"count":3,"href":"https:\/\/agora.xtec.cat\/escolacanmassallera\/wp-json\/wp\/v2\/pages\/7724\/revisions"}],"predecessor-version":[{"id":7731,"href":"https:\/\/agora.xtec.cat\/escolacanmassallera\/wp-json\/wp\/v2\/pages\/7724\/revisions\/7731"}],"up":[{"embeddable":true,"href":"https:\/\/agora.xtec.cat\/escolacanmassallera\/wp-json\/wp\/v2\/pages\/6078"}],"wp:attachment":[{"href":"https:\/\/agora.xtec.cat\/escolacanmassallera\/wp-json\/wp\/v2\/media?parent=7724"}],"curies":[{"name":"wp","href":"https:\/\/api.w.org\/{rel}","templated":true}]}}