{"id":71,"date":"2014-09-18T12:44:56","date_gmt":"2014-09-18T11:44:56","guid":{"rendered":"http:\/\/agora.xtec.cat\/escolacanmassallera\/?page_id=71"},"modified":"2024-09-25T17:16:48","modified_gmt":"2024-09-25T15:16:48","slug":"serveis-digitals","status":"publish","type":"page","link":"https:\/\/agora.xtec.cat\/escolacanmassallera\/serveis\/serveis-digitals\/","title":{"rendered":"Escola digital"},"content":{"rendered":"<h2><a href=\"https:\/\/agora.xtec.cat\/escolacanmassallera\/wp-content\/uploads\/usu39\/2024\/09\/acollida-digital-families-1.jpg\"><img loading=\"lazy\" decoding=\"async\" class=\"size-full wp-image-8300 aligncenter\" src=\"https:\/\/agora.xtec.cat\/escolacanmassallera\/wp-content\/uploads\/usu39\/2024\/09\/acollida-digital-families-1.jpg\" alt=\"\" width=\"1650\" height=\"1275\" srcset=\"https:\/\/agora.xtec.cat\/escolacanmassallera\/wp-content\/uploads\/usu39\/2024\/09\/acollida-digital-families-1.jpg 1650w, https:\/\/agora.xtec.cat\/escolacanmassallera\/wp-content\/uploads\/usu39\/2024\/09\/acollida-digital-families-1-300x232.jpg 300w, https:\/\/agora.xtec.cat\/escolacanmassallera\/wp-content\/uploads\/usu39\/2024\/09\/acollida-digital-families-1-1024x791.jpg 1024w, https:\/\/agora.xtec.cat\/escolacanmassallera\/wp-content\/uploads\/usu39\/2024\/09\/acollida-digital-families-1-768x593.jpg 768w, https:\/\/agora.xtec.cat\/escolacanmassallera\/wp-content\/uploads\/usu39\/2024\/09\/acollida-digital-families-1-1536x1187.jpg 1536w\" sizes=\"auto, (max-width: 1650px) 100vw, 1650px\" \/><\/a><\/h2>\n<h2><a href=\"https:\/\/agora.xtec.cat\/escolacanmassallera\/wp-content\/uploads\/usu39\/2024\/09\/acollida-digital-families-2.jpg\"><img loading=\"lazy\" decoding=\"async\" class=\"size-full wp-image-8301 aligncenter\" src=\"https:\/\/agora.xtec.cat\/escolacanmassallera\/wp-content\/uploads\/usu39\/2024\/09\/acollida-digital-families-2.jpg\" alt=\"\" width=\"1650\" height=\"1275\" srcset=\"https:\/\/agora.xtec.cat\/escolacanmassallera\/wp-content\/uploads\/usu39\/2024\/09\/acollida-digital-families-2.jpg 1650w, https:\/\/agora.xtec.cat\/escolacanmassallera\/wp-content\/uploads\/usu39\/2024\/09\/acollida-digital-families-2-300x232.jpg 300w, https:\/\/agora.xtec.cat\/escolacanmassallera\/wp-content\/uploads\/usu39\/2024\/09\/acollida-digital-families-2-1024x791.jpg 1024w, https:\/\/agora.xtec.cat\/escolacanmassallera\/wp-content\/uploads\/usu39\/2024\/09\/acollida-digital-families-2-768x593.jpg 768w, https:\/\/agora.xtec.cat\/escolacanmassallera\/wp-content\/uploads\/usu39\/2024\/09\/acollida-digital-families-2-1536x1187.jpg 1536w\" sizes=\"auto, (max-width: 1650px) 100vw, 1650px\" \/><\/a><\/h2>\n<h2><span style=\"color: #33cccc;\"><strong>EDUCACI\u00d3 INFANTIL<\/strong><\/span><\/h2>\n<p><a href=\"http:\/\/www.edu365.cat\/infantil\/index.html\">EDU365<\/a><\/p>\n<p><a href=\"http:\/\/www.ceip-diputacio.com\/la%20motxilla.htm\">LA MOTXILLA<\/a><\/p>\n<p><a href=\"https:\/\/www.balara.es\/contenido\/menuprincipal.html\">LOBO MAT\u00cdAS<\/a><\/p>\n<p><a href=\"https:\/\/www.symbaloo.com\/mix\/recursosparainfantil3\">SYMBALOO INFANTIL<\/a><\/p>\n<p><a href=\"http:\/\/ntic.educacion.es\/w3\/\/eos\/MaterialesEducativos\/mem2009\/pequetic\/index.html\">PEQUETIC<\/a><\/p>\n<p><a href=\"https:\/\/sites.google.com\/a\/xtec.cat\/rdzereral\/\">RECURSOS DIGITALS<\/a><\/p>\n<p><a href=\"https:\/\/www.ccma.cat\/tv3\/super3\/una-ma-de-contes\/\">UNA M\u00c0 DE CONTES<\/a><\/p>\n<p><a href=\"http:\/\/therese.eveilleau.pagesperso-orange.fr\/pages\/jeux_mat\/textes\/quadroku_gen_c.html\">SUDOKU<\/a><\/p>\n<p><a href=\"https:\/\/www.abcya.com\/games\/connect_the_dots\">DIBUIXOS SEGUINT ORDRE DE N\u00daMEROS<\/a><\/p>\n<p><a href=\"http:\/\/www.xtec.cat\/~dvert\/llengua.htm\">TREBALL DE LA LLENGUA<\/a><\/p>\n<h2><span style=\"color: #800080;\"><strong>EDUCACI\u00d3 PRIM\u00c0RIA<\/strong><\/span><\/h2>\n<p><a href=\"http:\/\/www.edu365.cat\/#\">EDU365<\/a><\/p>\n<p><a href=\"http:\/\/www.ceip-diputacio.com\/portadaCM-CS.htm\">LA MOTXILLA<\/a><\/p>\n<p><a href=\"https:\/\/sites.google.com\/a\/xtec.cat\/rdzereral\/\">RECURSOS DIGITALS<\/a><\/p>\n<p><a href=\"http:\/\/www.elquinzet.com\/\">EL QUINZET<\/a><\/p>\n<p><a href=\"https:\/\/sites.google.com\/a\/xtec.cat\/problemesmatematics\/\">PROBLEMES MATEM\u00c0TICS<\/a><\/p>\n<p><a href=\"http:\/\/www.xtec.cat\/~msolduga\/menu\/finestra\/mates.htm\">MATEM\u00c0TIQUES <\/a><\/p>\n<p><a href=\"http:\/\/www.elquinzet.cat\/\">EL QUINZET<\/a><\/p>\n<h2 style=\"text-align: left;\"><span style=\"color: #ff9900;\"><strong>CICLE INICIAL\u00a0 \u00a0 \u00a0 \u00a0 \u00a0 \u00a0 \u00a0 \u00a0 \u00a0 \u00a0 \u00a0 \u00a0<\/strong><\/span><\/h2>\n<p><a href=\"https:\/\/sites.google.com\/a\/xtec.cat\/rdzereral\/c-i-angles\">ANGL\u00c8S\u00a0<\/a><\/p>\n<p><a href=\"https:\/\/sites.google.com\/a\/xtec.cat\/rdzereral\/c-inicial-medi\">MEDI<\/a><\/p>\n<p><a href=\"https:\/\/sites.google.com\/a\/xtec.cat\/rdzereral\/c-i-castella\">CASTELL\u00c0<\/a><\/p>\n<p><a href=\"https:\/\/sites.google.com\/a\/xtec.cat\/rdzereral\/c-i-catala\">CATAL\u00c0<\/a><\/p>\n<p><a href=\"http:\/\/www.xtec.cat\/~dvert\/llengua.htm\">CATAL\u00c0<\/a><\/p>\n<p><a href=\"https:\/\/sites.google.com\/a\/xtec.cat\/rdzereral\/c-i-matematiques\">MATEM\u00c0TIQUES<\/a><\/p>\n<p><a href=\"http:\/\/www.xtec.cat\/~dvert\/mates.htm\">MATEM\u00c0TIQUES<\/a><\/p>\n<h2 style=\"text-align: left;\"><span style=\"color: #ff9900;\"><strong> \u00a0CICLE MITJ\u00c0 I SUPERIOR<\/strong><\/span><\/h2>\n<p><a href=\"https:\/\/sites.google.com\/a\/xtec.cat\/rdzereral\/cm-i-cs-angles\">ANGL\u00c8S<\/a><\/p>\n<p><a href=\"https:\/\/sites.google.com\/a\/xtec.cat\/rdzereral\/cm-i-cs-medi\">MEDI<\/a><\/p>\n<p><a href=\"https:\/\/sites.google.com\/a\/xtec.cat\/rdzereral\/cm-i-cs-castella\">CASTELL\u00c0<\/a><\/p>\n<p><a href=\"https:\/\/sites.google.com\/a\/xtec.cat\/rdzereral\/cm-i-cs-catala\">CATAL\u00c0<\/a><\/p>\n<p><a href=\"https:\/\/sites.google.com\/a\/xtec.cat\/rdzereral\/cm-i-cs-matematiques\">MATEM\u00c0TIQUES<\/a><\/p>\n<p><a href=\"https:\/\/sites.google.com\/a\/xtec.cat\/rdzereral\/cm-i-cs-musica\">M\u00daSICA<\/a><\/p>\n<p><a href=\"https:\/\/sites.google.com\/a\/xtec.cat\/rdzereral\/educacio-plastica\">EDUCACI\u00d3 ART\u00cdSTICA<\/a><\/p>\n<p>&nbsp;<\/p>\n","protected":false},"excerpt":{"rendered":"<p>EDUCACI\u00d3 INFANTIL EDU365 LA MOTXILLA LOBO MAT\u00cdAS SYMBALOO INFANTIL PEQUETIC RECURSOS DIGITALS UNA M\u00c0 DE CONTES SUDOKU DIBUIXOS SEGUINT ORDRE DE N\u00daMEROS TREBALL DE LA LLENGUA EDUCACI\u00d3 PRIM\u00c0RIA EDU365 LA MOTXILLA RECURSOS DIGITALS EL QUINZET PROBLEMES MATEM\u00c0TICS MATEM\u00c0TIQUES EL QUINZET CICLE INICIAL\u00a0 \u00a0 \u00a0 \u00a0 \u00a0 \u00a0 \u00a0 \u00a0 \u00a0 \u00a0 \u00a0 \u00a0 ANGL\u00c8S\u00a0 MEDI [&hellip;]<\/p>\n","protected":false},"author":1,"featured_media":0,"parent":66,"menu_order":10,"comment_status":"closed","ping_status":"closed","template":"page-templates\/side-menu.php","meta":{"_bbp_topic_count":0,"_bbp_reply_count":0,"_bbp_total_topic_count":0,"_bbp_total_reply_count":0,"_bbp_voice_count":0,"_bbp_anonymous_reply_count":0,"_bbp_topic_count_hidden":0,"_bbp_reply_count_hidden":0,"_bbp_forum_subforum_count":0,"site-sidebar-layout":"default","site-content-layout":"","ast-site-content-layout":"","site-content-style":"default","site-sidebar-style":"default","ast-global-header-display":"","ast-banner-title-visibility":"","ast-main-header-display":"","ast-hfb-above-header-display":"","ast-hfb-below-header-display":"","ast-hfb-mobile-header-display":"","site-post-title":"","ast-breadcrumbs-content":"","ast-featured-img":"","footer-sml-layout":"","theme-transparent-header-meta":"","adv-header-id-meta":"","stick-header-meta":"","header-above-stick-meta":"","header-main-stick-meta":"","header-below-stick-meta":"","astra-migrate-meta-layouts":"default","ast-page-background-enabled":"default","ast-page-background-meta":{"desktop":{"background-color":"var(--ast-global-color-4)","background-image":"","background-repeat":"repeat","background-position":"center center","background-size":"auto","background-attachment":"scroll","background-type":"","background-media":"","overlay-type":"","overlay-color":"","overlay-opacity":"","overlay-gradient":""},"tablet":{"background-color":"","background-image":"","background-repeat":"repeat","background-position":"center center","background-size":"auto","background-attachment":"scroll","background-type":"","background-media":"","overlay-type":"","overlay-color":"","overlay-opacity":"","overlay-gradient":""},"mobile":{"background-color":"","background-image":"","background-repeat":"repeat","background-position":"center center","background-size":"auto","background-attachment":"scroll","background-type":"","background-media":"","overlay-type":"","overlay-color":"","overlay-opacity":"","overlay-gradient":""}},"ast-content-background-meta":{"desktop":{"background-color":"var(--ast-global-color-5)","background-image":"","background-repeat":"repeat","background-position":"center center","background-size":"auto","background-attachment":"scroll","background-type":"","background-media":"","overlay-type":"","overlay-color":"","overlay-opacity":"","overlay-gradient":""},"tablet":{"background-color":"var(--ast-global-color-5)","background-image":"","background-repeat":"repeat","background-position":"center center","background-size":"auto","background-attachment":"scroll","background-type":"","background-media":"","overlay-type":"","overlay-color":"","overlay-opacity":"","overlay-gradient":""},"mobile":{"background-color":"var(--ast-global-color-5)","background-image":"","background-repeat":"repeat","background-position":"center center","background-size":"auto","background-attachment":"scroll","background-type":"","background-media":"","overlay-type":"","overlay-color":"","overlay-opacity":"","overlay-gradient":""}},"footnotes":""},"class_list":["post-71","page","type-page","status-publish","hentry"],"post_mailing_queue_ids":[],"_links":{"self":[{"href":"https:\/\/agora.xtec.cat\/escolacanmassallera\/wp-json\/wp\/v2\/pages\/71","targetHints":{"allow":["GET"]}}],"collection":[{"href":"https:\/\/agora.xtec.cat\/escolacanmassallera\/wp-json\/wp\/v2\/pages"}],"about":[{"href":"https:\/\/agora.xtec.cat\/escolacanmassallera\/wp-json\/wp\/v2\/types\/page"}],"author":[{"embeddable":true,"href":"https:\/\/agora.xtec.cat\/escolacanmassallera\/wp-json\/wp\/v2\/users\/1"}],"replies":[{"embeddable":true,"href":"https:\/\/agora.xtec.cat\/escolacanmassallera\/wp-json\/wp\/v2\/comments?post=71"}],"version-history":[{"count":4,"href":"https:\/\/agora.xtec.cat\/escolacanmassallera\/wp-json\/wp\/v2\/pages\/71\/revisions"}],"predecessor-version":[{"id":8302,"href":"https:\/\/agora.xtec.cat\/escolacanmassallera\/wp-json\/wp\/v2\/pages\/71\/revisions\/8302"}],"up":[{"embeddable":true,"href":"https:\/\/agora.xtec.cat\/escolacanmassallera\/wp-json\/wp\/v2\/pages\/66"}],"wp:attachment":[{"href":"https:\/\/agora.xtec.cat\/escolacanmassallera\/wp-json\/wp\/v2\/media?parent=71"}],"curies":[{"name":"wp","href":"https:\/\/api.w.org\/{rel}","templated":true}]}}