{"id":6078,"date":"2021-09-15T13:19:41","date_gmt":"2021-09-15T11:19:41","guid":{"rendered":"https:\/\/agora.xtec.cat\/escolacanmassallera\/?page_id=6078"},"modified":"2025-09-22T17:21:11","modified_gmt":"2025-09-22T15:21:11","slug":"equip-docent-2021-2022","status":"publish","type":"page","link":"https:\/\/agora.xtec.cat\/escolacanmassallera\/lescola\/equip-docent-2021-2022\/","title":{"rendered":"Equip docent 2025-2026"},"content":{"rendered":"<p><strong><em><u>Educaci\u00f3 infantil<\/u><\/em><\/strong><strong><em>:\u00a0 \u00a0 \u00a0 \u00a0 \u00a0<\/em><\/strong><\/p>\n<p>I3: Judit Tort<\/p>\n<p>I4: Alba Rubio<\/p>\n<p>I5: Marta Gelabert<\/p>\n<p>Suport: Cristina Acedo<\/p>\n<p>&nbsp;<\/p>\n<p><strong><em><u>Educaci\u00f3 prim\u00e0ria<\/u><\/em><\/strong><strong><em>:\u00a0<\/em><\/strong><\/p>\n<p>1r: Patr\u00edcia Bruna<\/p>\n<p>2n: Carla Sierra<\/p>\n<p>3r: Claudia Serra<\/p>\n<p>4t: Marina P\u00e9rez<\/p>\n<p>5\u00e8: Abraham Barroso<\/p>\n<p>6\u00e8: Albert Valls<\/p>\n<p><strong><em><u>Especialistes<\/u><\/em><\/strong><\/p>\n<p>Angl\u00e8s: M\u00f3nica Requena i Ramon Fradera<\/p>\n<p>Educaci\u00f3 F\u00edsica: Abraham Barroso, Patr\u00edcia Bruna i Albert Valls<\/p>\n<p>M\u00fasica: Ferran Ramoneda<\/p>\n<p>Educaci\u00f3 Especial: Leonor Rey i Andrea Carcel\u00e9n<\/p>\n<p>Suport: N\u00faria Valero<\/p>\n<p><strong><em><u>Vetlladora<\/u><\/em><\/strong><\/p>\n<p>Soraya Gordon<\/p>\n<p><strong><em><u>Equip directiu<\/u><\/em><\/strong><strong><em>:<\/em><\/strong><\/p>\n<p>Direcci\u00f3: Ramon Fradera<\/p>\n<p>Cap d\u2019Estudis: Andrea Carcel\u00e9n<\/p>\n<p>Secretari: Abraham Barroso<\/p>\n<p><strong><em><u>Conserges<\/u><\/em><\/strong><\/p>\n<p>Roman Clavijo<\/p>\n<p>Am\u00e8lia Montes<\/p>\n<p><strong><em><u>Coordinador<\/u><\/em><\/strong><u> <\/u><strong><u>menjador<\/u><\/strong><\/p>\n<p>Albert Ruart<\/p>\n<p><strong><em><u>Servei de neteja<\/u><\/em><\/strong><\/p>\n<p>Flori Castillo<\/p>\n<p>Feli Aldana<\/p>\n<p><a href=\"https:\/\/agora.xtec.cat\/escolacanmassallera\/wp-content\/uploads\/usu39\/2025\/09\/Equip-huma.png\"><img loading=\"lazy\" decoding=\"async\" class=\"alignnone size-full wp-image-8777\" src=\"https:\/\/agora.xtec.cat\/escolacanmassallera\/wp-content\/uploads\/usu39\/2025\/09\/Equip-huma.png\" alt=\"\" width=\"574\" height=\"766\" srcset=\"https:\/\/agora.xtec.cat\/escolacanmassallera\/wp-content\/uploads\/usu39\/2025\/09\/Equip-huma.png 574w, https:\/\/agora.xtec.cat\/escolacanmassallera\/wp-content\/uploads\/usu39\/2025\/09\/Equip-huma-225x300.png 225w\" sizes=\"auto, (max-width: 574px) 100vw, 574px\" \/><\/a><\/p>\n<p>&nbsp;<\/p>\n","protected":false},"excerpt":{"rendered":"<p>Educaci\u00f3 infantil:\u00a0 \u00a0 \u00a0 \u00a0 \u00a0 I3: Judit Tort I4: Alba Rubio I5: Marta Gelabert Suport: Cristina Acedo &nbsp; Educaci\u00f3 prim\u00e0ria:\u00a0 1r: Patr\u00edcia Bruna 2n: Carla Sierra 3r: Claudia Serra 4t: Marina P\u00e9rez 5\u00e8: Abraham Barroso 6\u00e8: Albert Valls Especialistes Angl\u00e8s: M\u00f3nica Requena i Ramon Fradera Educaci\u00f3 F\u00edsica: Abraham Barroso, Patr\u00edcia Bruna i Albert Valls [&hellip;]<\/p>\n","protected":false},"author":1,"featured_media":0,"parent":22,"menu_order":0,"comment_status":"closed","ping_status":"closed","template":"page-templates\/side-menu.php","meta":{"_bbp_topic_count":0,"_bbp_reply_count":0,"_bbp_total_topic_count":0,"_bbp_total_reply_count":0,"_bbp_voice_count":0,"_bbp_anonymous_reply_count":0,"_bbp_topic_count_hidden":0,"_bbp_reply_count_hidden":0,"_bbp_forum_subforum_count":0,"site-sidebar-layout":"default","site-content-layout":"","ast-site-content-layout":"","site-content-style":"default","site-sidebar-style":"default","ast-global-header-display":"","ast-banner-title-visibility":"","ast-main-header-display":"","ast-hfb-above-header-display":"","ast-hfb-below-header-display":"","ast-hfb-mobile-header-display":"","site-post-title":"","ast-breadcrumbs-content":"","ast-featured-img":"","footer-sml-layout":"","theme-transparent-header-meta":"","adv-header-id-meta":"","stick-header-meta":"","header-above-stick-meta":"","header-main-stick-meta":"","header-below-stick-meta":"","astra-migrate-meta-layouts":"default","ast-page-background-enabled":"default","ast-page-background-meta":{"desktop":{"background-color":"var(--ast-global-color-4)","background-image":"","background-repeat":"repeat","background-position":"center center","background-size":"auto","background-attachment":"scroll","background-type":"","background-media":"","overlay-type":"","overlay-color":"","overlay-opacity":"","overlay-gradient":""},"tablet":{"background-color":"","background-image":"","background-repeat":"repeat","background-position":"center center","background-size":"auto","background-attachment":"scroll","background-type":"","background-media":"","overlay-type":"","overlay-color":"","overlay-opacity":"","overlay-gradient":""},"mobile":{"background-color":"","background-image":"","background-repeat":"repeat","background-position":"center center","background-size":"auto","background-attachment":"scroll","background-type":"","background-media":"","overlay-type":"","overlay-color":"","overlay-opacity":"","overlay-gradient":""}},"ast-content-background-meta":{"desktop":{"background-color":"var(--ast-global-color-5)","background-image":"","background-repeat":"repeat","background-position":"center center","background-size":"auto","background-attachment":"scroll","background-type":"","background-media":"","overlay-type":"","overlay-color":"","overlay-opacity":"","overlay-gradient":""},"tablet":{"background-color":"var(--ast-global-color-5)","background-image":"","background-repeat":"repeat","background-position":"center center","background-size":"auto","background-attachment":"scroll","background-type":"","background-media":"","overlay-type":"","overlay-color":"","overlay-opacity":"","overlay-gradient":""},"mobile":{"background-color":"var(--ast-global-color-5)","background-image":"","background-repeat":"repeat","background-position":"center center","background-size":"auto","background-attachment":"scroll","background-type":"","background-media":"","overlay-type":"","overlay-color":"","overlay-opacity":"","overlay-gradient":""}},"footnotes":""},"class_list":["post-6078","page","type-page","status-publish","hentry"],"post_mailing_queue_ids":[],"_links":{"self":[{"href":"https:\/\/agora.xtec.cat\/escolacanmassallera\/wp-json\/wp\/v2\/pages\/6078","targetHints":{"allow":["GET"]}}],"collection":[{"href":"https:\/\/agora.xtec.cat\/escolacanmassallera\/wp-json\/wp\/v2\/pages"}],"about":[{"href":"https:\/\/agora.xtec.cat\/escolacanmassallera\/wp-json\/wp\/v2\/types\/page"}],"author":[{"embeddable":true,"href":"https:\/\/agora.xtec.cat\/escolacanmassallera\/wp-json\/wp\/v2\/users\/1"}],"replies":[{"embeddable":true,"href":"https:\/\/agora.xtec.cat\/escolacanmassallera\/wp-json\/wp\/v2\/comments?post=6078"}],"version-history":[{"count":7,"href":"https:\/\/agora.xtec.cat\/escolacanmassallera\/wp-json\/wp\/v2\/pages\/6078\/revisions"}],"predecessor-version":[{"id":8779,"href":"https:\/\/agora.xtec.cat\/escolacanmassallera\/wp-json\/wp\/v2\/pages\/6078\/revisions\/8779"}],"up":[{"embeddable":true,"href":"https:\/\/agora.xtec.cat\/escolacanmassallera\/wp-json\/wp\/v2\/pages\/22"}],"wp:attachment":[{"href":"https:\/\/agora.xtec.cat\/escolacanmassallera\/wp-json\/wp\/v2\/media?parent=6078"}],"curies":[{"name":"wp","href":"https:\/\/api.w.org\/{rel}","templated":true}]}}