{"id":4392,"date":"2020-02-14T09:58:01","date_gmt":"2020-02-14T08:58:01","guid":{"rendered":"https:\/\/agora.xtec.cat\/escolacanmassallera\/?page_id=4392"},"modified":"2022-09-06T14:26:23","modified_gmt":"2022-09-06T12:26:23","slug":"contacte","status":"publish","type":"page","link":"https:\/\/agora.xtec.cat\/escolacanmassallera\/lescola\/contacte\/","title":{"rendered":"Contacte"},"content":{"rendered":"<p>Podeu contactar amb nosaltres per diferents vies:<\/p>\n<table style=\"width: 729px; height: 158px;\">\n<tbody>\n<tr style=\"height: 158px;\">\n<td style=\"text-align: center; width: 372px; height: 158px;\"><a href=\"https:\/\/agora.xtec.cat\/escolacanmassallera\/wp-content\/uploads\/usu39\/2020\/02\/phonecall_110970.png\"><img loading=\"lazy\" decoding=\"async\" class=\"alignnone wp-image-4393 size-thumbnail\" src=\"https:\/\/agora.xtec.cat\/escolacanmassallera\/wp-content\/uploads\/usu39\/2020\/02\/phonecall_110970-150x150.png\" alt=\"\" width=\"150\" height=\"150\" srcset=\"https:\/\/agora.xtec.cat\/escolacanmassallera\/wp-content\/uploads\/usu39\/2020\/02\/phonecall_110970-150x150.png 150w, https:\/\/agora.xtec.cat\/escolacanmassallera\/wp-content\/uploads\/usu39\/2020\/02\/phonecall_110970-300x300.png 300w, https:\/\/agora.xtec.cat\/escolacanmassallera\/wp-content\/uploads\/usu39\/2020\/02\/phonecall_110970.png 512w\" sizes=\"auto, (max-width: 150px) 100vw, 150px\" \/><\/a><\/td>\n<td style=\"text-align: center; width: 349px; height: 158px;\"><a href=\"https:\/\/agora.xtec.cat\/escolacanmassallera\/wp-content\/uploads\/usu39\/2020\/02\/mail-si.png\"><img loading=\"lazy\" decoding=\"async\" class=\"aligncenter wp-image-4395 size-thumbnail\" src=\"https:\/\/agora.xtec.cat\/escolacanmassallera\/wp-content\/uploads\/usu39\/2020\/02\/mail-si-150x150.png\" alt=\"\" width=\"150\" height=\"150\" srcset=\"https:\/\/agora.xtec.cat\/escolacanmassallera\/wp-content\/uploads\/usu39\/2020\/02\/mail-si-150x150.png 150w, https:\/\/agora.xtec.cat\/escolacanmassallera\/wp-content\/uploads\/usu39\/2020\/02\/mail-si.png 225w\" sizes=\"auto, (max-width: 150px) 100vw, 150px\" \/><\/a><\/td>\n<\/tr>\n<\/tbody>\n<\/table>\n<table style=\"width: 724px; height: 20px;\">\n<tbody>\n<tr style=\"height: 20px;\">\n<td style=\"width: 373px; height: 20px;\"><span style=\"color: #ff9900;\"><strong>TEL\u00c8FON<\/strong><\/span>:\u00a0 \u00a0 <strong>936 613 866\u00a0 \u00a0 \/\u00a0 \u00a0 \u00a0 658 385 758<\/strong><\/td>\n<td style=\"width: 343px; height: 20px;\"><strong><span style=\"color: #ff9900;\">\u00a0 CORREU<\/span>:\u00a0 \u00a0 \u00a0 \u00a0 a8034412@xtec.cat\u00a0 \u00a0\u00a0<\/strong><\/td>\n<\/tr>\n<\/tbody>\n<\/table>\n<p><strong><span style=\"color: #008080;\">Atenci\u00f3 a les fam\u00edlies<\/span><\/strong>:<\/p>\n<ul>\n<li>Podeu posar-vos en contacte amb el tutor\/a del vostre fill\/a a trav\u00e9s del correu electr\u00f2nic del grup classe o a trav\u00e9s de l&#8217;agenda (en el cas de prim\u00e0ria).<\/li>\n<li>Si necessiteu parlar amb l&#8217;Equip directiu, podeu posar-vos en contacte amb ells a trav\u00e9s del correu electr\u00f2nic de l&#8217;escola o trucant per tel\u00e8fon.<\/li>\n<\/ul>\n<p><strong><span style=\"color: #008080;\">Horaris d&#8217;atenci\u00f3:<\/span><\/strong><\/p>\n<table style=\"width: 703px; height: 178px;\">\n<tbody>\n<tr style=\"height: 83px;\">\n<td style=\"width: 110px; height: 83px;\"><strong>DIRECCI\u00d3<\/strong><\/td>\n<td style=\"width: 189px; height: 83px;\">DILLUNS<\/p>\n<p>9.00 &#8211; 10.00<\/td>\n<td style=\"width: 210px; height: 83px;\">DIMECRES<\/p>\n<p>11.00 &#8211; 12.30<\/td>\n<td style=\"width: 182px; height: 83px;\">DIJOUS<\/p>\n<p>9.00 &#8211; 10.00<\/td>\n<\/tr>\n<tr style=\"height: 95px;\">\n<td style=\"width: 110px; height: 95px;\"><strong>SECRETARIA<\/strong><\/td>\n<td style=\"width: 189px; height: 95px;\">DILLUNS<\/p>\n<p>9.00 &#8211; 11.00<\/td>\n<td style=\"width: 210px; height: 95px;\">DIMECRES<\/p>\n<p>9.00 &#8211; 11.00<\/td>\n<td style=\"width: 182px; height: 95px;\">DIVENDRES<\/p>\n<p>15.00 &#8211; 16.30<\/td>\n<\/tr>\n<\/tbody>\n<\/table>\n","protected":false},"excerpt":{"rendered":"<p>Podeu contactar amb nosaltres per diferents vies: TEL\u00c8FON:\u00a0 \u00a0 936 613 866\u00a0 \u00a0 \/\u00a0 \u00a0 \u00a0 658 385 758 \u00a0 CORREU:\u00a0 \u00a0 \u00a0 \u00a0 a8034412@xtec.cat\u00a0 \u00a0\u00a0 Atenci\u00f3 a les fam\u00edlies: Podeu posar-vos en contacte amb el tutor\/a del vostre fill\/a a trav\u00e9s del correu electr\u00f2nic del grup classe o a trav\u00e9s de l&#8217;agenda (en el [&hellip;]<\/p>\n","protected":false},"author":1,"featured_media":0,"parent":22,"menu_order":0,"comment_status":"closed","ping_status":"closed","template":"page-templates\/side-menu.php","meta":{"_bbp_topic_count":0,"_bbp_reply_count":0,"_bbp_total_topic_count":0,"_bbp_total_reply_count":0,"_bbp_voice_count":0,"_bbp_anonymous_reply_count":0,"_bbp_topic_count_hidden":0,"_bbp_reply_count_hidden":0,"_bbp_forum_subforum_count":0,"site-sidebar-layout":"default","site-content-layout":"","ast-site-content-layout":"","site-content-style":"default","site-sidebar-style":"default","ast-global-header-display":"","ast-banner-title-visibility":"","ast-main-header-display":"","ast-hfb-above-header-display":"","ast-hfb-below-header-display":"","ast-hfb-mobile-header-display":"","site-post-title":"","ast-breadcrumbs-content":"","ast-featured-img":"","footer-sml-layout":"","theme-transparent-header-meta":"","adv-header-id-meta":"","stick-header-meta":"","header-above-stick-meta":"","header-main-stick-meta":"","header-below-stick-meta":"","astra-migrate-meta-layouts":"default","ast-page-background-enabled":"default","ast-page-background-meta":{"desktop":{"background-color":"var(--ast-global-color-4)","background-image":"","background-repeat":"repeat","background-position":"center center","background-size":"auto","background-attachment":"scroll","background-type":"","background-media":"","overlay-type":"","overlay-color":"","overlay-opacity":"","overlay-gradient":""},"tablet":{"background-color":"","background-image":"","background-repeat":"repeat","background-position":"center center","background-size":"auto","background-attachment":"scroll","background-type":"","background-media":"","overlay-type":"","overlay-color":"","overlay-opacity":"","overlay-gradient":""},"mobile":{"background-color":"","background-image":"","background-repeat":"repeat","background-position":"center center","background-size":"auto","background-attachment":"scroll","background-type":"","background-media":"","overlay-type":"","overlay-color":"","overlay-opacity":"","overlay-gradient":""}},"ast-content-background-meta":{"desktop":{"background-color":"var(--ast-global-color-5)","background-image":"","background-repeat":"repeat","background-position":"center center","background-size":"auto","background-attachment":"scroll","background-type":"","background-media":"","overlay-type":"","overlay-color":"","overlay-opacity":"","overlay-gradient":""},"tablet":{"background-color":"var(--ast-global-color-5)","background-image":"","background-repeat":"repeat","background-position":"center center","background-size":"auto","background-attachment":"scroll","background-type":"","background-media":"","overlay-type":"","overlay-color":"","overlay-opacity":"","overlay-gradient":""},"mobile":{"background-color":"var(--ast-global-color-5)","background-image":"","background-repeat":"repeat","background-position":"center center","background-size":"auto","background-attachment":"scroll","background-type":"","background-media":"","overlay-type":"","overlay-color":"","overlay-opacity":"","overlay-gradient":""}},"footnotes":""},"class_list":["post-4392","page","type-page","status-publish","hentry"],"post_mailing_queue_ids":[],"_links":{"self":[{"href":"https:\/\/agora.xtec.cat\/escolacanmassallera\/wp-json\/wp\/v2\/pages\/4392","targetHints":{"allow":["GET"]}}],"collection":[{"href":"https:\/\/agora.xtec.cat\/escolacanmassallera\/wp-json\/wp\/v2\/pages"}],"about":[{"href":"https:\/\/agora.xtec.cat\/escolacanmassallera\/wp-json\/wp\/v2\/types\/page"}],"author":[{"embeddable":true,"href":"https:\/\/agora.xtec.cat\/escolacanmassallera\/wp-json\/wp\/v2\/users\/1"}],"replies":[{"embeddable":true,"href":"https:\/\/agora.xtec.cat\/escolacanmassallera\/wp-json\/wp\/v2\/comments?post=4392"}],"version-history":[{"count":3,"href":"https:\/\/agora.xtec.cat\/escolacanmassallera\/wp-json\/wp\/v2\/pages\/4392\/revisions"}],"predecessor-version":[{"id":6905,"href":"https:\/\/agora.xtec.cat\/escolacanmassallera\/wp-json\/wp\/v2\/pages\/4392\/revisions\/6905"}],"up":[{"embeddable":true,"href":"https:\/\/agora.xtec.cat\/escolacanmassallera\/wp-json\/wp\/v2\/pages\/22"}],"wp:attachment":[{"href":"https:\/\/agora.xtec.cat\/escolacanmassallera\/wp-json\/wp\/v2\/media?parent=4392"}],"curies":[{"name":"wp","href":"https:\/\/api.w.org\/{rel}","templated":true}]}}