{"id":34,"date":"2014-09-18T12:32:18","date_gmt":"2014-09-18T11:32:18","guid":{"rendered":"http:\/\/agora.xtec.cat\/escolacanmassallera\/?page_id=34"},"modified":"2024-09-04T12:52:02","modified_gmt":"2024-09-04T10:52:02","slug":"oferta-educativa","status":"publish","type":"page","link":"https:\/\/agora.xtec.cat\/escolacanmassallera\/lescola\/oferta-educativa\/","title":{"rendered":"Oferta educativa"},"content":{"rendered":"<h2>Educaci\u00f3 infantil i prim\u00e0ria.<\/h2>\n<h4>Infantil<\/h4>\n<p>I3: Clara Fern\u00e1ndez<\/p>\n<p>I4: Alba Manchado<\/p>\n<p>I5: Marta Gelabert<\/p>\n<p>Suport: Cristina Acedo<\/p>\n<h4>Prim\u00e0ria<\/h4>\n<p>1r: Carla Sierra<\/p>\n<p>2n: Claudia Serra<\/p>\n<p>3r: Marina P\u00e9rez<\/p>\n<p>4t: Noem\u00ed Santiago<\/p>\n<p>5\u00e8: Carles S\u00e0nchez<\/p>\n<p>6\u00e8: Abraham Barroso<\/p>\n<h4>Especialistes<\/h4>\n<p>Angl\u00e8s: M\u00f3nica Requena \/ Ramon Fradera<\/p>\n<p>M\u00fasica: Ferran Ramoneda<\/p>\n<p>Educaci\u00f3 F\u00edsica: Abraham Barroso \/ Ferran Ramoneda<\/p>\n<p>Educaci\u00f3 Especial: Leonor Rey \/ Andrea Carcel\u00e9n<\/p>\n<p>Llengua Castellana:<\/p>\n<p>Religi\u00f3:<\/p>\n<h4>Altres professionals<\/h4>\n<p>Vetlladora: Soraya Gord\u00f3n \/ Roser Font<\/p>\n<p>Psic\u00f2loga de l&#8217;EAP: J\u00falia Palma<\/p>\n<p>Treballadora Social de l&#8217;EAP: Lorena Moruno<\/p>\n<p>Fisioterapeuta de l&#8217;EAP: Lorena Rabart\u00e9<\/p>\n<h4>Personal PAS<\/h4>\n<p>Conserges: Roman Clavijo i Amelia Torrico<\/p>\n<p>Auxiliar Administratiu: Cristina Llus\u00e0<\/p>\n<p>L&#8217;Escola Neta i endre\u00e7ada:\u00a0 Flori Castillo i Belinda Palacios<\/p>\n<p>Coordinadora Menjador:\u00a0 Azahara Morata<\/p>\n<h4>Equip Directiu<\/h4>\n<p>Director: Ramon Fradera<\/p>\n<p>Cap d&#8217;Estudis: Andrea Carcel\u00e9n<\/p>\n<p>Secretari: Abraham Barroso<\/p>\n<p>&nbsp;<\/p>\n<p>L&#8217;escola est\u00e0 adscrita a l&#8217;Institut \u00cdtaca.<\/p>\n<div id=\"start\"><a href=\"https:\/\/preinscripcio.gencat.cat\/web\/.content\/estudis\/eso\/informat\/busca-centre\/adscripcio-centres\/adscripcio-centres-pri-eso-BLL.pdf\"><span id=\"title\">Adscripci\u00f3 de centres d&#8217;educaci\u00f3 prim\u00e0ria a centres d&#8217;educaci\u00f3 secund\u00e0ria obligat\u00f2ria per a la preinscripci\u00f3 del curs 2024-2025<\/span><\/a><\/div>\n<div id=\"center\"><\/div>\n","protected":false},"excerpt":{"rendered":"<p>Educaci\u00f3 infantil i prim\u00e0ria. Infantil I3: Clara Fern\u00e1ndez I4: Alba Manchado I5: Marta Gelabert Suport: Cristina Acedo Prim\u00e0ria 1r: Carla Sierra 2n: Claudia Serra 3r: Marina P\u00e9rez 4t: Noem\u00ed Santiago 5\u00e8: Carles S\u00e0nchez 6\u00e8: Abraham Barroso Especialistes Angl\u00e8s: M\u00f3nica Requena \/ Ramon Fradera M\u00fasica: Ferran Ramoneda Educaci\u00f3 F\u00edsica: Abraham Barroso \/ Ferran Ramoneda Educaci\u00f3 Especial: [&hellip;]<\/p>\n","protected":false},"author":1,"featured_media":0,"parent":22,"menu_order":60,"comment_status":"closed","ping_status":"closed","template":"page-templates\/side-menu.php","meta":{"_bbp_topic_count":0,"_bbp_reply_count":0,"_bbp_total_topic_count":0,"_bbp_total_reply_count":0,"_bbp_voice_count":0,"_bbp_anonymous_reply_count":0,"_bbp_topic_count_hidden":0,"_bbp_reply_count_hidden":0,"_bbp_forum_subforum_count":0,"site-sidebar-layout":"default","site-content-layout":"","ast-site-content-layout":"","site-content-style":"default","site-sidebar-style":"default","ast-global-header-display":"","ast-banner-title-visibility":"","ast-main-header-display":"","ast-hfb-above-header-display":"","ast-hfb-below-header-display":"","ast-hfb-mobile-header-display":"","site-post-title":"","ast-breadcrumbs-content":"","ast-featured-img":"","footer-sml-layout":"","theme-transparent-header-meta":"","adv-header-id-meta":"","stick-header-meta":"","header-above-stick-meta":"","header-main-stick-meta":"","header-below-stick-meta":"","astra-migrate-meta-layouts":"default","ast-page-background-enabled":"default","ast-page-background-meta":{"desktop":{"background-color":"var(--ast-global-color-4)","background-image":"","background-repeat":"repeat","background-position":"center center","background-size":"auto","background-attachment":"scroll","background-type":"","background-media":"","overlay-type":"","overlay-color":"","overlay-opacity":"","overlay-gradient":""},"tablet":{"background-color":"","background-image":"","background-repeat":"repeat","background-position":"center center","background-size":"auto","background-attachment":"scroll","background-type":"","background-media":"","overlay-type":"","overlay-color":"","overlay-opacity":"","overlay-gradient":""},"mobile":{"background-color":"","background-image":"","background-repeat":"repeat","background-position":"center center","background-size":"auto","background-attachment":"scroll","background-type":"","background-media":"","overlay-type":"","overlay-color":"","overlay-opacity":"","overlay-gradient":""}},"ast-content-background-meta":{"desktop":{"background-color":"var(--ast-global-color-5)","background-image":"","background-repeat":"repeat","background-position":"center center","background-size":"auto","background-attachment":"scroll","background-type":"","background-media":"","overlay-type":"","overlay-color":"","overlay-opacity":"","overlay-gradient":""},"tablet":{"background-color":"var(--ast-global-color-5)","background-image":"","background-repeat":"repeat","background-position":"center center","background-size":"auto","background-attachment":"scroll","background-type":"","background-media":"","overlay-type":"","overlay-color":"","overlay-opacity":"","overlay-gradient":""},"mobile":{"background-color":"var(--ast-global-color-5)","background-image":"","background-repeat":"repeat","background-position":"center center","background-size":"auto","background-attachment":"scroll","background-type":"","background-media":"","overlay-type":"","overlay-color":"","overlay-opacity":"","overlay-gradient":""}},"footnotes":""},"class_list":["post-34","page","type-page","status-publish","hentry"],"post_mailing_queue_ids":[],"_links":{"self":[{"href":"https:\/\/agora.xtec.cat\/escolacanmassallera\/wp-json\/wp\/v2\/pages\/34","targetHints":{"allow":["GET"]}}],"collection":[{"href":"https:\/\/agora.xtec.cat\/escolacanmassallera\/wp-json\/wp\/v2\/pages"}],"about":[{"href":"https:\/\/agora.xtec.cat\/escolacanmassallera\/wp-json\/wp\/v2\/types\/page"}],"author":[{"embeddable":true,"href":"https:\/\/agora.xtec.cat\/escolacanmassallera\/wp-json\/wp\/v2\/users\/1"}],"replies":[{"embeddable":true,"href":"https:\/\/agora.xtec.cat\/escolacanmassallera\/wp-json\/wp\/v2\/comments?post=34"}],"version-history":[{"count":7,"href":"https:\/\/agora.xtec.cat\/escolacanmassallera\/wp-json\/wp\/v2\/pages\/34\/revisions"}],"predecessor-version":[{"id":8261,"href":"https:\/\/agora.xtec.cat\/escolacanmassallera\/wp-json\/wp\/v2\/pages\/34\/revisions\/8261"}],"up":[{"embeddable":true,"href":"https:\/\/agora.xtec.cat\/escolacanmassallera\/wp-json\/wp\/v2\/pages\/22"}],"wp:attachment":[{"href":"https:\/\/agora.xtec.cat\/escolacanmassallera\/wp-json\/wp\/v2\/media?parent=34"}],"curies":[{"name":"wp","href":"https:\/\/api.w.org\/{rel}","templated":true}]}}