{"id":2405,"date":"2017-10-14T17:24:21","date_gmt":"2017-10-14T15:24:21","guid":{"rendered":"http:\/\/agora.xtec.cat\/escolacanmassallera\/?page_id=2405"},"modified":"2024-03-07T13:48:37","modified_gmt":"2024-03-07T12:48:37","slug":"documents","status":"publish","type":"page","link":"https:\/\/agora.xtec.cat\/escolacanmassallera\/informacions\/documents\/","title":{"rendered":"Autoritzacions i documents"},"content":{"rendered":"<p><a href=\"https:\/\/drive.google.com\/file\/d\/1udv4RZs4oryI3ftwL2YWw23rdHwm-Ltk\/view?usp=sharing\">Carta de comprom\u00eds educatiu<\/a><\/p>\n<p><a href=\"https:\/\/drive.google.com\/file\/d\/14Zo1UPURjKPFTQb2Hj_65BafJ5SMjkFS\/view?usp=sharing\">Autoritzaci\u00f3 drets d&#8217;imatge<\/a><\/p>\n<p><a href=\"https:\/\/drive.google.com\/file\/d\/10q4L6TCrhriXcSROmXW_hGfyzpdPdvWj\/view?usp=sharing\">Autoritzaci\u00f3 \u00fas de serveis i recursos digitals a Internet per treballar a l\u2019aula<\/a><\/p>\n<p><a href=\"https:\/\/drive.google.com\/file\/d\/1YGVIkJHZa54nbsyedzUmu4ffYDFpNHpY\/view?usp=sharing\">Autoritzacions Sortides Escolars<\/a><\/p>\n<p><a href=\"https:\/\/drive.google.com\/file\/d\/1_eKY_C_grCHImER5h-w79H-ljmMjvbCR\/view?usp=sharing\">Autoritzaci\u00f3 recollida alumnes per altres familiars<\/a><\/p>\n<p><a href=\"https:\/\/drive.google.com\/file\/d\/10jqNPGvnuBAZVplgU5XvCH9dIQ3ClcQY\/view?usp=sharing\">Autoritzaci\u00f3 sortida amb germans\/es menors d&#8217;edat<\/a><\/p>\n<p><a href=\"https:\/\/drive.google.com\/file\/d\/1HN_OFOoDxOybOmxIoqB4cTwoyurypKdE\/view?usp=sharing\">Autoritzaci\u00f3 per marxar sol\/a a casa<\/a><\/p>\n<p><a href=\"https:\/\/drive.google.com\/file\/d\/0BxaUGgtsGJyDMm8xQWtMUTYyMW8\/view?usp=sharing\">Autoritzaci\u00f3 per a l&#8217;administraci\u00f3 de paracetamol<\/a><\/p>\n<p><a href=\"https:\/\/drive.google.com\/file\/d\/1iZigtgGxgsPyhwGnIWpPRMCAXUK528YE\/view?usp=sharing\">Formulari administraci\u00f3 medicaments en horari escolar<\/a><\/p>\n<p><a href=\"https:\/\/drive.google.com\/open?id=1DT1C6giIkMjU9rnbyAeiTQCx7FywN0ab\">Full de recollida d&#8217;informaci\u00f3 per a alumnes amb al\u00b7l\u00e8rgies<\/a><\/p>\n<p><a href=\"https:\/\/drive.google.com\/file\/d\/0BxaUGgtsGJyDTmdFUVRQV2JkcTA\/view?usp=sharing\">Indicacions davant la pres\u00e8ncia de polls a l&#8217;escola<\/a><\/p>\n<p><a href=\"https:\/\/drive.google.com\/open?id=1G4C5tXAQaUBkqVJplIh_hqHbN8X6kVPE\">Graella Extraescolars<\/a><\/p>\n<p><a href=\"https:\/\/drive.google.com\/file\/d\/1n_TwoGKQPSr7ZcEdxNbOK6xXI9q2Dooa\/view?usp=sharing\">Autoritzaci\u00f3 Vacunes 6\u00e8 (tot i que surti el missatge <strong><em>Please wait&#8230; <\/em><\/strong>cal descarregar el document al nostre ordinador i obrir-lo amb Adobe Acrobat Reader)<\/a><\/p>\n","protected":false},"excerpt":{"rendered":"<p>Carta de comprom\u00eds educatiu Autoritzaci\u00f3 drets d&#8217;imatge Autoritzaci\u00f3 \u00fas de serveis i recursos digitals a Internet per treballar a l\u2019aula Autoritzacions Sortides Escolars Autoritzaci\u00f3 recollida alumnes per altres familiars Autoritzaci\u00f3 sortida amb germans\/es menors d&#8217;edat Autoritzaci\u00f3 per marxar sol\/a a casa Autoritzaci\u00f3 per a l&#8217;administraci\u00f3 de paracetamol Formulari administraci\u00f3 medicaments en horari escolar Full de [&hellip;]<\/p>\n","protected":false},"author":1,"featured_media":0,"parent":4322,"menu_order":90,"comment_status":"closed","ping_status":"closed","template":"page-templates\/side-menu.php","meta":{"_bbp_topic_count":0,"_bbp_reply_count":0,"_bbp_total_topic_count":0,"_bbp_total_reply_count":0,"_bbp_voice_count":0,"_bbp_anonymous_reply_count":0,"_bbp_topic_count_hidden":0,"_bbp_reply_count_hidden":0,"_bbp_forum_subforum_count":0,"site-sidebar-layout":"default","site-content-layout":"","ast-site-content-layout":"","site-content-style":"default","site-sidebar-style":"default","ast-global-header-display":"","ast-banner-title-visibility":"","ast-main-header-display":"","ast-hfb-above-header-display":"","ast-hfb-below-header-display":"","ast-hfb-mobile-header-display":"","site-post-title":"","ast-breadcrumbs-content":"","ast-featured-img":"","footer-sml-layout":"","theme-transparent-header-meta":"","adv-header-id-meta":"","stick-header-meta":"","header-above-stick-meta":"","header-main-stick-meta":"","header-below-stick-meta":"","astra-migrate-meta-layouts":"default","ast-page-background-enabled":"default","ast-page-background-meta":{"desktop":{"background-color":"var(--ast-global-color-4)","background-image":"","background-repeat":"repeat","background-position":"center center","background-size":"auto","background-attachment":"scroll","background-type":"","background-media":"","overlay-type":"","overlay-color":"","overlay-opacity":"","overlay-gradient":""},"tablet":{"background-color":"","background-image":"","background-repeat":"repeat","background-position":"center center","background-size":"auto","background-attachment":"scroll","background-type":"","background-media":"","overlay-type":"","overlay-color":"","overlay-opacity":"","overlay-gradient":""},"mobile":{"background-color":"","background-image":"","background-repeat":"repeat","background-position":"center center","background-size":"auto","background-attachment":"scroll","background-type":"","background-media":"","overlay-type":"","overlay-color":"","overlay-opacity":"","overlay-gradient":""}},"ast-content-background-meta":{"desktop":{"background-color":"var(--ast-global-color-5)","background-image":"","background-repeat":"repeat","background-position":"center center","background-size":"auto","background-attachment":"scroll","background-type":"","background-media":"","overlay-type":"","overlay-color":"","overlay-opacity":"","overlay-gradient":""},"tablet":{"background-color":"var(--ast-global-color-5)","background-image":"","background-repeat":"repeat","background-position":"center center","background-size":"auto","background-attachment":"scroll","background-type":"","background-media":"","overlay-type":"","overlay-color":"","overlay-opacity":"","overlay-gradient":""},"mobile":{"background-color":"var(--ast-global-color-5)","background-image":"","background-repeat":"repeat","background-position":"center center","background-size":"auto","background-attachment":"scroll","background-type":"","background-media":"","overlay-type":"","overlay-color":"","overlay-opacity":"","overlay-gradient":""}},"footnotes":""},"class_list":["post-2405","page","type-page","status-publish","hentry"],"post_mailing_queue_ids":[],"_links":{"self":[{"href":"https:\/\/agora.xtec.cat\/escolacanmassallera\/wp-json\/wp\/v2\/pages\/2405","targetHints":{"allow":["GET"]}}],"collection":[{"href":"https:\/\/agora.xtec.cat\/escolacanmassallera\/wp-json\/wp\/v2\/pages"}],"about":[{"href":"https:\/\/agora.xtec.cat\/escolacanmassallera\/wp-json\/wp\/v2\/types\/page"}],"author":[{"embeddable":true,"href":"https:\/\/agora.xtec.cat\/escolacanmassallera\/wp-json\/wp\/v2\/users\/1"}],"replies":[{"embeddable":true,"href":"https:\/\/agora.xtec.cat\/escolacanmassallera\/wp-json\/wp\/v2\/comments?post=2405"}],"version-history":[{"count":4,"href":"https:\/\/agora.xtec.cat\/escolacanmassallera\/wp-json\/wp\/v2\/pages\/2405\/revisions"}],"predecessor-version":[{"id":8106,"href":"https:\/\/agora.xtec.cat\/escolacanmassallera\/wp-json\/wp\/v2\/pages\/2405\/revisions\/8106"}],"up":[{"embeddable":true,"href":"https:\/\/agora.xtec.cat\/escolacanmassallera\/wp-json\/wp\/v2\/pages\/4322"}],"wp:attachment":[{"href":"https:\/\/agora.xtec.cat\/escolacanmassallera\/wp-json\/wp\/v2\/media?parent=2405"}],"curies":[{"name":"wp","href":"https:\/\/api.w.org\/{rel}","templated":true}]}}