{"id":1755,"date":"2017-02-13T21:05:14","date_gmt":"2017-02-13T20:05:14","guid":{"rendered":"http:\/\/agora.xtec.cat\/escolacanmassallera\/?page_id=1755"},"modified":"2017-02-16T18:53:24","modified_gmt":"2017-02-16T17:53:24","slug":"projectes-descola","status":"publish","type":"page","link":"https:\/\/agora.xtec.cat\/escolacanmassallera\/projectes-descola\/","title":{"rendered":"Projectes d&#8217;escola"},"content":{"rendered":"<p>La nostra programaci\u00f3, fruit del treball en equip de tot el professorat, es basa en les difer\u00e8ncies individuals i els diferents nivells de maduraci\u00f3, per tal d&#8217;afavorir l&#8217;evoluci\u00f3 de tots els alumnes amb una atenci\u00f3 personalitzada (atenci\u00f3\u00a0 a la diversitat) on cadasc\u00fa pugui assolir\u00a0 un desenvolupament \u00f2ptim.<\/p>\n<p>L&#8217;activitat educativa s&#8217;organitza a partir d&#8217;estrat\u00e8gies com: l&#8217;experimentaci\u00f3, el descobriment, la formaci\u00f3 d&#8217;h\u00e0bits, les t\u00e8cniques d&#8217;estudi, el coneixement del medi, el treball en equip etc.<\/p>\n<p>Es realitzen activitats fora de l&#8217;\u00e0mbit escolar en contacte amb la natura i l&#8217;entorn social (Excursions, visites culturals, museus, teatre, poblaci\u00f3&#8230;).<\/p>\n<p>De P3 a sis\u00e8 els alumnes desenvolupen diferents projectes d\u2019aula al llarg del curs.<\/p>\n<p>El treball per projectes \u00e9s una metodologia que ajuda als nens i les nenes a pensar per ells mateixos, a investigar, a buscar respostes a les preguntes que es fan. Els d\u00f3na la oportunitat de triar qu\u00e8 volen treballar, que els interessa i aix\u00f2 fa que tot el que aprenen tingui un significat per a ells, aconseguint que la motivaci\u00f3 sigui molt gran en cada aprenentatge.<\/p>\n<p>Els infants troben els projectes com un repte, perqu\u00e8 ells formen part de manera activa durant tot el proc\u00e9s de planificaci\u00f3 i de construcci\u00f3.<\/p>\n<p>&nbsp;<\/p>\n<p>&nbsp;<\/p>\n<p>&nbsp;<\/p>\n","protected":false},"excerpt":{"rendered":"<p>La nostra programaci\u00f3, fruit del treball en equip de tot el professorat, es basa en les difer\u00e8ncies individuals i els diferents nivells de maduraci\u00f3, per tal d&#8217;afavorir l&#8217;evoluci\u00f3 de tots els alumnes amb una atenci\u00f3 personalitzada (atenci\u00f3\u00a0 a la diversitat) on cadasc\u00fa pugui assolir\u00a0 un desenvolupament \u00f2ptim. L&#8217;activitat educativa s&#8217;organitza a partir d&#8217;estrat\u00e8gies com: l&#8217;experimentaci\u00f3, [&hellip;]<\/p>\n","protected":false},"author":1,"featured_media":0,"parent":0,"menu_order":0,"comment_status":"closed","ping_status":"closed","template":"","meta":{"_bbp_topic_count":0,"_bbp_reply_count":0,"_bbp_total_topic_count":0,"_bbp_total_reply_count":0,"_bbp_voice_count":0,"_bbp_anonymous_reply_count":0,"_bbp_topic_count_hidden":0,"_bbp_reply_count_hidden":0,"_bbp_forum_subforum_count":0,"site-sidebar-layout":"default","site-content-layout":"","ast-site-content-layout":"","site-content-style":"default","site-sidebar-style":"default","ast-global-header-display":"","ast-banner-title-visibility":"","ast-main-header-display":"","ast-hfb-above-header-display":"","ast-hfb-below-header-display":"","ast-hfb-mobile-header-display":"","site-post-title":"","ast-breadcrumbs-content":"","ast-featured-img":"","footer-sml-layout":"","theme-transparent-header-meta":"","adv-header-id-meta":"","stick-header-meta":"","header-above-stick-meta":"","header-main-stick-meta":"","header-below-stick-meta":"","astra-migrate-meta-layouts":"default","ast-page-background-enabled":"default","ast-page-background-meta":{"desktop":{"background-color":"var(--ast-global-color-4)","background-image":"","background-repeat":"repeat","background-position":"center center","background-size":"auto","background-attachment":"scroll","background-type":"","background-media":"","overlay-type":"","overlay-color":"","overlay-opacity":"","overlay-gradient":""},"tablet":{"background-color":"","background-image":"","background-repeat":"repeat","background-position":"center center","background-size":"auto","background-attachment":"scroll","background-type":"","background-media":"","overlay-type":"","overlay-color":"","overlay-opacity":"","overlay-gradient":""},"mobile":{"background-color":"","background-image":"","background-repeat":"repeat","background-position":"center center","background-size":"auto","background-attachment":"scroll","background-type":"","background-media":"","overlay-type":"","overlay-color":"","overlay-opacity":"","overlay-gradient":""}},"ast-content-background-meta":{"desktop":{"background-color":"var(--ast-global-color-5)","background-image":"","background-repeat":"repeat","background-position":"center center","background-size":"auto","background-attachment":"scroll","background-type":"","background-media":"","overlay-type":"","overlay-color":"","overlay-opacity":"","overlay-gradient":""},"tablet":{"background-color":"var(--ast-global-color-5)","background-image":"","background-repeat":"repeat","background-position":"center center","background-size":"auto","background-attachment":"scroll","background-type":"","background-media":"","overlay-type":"","overlay-color":"","overlay-opacity":"","overlay-gradient":""},"mobile":{"background-color":"var(--ast-global-color-5)","background-image":"","background-repeat":"repeat","background-position":"center center","background-size":"auto","background-attachment":"scroll","background-type":"","background-media":"","overlay-type":"","overlay-color":"","overlay-opacity":"","overlay-gradient":""}},"footnotes":""},"class_list":["post-1755","page","type-page","status-publish","hentry"],"post_mailing_queue_ids":[],"_links":{"self":[{"href":"https:\/\/agora.xtec.cat\/escolacanmassallera\/wp-json\/wp\/v2\/pages\/1755","targetHints":{"allow":["GET"]}}],"collection":[{"href":"https:\/\/agora.xtec.cat\/escolacanmassallera\/wp-json\/wp\/v2\/pages"}],"about":[{"href":"https:\/\/agora.xtec.cat\/escolacanmassallera\/wp-json\/wp\/v2\/types\/page"}],"author":[{"embeddable":true,"href":"https:\/\/agora.xtec.cat\/escolacanmassallera\/wp-json\/wp\/v2\/users\/1"}],"replies":[{"embeddable":true,"href":"https:\/\/agora.xtec.cat\/escolacanmassallera\/wp-json\/wp\/v2\/comments?post=1755"}],"version-history":[{"count":3,"href":"https:\/\/agora.xtec.cat\/escolacanmassallera\/wp-json\/wp\/v2\/pages\/1755\/revisions"}],"predecessor-version":[{"id":1770,"href":"https:\/\/agora.xtec.cat\/escolacanmassallera\/wp-json\/wp\/v2\/pages\/1755\/revisions\/1770"}],"wp:attachment":[{"href":"https:\/\/agora.xtec.cat\/escolacanmassallera\/wp-json\/wp\/v2\/media?parent=1755"}],"curies":[{"name":"wp","href":"https:\/\/api.w.org\/{rel}","templated":true}]}}