{"id":1706,"date":"2017-02-10T11:03:11","date_gmt":"2017-02-10T10:03:11","guid":{"rendered":"http:\/\/agora.xtec.cat\/escolacanmassallera\/?page_id=1706"},"modified":"2026-02-09T16:52:44","modified_gmt":"2026-02-09T15:52:44","slug":"educacio-mediambiental","status":"publish","type":"page","link":"https:\/\/agora.xtec.cat\/escolacanmassallera\/projectes-descola\/educacio-mediambiental\/","title":{"rendered":"Apadrinem el nostre territori"},"content":{"rendered":"<p style=\"margin: 0cm 0cm 0.0001pt; text-align: justify; vertical-align: baseline;\">En l\u2019actualitzaci\u00f3 del Projecte de Direcci\u00f3 2020-2024 de l\u2019escola, ens vam plantejar un objectiu molt important envers l\u2019\u00e0mbit relacional, mitjan\u00e7ant el qual, vol\u00edem afavorir la bona conviv\u00e8ncia a la comunitat educativa. A aquest objectiu li vam dir \u201cEl meu poble com a punt de partida\u201d, i amb ell ens plantegem la planificaci\u00f3 d\u2019accions que fomentin la participaci\u00f3 del centre en activitats no lectives fora el centre compromeses amb el medi ambient que incloguin el poble. A trav\u00e9s d\u2019aquest objectiu, i gr\u00e0cies a la col\u00b7laboraci\u00f3 dels Serveis Educatius, li hem donat forma per tal de crear un projecte d\u2019innovaci\u00f3 educativa: \u201cApadrinem el nostre territori\u201d, que es basa en l\u2019apadrinament d\u2019un element patrimonial per part del centre, en aquest cas l\u2019Anell Verd, amb la qual cosa se li d\u00f3na valor i es pot aprofundir en el coneixement des del punt de vista cultural, i alhora, genera que aquest coneixement sigui socialment rellevant (que arribi a la mateixa comunitat i a l\u2019entorn de l\u2019escola).<\/p>\n<p>&nbsp;<\/p>\n<p style=\"margin: 0cm 0cm 0.0001pt; text-align: justify; vertical-align: baseline;\">Aquest projecte inclou realitzar sortides per l\u2019Anell Verd, moltes d\u2019elles relacionades amb l\u2019\u00e0rea d\u2019Educaci\u00f3 F\u00edsica (el parc fluvial, el parc agrari, la Col\u00f2nia G\u00fcell, Can Pal\u00f3s, l\u2019Estret de Roques, l\u2019ermita de Sant Ramon o la Font de Golbes), ja que impliquen preparar l&#8217;alumnat per donar resposta a una s\u00e8rie de reptes que estan relacionats amb el coneixement i domini del propi cos i de la motricitat, l\u2019adopci\u00f3 d\u2019un estil de vida actiu i saludable, i l\u2019ocupaci\u00f3 del temps de lleure a trav\u00e9s de la pr\u00e0ctica d\u2019activitats f\u00edsiques que siguin sostenibles per combatre el sedentarisme. Aix\u00ed com, treballar l\u2019assoliment dels objectius de desenvolupament sostenible (ODS), pel que fa a l&#8217;adquisici\u00f3 d\u2019un estil de vida saludable, on adquireix una gran rellev\u00e0ncia a l\u2019ODS3: Garantir una vida sana i promoure el benestar per a totes les persones a totes les edats, i tamb\u00e9 l\u2019ODS4: Educaci\u00f3 de qualitat i l\u2019ODS5: Igualtat de g\u00e8nere.<\/p>\n<p>&nbsp;<\/p>\n<p><a href=\"https:\/\/agora.xtec.cat\/escolacanmassallera\/wp-content\/uploads\/usu39\/2025\/06\/Estret-de-roques-e1770652275168.jpg\"><img loading=\"lazy\" decoding=\"async\" class=\"wp-image-8728 size-large aligncenter\" src=\"https:\/\/agora.xtec.cat\/escolacanmassallera\/wp-content\/uploads\/usu39\/2025\/06\/Estret-de-roques-768x1024.jpg\" alt=\"\" width=\"768\" height=\"1024\" \/><\/a><\/p>\n<p>El Programa es basa en la idea de l\u2019apadrinament d\u2019un element patrimonial per part del centre educatiu, la qual cosa comporta donar-li valor i aprofundir en el seu coneixement des del punt de vista cultural i, alhora, fer que aquest coneixement sigui socialment rellevant, \u00e9s a dir, que arribi a la pr\u00f2pia comunitat i a l\u2019entorn de l\u2019escola. Els projectes d\u2019apadrinament promouen la dimensi\u00f3 significativa, comunicativa, d\u2019acci\u00f3 i de projecci\u00f3 de l\u2019aprenentatge. Aquestes quatre dimensions permeten situar l\u2019alumne com a subjecte actiu del seu aprenentatge, promovent la seva implicaci\u00f3 en el territori i la societat a trav\u00e9s d\u2019un concepte de ciutadania cr\u00edtica i responsable.<\/p>\n<p>Els principals objectius s\u00f3n:<\/p>\n<p>\u2794 Afavorir la implicaci\u00f3 de l\u2019alumnat a partir d\u2019una proposta did\u00e0ctica dissenyada amb els criteris de significativitat, comunicaci\u00f3, acci\u00f3 i projecci\u00f3 del model competencial orientador.<\/p>\n<p>\u2794 Promoure el coneixement del patrimoni m\u00e9s proper al centre educatiu.<\/p>\n<p>\u2794 Projectar el coneixement adquirit per l\u2019alumnat sobre l\u2019element patrimonial a la pr\u00f2pia comunitat i a l\u2019entorn.<\/p>\n<p>Elements apadrinats<\/p>\n<p>L\u2019Anell Verd: itinerari \u00fanic en l\u2019entorn metropolit\u00e0 de Barcelona que recorre i apropa a espais d\u2019inter\u00e8s paisatg\u00edstic (com el parc fluvial o la muntanya de Sant Ramon) i cultural (com les Termes Romanes de Sant Boi o la cripta de la Col\u00f2nia G\u00fcell). S\u2019inicia a la zona muse\u00edstica i recorre la llera del riu Llobregat i camins forestals fins al parc de la Muntanyeta. En el tra\u00e7at de l\u2019Anell Verd, o ben a prop tamb\u00e9 es troben els edificis que conformaran la futura xarxa d\u2019equipaments ambientals de la ciutat (com l\u2019ermita de Sant Ramon, Can Pal\u00f3s o Can Juli\u00e0).<\/p>\n<p><a href=\"https:\/\/agora.xtec.cat\/escolacanmassallera\/wp-content\/uploads\/usu39\/2025\/05\/Captura-de-Pantalla-2025-05-14-a-les-16.19.17.png\"><img loading=\"lazy\" decoding=\"async\" class=\"size-full wp-image-8712 aligncenter\" src=\"https:\/\/agora.xtec.cat\/escolacanmassallera\/wp-content\/uploads\/usu39\/2025\/05\/Captura-de-Pantalla-2025-05-14-a-les-16.19.17.png\" alt=\"\" width=\"466\" height=\"551\" srcset=\"https:\/\/agora.xtec.cat\/escolacanmassallera\/wp-content\/uploads\/usu39\/2025\/05\/Captura-de-Pantalla-2025-05-14-a-les-16.19.17.png 466w, https:\/\/agora.xtec.cat\/escolacanmassallera\/wp-content\/uploads\/usu39\/2025\/05\/Captura-de-Pantalla-2025-05-14-a-les-16.19.17-254x300.png 254w\" sizes=\"auto, (max-width: 466px) 100vw, 466px\" \/><\/a><\/p>\n","protected":false},"excerpt":{"rendered":"<p>En l\u2019actualitzaci\u00f3 del Projecte de Direcci\u00f3 2020-2024 de l\u2019escola, ens vam plantejar un objectiu molt important envers l\u2019\u00e0mbit relacional, mitjan\u00e7ant el qual, vol\u00edem afavorir la bona conviv\u00e8ncia a la comunitat educativa. A aquest objectiu li vam dir \u201cEl meu poble com a punt de partida\u201d, i amb ell ens plantegem la planificaci\u00f3 d\u2019accions que fomentin [&hellip;]<\/p>\n","protected":false},"author":1,"featured_media":0,"parent":1755,"menu_order":0,"comment_status":"closed","ping_status":"closed","template":"","meta":{"_bbp_topic_count":0,"_bbp_reply_count":0,"_bbp_total_topic_count":0,"_bbp_total_reply_count":0,"_bbp_voice_count":0,"_bbp_anonymous_reply_count":0,"_bbp_topic_count_hidden":0,"_bbp_reply_count_hidden":0,"_bbp_forum_subforum_count":0,"site-sidebar-layout":"default","site-content-layout":"","ast-site-content-layout":"default","site-content-style":"default","site-sidebar-style":"default","ast-global-header-display":"","ast-banner-title-visibility":"","ast-main-header-display":"","ast-hfb-above-header-display":"","ast-hfb-below-header-display":"","ast-hfb-mobile-header-display":"","site-post-title":"","ast-breadcrumbs-content":"","ast-featured-img":"","footer-sml-layout":"","theme-transparent-header-meta":"default","adv-header-id-meta":"","stick-header-meta":"","header-above-stick-meta":"","header-main-stick-meta":"","header-below-stick-meta":"","astra-migrate-meta-layouts":"set","ast-page-background-enabled":"default","ast-page-background-meta":{"desktop":{"background-color":"var(--ast-global-color-4)","background-image":"","background-repeat":"repeat","background-position":"center center","background-size":"auto","background-attachment":"scroll","background-type":"","background-media":"","overlay-type":"","overlay-color":"","overlay-opacity":"","overlay-gradient":""},"tablet":{"background-color":"","background-image":"","background-repeat":"repeat","background-position":"center center","background-size":"auto","background-attachment":"scroll","background-type":"","background-media":"","overlay-type":"","overlay-color":"","overlay-opacity":"","overlay-gradient":""},"mobile":{"background-color":"","background-image":"","background-repeat":"repeat","background-position":"center center","background-size":"auto","background-attachment":"scroll","background-type":"","background-media":"","overlay-type":"","overlay-color":"","overlay-opacity":"","overlay-gradient":""}},"ast-content-background-meta":{"desktop":{"background-color":"var(--ast-global-color-5)","background-image":"","background-repeat":"repeat","background-position":"center center","background-size":"auto","background-attachment":"scroll","background-type":"","background-media":"","overlay-type":"","overlay-color":"","overlay-opacity":"","overlay-gradient":""},"tablet":{"background-color":"var(--ast-global-color-5)","background-image":"","background-repeat":"repeat","background-position":"center center","background-size":"auto","background-attachment":"scroll","background-type":"","background-media":"","overlay-type":"","overlay-color":"","overlay-opacity":"","overlay-gradient":""},"mobile":{"background-color":"var(--ast-global-color-5)","background-image":"","background-repeat":"repeat","background-position":"center center","background-size":"auto","background-attachment":"scroll","background-type":"","background-media":"","overlay-type":"","overlay-color":"","overlay-opacity":"","overlay-gradient":""}},"footnotes":""},"class_list":["post-1706","page","type-page","status-publish","hentry"],"post_mailing_queue_ids":[],"_links":{"self":[{"href":"https:\/\/agora.xtec.cat\/escolacanmassallera\/wp-json\/wp\/v2\/pages\/1706","targetHints":{"allow":["GET"]}}],"collection":[{"href":"https:\/\/agora.xtec.cat\/escolacanmassallera\/wp-json\/wp\/v2\/pages"}],"about":[{"href":"https:\/\/agora.xtec.cat\/escolacanmassallera\/wp-json\/wp\/v2\/types\/page"}],"author":[{"embeddable":true,"href":"https:\/\/agora.xtec.cat\/escolacanmassallera\/wp-json\/wp\/v2\/users\/1"}],"replies":[{"embeddable":true,"href":"https:\/\/agora.xtec.cat\/escolacanmassallera\/wp-json\/wp\/v2\/comments?post=1706"}],"version-history":[{"count":6,"href":"https:\/\/agora.xtec.cat\/escolacanmassallera\/wp-json\/wp\/v2\/pages\/1706\/revisions"}],"predecessor-version":[{"id":9143,"href":"https:\/\/agora.xtec.cat\/escolacanmassallera\/wp-json\/wp\/v2\/pages\/1706\/revisions\/9143"}],"up":[{"embeddable":true,"href":"https:\/\/agora.xtec.cat\/escolacanmassallera\/wp-json\/wp\/v2\/pages\/1755"}],"wp:attachment":[{"href":"https:\/\/agora.xtec.cat\/escolacanmassallera\/wp-json\/wp\/v2\/media?parent=1706"}],"curies":[{"name":"wp","href":"https:\/\/api.w.org\/{rel}","templated":true}]}}