{"id":1687,"date":"2017-02-10T10:20:08","date_gmt":"2017-02-10T09:20:08","guid":{"rendered":"http:\/\/agora.xtec.cat\/escolacanmassallera\/?page_id=1687"},"modified":"2026-02-24T08:57:31","modified_gmt":"2026-02-24T07:57:31","slug":"racons-de-matematiques","status":"publish","type":"page","link":"https:\/\/agora.xtec.cat\/escolacanmassallera\/projectes-descola\/racons-de-matematiques\/","title":{"rendered":"Innovamat"},"content":{"rendered":"<p class=\"western\" lang=\"ca-ES\"><span style=\"font-family: Arial, sans-serif;\">A partir de 1r de Prim\u00e0ria treballem les matem\u00e0tiques amb Innovamat. Innovamat \u00e9s una proposta educativa per ensenyar i aprendre les <\/span><span style=\"font-family: Arial, sans-serif;\"><b>matem\u00e0tiques d\u2019una manera competencial<\/b><\/span><span style=\"font-family: Arial, sans-serif;\"> a l\u2019aula. Aix\u00ed, impulsa l\u2019<\/span><span style=\"font-family: Arial, sans-serif;\"><b>aprenentatge pr\u00e0ctic i personalitzat de les matem\u00e0tiques<\/b><\/span><span style=\"font-family: Arial, sans-serif;\"> a trav\u00e9s de la manipulaci\u00f3, el descobriment, la comprensi\u00f3 i la conversa a l\u2019aula.<\/span><\/p>\n<p lang=\"ca-ES\"><a href=\"https:\/\/agora.xtec.cat\/escolacanmassallera\/wp-content\/uploads\/usu39\/2026\/02\/Material-innovamt.jpg\"><img loading=\"lazy\" decoding=\"async\" class=\"size-full wp-image-9199 aligncenter\" src=\"https:\/\/agora.xtec.cat\/escolacanmassallera\/wp-content\/uploads\/usu39\/2026\/02\/Material-innovamt.jpg\" alt=\"\" width=\"600\" height=\"310\" srcset=\"https:\/\/agora.xtec.cat\/escolacanmassallera\/wp-content\/uploads\/usu39\/2026\/02\/Material-innovamt.jpg 600w, https:\/\/agora.xtec.cat\/escolacanmassallera\/wp-content\/uploads\/usu39\/2026\/02\/Material-innovamt-300x155.jpg 300w\" sizes=\"auto, (max-width: 600px) 100vw, 600px\" \/><\/a><\/p>\n<p class=\"western\" lang=\"ca-ES\"><span style=\"font-family: Arial, sans-serif;\">Cada setmana es dediquen 3 sessions a la <\/span><span style=\"font-family: Arial, sans-serif;\"><b>construcci\u00f3 de coneixement<\/b><\/span><span style=\"font-family: Arial, sans-serif;\"> (numeraci\u00f3 i c\u00e0lcul, al Laboratori de nombres i, de mesura , geometria, estad\u00edstica i atzar i relacions<\/span><b> <\/b><span style=\"font-family: Arial, sans-serif;\">de canvi, a les Aventures) i 1 sessi\u00f3 a la <\/span><span style=\"font-family: Arial, sans-serif;\"><b>practica digital<\/b><\/span><span style=\"font-family: Arial, sans-serif;\"> (a trav\u00e9s de l\u2019app) del que han treballat al llarg de la setmana. L\u2019App permet una <\/span><span style=\"font-family: Arial, sans-serif;\"><b>aprenentatge personalitzat, adaptat al nivell de cada infant<\/b><\/span><span style=\"font-family: Arial, sans-serif;\"> i amb un seguiment individualitzat.<\/span><\/p>\n<p lang=\"ca-ES\"><img decoding=\"async\" class=\"aligncenter\" src=\"https:\/\/play-lh.googleusercontent.com\/ZghfhoaRMdYAnnUu6zyGbJHHTz3v4nVScNrP-XC_hTijT3SD4DVjbPml34dAsGebtCTDMjVkGY-YB-ouOzMXJA=w526-h296-rw\" alt=\"Atles Matem\u00e0tic - Aplicacions a Google Play\" \/><\/p>\n<p class=\"western\" lang=\"ca-ES\"><span style=\"font-family: Arial, sans-serif;\">En cada sessi\u00f3 es treballa:<\/span><\/p>\n<p class=\"western\" lang=\"ca-ES\"><span style=\"font-family: Arial, sans-serif;\">Una <\/span><span style=\"font-family: Arial, sans-serif;\"><b>din\u00e0mica breu<\/b><\/span><span style=\"font-family: Arial, sans-serif;\"> per recuperar aprenentatges previs<\/span><\/p>\n<p class=\"western\" lang=\"ca-ES\"><span style=\"font-family: Arial, sans-serif;\">S\u00e8rie <\/span><span style=\"font-family: Arial, sans-serif;\"><b>d\u2019activitats<\/b><\/span> <span style=\"font-family: Arial, sans-serif;\"><b>grupals<\/b><\/span><span style=\"font-family: Arial, sans-serif;\"> on exploren els conceptes<\/span><\/p>\n<p class=\"western\" lang=\"ca-ES\"><span style=\"font-family: Arial, sans-serif;\"><b>Quadernet<\/b><\/span><span style=\"font-family: Arial, sans-serif;\"> on s\u2019enfronten de manera <\/span><span style=\"font-family: Arial, sans-serif;\"><b>individual<\/b><\/span><span style=\"font-family: Arial, sans-serif;\"> als aprenentatges constru<\/span><span style=\"font-family: Arial, sans-serif;\">\u00ef<\/span><span style=\"font-family: Arial, sans-serif;\">ts.<\/span><\/p>\n<p><img loading=\"lazy\" decoding=\"async\" class=\"aligncenter\" src=\"https:\/\/santandreu.fedac.cat\/wp-content\/uploads\/2022\/11\/Screenshot-2022-11-23-at-12.54.35-808x1024.png\" alt=\"Innovamat | FEDAC Sant Andreu\" width=\"293\" height=\"372\" \/><\/p>\n","protected":false},"excerpt":{"rendered":"<p>A partir de 1r de Prim\u00e0ria treballem les matem\u00e0tiques amb Innovamat. Innovamat \u00e9s una proposta educativa per ensenyar i aprendre les matem\u00e0tiques d\u2019una manera competencial a l\u2019aula. Aix\u00ed, impulsa l\u2019aprenentatge pr\u00e0ctic i personalitzat de les matem\u00e0tiques a trav\u00e9s de la manipulaci\u00f3, el descobriment, la comprensi\u00f3 i la conversa a l\u2019aula. Cada setmana es dediquen 3 [&hellip;]<\/p>\n","protected":false},"author":1,"featured_media":0,"parent":1755,"menu_order":0,"comment_status":"closed","ping_status":"closed","template":"","meta":{"_bbp_topic_count":0,"_bbp_reply_count":0,"_bbp_total_topic_count":0,"_bbp_total_reply_count":0,"_bbp_voice_count":0,"_bbp_anonymous_reply_count":0,"_bbp_topic_count_hidden":0,"_bbp_reply_count_hidden":0,"_bbp_forum_subforum_count":0,"site-sidebar-layout":"default","site-content-layout":"","ast-site-content-layout":"default","site-content-style":"default","site-sidebar-style":"default","ast-global-header-display":"","ast-banner-title-visibility":"","ast-main-header-display":"","ast-hfb-above-header-display":"","ast-hfb-below-header-display":"","ast-hfb-mobile-header-display":"","site-post-title":"","ast-breadcrumbs-content":"","ast-featured-img":"","footer-sml-layout":"","theme-transparent-header-meta":"default","adv-header-id-meta":"","stick-header-meta":"","header-above-stick-meta":"","header-main-stick-meta":"","header-below-stick-meta":"","astra-migrate-meta-layouts":"set","ast-page-background-enabled":"default","ast-page-background-meta":{"desktop":{"background-color":"var(--ast-global-color-4)","background-image":"","background-repeat":"repeat","background-position":"center center","background-size":"auto","background-attachment":"scroll","background-type":"","background-media":"","overlay-type":"","overlay-color":"","overlay-opacity":"","overlay-gradient":""},"tablet":{"background-color":"","background-image":"","background-repeat":"repeat","background-position":"center center","background-size":"auto","background-attachment":"scroll","background-type":"","background-media":"","overlay-type":"","overlay-color":"","overlay-opacity":"","overlay-gradient":""},"mobile":{"background-color":"","background-image":"","background-repeat":"repeat","background-position":"center center","background-size":"auto","background-attachment":"scroll","background-type":"","background-media":"","overlay-type":"","overlay-color":"","overlay-opacity":"","overlay-gradient":""}},"ast-content-background-meta":{"desktop":{"background-color":"var(--ast-global-color-5)","background-image":"","background-repeat":"repeat","background-position":"center center","background-size":"auto","background-attachment":"scroll","background-type":"","background-media":"","overlay-type":"","overlay-color":"","overlay-opacity":"","overlay-gradient":""},"tablet":{"background-color":"var(--ast-global-color-5)","background-image":"","background-repeat":"repeat","background-position":"center center","background-size":"auto","background-attachment":"scroll","background-type":"","background-media":"","overlay-type":"","overlay-color":"","overlay-opacity":"","overlay-gradient":""},"mobile":{"background-color":"var(--ast-global-color-5)","background-image":"","background-repeat":"repeat","background-position":"center center","background-size":"auto","background-attachment":"scroll","background-type":"","background-media":"","overlay-type":"","overlay-color":"","overlay-opacity":"","overlay-gradient":""}},"footnotes":""},"class_list":["post-1687","page","type-page","status-publish","hentry"],"post_mailing_queue_ids":[],"_links":{"self":[{"href":"https:\/\/agora.xtec.cat\/escolacanmassallera\/wp-json\/wp\/v2\/pages\/1687","targetHints":{"allow":["GET"]}}],"collection":[{"href":"https:\/\/agora.xtec.cat\/escolacanmassallera\/wp-json\/wp\/v2\/pages"}],"about":[{"href":"https:\/\/agora.xtec.cat\/escolacanmassallera\/wp-json\/wp\/v2\/types\/page"}],"author":[{"embeddable":true,"href":"https:\/\/agora.xtec.cat\/escolacanmassallera\/wp-json\/wp\/v2\/users\/1"}],"replies":[{"embeddable":true,"href":"https:\/\/agora.xtec.cat\/escolacanmassallera\/wp-json\/wp\/v2\/comments?post=1687"}],"version-history":[{"count":3,"href":"https:\/\/agora.xtec.cat\/escolacanmassallera\/wp-json\/wp\/v2\/pages\/1687\/revisions"}],"predecessor-version":[{"id":9204,"href":"https:\/\/agora.xtec.cat\/escolacanmassallera\/wp-json\/wp\/v2\/pages\/1687\/revisions\/9204"}],"up":[{"embeddable":true,"href":"https:\/\/agora.xtec.cat\/escolacanmassallera\/wp-json\/wp\/v2\/pages\/1755"}],"wp:attachment":[{"href":"https:\/\/agora.xtec.cat\/escolacanmassallera\/wp-json\/wp\/v2\/media?parent=1687"}],"curies":[{"name":"wp","href":"https:\/\/api.w.org\/{rel}","templated":true}]}}