{"id":1648,"date":"2017-02-04T19:51:30","date_gmt":"2017-02-04T18:51:30","guid":{"rendered":"http:\/\/agora.xtec.cat\/escolacanmassallera\/?page_id=1648"},"modified":"2023-11-28T10:55:02","modified_gmt":"2023-11-28T09:55:02","slug":"normes-dorganitzacio-i-funcionament-del-centre","status":"publish","type":"page","link":"https:\/\/agora.xtec.cat\/escolacanmassallera\/lescola\/trets-dindentitat\/normes-dorganitzacio-i-funcionament-del-centre\/","title":{"rendered":"Normes d&#8217;Organitzaci\u00f3 i Funcionament del Centre"},"content":{"rendered":"<p>Correspon al centre educatiu determinar l&#8217;estructura organitzativa pr\u00f2pia d&#8217;acord amb<br \/>\nels objectius i criteris del projecte educatiu del centre. L&#8217;organitzaci\u00f3 no \u00e9s una finalitat<br \/>\nen si mateixa, sin\u00f3 un instrument per desenvolupar i fer possible el projecte educatiu i,<br \/>\nen \u00faltim terme, assolir l&#8217;\u00e8xit educatiu.<br \/>\nEls centres educatius han d&#8217;elaborar les normes d&#8217;organitzaci\u00f3 i funcionament (NOFC)<br \/>\nd&#8217;acord amb el que estableixen el Decret 102\/2010, d&#8217;autonomia dels centres<br \/>\neducatius, i el Decret 150\/2017, de 17 d&#8217;octubre, de l&#8217;atenci\u00f3 educativa a l&#8217;alumnat en el<br \/>\nmarc d&#8217;un sistema educatiu inclusiu.<br \/>\nLes NOFC han de contenir elements relacionats amb l&#8217;estructura organitzativa del<br \/>\ncentre.<\/p>\n<p><a href=\"https:\/\/drive.google.com\/file\/d\/1GJTA9nd37qQZjF0AGbcy4HRnaiI3piQr\/view?usp=sharing\">Enlla\u00e7 a les NOFC<\/a><\/p>\n","protected":false},"excerpt":{"rendered":"<p>Correspon al centre educatiu determinar l&#8217;estructura organitzativa pr\u00f2pia d&#8217;acord amb els objectius i criteris del projecte educatiu del centre. L&#8217;organitzaci\u00f3 no \u00e9s una finalitat en si mateixa, sin\u00f3 un instrument per desenvolupar i fer possible el projecte educatiu i, en \u00faltim terme, assolir l&#8217;\u00e8xit educatiu. Els centres educatius han d&#8217;elaborar les normes d&#8217;organitzaci\u00f3 i funcionament [&hellip;]<\/p>\n","protected":false},"author":1,"featured_media":0,"parent":1723,"menu_order":6,"comment_status":"closed","ping_status":"closed","template":"page-templates\/side-menu.php","meta":{"_bbp_topic_count":0,"_bbp_reply_count":0,"_bbp_total_topic_count":0,"_bbp_total_reply_count":0,"_bbp_voice_count":0,"_bbp_anonymous_reply_count":0,"_bbp_topic_count_hidden":0,"_bbp_reply_count_hidden":0,"_bbp_forum_subforum_count":0,"site-sidebar-layout":"default","site-content-layout":"","ast-site-content-layout":"","site-content-style":"default","site-sidebar-style":"default","ast-global-header-display":"","ast-banner-title-visibility":"","ast-main-header-display":"","ast-hfb-above-header-display":"","ast-hfb-below-header-display":"","ast-hfb-mobile-header-display":"","site-post-title":"","ast-breadcrumbs-content":"","ast-featured-img":"","footer-sml-layout":"","theme-transparent-header-meta":"","adv-header-id-meta":"","stick-header-meta":"","header-above-stick-meta":"","header-main-stick-meta":"","header-below-stick-meta":"","astra-migrate-meta-layouts":"default","ast-page-background-enabled":"default","ast-page-background-meta":{"desktop":{"background-color":"var(--ast-global-color-4)","background-image":"","background-repeat":"repeat","background-position":"center center","background-size":"auto","background-attachment":"scroll","background-type":"","background-media":"","overlay-type":"","overlay-color":"","overlay-opacity":"","overlay-gradient":""},"tablet":{"background-color":"","background-image":"","background-repeat":"repeat","background-position":"center center","background-size":"auto","background-attachment":"scroll","background-type":"","background-media":"","overlay-type":"","overlay-color":"","overlay-opacity":"","overlay-gradient":""},"mobile":{"background-color":"","background-image":"","background-repeat":"repeat","background-position":"center center","background-size":"auto","background-attachment":"scroll","background-type":"","background-media":"","overlay-type":"","overlay-color":"","overlay-opacity":"","overlay-gradient":""}},"ast-content-background-meta":{"desktop":{"background-color":"var(--ast-global-color-5)","background-image":"","background-repeat":"repeat","background-position":"center center","background-size":"auto","background-attachment":"scroll","background-type":"","background-media":"","overlay-type":"","overlay-color":"","overlay-opacity":"","overlay-gradient":""},"tablet":{"background-color":"var(--ast-global-color-5)","background-image":"","background-repeat":"repeat","background-position":"center center","background-size":"auto","background-attachment":"scroll","background-type":"","background-media":"","overlay-type":"","overlay-color":"","overlay-opacity":"","overlay-gradient":""},"mobile":{"background-color":"var(--ast-global-color-5)","background-image":"","background-repeat":"repeat","background-position":"center center","background-size":"auto","background-attachment":"scroll","background-type":"","background-media":"","overlay-type":"","overlay-color":"","overlay-opacity":"","overlay-gradient":""}},"footnotes":""},"class_list":["post-1648","page","type-page","status-publish","hentry"],"post_mailing_queue_ids":[],"_links":{"self":[{"href":"https:\/\/agora.xtec.cat\/escolacanmassallera\/wp-json\/wp\/v2\/pages\/1648","targetHints":{"allow":["GET"]}}],"collection":[{"href":"https:\/\/agora.xtec.cat\/escolacanmassallera\/wp-json\/wp\/v2\/pages"}],"about":[{"href":"https:\/\/agora.xtec.cat\/escolacanmassallera\/wp-json\/wp\/v2\/types\/page"}],"author":[{"embeddable":true,"href":"https:\/\/agora.xtec.cat\/escolacanmassallera\/wp-json\/wp\/v2\/users\/1"}],"replies":[{"embeddable":true,"href":"https:\/\/agora.xtec.cat\/escolacanmassallera\/wp-json\/wp\/v2\/comments?post=1648"}],"version-history":[{"count":4,"href":"https:\/\/agora.xtec.cat\/escolacanmassallera\/wp-json\/wp\/v2\/pages\/1648\/revisions"}],"predecessor-version":[{"id":7898,"href":"https:\/\/agora.xtec.cat\/escolacanmassallera\/wp-json\/wp\/v2\/pages\/1648\/revisions\/7898"}],"up":[{"embeddable":true,"href":"https:\/\/agora.xtec.cat\/escolacanmassallera\/wp-json\/wp\/v2\/pages\/1723"}],"wp:attachment":[{"href":"https:\/\/agora.xtec.cat\/escolacanmassallera\/wp-json\/wp\/v2\/media?parent=1648"}],"curies":[{"name":"wp","href":"https:\/\/api.w.org\/{rel}","templated":true}]}}