{"id":1621,"date":"2017-01-27T11:53:39","date_gmt":"2017-01-27T10:53:39","guid":{"rendered":"http:\/\/agora.xtec.cat\/escolacanmassallera\/?page_id=1621"},"modified":"2023-11-29T09:26:30","modified_gmt":"2023-11-29T08:26:30","slug":"projecte-educatiu-de-centre","status":"publish","type":"page","link":"https:\/\/agora.xtec.cat\/escolacanmassallera\/lescola\/trets-dindentitat\/projecte-educatiu-de-centre\/","title":{"rendered":"Projecte Educatiu de Centre"},"content":{"rendered":"<p>El projecte educatiu de centre (PEC) \u00e9s un document que inclou els trets d&#8217;identitat del centre, els principis pedag\u00f2gics, els principis organitzatius i el projecte ling\u00fc\u00edstic.<\/p>\n<p>En aquest document s&#8217;especifiquen els valors, els objectius i les prioritats d&#8217;actuaci\u00f3 del centre, la concreci\u00f3 dels curr\u00edculums que s&#8217;imparteixen i el tractament transversal en les \u00e0rees, mat\u00e8ries o m\u00f2duls de l&#8217;educaci\u00f3 en valors i altres ensenyaments.<\/p>\n<p>En els centres p\u00fablics, el PEC l&#8217;elabora el claustre, a iniciativa del director.<\/p>\n<p>Els centres p\u00fablics i els centres privats concertats han de disposar de projecte educatiu, d&#8217;acord amb el que estableix la Llei 12\/2009, del 10 de juliol, d&#8217;educaci\u00f3.\u00a0Es pot consultar al web de cada centre educatiu.<\/p>\n<p>El Projecte Educatiu de Centre de l&#8217;escola Can Massallera es va aprovar el 27\/04\/2006.<\/p>\n<p style=\"text-align: justify;\">L\u2019Escola Can Massallera \u00e9s una escola p\u00fablica del\u00a0 Departament d\u2019Educaci\u00f3 de la Generalitat de Catalunya d\u2019una l\u00ednia educativa, on s\u2019imparteixen\u00a0 les etapes educatives d\u2019Infantil i Prim\u00e0ria. \u00c9s una <strong>escola familiar<\/strong>, 221 alumnes, amb una\u00a0 plantilla docent de 16 mestres i la participaci\u00f3 dels diferents agents de la comunitat educativa;\u00a0 una <strong>escola de barri<\/strong> que fomenta la xarxa i la interacci\u00f3 amb les diferents entitats, serveis i\u00a0 equipaments de la ciutat. D\u2019altra banda, \u00e9s una <strong>escola inclusiva<\/strong>, ja que parteix de la\u00a0 individualitat de cada infant, considera l\u2019individu en el seu conjunt de capacitats i potencialitats i\u00a0 d\u00f3na resposta a tota la diversitat. En tot moment es t\u00e9 com a refer\u00e8ncia el disseny universal\u00a0 d\u2019aprenentatge (DUA) per afavorir la <strong>igualtat d\u2019oportunitats<\/strong>, creant entorns flexibles i\u00a0 proporcionant els suports necessaris per a reduir les barreres.<\/p>\n<p style=\"text-align: justify;\">Es fomenta la transmissi\u00f3 i la consolidaci\u00f3 dels <strong>valors<\/strong> propis d\u2019una <strong>societat democr\u00e0tica<\/strong>, el\u00a0 respecte i la preservaci\u00f3 del <strong>medi ambient<\/strong>, i el coneixement de la vila de Sant Boi en totes les seves vessants, a m\u00e9s d\u2019afavorir <strong>l\u2019educaci\u00f3 m\u00e9s enll\u00e0 de l\u2019escola<\/strong> i\u00a0 l\u2019educaci\u00f3 al llarg de la <strong>vida<\/strong>.<\/p>\n<p style=\"text-align: justify;\">La <strong>fam\u00edlia i l\u2019escola<\/strong> formen part d\u2019aquest entorn i hem de tenir un paper acollidor i estimulador,\u00a0incentivant la cooperaci\u00f3, per tal de garantir la continu\u00eftat educativa entre el centre i la fam\u00edlia.\u00a0Perqu\u00e8 aix\u00f2 sigui possible, el centre estableix <strong>mecanismes de participaci\u00f3 i col\u00b7laboraci\u00f3<\/strong> necessaris que permetin informar a les fam\u00edlies sobre el seguiment i evoluci\u00f3 educativa de\u00a0l\u2019alumnat, i compartir criteris d\u2019intervenci\u00f3 educativa, per afavorir la participaci\u00f3 en el proc\u00e9s educatiu dels seus fills i filles.<\/p>\n<p style=\"text-align: justify;\">La missi\u00f3 fonamental del nostre PEC \u00e9s :<\/p>\n<ul>\n<li style=\"text-align: justify;\">Definir una l\u00ednia comuna d\u2019actuaci\u00f3 que orienti l\u2019activitat individual del professorat per aconseguir la coher\u00e8ncia necess\u00e0ria de l\u2019acci\u00f3 educativa en qu\u00e8 l\u2019alumnat participar\u00e0 al llarg del per\u00edode d\u2019escolaritat en la mateixa escola.<\/li>\n<li style=\"text-align: justify;\">Donar publicitat a la Comunitat Educativa de les l\u00ednies priorit\u00e0ries d\u2019actuaci\u00f3 del\u00a0col\u00b7lectiu escolar.<\/li>\n<\/ul>\n<p><a href=\"https:\/\/drive.google.com\/file\/d\/0BxaUGgtsGJyDTWcwQWtWNlZLcGM\/view?usp=drive_link&amp;resourcekey=0-a5WbZuaKdbh5QNVlei9hbg\">Acc\u00e9s al Projecte Educatiu de Centre<\/a><\/p>\n","protected":false},"excerpt":{"rendered":"<p>El projecte educatiu de centre (PEC) \u00e9s un document que inclou els trets d&#8217;identitat del centre, els principis pedag\u00f2gics, els principis organitzatius i el projecte ling\u00fc\u00edstic. En aquest document s&#8217;especifiquen els valors, els objectius i les prioritats d&#8217;actuaci\u00f3 del centre, la concreci\u00f3 dels curr\u00edculums que s&#8217;imparteixen i el tractament transversal en les \u00e0rees, mat\u00e8ries o [&hellip;]<\/p>\n","protected":false},"author":1,"featured_media":0,"parent":1723,"menu_order":0,"comment_status":"closed","ping_status":"closed","template":"page-templates\/side-menu.php","meta":{"_bbp_topic_count":0,"_bbp_reply_count":0,"_bbp_total_topic_count":0,"_bbp_total_reply_count":0,"_bbp_voice_count":0,"_bbp_anonymous_reply_count":0,"_bbp_topic_count_hidden":0,"_bbp_reply_count_hidden":0,"_bbp_forum_subforum_count":0,"site-sidebar-layout":"default","site-content-layout":"","ast-site-content-layout":"","site-content-style":"default","site-sidebar-style":"default","ast-global-header-display":"","ast-banner-title-visibility":"","ast-main-header-display":"","ast-hfb-above-header-display":"","ast-hfb-below-header-display":"","ast-hfb-mobile-header-display":"","site-post-title":"","ast-breadcrumbs-content":"","ast-featured-img":"","footer-sml-layout":"","theme-transparent-header-meta":"","adv-header-id-meta":"","stick-header-meta":"","header-above-stick-meta":"","header-main-stick-meta":"","header-below-stick-meta":"","astra-migrate-meta-layouts":"default","ast-page-background-enabled":"default","ast-page-background-meta":{"desktop":{"background-color":"var(--ast-global-color-4)","background-image":"","background-repeat":"repeat","background-position":"center center","background-size":"auto","background-attachment":"scroll","background-type":"","background-media":"","overlay-type":"","overlay-color":"","overlay-opacity":"","overlay-gradient":""},"tablet":{"background-color":"","background-image":"","background-repeat":"repeat","background-position":"center center","background-size":"auto","background-attachment":"scroll","background-type":"","background-media":"","overlay-type":"","overlay-color":"","overlay-opacity":"","overlay-gradient":""},"mobile":{"background-color":"","background-image":"","background-repeat":"repeat","background-position":"center center","background-size":"auto","background-attachment":"scroll","background-type":"","background-media":"","overlay-type":"","overlay-color":"","overlay-opacity":"","overlay-gradient":""}},"ast-content-background-meta":{"desktop":{"background-color":"var(--ast-global-color-5)","background-image":"","background-repeat":"repeat","background-position":"center center","background-size":"auto","background-attachment":"scroll","background-type":"","background-media":"","overlay-type":"","overlay-color":"","overlay-opacity":"","overlay-gradient":""},"tablet":{"background-color":"var(--ast-global-color-5)","background-image":"","background-repeat":"repeat","background-position":"center center","background-size":"auto","background-attachment":"scroll","background-type":"","background-media":"","overlay-type":"","overlay-color":"","overlay-opacity":"","overlay-gradient":""},"mobile":{"background-color":"var(--ast-global-color-5)","background-image":"","background-repeat":"repeat","background-position":"center center","background-size":"auto","background-attachment":"scroll","background-type":"","background-media":"","overlay-type":"","overlay-color":"","overlay-opacity":"","overlay-gradient":""}},"footnotes":""},"class_list":["post-1621","page","type-page","status-publish","hentry"],"post_mailing_queue_ids":[],"_links":{"self":[{"href":"https:\/\/agora.xtec.cat\/escolacanmassallera\/wp-json\/wp\/v2\/pages\/1621","targetHints":{"allow":["GET"]}}],"collection":[{"href":"https:\/\/agora.xtec.cat\/escolacanmassallera\/wp-json\/wp\/v2\/pages"}],"about":[{"href":"https:\/\/agora.xtec.cat\/escolacanmassallera\/wp-json\/wp\/v2\/types\/page"}],"author":[{"embeddable":true,"href":"https:\/\/agora.xtec.cat\/escolacanmassallera\/wp-json\/wp\/v2\/users\/1"}],"replies":[{"embeddable":true,"href":"https:\/\/agora.xtec.cat\/escolacanmassallera\/wp-json\/wp\/v2\/comments?post=1621"}],"version-history":[{"count":7,"href":"https:\/\/agora.xtec.cat\/escolacanmassallera\/wp-json\/wp\/v2\/pages\/1621\/revisions"}],"predecessor-version":[{"id":7906,"href":"https:\/\/agora.xtec.cat\/escolacanmassallera\/wp-json\/wp\/v2\/pages\/1621\/revisions\/7906"}],"up":[{"embeddable":true,"href":"https:\/\/agora.xtec.cat\/escolacanmassallera\/wp-json\/wp\/v2\/pages\/1723"}],"wp:attachment":[{"href":"https:\/\/agora.xtec.cat\/escolacanmassallera\/wp-json\/wp\/v2\/media?parent=1621"}],"curies":[{"name":"wp","href":"https:\/\/api.w.org\/{rel}","templated":true}]}}