{"id":64,"date":"2014-09-18T12:39:08","date_gmt":"2014-09-18T11:39:08","guid":{"rendered":"http:\/\/agora.xtec.cat\/escolacanllobet\/?page_id=64"},"modified":"2025-03-04T10:25:53","modified_gmt":"2025-03-04T09:25:53","slug":"projecte-educatiu","status":"publish","type":"page","link":"https:\/\/agora.xtec.cat\/escolacanllobet\/projecte-educatiu\/","title":{"rendered":"Projecte educatiu"},"content":{"rendered":"<p>Escola p\u00fablica i, com a tal, laica i aconfessional, oberta i plural en la qual ning\u00fa pot esser discriminat per cap ra\u00f3. Es fomenta especialment el respecte i la toler\u00e0ncia i la cooperaci\u00f3 entre iguals.<\/p>\n<p>L\u2019escola vol promoure el desenvolupament personal, emocional, afectiu i relacional de cada alumne, perqu\u00e8 tots puguin aprofitar les oportunitats que ofereix la nostra societat, perqu\u00e8 puguin accedir en les millors condicions possibles als posteriors processos de formaci\u00f3 i perqu\u00e8, en el seu moment, puguin exercir com a ciutadans i ciutadanes de ple dret.<\/p>\n<p>Aqu\u00ed teniu les presentacions del projecte educatiu a les portes obertes 2025:<\/p>\n<p>&nbsp;<br \/>\n<iframe loading=\"lazy\" src=\"https:\/\/drive.google.com\/file\/d\/1ng67iRd6aI4U7qVVDeYNQThgwgSfgIEG\/preview\" width=\"640\" height=\"480\" allow=\"autoplay\"><\/iframe><\/p>\n<p><iframe loading=\"lazy\" src=\"https:\/\/drive.google.com\/file\/d\/1-TNVoblEmRA75vL8fTUGEhe81MwGcxtt\/preview\" width=\"640\" height=\"480\" allow=\"autoplay\"><\/iframe><\/p>\n","protected":false},"excerpt":{"rendered":"<p>Escola p\u00fablica i, com a tal, laica i aconfessional, oberta i plural en la qual ning\u00fa pot esser discriminat per cap ra\u00f3. Es fomenta especialment el respecte i la toler\u00e0ncia i la cooperaci\u00f3 entre iguals.<br \/>\nL\u2019escola vol promoure el desenvolupament personal, emocional, afectiu i relacional de&hellip;  <a href=\"https:\/\/agora.xtec.cat\/escolacanllobet\/projecte-educatiu\/\" title=\"Read Projecte educatiu\">Llegeix m\u00e9s\u00bb<\/a><\/p>\n","protected":false},"author":1,"featured_media":0,"parent":0,"menu_order":0,"comment_status":"closed","ping_status":"closed","template":"page-templates\/side-menu.php","meta":{"_bbp_topic_count":0,"_bbp_reply_count":0,"_bbp_total_topic_count":0,"_bbp_total_reply_count":0,"_bbp_voice_count":0,"_bbp_anonymous_reply_count":0,"_bbp_topic_count_hidden":0,"_bbp_reply_count_hidden":0,"_bbp_forum_subforum_count":0,"footnotes":""},"class_list":["post-64","page","type-page","status-publish","hentry"],"post_mailing_queue_ids":[],"_links":{"self":[{"href":"https:\/\/agora.xtec.cat\/escolacanllobet\/wp-json\/wp\/v2\/pages\/64","targetHints":{"allow":["GET"]}}],"collection":[{"href":"https:\/\/agora.xtec.cat\/escolacanllobet\/wp-json\/wp\/v2\/pages"}],"about":[{"href":"https:\/\/agora.xtec.cat\/escolacanllobet\/wp-json\/wp\/v2\/types\/page"}],"author":[{"embeddable":true,"href":"https:\/\/agora.xtec.cat\/escolacanllobet\/wp-json\/wp\/v2\/users\/1"}],"replies":[{"embeddable":true,"href":"https:\/\/agora.xtec.cat\/escolacanllobet\/wp-json\/wp\/v2\/comments?post=64"}],"version-history":[{"count":4,"href":"https:\/\/agora.xtec.cat\/escolacanllobet\/wp-json\/wp\/v2\/pages\/64\/revisions"}],"predecessor-version":[{"id":24505,"href":"https:\/\/agora.xtec.cat\/escolacanllobet\/wp-json\/wp\/v2\/pages\/64\/revisions\/24505"}],"wp:attachment":[{"href":"https:\/\/agora.xtec.cat\/escolacanllobet\/wp-json\/wp\/v2\/media?parent=64"}],"curies":[{"name":"wp","href":"https:\/\/api.w.org\/{rel}","templated":true}]}}