{"id":495,"date":"2018-01-22T13:16:43","date_gmt":"2018-01-22T12:16:43","guid":{"rendered":"http:\/\/agora.xtec.cat\/escolacanllobet\/?page_id=495"},"modified":"2018-01-25T13:53:06","modified_gmt":"2018-01-25T12:53:06","slug":"educacio-primaria","status":"publish","type":"page","link":"https:\/\/agora.xtec.cat\/escolacanllobet\/projecte-educatiu\/educacio-primaria\/","title":{"rendered":"Educaci\u00f3 Prim\u00e0ria"},"content":{"rendered":"<p><strong><em>Llengua Catalana i Castellana:<\/em><\/strong><\/p>\n<p>Tot l\u2019alumnat de la nostra escola realitza \u201cmitja hora de lectura di\u00e0ria\u201d. Treballem tres grans blocs, lectura expressiva, comprensi\u00f3 lectora i gust per la lectura. Tot aix\u00f2 d\u2019una forma molt l\u00fadica i entretinguda per a fomentar l\u2019h\u00e0bit lector.<\/p>\n<p>Setmanalment tenim assignat un desdoblament per realitzar activitats d\u2019expressi\u00f3 escrita i un altre d\u2019expressi\u00f3 oral, on treballem les diferents tipologies textuals.<\/p>\n<p>Duem a terme l\u2019apadrinament lector per a fomentar l\u2019h\u00e0bit lector i la relaci\u00f3 entre iguals, l\u2019organitzem de la seg\u00fcent manera:<\/p>\n<p>Alumnes de 5\u00e8 amb els alumnes de 1r i els de 6\u00e8 amb els de 2n. Els padrins acompanyen als seus fillols en l\u2019adquisici\u00f3 del proc\u00e9s lector.<\/p>\n<p><strong><em>Llengua estrangera. Angl\u00e8s:<\/em><\/strong><\/p>\n<p>Tots els grups treballen la llengua anglesa aprofitant desdoblaments per atendre la diversitat i poder assolir un nivell adequat en expressi\u00f3 oral. A partir de 3r fan mitj\u00e0 hora de lectura en angl\u00e8s.<\/p>\n<p><strong><em>Matem\u00e0tiques:<\/em><\/strong><\/p>\n<p>Tots els alumnes treballen l\u2019\u00e0rea realitzant sessions de treball sistem\u00e0tic ( resoluci\u00f3 de problemes, c\u00e0lcul mental,\u2026) i un cop a la setmana es treballa en racons on els alumnes poden posar en pr\u00e0ctica els conceptes treballats.<\/p>\n<p><strong><em>Coneixement del medi natural i social i cultural:<\/em><\/strong><\/p>\n<p>Treballem l\u2019\u00e0rea del coneixement del medi natural i social a trav\u00e9s de l\u2019elaboraci\u00f3 d\u2019hip\u00f2tesis, experimentant \u00a0i aprenent a trav\u00e9s de projectes.<\/p>\n<p><strong><em>Educaci\u00f3 Art\u00edstica. M\u00fasica i Educaci\u00f3 Visual i Pl\u00e0stica:<\/em><\/strong><\/p>\n<p>S\u2019imparteixen classes d\u2019educaci\u00f3 musical des de P4 fins a 6\u00e8. La nostra escola participa en projectes com danses a la pla\u00e7a de la Vila (3r) i Cant\u00e0nia (5\u00e8).<\/p>\n<p>Als voltants de Nadal, es realitza el festival de Nadal al TMC de Barber\u00e0, on totes les fam\u00edlies esteu convidades.<\/p>\n<p><strong><em>Educaci\u00f3 F\u00edsica:<\/em><\/strong><\/p>\n<p>S\u2019imparteixen classes d\u2019educaci\u00f3 f\u00edsica des de 1r fins a 6\u00e8, participant en totes aquelles activitats esportives que organitza l\u2019Ajuntament de Barber\u00e0 per compartir jocs i esports amb altres escoles de la ciutat. A 4t Jocs esportius i a 6\u00e8 les Jornades Atl\u00e8tiques.<\/p>\n<p>L\u2019alumnat de 3r participa en l\u2019activitat de piscina tots els divendres al mat\u00ed.<\/p>\n<p><strong>Treballem amb les TAC:<\/strong><\/p>\n<p>L\u2019inform\u00e0tica \u00e9s una eina imprescindible en qualsevol aprenentatge que s\u2019integra en els continguts. L\u2019escola disposa de dispositius digitals a la majoria d\u2019elles.<\/p>\n<p>Cada nivell disposa d\u2019un bloc on es recullen de les diferents pr\u00e0ctiques educatives que es realitzen.<\/p>\n<p><strong><em>Altres maneres d\u2019aprendre:<\/em><\/strong><\/p>\n<p>L\u2019alumnat de P5, 2n i 4t realitzen col\u00f2nies intercicles, on es fomenta la relaci\u00f3 dels alumnes de diferents edats.<br \/>\nDurant tot el curs realitzem sortides pedag\u00f2giques a fi de complementar els temes treballats a l\u2019aula.<\/p>\n<p>A la nostra escola mengem m\u00e9s fruita: l\u2019escola participa en el\u00a0programa, intentant impulsar uns bons h\u00e0bits d\u2019alimentaci\u00f3 saludables en conveni amb el Departament d\u2019Agricultura de la Generalitat de Catalunya.<\/p>\n<p>Des de fa tres cursos a l\u2019escola\u00a0participem a projectes d\u2019innovaci\u00f3 pedag\u00f2gica: Pla d\u2019impuls a la lectura.<\/p>\n<p>SEP, el suport educatiu personalitzat, es dur a terme en els tallers de llengua i matem\u00e0tiques, per realitzar aquests tallers comptem amb dues persones a l\u2019aula.<\/p>\n<p>Es duen a terme el Concert de Nadal al TMC de la ciutat (on totes les fam\u00edlies esteu convidades), carnestoltes (festa oberta a les fam\u00edlies), Jornades Culturals, Sant Jordi (Jocs Florals, festa oberta a les fam\u00edlies), festa fi de curs\u2026<\/p>\n<p>&nbsp;<\/p>\n","protected":false},"excerpt":{"rendered":"<p>Llengua Catalana i Castellana:<br \/>\nTot l\u2019alumnat de la nostra escola realitza \u201cmitja hora de lectura di\u00e0ria\u201d. Treballem tres grans blocs, lectura expressiva, comprensi\u00f3 lectora i gust per la lectura. Tot aix\u00f2 d\u2019una forma molt l\u00fadica i entretinguda per a fomentar l\u2019h\u00e0bit lector.<br \/>\nSetmanalment tenim assignat un desdoblament&hellip;  <a href=\"https:\/\/agora.xtec.cat\/escolacanllobet\/projecte-educatiu\/educacio-primaria\/\" title=\"Read Educaci\u00f3 Prim\u00e0ria\">Llegeix m\u00e9s\u00bb<\/a><\/p>\n","protected":false},"author":1,"featured_media":0,"parent":64,"menu_order":2,"comment_status":"closed","ping_status":"closed","template":"page-templates\/side-menu.php","meta":{"_bbp_topic_count":0,"_bbp_reply_count":0,"_bbp_total_topic_count":0,"_bbp_total_reply_count":0,"_bbp_voice_count":0,"_bbp_anonymous_reply_count":0,"_bbp_topic_count_hidden":0,"_bbp_reply_count_hidden":0,"_bbp_forum_subforum_count":0,"footnotes":""},"class_list":["post-495","page","type-page","status-publish","hentry"],"post_mailing_queue_ids":[],"_links":{"self":[{"href":"https:\/\/agora.xtec.cat\/escolacanllobet\/wp-json\/wp\/v2\/pages\/495","targetHints":{"allow":["GET"]}}],"collection":[{"href":"https:\/\/agora.xtec.cat\/escolacanllobet\/wp-json\/wp\/v2\/pages"}],"about":[{"href":"https:\/\/agora.xtec.cat\/escolacanllobet\/wp-json\/wp\/v2\/types\/page"}],"author":[{"embeddable":true,"href":"https:\/\/agora.xtec.cat\/escolacanllobet\/wp-json\/wp\/v2\/users\/1"}],"replies":[{"embeddable":true,"href":"https:\/\/agora.xtec.cat\/escolacanllobet\/wp-json\/wp\/v2\/comments?post=495"}],"version-history":[{"count":2,"href":"https:\/\/agora.xtec.cat\/escolacanllobet\/wp-json\/wp\/v2\/pages\/495\/revisions"}],"predecessor-version":[{"id":506,"href":"https:\/\/agora.xtec.cat\/escolacanllobet\/wp-json\/wp\/v2\/pages\/495\/revisions\/506"}],"up":[{"embeddable":true,"href":"https:\/\/agora.xtec.cat\/escolacanllobet\/wp-json\/wp\/v2\/pages\/64"}],"wp:attachment":[{"href":"https:\/\/agora.xtec.cat\/escolacanllobet\/wp-json\/wp\/v2\/media?parent=495"}],"curies":[{"name":"wp","href":"https:\/\/api.w.org\/{rel}","templated":true}]}}