{"id":38,"date":"2014-09-18T12:34:08","date_gmt":"2014-09-18T10:34:08","guid":{"rendered":"http:\/\/agora.xtec.cat\/escolacanllobet\/?page_id=38"},"modified":"2025-12-18T15:12:44","modified_gmt":"2025-12-18T14:12:44","slug":"equipprofessional","status":"publish","type":"page","link":"https:\/\/agora.xtec.cat\/escolacanllobet\/projecte-educatiu\/equipprofessional\/","title":{"rendered":"Equip Professional"},"content":{"rendered":"<p><a href=\"https:\/\/agora.xtec.cat\/escolacanllobet\/wp-content\/uploads\/usu1736\/2022\/02\/equip.jpg\"><img loading=\"lazy\" decoding=\"async\" class=\"alignnone wp-image-21982\" src=\"https:\/\/agora.xtec.cat\/escolacanllobet\/wp-content\/uploads\/usu1736\/2022\/02\/equip-300x238.jpg\" alt=\"\" width=\"235\" height=\"187\" srcset=\"https:\/\/agora.xtec.cat\/escolacanllobet\/wp-content\/uploads\/usu1736\/2022\/02\/equip-300x238.jpg 300w, https:\/\/agora.xtec.cat\/escolacanllobet\/wp-content\/uploads\/usu1736\/2022\/02\/equip.jpg 478w\" sizes=\"auto, (max-width: 235px) 100vw, 235px\" \/><\/a><\/p>\n<p>L\u2019equip de docents de l\u2019Institut Escola per al curs 25-26 \u00e9s el seg\u00fcent:<\/p>\n<h3>EQUIP DIRECTIU<\/h3>\n<ul>\n<li><strong>Directora:<\/strong> Anna Testagorda Fern\u00e1ndez<\/li>\n<li><strong>Cap d\u2019estudis de prim\u00e0ria:<\/strong> Esther Moreno Valls<\/li>\n<li><strong>Coordinadora pedag\u00f2gica de prim\u00e0ria:<\/strong> Maria Alcalde Doblas<\/li>\n<li><strong>Cap d&#8217;estudis de secund\u00e0ria:<\/strong> Alba Blanco Hern\u00e1ndez<\/li>\n<li><strong>Coordinador Pedag\u00f2gic de Secund\u00e0ria:<\/strong> David Madue\u00f1o Ranchal<\/li>\n<li><span style=\"font-family: inherit; font-size: 1em;\"><strong>Secret\u00e0ria:<\/strong> Elena Izquierdo Robledo<\/span><\/li>\n<\/ul>\n<h3>MESTRES REFERENTS A INFANTIL<\/h3>\n<ul>\n<li><strong>I3 A: <\/strong>Lorena Comino Mar\u00edn \/ Jessica Lanzas Ponce<\/li>\n<li><strong>I3 B:<\/strong> Susana Pat\u00f3n Pardos<\/li>\n<li><strong>I4 A: <\/strong>Jennifer del R\u00edo Ruiz<\/li>\n<li><strong>I4 B:<\/strong> Ester Salamero Navarro \/ Sandra Colell Olivares<\/li>\n<li><strong>I5 A: <\/strong>Neus Ferrer Albero<\/li>\n<li><strong>I5 B:<\/strong> Irene Rubio Al\u00f2s<\/li>\n<li><strong>TEI:<\/strong> Jose Lu\u00eds Villal\u00f3n Ruiz<\/li>\n<li><strong>Refor\u00e7:<\/strong> M. Jos\u00e9 Mora Gonz\u00e1lez<\/li>\n<\/ul>\n<h3>MESTRES REFERENTS A PRIM\u00c0RIA<\/h3>\n<ul>\n<li><strong>1r A:<\/strong> Cristina Mart\u00ednez \u00c1lamo<\/li>\n<li><strong>1r B: <\/strong>Mari Creu Navarro Molina \/ Ainhoa Guti\u00e9rrez P\u00e1ez<\/li>\n<li><strong>2n A:<\/strong> Montse Fern\u00e1ndez G\u00e1lvez<\/li>\n<li><strong>2n B: <\/strong>Gina G\u00f3mez Mu\u00f1oz \/ Arlene Tovisco Jan\u00e9<\/li>\n<li><strong>3r A:<\/strong> Maria Mu\u00f1oz Mu\u00f1oz<\/li>\n<li><strong>3r B:<\/strong> Inma Sol\u00e9 Mart\u00ednez<\/li>\n<li><strong>4t A:<\/strong> M\u00f3nica Valledor Gavela<\/li>\n<li><strong> 4t B:<\/strong> Mar Clavero Mor\u00e9s \/ Adri\u00e1n Morente Garcia<\/li>\n<li><strong>5\u00e8 A:<\/strong> Nacho Mu\u00f1oz Sanz<\/li>\n<li><strong>5\u00e8 B:<\/strong> Delia Reyes Vallejo<\/li>\n<li><strong>6\u00e8 A:<\/strong> L\u00eddia S\u00e1nchez Saborido\/ Andr\u00e9s Serrano Viso<\/li>\n<li><strong>6\u00e8 B:<\/strong> Maria Villalvilla Vidal<\/li>\n<li><strong>Refor\u00e7os CM i Projectes globalitzats:<\/strong> Montse Linares Campillo<\/li>\n<li><strong>Refor\u00e7os CI i Projectes globalitzats:<\/strong> Noe Nouh Berbel El Felk<\/li>\n<\/ul>\n<h3>PROFESSORS DE SECUND\u00c0RIA<\/h3>\n<h4>Referents de cada grup:<\/h4>\n<ul>\n<li><strong>1r ESO A:<\/strong> <span style=\"font-family: inherit; font-size: 1em;\">Arnau Cort\u00e9s Palacios\u00a0<\/span><\/li>\n<li><strong>1r ESO B:<\/strong> V\u00edctor Mart\u00ednez Esc\u00e1mez<\/li>\n<li><strong>1r ESO C:<\/strong> Aniol Dav\u00ed Beato<\/li>\n<li><strong>2n ESO A:<\/strong> Cristina Vargas Villagrasa<\/li>\n<li><strong>2n ESO B:<\/strong> David L\u00f3pez Llop<\/li>\n<li><span style=\"font-family: inherit; font-size: 1em;\"><strong>3r ESO A:<\/strong> Ferran Bermejo Temporal<\/span><\/li>\n<li><span style=\"font-family: inherit; font-size: 1em;\"><strong>3r ESO B:<\/strong> Jordi Ferreras Jerez<\/span><\/li>\n<li><strong>4t ESO A: <\/strong>David Garcia Sol\u00e0<\/li>\n<li><strong>4t ESO B:<\/strong> Ana Bel\u00e9n S\u00e1nchez Baeza<\/li>\n<li><strong style=\"font-family: inherit; font-size: 1em;\">4t ESO C:<\/strong><span style=\"font-family: inherit; font-size: 1em;\"> Paco Ortiz Ballester<\/span><\/li>\n<\/ul>\n<h4>\u00c0rees:<\/h4>\n<ul>\n<li><strong>BIOLOGIA:<\/strong> Ferran Bermejo Temporal i Arnau Cort\u00e9s Palacios<\/li>\n<li><strong>MATEM\u00c0TIQUES:<\/strong> David Madue\u00f1o Ranchal, David L\u00f3pez Llop, Esther Roig Poyato i Marc Luque Moncayo<\/li>\n<li><strong>F\u00cdSICA I QU\u00cdMICA:<\/strong> Virg\u00ednia Gonz\u00e1lez Ortiz<\/li>\n<li><strong>TECNOLOGIA:<\/strong> Ricardo B\u00e1rcena Saludes i Maribel Fern\u00e1ndez Le\u00f3n<\/li>\n<li><strong>GEOGRAFIA I HIST\u00d2RIA:<\/strong> David Garc\u00eda Sol\u00e0, Jordi Ferreras Jerez i Aniol Dav\u00ed Beato<\/li>\n<li><strong>LLENGUA CATALANA I LITERATURA:<\/strong> Ana Lagunas Aguado i Paco Ortiz Ballester<\/li>\n<li><strong>LLENGUA CASTELLANA I LITERATURA:<\/strong> Cristina Vargas Villagrasa i Ana Bel\u00e9n S\u00e1nchez Baeza<\/li>\n<li><strong>FRANC\u00c8S:<\/strong> Alejandro de la Rosa Rosado<\/li>\n<li><strong>EDUCACI\u00d3 F\u00cdSICA:<\/strong> Ib\u00e1n Navarro S\u00e1nchez i Javier Huertas Mateu<\/li>\n<li><strong>DIBUIX:<\/strong> V\u00edctor Mart\u00ednez Esc\u00e1mez<\/li>\n<li><strong>M\u00daSICA:<\/strong> Miquel \u00c0ngel Mateu Perales<\/li>\n<li><strong>AULA D&#8217;ACOLLIDA: <\/strong>Estanis Plantada Siurans<\/li>\n<\/ul>\n<h3>DOCENTS DE M\u00daSICA:<\/h3>\n<p>M. Dolors Castany Padr\u00f3s (prim\u00e0ria)<br \/>\nMiquel \u00c0ngel Mateu Perales (secund\u00e0ria)<\/p>\n<h3>ESPECIALISTES D\u2019EDUCACI\u00d3 F\u00cdSICA:<\/h3>\n<p>Ismael \u00c1vila Jim\u00e9nez (prim\u00e0ria) \/ Alejandro Alfonso (infantil-prim\u00e0ria)<br \/>\nElena Izquierdo Robledo (infantil)<br \/>\nIb\u00e1n Navarro S\u00e1nchez (secund\u00e0ria)<br \/>\nJavier Huertas Mateu (secund\u00e0ria)<\/p>\n<h3>ESPECIALISTES D\u2019ANGL\u00c8S:<\/h3>\n<p>Ana Mateos Ram\u00edrez (prim\u00e0ria) \/Sonia Valbuena Gord\u00f3n (infantil i prim\u00e0ria)<br \/>\nAnna Testagorda Fern\u00e1ndez (prim\u00e0ria)<br \/>\nAlba Blanco Hern\u00e1ndez, Cesca Casas Saus i Sara Mora Carrero<\/p>\n<h3>DOCENTS D&#8217;ATENCI\u00d3 A LA DIVERSITAT A PRIM\u00c0RIA:<\/h3>\n<p>M\u00f3nica Ruiz Rodr\u00edguez<br \/>\nDaniel Domene Barcel\u00f3<\/p>\n<h3>ORIENTACI\u00d3 PSICOPEDAG\u00d2GICA A SECUND\u00c0RIA:<\/h3>\n<p>Marina C\u00edria \u00c1lvarez, Sandra del Amo Rozas \/ Judith Conejos Gozalbo<\/p>\n<h3>ADMINISTRATIVES:<\/h3>\n<p>Cristina Rabazo P\u00e9rez i Maria Tribaldos Hurtado<\/p>\n<h3>CONSERGERIA:<\/h3>\n<p><span style=\"font-weight: 400;\">Roman Escudero Mart\u00ednez<\/span><br \/>\n<span style=\"font-weight: 400;\">Agust\u00ed Forrellat Brossa<\/span><br \/>\n<span style=\"font-weight: 400;\">Antonio Zafra Cobos<\/span><\/p>\n","protected":false},"excerpt":{"rendered":"<p><a href=\"https:\/\/agora.xtec.cat\/escolacanllobet\/wp-content\/uploads\/usu1736\/2022\/02\/equip.jpg\"><\/a><br \/>\nL\u2019equip de docents de l\u2019Institut Escola per al curs 25-26 \u00e9s el seg\u00fcent:<br \/>\nEQUIP DIRECTIU<\/p>\n<ul>\n<li>Directora: Anna Testagorda Fern\u00e1ndez<\/li>\n<li>Cap d\u2019estudis de prim\u00e0ria: Esther Moreno Valls<\/li>\n<li>Coordinadora pedag\u00f2gica de prim\u00e0ria: Maria Alcalde Doblas<\/li>\n<li>Cap d&#8217;estudis de secund\u00e0ria: Alba Blanco Hern\u00e1ndez<\/li>\n<li>Coordinador Pedag\u00f2gic de Secund\u00e0ria: David Madue\u00f1o Ranchal<\/li>\n<li>Secret\u00e0ria: Elena Izquierdo Robledo<\/li>\n<\/ul>\n<p>MESTRES&hellip;  <a href=\"https:\/\/agora.xtec.cat\/escolacanllobet\/projecte-educatiu\/equipprofessional\/\" title=\"Read Equip Professional\">Llegeix m\u00e9s\u00bb<\/a><\/p>\n","protected":false},"author":1,"featured_media":0,"parent":64,"menu_order":7,"comment_status":"closed","ping_status":"closed","template":"page-templates\/side-menu.php","meta":{"_bbp_topic_count":0,"_bbp_reply_count":0,"_bbp_total_topic_count":0,"_bbp_total_reply_count":0,"_bbp_voice_count":0,"_bbp_anonymous_reply_count":0,"_bbp_topic_count_hidden":0,"_bbp_reply_count_hidden":0,"_bbp_forum_subforum_count":0,"footnotes":""},"class_list":["post-38","page","type-page","status-publish","hentry"],"post_mailing_queue_ids":[],"_links":{"self":[{"href":"https:\/\/agora.xtec.cat\/escolacanllobet\/wp-json\/wp\/v2\/pages\/38","targetHints":{"allow":["GET"]}}],"collection":[{"href":"https:\/\/agora.xtec.cat\/escolacanllobet\/wp-json\/wp\/v2\/pages"}],"about":[{"href":"https:\/\/agora.xtec.cat\/escolacanllobet\/wp-json\/wp\/v2\/types\/page"}],"author":[{"embeddable":true,"href":"https:\/\/agora.xtec.cat\/escolacanllobet\/wp-json\/wp\/v2\/users\/1"}],"replies":[{"embeddable":true,"href":"https:\/\/agora.xtec.cat\/escolacanllobet\/wp-json\/wp\/v2\/comments?post=38"}],"version-history":[{"count":6,"href":"https:\/\/agora.xtec.cat\/escolacanllobet\/wp-json\/wp\/v2\/pages\/38\/revisions"}],"predecessor-version":[{"id":25191,"href":"https:\/\/agora.xtec.cat\/escolacanllobet\/wp-json\/wp\/v2\/pages\/38\/revisions\/25191"}],"up":[{"embeddable":true,"href":"https:\/\/agora.xtec.cat\/escolacanllobet\/wp-json\/wp\/v2\/pages\/64"}],"wp:attachment":[{"href":"https:\/\/agora.xtec.cat\/escolacanllobet\/wp-json\/wp\/v2\/media?parent=38"}],"curies":[{"name":"wp","href":"https:\/\/api.w.org\/{rel}","templated":true}]}}