{"id":30,"date":"2014-09-18T12:30:23","date_gmt":"2014-09-18T10:30:23","guid":{"rendered":"http:\/\/agora.xtec.cat\/escolacanllobet\/?page_id=30"},"modified":"2024-11-28T17:17:45","modified_gmt":"2024-11-28T16:17:45","slug":"instal%c2%b7lacions","status":"publish","type":"page","link":"https:\/\/agora.xtec.cat\/escolacanllobet\/lescola\/instal%c2%b7lacions\/","title":{"rendered":"Instal\u00b7lacions"},"content":{"rendered":"<p>&nbsp;<\/p>\n<p><img loading=\"lazy\" decoding=\"async\" class=\"alignnone size-full wp-image-24157\" src=\"https:\/\/agora.xtec.cat\/escolacanllobet\/wp-content\/uploads\/usu1736\/2024\/11\/Captura-de-pantalla-2024-11-28-170605.jpg\" alt=\"\" width=\"1159\" height=\"606\" srcset=\"https:\/\/agora.xtec.cat\/escolacanllobet\/wp-content\/uploads\/usu1736\/2024\/11\/Captura-de-pantalla-2024-11-28-170605.jpg 1159w, https:\/\/agora.xtec.cat\/escolacanllobet\/wp-content\/uploads\/usu1736\/2024\/11\/Captura-de-pantalla-2024-11-28-170605-300x157.jpg 300w, https:\/\/agora.xtec.cat\/escolacanllobet\/wp-content\/uploads\/usu1736\/2024\/11\/Captura-de-pantalla-2024-11-28-170605-1024x535.jpg 1024w, https:\/\/agora.xtec.cat\/escolacanllobet\/wp-content\/uploads\/usu1736\/2024\/11\/Captura-de-pantalla-2024-11-28-170605-768x402.jpg 768w\" sizes=\"auto, (max-width: 1159px) 100vw, 1159px\" \/><\/p>\n<p><img loading=\"lazy\" decoding=\"async\" class=\"alignnone size-full wp-image-24156\" src=\"https:\/\/agora.xtec.cat\/escolacanllobet\/wp-content\/uploads\/usu1736\/2024\/11\/Captura-de-pantalla-2024-11-28-170650.jpg\" alt=\"\" width=\"1108\" height=\"595\" srcset=\"https:\/\/agora.xtec.cat\/escolacanllobet\/wp-content\/uploads\/usu1736\/2024\/11\/Captura-de-pantalla-2024-11-28-170650.jpg 1108w, https:\/\/agora.xtec.cat\/escolacanllobet\/wp-content\/uploads\/usu1736\/2024\/11\/Captura-de-pantalla-2024-11-28-170650-300x161.jpg 300w, https:\/\/agora.xtec.cat\/escolacanllobet\/wp-content\/uploads\/usu1736\/2024\/11\/Captura-de-pantalla-2024-11-28-170650-1024x550.jpg 1024w, https:\/\/agora.xtec.cat\/escolacanllobet\/wp-content\/uploads\/usu1736\/2024\/11\/Captura-de-pantalla-2024-11-28-170650-768x412.jpg 768w\" sizes=\"auto, (max-width: 1108px) 100vw, 1108px\" \/><\/p>\n<p><img loading=\"lazy\" decoding=\"async\" class=\"alignnone size-full wp-image-24155\" src=\"https:\/\/agora.xtec.cat\/escolacanllobet\/wp-content\/uploads\/usu1736\/2024\/11\/Captura-de-pantalla-2024-11-28-170739.jpg\" alt=\"\" width=\"1144\" height=\"648\" srcset=\"https:\/\/agora.xtec.cat\/escolacanllobet\/wp-content\/uploads\/usu1736\/2024\/11\/Captura-de-pantalla-2024-11-28-170739.jpg 1144w, https:\/\/agora.xtec.cat\/escolacanllobet\/wp-content\/uploads\/usu1736\/2024\/11\/Captura-de-pantalla-2024-11-28-170739-300x170.jpg 300w, https:\/\/agora.xtec.cat\/escolacanllobet\/wp-content\/uploads\/usu1736\/2024\/11\/Captura-de-pantalla-2024-11-28-170739-1024x580.jpg 1024w, https:\/\/agora.xtec.cat\/escolacanllobet\/wp-content\/uploads\/usu1736\/2024\/11\/Captura-de-pantalla-2024-11-28-170739-768x435.jpg 768w\" sizes=\"auto, (max-width: 1144px) 100vw, 1144px\" \/><\/p>\n<p>.L&#8217;institut escola est\u00e0 patint una transformaci\u00f3 a nivell d&#8217;espais. Actualment, a m\u00e9s de les aules d&#8217;educaci\u00f3 infantil, prim\u00e0ria i secund\u00e0ria i aules de suport, l&#8217;alumnat pot gaudir en el seu dia a dia els seg\u00fcents espais:<\/p>\n<ul>\n<li><strong>Aula de ci\u00e8ncies<\/strong><\/li>\n<li><strong>Aula de tecnologia<\/strong><\/li>\n<li><strong>Gimn\u00e0s<\/strong><\/li>\n<li><strong>Patis (2)<\/strong><\/li>\n<li><strong>Hort<\/strong><\/li>\n<li><strong>Menjador escolar amb cuina pr\u00f2pia (nou)<\/strong><\/li>\n<li><strong>Aula de psicomotricitat<\/strong><\/li>\n<li><strong>Aula FAIG<\/strong><\/li>\n<li><strong>Laboratori<\/strong><\/li>\n<\/ul>\n","protected":false},"excerpt":{"rendered":"<p>&nbsp;<\/p>\n<p>.L&#8217;institut escola est\u00e0 patint una transformaci\u00f3 a nivell d&#8217;espais. Actualment, a m\u00e9s de les aules d&#8217;educaci\u00f3 infantil, prim\u00e0ria i secund\u00e0ria i aules de suport, l&#8217;alumnat pot gaudir en el seu dia a dia els seg\u00fcents espais:<\/p>\n<ul>\n<li>Aula de ci\u00e8ncies<\/li>\n<li>Aula de tecnologia<\/li>\n<li>Gimn\u00e0s<\/li>\n<li>Patis (2)<\/li>\n<li>Hort<\/li>\n<li>Menjador escolar amb cuina pr\u00f2pia&hellip;  <a href=\"https:\/\/agora.xtec.cat\/escolacanllobet\/lescola\/instal%c2%b7lacions\/\" title=\"Read Instal\u00b7lacions\">Llegeix m\u00e9s\u00bb<\/a><br \/>\n","protected":false},"author":1,"featured_media":0,"parent":22,"menu_order":4,"comment_status":"closed","ping_status":"closed","template":"page-templates\/side-menu.php","meta":{"_bbp_topic_count":0,"_bbp_reply_count":0,"_bbp_total_topic_count":0,"_bbp_total_reply_count":0,"_bbp_voice_count":0,"_bbp_anonymous_reply_count":0,"_bbp_topic_count_hidden":0,"_bbp_reply_count_hidden":0,"_bbp_forum_subforum_count":0,"footnotes":""},"class_list":["post-30","page","type-page","status-publish","hentry"],"post_mailing_queue_ids":[],"_links":{"self":[{"href":"https:\/\/agora.xtec.cat\/escolacanllobet\/wp-json\/wp\/v2\/pages\/30","targetHints":{"allow":["GET"]}}],"collection":[{"href":"https:\/\/agora.xtec.cat\/escolacanllobet\/wp-json\/wp\/v2\/pages"}],"about":[{"href":"https:\/\/agora.xtec.cat\/escolacanllobet\/wp-json\/wp\/v2\/types\/page"}],"author":[{"embeddable":true,"href":"https:\/\/agora.xtec.cat\/escolacanllobet\/wp-json\/wp\/v2\/users\/1"}],"replies":[{"embeddable":true,"href":"https:\/\/agora.xtec.cat\/escolacanllobet\/wp-json\/wp\/v2\/comments?post=30"}],"version-history":[{"count":6,"href":"https:\/\/agora.xtec.cat\/escolacanllobet\/wp-json\/wp\/v2\/pages\/30\/revisions"}],"predecessor-version":[{"id":24160,"href":"https:\/\/agora.xtec.cat\/escolacanllobet\/wp-json\/wp\/v2\/pages\/30\/revisions\/24160"}],"up":[{"embeddable":true,"href":"https:\/\/agora.xtec.cat\/escolacanllobet\/wp-json\/wp\/v2\/pages\/22"}],"wp:attachment":[{"href":"https:\/\/agora.xtec.cat\/escolacanllobet\/wp-json\/wp\/v2\/media?parent=30"}],"curies":[{"name":"wp","href":"https:\/\/api.w.org\/{rel}","templated":true}]}}