{"id":28,"date":"2014-09-18T12:29:35","date_gmt":"2014-09-18T10:29:35","guid":{"rendered":"http:\/\/agora.xtec.cat\/escolacanllobet\/?page_id=28"},"modified":"2025-12-18T09:15:55","modified_gmt":"2025-12-18T08:15:55","slug":"consell-escolar","status":"publish","type":"page","link":"https:\/\/agora.xtec.cat\/escolacanllobet\/lescola\/consell-escolar\/","title":{"rendered":"Consell Escolar"},"content":{"rendered":"<p><strong><a href=\"https:\/\/agora.xtec.cat\/escolacanllobet\/lescola\/instal%c2%b7lacions\/attachment\/consejoescolar-1\/\" rel=\"attachment wp-att-21691\"><img loading=\"lazy\" decoding=\"async\" class=\" wp-image-21691 alignright\" src=\"https:\/\/agora.xtec.cat\/escolacanllobet\/wp-content\/uploads\/usu1736\/2021\/12\/ConsejoEscolar-1.jpg\" alt=\"\" width=\"375\" height=\"271\" \/><\/a><\/strong><\/p>\n<p><a href=\"https:\/\/drive.google.com\/drive\/folders\/14iKCES6Kv-XXxOYU_L0wOBT3f1f3U-4w?usp=drive_link\"><strong>ACORDS CONSELL ESCOLAR 2025-2026<\/strong><\/a><\/p>\n<p>&nbsp;<\/p>\n<p>Aquest Consell Escolar va ser renovat el dia 2 de desembre de 2025 amb els nous representants sorgits del proc\u00e9s d&#8217;eleccions.<\/p>\n<p><strong>Directora:<\/strong> Anna Testagorda Fern\u00e1ndez<\/p>\n<p><strong>Cap d\u2019estudis prim\u00e0ria:<\/strong> Esther Moreno Valls<\/p>\n<p><strong>Coordinadora pedag\u00f2gica d&#8217;infantil i prim\u00e0ria:<\/strong> Maria Alcalde Doblas<\/p>\n<p><strong>Cap d&#8217;estudis de secund\u00e0ria:<\/strong> Alba Blanco Hern\u00e1ndez<\/p>\n<p><strong>Coordinador pedag\u00f2gic secund\u00e0ria:<\/strong> David Madue\u00f1o Ranchal<\/p>\n<p><strong>Secret\u00e0ria:<\/strong> Elena Izquierdo Robledo<\/p>\n<p><strong>Sector del professorat:<\/strong><\/p>\n<p>Ismael \u00c1vila Jim\u00e9nez (prim\u00e0ria)<\/p>\n<p>Daniel Domene Barcel\u00f3 (prim\u00e0ria)<\/p>\n<p>L\u00eddia S\u00e1nchez Saborido (prim\u00e0ria)<\/p>\n<p>Susana Pat\u00f3n Pardos (infantil)<\/p>\n<p>Maria Villalvilla Vidal (prim\u00e0ria)<\/p>\n<p>David Garc\u00eda Sol\u00e0 (secund\u00e0ria)<\/p>\n<p>Ricardo B\u00e1rcena Saludes (secund\u00e0ria)<\/p>\n<p><strong>Representant de Coeducaci\u00f3:<\/strong><\/p>\n<p>Daniel Domene Barcel\u00f3<\/p>\n<p><strong>Sector de pares i mares: <\/strong><\/p>\n<p>David Garcia Carrero<\/p>\n<p>Rosana Le\u00f3n Gonz\u00e1lez<\/p>\n<p>Saida Campos Rosa<\/p>\n<p>Sonia Mart\u00ednez Membrive<\/p>\n<p>Vanesa Gonz\u00e1lez Balsera<\/p>\n<p><strong>Representant de l&#8217;alumnat:<\/strong><\/p>\n<p>Dina You<\/p>\n<p><strong>Representant de l&#8217;AFA:<\/strong><\/p>\n<p>Jos\u00e9 Mart\u00ednez Raposo (president de l&#8217;AFA)<\/p>\n<p><strong>Representants municipals:<\/strong><\/p>\n<p>Daniel Gonz\u00e1lez Cabrera (Regidor d&#8217;Educaci\u00f3)<\/p>\n<p><strong>Representant del PAS\/PAE:<\/strong><\/p>\n<p>Maria Cristina P\u00e9rez Rabazo<\/p>\n<p>&nbsp;<\/p>\n","protected":false},"excerpt":{"rendered":"<p><a href=\"https:\/\/agora.xtec.cat\/escolacanllobet\/lescola\/instal%c2%b7lacions\/attachment\/consejoescolar-1\/\" rel=\"attachment wp-att-21691\"><\/a><br \/>\n<a href=\"https:\/\/drive.google.com\/drive\/folders\/14iKCES6Kv-XXxOYU_L0wOBT3f1f3U-4w?usp=drive_link\">ACORDS CONSELL ESCOLAR 2025-2026<\/a><br \/>\n&nbsp;<br \/>\nAquest Consell Escolar va ser renovat el dia 2 de desembre de 2025 amb els nous representants sorgits del proc\u00e9s d&#8217;eleccions.<br \/>\nDirectora: Anna Testagorda Fern\u00e1ndez<br \/>\nCap d\u2019estudis prim\u00e0ria: Esther Moreno Valls<br \/>\nCoordinadora pedag\u00f2gica d&#8217;infantil i prim\u00e0ria: Maria Alcalde Doblas<br \/>\nCap d&#8217;estudis de&hellip;  <a href=\"https:\/\/agora.xtec.cat\/escolacanllobet\/lescola\/consell-escolar\/\" title=\"Read Consell Escolar\">Llegeix m\u00e9s\u00bb<\/a><\/p>\n","protected":false},"author":1,"featured_media":0,"parent":22,"menu_order":3,"comment_status":"closed","ping_status":"closed","template":"page-templates\/side-menu.php","meta":{"_bbp_topic_count":0,"_bbp_reply_count":0,"_bbp_total_topic_count":0,"_bbp_total_reply_count":0,"_bbp_voice_count":0,"_bbp_anonymous_reply_count":0,"_bbp_topic_count_hidden":0,"_bbp_reply_count_hidden":0,"_bbp_forum_subforum_count":0,"footnotes":""},"class_list":["post-28","page","type-page","status-publish","hentry"],"post_mailing_queue_ids":[],"_links":{"self":[{"href":"https:\/\/agora.xtec.cat\/escolacanllobet\/wp-json\/wp\/v2\/pages\/28","targetHints":{"allow":["GET"]}}],"collection":[{"href":"https:\/\/agora.xtec.cat\/escolacanllobet\/wp-json\/wp\/v2\/pages"}],"about":[{"href":"https:\/\/agora.xtec.cat\/escolacanllobet\/wp-json\/wp\/v2\/types\/page"}],"author":[{"embeddable":true,"href":"https:\/\/agora.xtec.cat\/escolacanllobet\/wp-json\/wp\/v2\/users\/1"}],"replies":[{"embeddable":true,"href":"https:\/\/agora.xtec.cat\/escolacanllobet\/wp-json\/wp\/v2\/comments?post=28"}],"version-history":[{"count":6,"href":"https:\/\/agora.xtec.cat\/escolacanllobet\/wp-json\/wp\/v2\/pages\/28\/revisions"}],"predecessor-version":[{"id":25148,"href":"https:\/\/agora.xtec.cat\/escolacanllobet\/wp-json\/wp\/v2\/pages\/28\/revisions\/25148"}],"up":[{"embeddable":true,"href":"https:\/\/agora.xtec.cat\/escolacanllobet\/wp-json\/wp\/v2\/pages\/22"}],"wp:attachment":[{"href":"https:\/\/agora.xtec.cat\/escolacanllobet\/wp-json\/wp\/v2\/media?parent=28"}],"curies":[{"name":"wp","href":"https:\/\/api.w.org\/{rel}","templated":true}]}}