{"id":26,"date":"2014-09-18T12:24:32","date_gmt":"2014-09-18T10:24:32","guid":{"rendered":"http:\/\/agora.xtec.cat\/escolacanllobet\/?page_id=26"},"modified":"2021-12-02T09:58:33","modified_gmt":"2021-12-02T08:58:33","slug":"historia","status":"publish","type":"page","link":"https:\/\/agora.xtec.cat\/escolacanllobet\/lescola\/historia\/","title":{"rendered":"Hist\u00f2ria"},"content":{"rendered":"<p>&nbsp;<\/p>\n<p><a href=\"https:\/\/agora.xtec.cat\/escolacanllobet\/lescola\/historia\/attachment\/rellotge\/\" rel=\"attachment wp-att-21694\"><img loading=\"lazy\" decoding=\"async\" class=\"wp-image-21694 alignright\" src=\"https:\/\/agora.xtec.cat\/escolacanllobet\/wp-content\/uploads\/usu1736\/2021\/12\/rellotge-199x300.jpg\" alt=\"\" width=\"148\" height=\"223\" srcset=\"https:\/\/agora.xtec.cat\/escolacanllobet\/wp-content\/uploads\/usu1736\/2021\/12\/rellotge-199x300.jpg 199w, https:\/\/agora.xtec.cat\/escolacanllobet\/wp-content\/uploads\/usu1736\/2021\/12\/rellotge.jpg 232w\" sizes=\"auto, (max-width: 148px) 100vw, 148px\" \/><\/a><\/p>\n<p>Barri de l&#8217;Eixample &#8211; Can Llobet<\/p>\n<p>Centre neur\u00e0lgic de la ciutat de Barber\u00e0 del Vall\u00e8s. Pren el seu nom de l&#8217;anomenat Gran Eixample, planificat per unir el nucli urb\u00e0 de Barber\u00e0 amb l&#8217;estaci\u00f3 de tren, situada a 1 km de dist\u00e0ncia, i de la ja desapareguda masia de Can Llobet.<br \/>\nEn aquest barri es troben les principals depend\u00e8ncies del municipi; L&#8217;Ajuntament i l&#8217;esgl\u00e9sia parroquial, el Jutjat de Pau, la comissaria de la Policia Local, la biblioteca municipal, l&#8217;ambulatori o el Mercat 11 de setembre. A m\u00e9s, compta amb el principal passeig de la ciutat, dedicat al Dr. Emilio Moragas, marit d&#8217;Elisa Badia, qui van ser els \u00faltims amos de la Torre d&#8217;en Gorgs; una de les fam\u00edlies que m\u00e9s terrenys va donar per a la construcci\u00f3 d&#8217;escoles, aix\u00ed com de Ciutat Badia o fins i tot la pr\u00f2pia estaci\u00f3 de ferrocarril.<\/p>\n","protected":false},"excerpt":{"rendered":"<p>&nbsp;<br \/>\n<a href=\"https:\/\/agora.xtec.cat\/escolacanllobet\/lescola\/historia\/attachment\/rellotge\/\" rel=\"attachment wp-att-21694\"><\/a><br \/>\nBarri de l&#8217;Eixample &#8211; Can Llobet<br \/>\nCentre neur\u00e0lgic de la ciutat de Barber\u00e0 del Vall\u00e8s. Pren el seu nom de l&#8217;anomenat Gran Eixample, planificat per unir el nucli urb\u00e0 de Barber\u00e0 amb l&#8217;estaci\u00f3 de tren, situada a 1 km de dist\u00e0ncia, i de&hellip;  <a href=\"https:\/\/agora.xtec.cat\/escolacanllobet\/lescola\/historia\/\" title=\"Read Hist\u00f2ria\">Llegeix m\u00e9s\u00bb<\/a><\/p>\n","protected":false},"author":1,"featured_media":0,"parent":22,"menu_order":2,"comment_status":"closed","ping_status":"closed","template":"page-templates\/side-menu.php","meta":{"_bbp_topic_count":0,"_bbp_reply_count":0,"_bbp_total_topic_count":0,"_bbp_total_reply_count":0,"_bbp_voice_count":0,"_bbp_anonymous_reply_count":0,"_bbp_topic_count_hidden":0,"_bbp_reply_count_hidden":0,"_bbp_forum_subforum_count":0,"footnotes":""},"class_list":["post-26","page","type-page","status-publish","hentry"],"post_mailing_queue_ids":[],"_links":{"self":[{"href":"https:\/\/agora.xtec.cat\/escolacanllobet\/wp-json\/wp\/v2\/pages\/26","targetHints":{"allow":["GET"]}}],"collection":[{"href":"https:\/\/agora.xtec.cat\/escolacanllobet\/wp-json\/wp\/v2\/pages"}],"about":[{"href":"https:\/\/agora.xtec.cat\/escolacanllobet\/wp-json\/wp\/v2\/types\/page"}],"author":[{"embeddable":true,"href":"https:\/\/agora.xtec.cat\/escolacanllobet\/wp-json\/wp\/v2\/users\/1"}],"replies":[{"embeddable":true,"href":"https:\/\/agora.xtec.cat\/escolacanllobet\/wp-json\/wp\/v2\/comments?post=26"}],"version-history":[{"count":3,"href":"https:\/\/agora.xtec.cat\/escolacanllobet\/wp-json\/wp\/v2\/pages\/26\/revisions"}],"predecessor-version":[{"id":21696,"href":"https:\/\/agora.xtec.cat\/escolacanllobet\/wp-json\/wp\/v2\/pages\/26\/revisions\/21696"}],"up":[{"embeddable":true,"href":"https:\/\/agora.xtec.cat\/escolacanllobet\/wp-json\/wp\/v2\/pages\/22"}],"wp:attachment":[{"href":"https:\/\/agora.xtec.cat\/escolacanllobet\/wp-json\/wp\/v2\/media?parent=26"}],"curies":[{"name":"wp","href":"https:\/\/api.w.org\/{rel}","templated":true}]}}