{"id":1146,"date":"2018-02-16T14:27:01","date_gmt":"2018-02-16T13:27:01","guid":{"rendered":"http:\/\/agora.xtec.cat\/escolacanllobet\/?page_id=1146"},"modified":"2025-02-20T11:33:55","modified_gmt":"2025-02-20T10:33:55","slug":"documents-de-centre","status":"publish","type":"page","link":"https:\/\/agora.xtec.cat\/escolacanllobet\/documents-de-centre\/","title":{"rendered":"Documents de centre"},"content":{"rendered":"<p>En aquesta secci\u00f3 teniu publicats els seg\u00fcents <em><strong>\u201cDocuments per a l&#8217;organitzaci\u00f3 i la gesti\u00f3 del centre\u201d:<\/strong><\/em><\/p>\n<ul>\n<li><strong>PEC:<\/strong><\/li>\n<\/ul>\n<p dir=\"ltr\">El projecte educatiu de centre (PEC) \u00e9s un document que inclou els trets d&#8217;identitat del centre, els principis pedag\u00f2gics, els principis organitzatius i el projecte ling\u00fc\u00edstic.<\/p>\n<p dir=\"ltr\">En aquest document s&#8217;especifiquen els valors, els objectius i les prioritats d&#8217;actuaci\u00f3 del centre, la concreci\u00f3 dels curr\u00edculums que s&#8217;imparteixen i el tractament transversal en les \u00e0rees, mat\u00e8ries o m\u00f2duls de l&#8217;educaci\u00f3 en valors i altres ensenyaments.<\/p>\n<ul>\n<li><strong>NOFC:<\/strong><\/li>\n<\/ul>\n<p dir=\"ltr\">Les Normes d\u2019Organitzaci\u00f3 i Funcionament del Centre, que formen part del projecte educatiu, \u00e9s el document que recull de manera ordenada els preceptes que regeixen la nostra organitzaci\u00f3 i les interrelacions de la vida escolar: explicita l\u2019estructura; defineix els vincles; recull les funcions, els drets i els deures dels diferents sectors que formen l\u2019escola; fixa els procediments; adapta la normativa general a la nostra realitat i estableix l\u2019espec\u00edfica pel nostre centre educatiu.<\/p>\n<p dir=\"ltr\">Les normes d\u2019organitzaci\u00f3 i funcionament del centre \u00e9s un document viu amb constant renovaci\u00f3 a proposta de tots els sectors, per a la millora i compliment de la seva funci\u00f3 i s\u00f3n aprovades pel Claustre i presentades en Consell Escolar.<\/p>\n<ul>\n<li><strong>Projecte ling\u00fc\u00edstic:<\/strong><\/li>\n<\/ul>\n<p>El projecte ling\u00fc\u00edstic \u00e9s el document que recull els aspectes relatius a l&#8217;ensenyament i a l&#8217;\u00fas de les lleng\u00fces en el centre educatiu.<\/p>\n<ul>\n<li><strong>EDC:<\/strong><\/li>\n<\/ul>\n<p>L&#8217;estrat\u00e8gia digital de centre (EDC) defineix i concreta les l\u00ednies d&#8217;actuaci\u00f3 d&#8217;un centre que fan possible que docents, alumnat i centre assoleixin la compet\u00e8ncia digital. Per aconseguir aquesta compet\u00e8ncia digital, l&#8217;EDC compr\u00e8n tots els \u00e0mbits del centre: organitzatius, metodol\u00f2gics, curriculars i comunicatius, els quals s&#8217;han de veure necess\u00e0riament implicats i, si escau, transformats, des d\u2019una perspectiva d&#8217;innovaci\u00f3 i de millora cont\u00ednua.<\/p>\n<p>&nbsp;<\/p>\n","protected":false},"excerpt":{"rendered":"<p>En aquesta secci\u00f3 teniu publicats els seg\u00fcents \u201cDocuments per a l&#8217;organitzaci\u00f3 i la gesti\u00f3 del centre\u201d:<\/p>\n<ul>\n<li>PEC:<\/li>\n<\/ul>\n<p>El projecte educatiu de centre (PEC) \u00e9s un document que inclou els trets d&#8217;identitat del centre, els principis pedag\u00f2gics, els principis organitzatius i el projecte ling\u00fc\u00edstic.<br \/>\nEn aquest document s&#8217;especifiquen els&hellip;  <a href=\"https:\/\/agora.xtec.cat\/escolacanllobet\/documents-de-centre\/\" title=\"Read Documents de centre\">Llegeix m\u00e9s\u00bb<\/a><\/p>\n","protected":false},"author":1,"featured_media":0,"parent":0,"menu_order":0,"comment_status":"closed","ping_status":"closed","template":"page-templates\/side-menu.php","meta":{"_bbp_topic_count":0,"_bbp_reply_count":0,"_bbp_total_topic_count":0,"_bbp_total_reply_count":0,"_bbp_voice_count":0,"_bbp_anonymous_reply_count":0,"_bbp_topic_count_hidden":0,"_bbp_reply_count_hidden":0,"_bbp_forum_subforum_count":0,"footnotes":""},"class_list":["post-1146","page","type-page","status-publish","hentry"],"post_mailing_queue_ids":[],"_links":{"self":[{"href":"https:\/\/agora.xtec.cat\/escolacanllobet\/wp-json\/wp\/v2\/pages\/1146","targetHints":{"allow":["GET"]}}],"collection":[{"href":"https:\/\/agora.xtec.cat\/escolacanllobet\/wp-json\/wp\/v2\/pages"}],"about":[{"href":"https:\/\/agora.xtec.cat\/escolacanllobet\/wp-json\/wp\/v2\/types\/page"}],"author":[{"embeddable":true,"href":"https:\/\/agora.xtec.cat\/escolacanllobet\/wp-json\/wp\/v2\/users\/1"}],"replies":[{"embeddable":true,"href":"https:\/\/agora.xtec.cat\/escolacanllobet\/wp-json\/wp\/v2\/comments?post=1146"}],"version-history":[{"count":6,"href":"https:\/\/agora.xtec.cat\/escolacanllobet\/wp-json\/wp\/v2\/pages\/1146\/revisions"}],"predecessor-version":[{"id":24420,"href":"https:\/\/agora.xtec.cat\/escolacanllobet\/wp-json\/wp\/v2\/pages\/1146\/revisions\/24420"}],"wp:attachment":[{"href":"https:\/\/agora.xtec.cat\/escolacanllobet\/wp-json\/wp\/v2\/media?parent=1146"}],"curies":[{"name":"wp","href":"https:\/\/api.w.org\/{rel}","templated":true}]}}