{"id":517,"date":"2018-12-04T11:01:02","date_gmt":"2018-12-04T10:01:02","guid":{"rendered":"https:\/\/agora.xtec.cat\/escolacanfabra\/?page_id=517"},"modified":"2018-12-04T11:06:43","modified_gmt":"2018-12-04T10:06:43","slug":"treball-per-projectes","status":"publish","type":"page","link":"https:\/\/agora.xtec.cat\/escolacanfabra\/projecte-educatiu\/treball-per-projectes\/","title":{"rendered":"Treball per projectes"},"content":{"rendered":"<p>Metodologia que fomenta el model \u201caprendre a aprendre\u201d, fent que l\u2019infant sigui protagonista del seu aprenentatge, partint dels seus interessos. L\u2019objectiu final ser\u00e0 donar resposta als dubtes que els hagin sortit durant el proc\u00e9s. I \u00e9s en la fase de recerca d\u2019informaci\u00f3 on cal la col\u00b7laboraci\u00f3 de les fam\u00edlies: cercar a llibres, pel\u00b7l\u00edcules, fotografies, internet\u2026 els interrogants per despr\u00e9s compartir-ho amb els companys\/es de l\u2019aula. Aquesta metodologia permet dur a terme un treball molt enriquidor entre fam\u00edlia i escola.<\/p>\n<p>Metodologia que vertebra la l\u00ednia pedag\u00f2gica de l\u2019escola, que impregna totes les altres estrat\u00e8gies metodol\u00f2giques i que facilita el desenvolupament de les compet\u00e8ncies b\u00e0siques perqu\u00e8:<\/p>\n<ul>\n<li>parteix d\u2019un tema que interessa a l\u2019alumne.<\/li>\n<li>fa protagonista a l\u2019alumnat en la construcci\u00f3 del propi coneixement, en el desig de saber coses noves, en la formulaci\u00f3 de preguntes, en la reflexi\u00f3 sobre el propi saber, en la recerca de nous coneixements i en la reflexi\u00f3 sobre el propi proc\u00e9s d\u2019aprenentatge.<\/li>\n<li>d\u00f3na gran rellev\u00e0ncia al treball cooperatiu. S\u2019elaboren preguntes o hip\u00f2tesis, es prenen decisions sobre el repartiment de tasques, es posen en com\u00fa les propostes individuals i se n\u2019elabora un resultat col\u00b7lectiu.<\/li>\n<li>incentiva processos d\u2019investigaci\u00f3 que suposen cercar, seleccionar i interpretar informaci\u00f3 a trav\u00e9s de fonts diverses, formular nous dubtes i noves preguntes i relacionar-ho amb altres problemes.<\/li>\n<li>es transfereixen estrat\u00e8gies per aprendre: es representa el proc\u00e9s de construcci\u00f3 del coneixement, s\u2019avalua el que s\u2019ha apr\u00e8s i com s\u2019ha apr\u00e8s.<\/li>\n<li>s\u2019activa la comunicaci\u00f3, el di\u00e0leg i la discussi\u00f3 en petit i gran grup per construir coneixement de forma compartida.<\/li>\n<\/ul>\n<p style=\"text-align: right;\"><em>Data: gener 2018<\/em><\/p>\n","protected":false},"excerpt":{"rendered":"<p>Metodologia que fomenta el model \u201caprendre a aprendre\u201d, fent que l\u2019infant sigui protagonista del seu aprenentatge, partint dels seus interessos. L\u2019objectiu final ser\u00e0 donar resposta als dubtes que els hagin sortit durant el proc\u00e9s. I \u00e9s en la fase de recerca d\u2019informaci\u00f3 on cal la col\u00b7laboraci\u00f3 de les fam\u00edlies: cercar a llibres, pel\u00b7l\u00edcules, fotografies, internet\u2026 [&hellip;]<\/p>\n","protected":false},"author":1,"featured_media":0,"parent":64,"menu_order":0,"comment_status":"closed","ping_status":"closed","template":"page-templates\/side-menu.php","meta":{"_bbp_topic_count":0,"_bbp_reply_count":0,"_bbp_total_topic_count":0,"_bbp_total_reply_count":0,"_bbp_voice_count":0,"_bbp_anonymous_reply_count":0,"_bbp_topic_count_hidden":0,"_bbp_reply_count_hidden":0,"_bbp_forum_subforum_count":0,"site-sidebar-layout":"default","site-content-layout":"","ast-site-content-layout":"","site-content-style":"default","site-sidebar-style":"default","ast-global-header-display":"","ast-banner-title-visibility":"","ast-main-header-display":"","ast-hfb-above-header-display":"","ast-hfb-below-header-display":"","ast-hfb-mobile-header-display":"","site-post-title":"","ast-breadcrumbs-content":"","ast-featured-img":"","footer-sml-layout":"","theme-transparent-header-meta":"","adv-header-id-meta":"","stick-header-meta":"","header-above-stick-meta":"","header-main-stick-meta":"","header-below-stick-meta":"","astra-migrate-meta-layouts":"default","ast-page-background-enabled":"default","ast-page-background-meta":{"desktop":{"background-color":"var(--ast-global-color-5)","background-image":"","background-repeat":"repeat","background-position":"center center","background-size":"auto","background-attachment":"scroll","background-type":"","background-media":"","overlay-type":"","overlay-color":"","overlay-opacity":"","overlay-gradient":""},"tablet":{"background-color":"","background-image":"","background-repeat":"repeat","background-position":"center center","background-size":"auto","background-attachment":"scroll","background-type":"","background-media":"","overlay-type":"","overlay-color":"","overlay-opacity":"","overlay-gradient":""},"mobile":{"background-color":"","background-image":"","background-repeat":"repeat","background-position":"center center","background-size":"auto","background-attachment":"scroll","background-type":"","background-media":"","overlay-type":"","overlay-color":"","overlay-opacity":"","overlay-gradient":""}},"ast-content-background-meta":{"desktop":{"background-color":"var(--ast-global-color-4)","background-image":"","background-repeat":"repeat","background-position":"center center","background-size":"auto","background-attachment":"scroll","background-type":"","background-media":"","overlay-type":"","overlay-color":"","overlay-opacity":"","overlay-gradient":""},"tablet":{"background-color":"var(--ast-global-color-4)","background-image":"","background-repeat":"repeat","background-position":"center center","background-size":"auto","background-attachment":"scroll","background-type":"","background-media":"","overlay-type":"","overlay-color":"","overlay-opacity":"","overlay-gradient":""},"mobile":{"background-color":"var(--ast-global-color-4)","background-image":"","background-repeat":"repeat","background-position":"center center","background-size":"auto","background-attachment":"scroll","background-type":"","background-media":"","overlay-type":"","overlay-color":"","overlay-opacity":"","overlay-gradient":""}},"footnotes":""},"class_list":["post-517","page","type-page","status-publish","hentry"],"post_mailing_queue_ids":[],"_links":{"self":[{"href":"https:\/\/agora.xtec.cat\/escolacanfabra\/wp-json\/wp\/v2\/pages\/517","targetHints":{"allow":["GET"]}}],"collection":[{"href":"https:\/\/agora.xtec.cat\/escolacanfabra\/wp-json\/wp\/v2\/pages"}],"about":[{"href":"https:\/\/agora.xtec.cat\/escolacanfabra\/wp-json\/wp\/v2\/types\/page"}],"author":[{"embeddable":true,"href":"https:\/\/agora.xtec.cat\/escolacanfabra\/wp-json\/wp\/v2\/users\/1"}],"replies":[{"embeddable":true,"href":"https:\/\/agora.xtec.cat\/escolacanfabra\/wp-json\/wp\/v2\/comments?post=517"}],"version-history":[{"count":1,"href":"https:\/\/agora.xtec.cat\/escolacanfabra\/wp-json\/wp\/v2\/pages\/517\/revisions"}],"predecessor-version":[{"id":518,"href":"https:\/\/agora.xtec.cat\/escolacanfabra\/wp-json\/wp\/v2\/pages\/517\/revisions\/518"}],"up":[{"embeddable":true,"href":"https:\/\/agora.xtec.cat\/escolacanfabra\/wp-json\/wp\/v2\/pages\/64"}],"wp:attachment":[{"href":"https:\/\/agora.xtec.cat\/escolacanfabra\/wp-json\/wp\/v2\/media?parent=517"}],"curies":[{"name":"wp","href":"https:\/\/api.w.org\/{rel}","templated":true}]}}