{"id":19607,"date":"2020-01-09T09:05:53","date_gmt":"2020-01-09T08:05:53","guid":{"rendered":"https:\/\/agora.xtec.cat\/escolacanfabra\/?page_id=19607"},"modified":"2023-07-18T11:26:50","modified_gmt":"2023-07-18T09:26:50","slug":"documents-dorganitzacio","status":"publish","type":"page","link":"https:\/\/agora.xtec.cat\/escolacanfabra\/lescola\/documents-dorganitzacio\/","title":{"rendered":"Documents d&#8217;organitzaci\u00f3"},"content":{"rendered":"<p><strong><a href=\"https:\/\/agora.xtec.cat\/escolacanfabra\/wp-content\/uploads\/usu1954\/2023\/01\/NOFC_escola_Can_Fabra.pdf\">&gt; Normes d&#8217;organitzaci\u00f3 i funcionament del centre (NOFC)<\/a><br \/>\n<\/strong>Recull les normes d\u2019organitzaci\u00f3 i funcionament de l\u2019Escola\u00a0 i el conjunt d\u2019acords i decisions d\u2019organitzaci\u00f3 i funcionament que facilitaran el treball educatiu i de gesti\u00f3 que permeten assolir els objectius proposats en el Projecte Educatiu de Centre (PEC) i en la Programaci\u00f3 General Anual de Centre (PGAC). Les normes podran ser ampliades a mesura que l\u2019escola vagi creixent o que les circumst\u00e0ncies aix\u00ed ho requereixin, a trav\u00e9s de protocols, acords o documents similars aprovats pel Consell Escolar. Les normes a la nostra escola neixen de la necessitat de facilitar les nostres relacions, aix\u00ed com ajudar a la realitzaci\u00f3 de les activitats que s\u2019han de dur a terme.<\/p>\n<p><strong><a href=\"https:\/\/agora.xtec.cat\/escolacanfabra\/wp-content\/uploads\/usu1954\/2020\/01\/projecte_linguistic_18_19.pdf\" target=\"_blank\" rel=\"noopener noreferrer\">&gt; Projecte ling\u00fc\u00edstic<\/a><br \/>\n<\/strong>Aquest document forma part del projecte educatiu del centre i respon als seus principis pedag\u00f2gics i did\u00e0ctics d\u2019entendre l\u2019escola com un espai de creixement personal i social, on aprendre a ser, participar, conviure i habitar el m\u00f3n. \u00c9s un document viu i, com a tal, ha de ser objecte de seguiment i revisi\u00f3, obert a les modificacions organitzatives, pedag\u00f2giques, etc. que puguin derivar-se.<\/p>\n<p><strong><a href=\"https:\/\/sites.google.com\/escolacanfabra.cat\/plaestrategiadigitalcentre\/inici\" target=\"_blank\" rel=\"noopener noreferrer\">&gt; Estrat\u00e8gia Digital de Centre (EDC)<\/a><br \/>\n<\/strong>En aquest Google Sites es defineixen i concreten les l\u00ednies d&#8217;actuaci\u00f3 de l&#8217;escola que fan possible que docents, alumnat i centre assoleixin la compet\u00e8ncia digital.<\/p>\n<p>&nbsp;<\/p>\n<p style=\"text-align: right;\"><em>Data d&#8217;actualitzaci\u00f3:<\/em> Juny de 2023<\/p>\n<p>&nbsp;<\/p>\n","protected":false},"excerpt":{"rendered":"<p>&gt; Normes d&#8217;organitzaci\u00f3 i funcionament del centre (NOFC) Recull les normes d\u2019organitzaci\u00f3 i funcionament de l\u2019Escola\u00a0 i el conjunt d\u2019acords i decisions d\u2019organitzaci\u00f3 i funcionament que facilitaran el treball educatiu i de gesti\u00f3 que permeten assolir els objectius proposats en el Projecte Educatiu de Centre (PEC) i en la Programaci\u00f3 General Anual de Centre (PGAC). [&hellip;]<\/p>\n","protected":false},"author":1,"featured_media":0,"parent":22,"menu_order":5,"comment_status":"closed","ping_status":"closed","template":"page-templates\/side-menu.php","meta":{"_bbp_topic_count":0,"_bbp_reply_count":0,"_bbp_total_topic_count":0,"_bbp_total_reply_count":0,"_bbp_voice_count":0,"_bbp_anonymous_reply_count":0,"_bbp_topic_count_hidden":0,"_bbp_reply_count_hidden":0,"_bbp_forum_subforum_count":0,"site-sidebar-layout":"default","site-content-layout":"","ast-site-content-layout":"","site-content-style":"default","site-sidebar-style":"default","ast-global-header-display":"","ast-banner-title-visibility":"","ast-main-header-display":"","ast-hfb-above-header-display":"","ast-hfb-below-header-display":"","ast-hfb-mobile-header-display":"","site-post-title":"","ast-breadcrumbs-content":"","ast-featured-img":"","footer-sml-layout":"","theme-transparent-header-meta":"","adv-header-id-meta":"","stick-header-meta":"","header-above-stick-meta":"","header-main-stick-meta":"","header-below-stick-meta":"","astra-migrate-meta-layouts":"default","ast-page-background-enabled":"default","ast-page-background-meta":{"desktop":{"background-color":"var(--ast-global-color-5)","background-image":"","background-repeat":"repeat","background-position":"center center","background-size":"auto","background-attachment":"scroll","background-type":"","background-media":"","overlay-type":"","overlay-color":"","overlay-opacity":"","overlay-gradient":""},"tablet":{"background-color":"","background-image":"","background-repeat":"repeat","background-position":"center center","background-size":"auto","background-attachment":"scroll","background-type":"","background-media":"","overlay-type":"","overlay-color":"","overlay-opacity":"","overlay-gradient":""},"mobile":{"background-color":"","background-image":"","background-repeat":"repeat","background-position":"center center","background-size":"auto","background-attachment":"scroll","background-type":"","background-media":"","overlay-type":"","overlay-color":"","overlay-opacity":"","overlay-gradient":""}},"ast-content-background-meta":{"desktop":{"background-color":"var(--ast-global-color-4)","background-image":"","background-repeat":"repeat","background-position":"center center","background-size":"auto","background-attachment":"scroll","background-type":"","background-media":"","overlay-type":"","overlay-color":"","overlay-opacity":"","overlay-gradient":""},"tablet":{"background-color":"var(--ast-global-color-4)","background-image":"","background-repeat":"repeat","background-position":"center center","background-size":"auto","background-attachment":"scroll","background-type":"","background-media":"","overlay-type":"","overlay-color":"","overlay-opacity":"","overlay-gradient":""},"mobile":{"background-color":"var(--ast-global-color-4)","background-image":"","background-repeat":"repeat","background-position":"center center","background-size":"auto","background-attachment":"scroll","background-type":"","background-media":"","overlay-type":"","overlay-color":"","overlay-opacity":"","overlay-gradient":""}},"footnotes":""},"class_list":["post-19607","page","type-page","status-publish","hentry"],"post_mailing_queue_ids":[],"_links":{"self":[{"href":"https:\/\/agora.xtec.cat\/escolacanfabra\/wp-json\/wp\/v2\/pages\/19607","targetHints":{"allow":["GET"]}}],"collection":[{"href":"https:\/\/agora.xtec.cat\/escolacanfabra\/wp-json\/wp\/v2\/pages"}],"about":[{"href":"https:\/\/agora.xtec.cat\/escolacanfabra\/wp-json\/wp\/v2\/types\/page"}],"author":[{"embeddable":true,"href":"https:\/\/agora.xtec.cat\/escolacanfabra\/wp-json\/wp\/v2\/users\/1"}],"replies":[{"embeddable":true,"href":"https:\/\/agora.xtec.cat\/escolacanfabra\/wp-json\/wp\/v2\/comments?post=19607"}],"version-history":[{"count":3,"href":"https:\/\/agora.xtec.cat\/escolacanfabra\/wp-json\/wp\/v2\/pages\/19607\/revisions"}],"predecessor-version":[{"id":29688,"href":"https:\/\/agora.xtec.cat\/escolacanfabra\/wp-json\/wp\/v2\/pages\/19607\/revisions\/29688"}],"up":[{"embeddable":true,"href":"https:\/\/agora.xtec.cat\/escolacanfabra\/wp-json\/wp\/v2\/pages\/22"}],"wp:attachment":[{"href":"https:\/\/agora.xtec.cat\/escolacanfabra\/wp-json\/wp\/v2\/media?parent=19607"}],"curies":[{"name":"wp","href":"https:\/\/api.w.org\/{rel}","templated":true}]}}