{"id":18756,"date":"2019-09-16T08:16:19","date_gmt":"2019-09-16T06:16:19","guid":{"rendered":"https:\/\/agora.xtec.cat\/escolacanfabra\/?page_id=18756"},"modified":"2025-09-03T14:51:11","modified_gmt":"2025-09-03T12:51:11","slug":"fotos-de-les-classes","status":"publish","type":"page","link":"https:\/\/agora.xtec.cat\/escolacanfabra\/serveis\/fotos-de-les-classes\/","title":{"rendered":"Imatges del dia a dia a l&#8217;escola"},"content":{"rendered":"<p>En aquest espai podeu veure les fotos dels vostres fills\/es i els seus companys\/es al llarg de la seva estada a l&#8217;escola.<\/p>\n<p>*Si visualitzeu la graella des d&#8217;un dispositiu m\u00f2bil, activeu l&#8217;opci\u00f3 de veure la pantalla en format horitzontal per poder veure b\u00e9 tots els grups.<\/p>\n<table style=\"border-collapse: collapse; width: 100%;\">\n<tbody>\n<tr>\n<td style=\"width: 100%; border-color: #b4c2f0; border-style: solid; background-color: #b4c2f0; text-align: center;\"><strong>EDUCACI\u00d3 INFANTIL<\/strong><\/td>\n<\/tr>\n<\/tbody>\n<\/table>\n<table style=\"border-collapse: collapse; width: 100%; height: 93px;\">\n<tbody>\n<tr style=\"height: 93px;\">\n<td style=\"width: 16.6667%; height: 93px;\"><a href=\"https:\/\/agora.xtec.cat\/escolacanfabra\/album-fotos-2022\/\"><img loading=\"lazy\" decoding=\"async\" class=\"size-full wp-image-34018 aligncenter\" src=\"https:\/\/agora.xtec.cat\/escolacanfabra\/wp-content\/uploads\/usu1954\/2025\/09\/1.png\" alt=\"\" width=\"250\" height=\"150\" \/><\/a><\/td>\n<td style=\"width: 16.6667%; height: 93px;\"><a href=\"https:\/\/agora.xtec.cat\/escolacanfabra\/album-fotos-2021\/\"><img loading=\"lazy\" decoding=\"async\" class=\"size-full wp-image-34019 aligncenter\" src=\"https:\/\/agora.xtec.cat\/escolacanfabra\/wp-content\/uploads\/usu1954\/2025\/09\/2.png\" alt=\"\" width=\"250\" height=\"150\" \/><\/a><\/td>\n<td style=\"width: 16.6667%; height: 93px;\"><a href=\"https:\/\/agora.xtec.cat\/escolacanfabra\/album-fotos-2020\/\"><img loading=\"lazy\" decoding=\"async\" class=\"alignleft wp-image-29754 size-full\" src=\"https:\/\/agora.xtec.cat\/escolacanfabra\/wp-content\/uploads\/usu1954\/2023\/09\/1.png\" alt=\"\" width=\"250\" height=\"150\" \/><\/a><\/td>\n<td style=\"width: 16.6667%; height: 93px;\"><a href=\"https:\/\/agora.xtec.cat\/escolacanfabra\/album-fotos-2020\/\"><img loading=\"lazy\" decoding=\"async\" class=\"alignleft wp-image-29755 size-full\" src=\"https:\/\/agora.xtec.cat\/escolacanfabra\/wp-content\/uploads\/usu1954\/2023\/09\/2.png\" alt=\"\" width=\"250\" height=\"150\" \/><\/a><\/td>\n<\/tr>\n<\/tbody>\n<\/table>\n<table style=\"border-collapse: collapse; width: 100%;\">\n<tbody>\n<tr>\n<td style=\"width: 100%; background-color: #b4c2f0; border-color: #b4c2f0; border-style: solid; text-align: center;\"><strong>CICLE INICIAL<\/strong><\/td>\n<\/tr>\n<\/tbody>\n<\/table>\n<table style=\"border-collapse: collapse; width: 99.5946%; height: 10px;\">\n<tbody>\n<tr style=\"height: 122px;\">\n<td style=\"width: 25%; height: 10px;\"><a href=\"https:\/\/agora.xtec.cat\/escolacanfabra\/album-fotos-2019\/\"><img loading=\"lazy\" decoding=\"async\" class=\"wp-image-34020 aligncenter\" src=\"https:\/\/agora.xtec.cat\/escolacanfabra\/wp-content\/uploads\/usu1954\/2025\/09\/3.png\" alt=\"\" width=\"122\" height=\"73\" \/><\/a><\/p>\n<pre><\/pre>\n<\/td>\n<td style=\"height: 10px; width: 24.9661%;\">\n<pre><a href=\"https:\/\/agora.xtec.cat\/escolacanfabra\/album-fotos-2018a\/\"><img loading=\"lazy\" decoding=\"async\" class=\"aligncenter wp-image-27085\" src=\"https:\/\/agora.xtec.cat\/escolacanfabra\/wp-content\/uploads\/usu1954\/2022\/09\/3-1.png\" alt=\"\" width=\"125\" height=\"75\" \/><\/a><\/pre>\n<\/td>\n<td style=\"width: 25%; height: 10px;\">\n<pre><a href=\"https:\/\/agora.xtec.cat\/escolacanfabra\/album-fotos-2018b\/\"><img loading=\"lazy\" decoding=\"async\" class=\"wp-image-27080 aligncenter\" src=\"https:\/\/agora.xtec.cat\/escolacanfabra\/wp-content\/uploads\/usu1954\/2022\/09\/4-1.png\" alt=\"\" width=\"125\" height=\"75\" \/><\/a><\/pre>\n<\/td>\n<\/tr>\n<\/tbody>\n<\/table>\n<table style=\"border-collapse: collapse; width: 100%;\">\n<tbody>\n<tr>\n<td style=\"width: 100%; border-color: #b4c2f0; background-color: #b4c2f0; border-style: solid; text-align: center;\"><strong>CICLE MITJ\u00c0<\/strong><\/td>\n<\/tr>\n<\/tbody>\n<\/table>\n<table style=\"width: 100%; border-collapse: collapse; height: 83px;\">\n<tbody>\n<tr style=\"height: 87px;\">\n<td style=\"width: 25.0338%; height: 83px;\"><a href=\"https:\/\/agora.xtec.cat\/escolacanfabra\/album-fotos-2017a\/\"><img loading=\"lazy\" decoding=\"async\" class=\"wp-image-27081 aligncenter\" src=\"https:\/\/agora.xtec.cat\/escolacanfabra\/wp-content\/uploads\/usu1954\/2022\/09\/5-1.png\" alt=\"\" width=\"125\" height=\"75\" \/><\/a><\/td>\n<td style=\"width: 25.0338%; height: 83px;\"><a href=\"https:\/\/agora.xtec.cat\/escolacanfabra\/album-fotos-2017b\/\"><img loading=\"lazy\" decoding=\"async\" class=\"wp-image-27082 aligncenter\" src=\"https:\/\/agora.xtec.cat\/escolacanfabra\/wp-content\/uploads\/usu1954\/2022\/09\/6-1.png\" alt=\"\" width=\"125\" height=\"75\" \/><\/a><\/td>\n<td style=\"width: 25.0338%; height: 83px;\"><a href=\"https:\/\/agora.xtec.cat\/escolacanfabra\/album-fotos-2016a\/\"><img loading=\"lazy\" decoding=\"async\" class=\"aligncenter wp-image-27078\" src=\"https:\/\/agora.xtec.cat\/escolacanfabra\/wp-content\/uploads\/usu1954\/2022\/09\/7-1.png\" alt=\"\" width=\"125\" height=\"75\" \/><\/a><\/td>\n<td style=\"width: 25.0338%; height: 83px;\"><a href=\"https:\/\/agora.xtec.cat\/escolacanfabra\/album-fotos-2016b\/\"><img loading=\"lazy\" decoding=\"async\" class=\"aligncenter wp-image-27079\" src=\"https:\/\/agora.xtec.cat\/escolacanfabra\/wp-content\/uploads\/usu1954\/2022\/09\/8-1.png\" alt=\"\" width=\"125\" height=\"75\" \/><\/a><\/td>\n<\/tr>\n<\/tbody>\n<\/table>\n<table style=\"border-collapse: collapse; width: 100%; height: 32px;\">\n<tbody>\n<tr style=\"height: 32px;\">\n<td style=\"width: 100%; border-color: #b4c2f0; background-color: #b4c2f0; border-style: solid; text-align: center; height: 32px;\"><strong>CICLE SUPERIOR<\/strong><\/td>\n<\/tr>\n<\/tbody>\n<\/table>\n<table style=\"width: 100%; border-collapse: collapse; height: 79px;\">\n<tbody>\n<tr style=\"height: 88px;\">\n<td style=\"width: 25%; height: 79px;\"><a href=\"https:\/\/agora.xtec.cat\/escolacanfabra\/album-fotos-2015a\/\"><img loading=\"lazy\" decoding=\"async\" class=\"aligncenter wp-image-27075\" src=\"https:\/\/agora.xtec.cat\/escolacanfabra\/wp-content\/uploads\/usu1954\/2022\/09\/9-1.png\" alt=\"\" width=\"125\" height=\"75\" \/><\/a><\/td>\n<td style=\"width: 25%; height: 79px;\"><a href=\"https:\/\/agora.xtec.cat\/escolacanfabra\/album-fotos-2015b\/\"><img loading=\"lazy\" decoding=\"async\" class=\"aligncenter wp-image-27076\" src=\"https:\/\/agora.xtec.cat\/escolacanfabra\/wp-content\/uploads\/usu1954\/2022\/09\/10-1.png\" alt=\"\" width=\"125\" height=\"75\" \/><\/a><\/td>\n<td style=\"width: 25%; height: 79px;\"><a href=\"https:\/\/agora.xtec.cat\/escolacanfabra\/album-fotos-2014a\/\"><img loading=\"lazy\" decoding=\"async\" class=\"aligncenter wp-image-27077\" src=\"https:\/\/agora.xtec.cat\/escolacanfabra\/wp-content\/uploads\/usu1954\/2022\/09\/11-1.png\" alt=\"\" width=\"125\" height=\"75\" \/><\/a><\/td>\n<td style=\"width: 25%; height: 79px;\"><a href=\"https:\/\/agora.xtec.cat\/escolacanfabra\/album-fotos-2014b\/\"><img loading=\"lazy\" decoding=\"async\" class=\"aligncenter wp-image-27072\" src=\"https:\/\/agora.xtec.cat\/escolacanfabra\/wp-content\/uploads\/usu1954\/2022\/09\/12-1.png\" alt=\"\" width=\"125\" height=\"75\" \/><\/a><\/td>\n<\/tr>\n<\/tbody>\n<\/table>\n<p>&nbsp;<\/p>\n","protected":false},"excerpt":{"rendered":"<p>En aquest espai podeu veure les fotos dels vostres fills\/es i els seus companys\/es al llarg de la seva estada a l&#8217;escola. *Si visualitzeu la graella des d&#8217;un dispositiu m\u00f2bil, activeu l&#8217;opci\u00f3 de veure la pantalla en format horitzontal per poder veure b\u00e9 tots els grups. EDUCACI\u00d3 INFANTIL CICLE INICIAL CICLE MITJ\u00c0 CICLE SUPERIOR &nbsp;<\/p>\n","protected":false},"author":1,"featured_media":0,"parent":66,"menu_order":0,"comment_status":"closed","ping_status":"closed","template":"page-templates\/side-menu.php","meta":{"_bbp_topic_count":0,"_bbp_reply_count":0,"_bbp_total_topic_count":0,"_bbp_total_reply_count":0,"_bbp_voice_count":0,"_bbp_anonymous_reply_count":0,"_bbp_topic_count_hidden":0,"_bbp_reply_count_hidden":0,"_bbp_forum_subforum_count":0,"site-sidebar-layout":"default","site-content-layout":"","ast-site-content-layout":"","site-content-style":"default","site-sidebar-style":"default","ast-global-header-display":"","ast-banner-title-visibility":"","ast-main-header-display":"","ast-hfb-above-header-display":"","ast-hfb-below-header-display":"","ast-hfb-mobile-header-display":"","site-post-title":"","ast-breadcrumbs-content":"","ast-featured-img":"","footer-sml-layout":"","theme-transparent-header-meta":"","adv-header-id-meta":"","stick-header-meta":"","header-above-stick-meta":"","header-main-stick-meta":"","header-below-stick-meta":"","astra-migrate-meta-layouts":"default","ast-page-background-enabled":"default","ast-page-background-meta":{"desktop":{"background-color":"var(--ast-global-color-5)","background-image":"","background-repeat":"repeat","background-position":"center center","background-size":"auto","background-attachment":"scroll","background-type":"","background-media":"","overlay-type":"","overlay-color":"","overlay-opacity":"","overlay-gradient":""},"tablet":{"background-color":"","background-image":"","background-repeat":"repeat","background-position":"center center","background-size":"auto","background-attachment":"scroll","background-type":"","background-media":"","overlay-type":"","overlay-color":"","overlay-opacity":"","overlay-gradient":""},"mobile":{"background-color":"","background-image":"","background-repeat":"repeat","background-position":"center center","background-size":"auto","background-attachment":"scroll","background-type":"","background-media":"","overlay-type":"","overlay-color":"","overlay-opacity":"","overlay-gradient":""}},"ast-content-background-meta":{"desktop":{"background-color":"var(--ast-global-color-4)","background-image":"","background-repeat":"repeat","background-position":"center center","background-size":"auto","background-attachment":"scroll","background-type":"","background-media":"","overlay-type":"","overlay-color":"","overlay-opacity":"","overlay-gradient":""},"tablet":{"background-color":"var(--ast-global-color-4)","background-image":"","background-repeat":"repeat","background-position":"center center","background-size":"auto","background-attachment":"scroll","background-type":"","background-media":"","overlay-type":"","overlay-color":"","overlay-opacity":"","overlay-gradient":""},"mobile":{"background-color":"var(--ast-global-color-4)","background-image":"","background-repeat":"repeat","background-position":"center center","background-size":"auto","background-attachment":"scroll","background-type":"","background-media":"","overlay-type":"","overlay-color":"","overlay-opacity":"","overlay-gradient":""}},"footnotes":""},"class_list":["post-18756","page","type-page","status-publish","hentry"],"post_mailing_queue_ids":[],"_links":{"self":[{"href":"https:\/\/agora.xtec.cat\/escolacanfabra\/wp-json\/wp\/v2\/pages\/18756","targetHints":{"allow":["GET"]}}],"collection":[{"href":"https:\/\/agora.xtec.cat\/escolacanfabra\/wp-json\/wp\/v2\/pages"}],"about":[{"href":"https:\/\/agora.xtec.cat\/escolacanfabra\/wp-json\/wp\/v2\/types\/page"}],"author":[{"embeddable":true,"href":"https:\/\/agora.xtec.cat\/escolacanfabra\/wp-json\/wp\/v2\/users\/1"}],"replies":[{"embeddable":true,"href":"https:\/\/agora.xtec.cat\/escolacanfabra\/wp-json\/wp\/v2\/comments?post=18756"}],"version-history":[{"count":6,"href":"https:\/\/agora.xtec.cat\/escolacanfabra\/wp-json\/wp\/v2\/pages\/18756\/revisions"}],"predecessor-version":[{"id":34035,"href":"https:\/\/agora.xtec.cat\/escolacanfabra\/wp-json\/wp\/v2\/pages\/18756\/revisions\/34035"}],"up":[{"embeddable":true,"href":"https:\/\/agora.xtec.cat\/escolacanfabra\/wp-json\/wp\/v2\/pages\/66"}],"wp:attachment":[{"href":"https:\/\/agora.xtec.cat\/escolacanfabra\/wp-json\/wp\/v2\/media?parent=18756"}],"curies":[{"name":"wp","href":"https:\/\/api.w.org\/{rel}","templated":true}]}}