{"id":22,"date":"2014-09-18T12:19:57","date_gmt":"2014-09-18T11:19:57","guid":{"rendered":"https:\/\/agora.xtec.cat\/escolacandeu\/?page_id=22"},"modified":"2024-12-26T10:20:41","modified_gmt":"2024-12-26T09:20:41","slug":"lescola","status":"publish","type":"page","link":"https:\/\/agora.xtec.cat\/escolacandeu\/lescola\/","title":{"rendered":"L&#8217;escola"},"content":{"rendered":"\n<p>Aquesta secci\u00f3&nbsp;pot contenir&nbsp;totes les p\u00e0gines necess\u00e0ries per a oferir una descripci\u00f3 general de l&#8217;escola: ubicaci\u00f3, hist\u00f2ria, instal\u00b7lacions, equip docent, consell escolar, pla de qualitat, calendari, salut, informacions pr\u00e0ctiques, normativa&#8230;<\/p>\n\n\n\n<p>En la maqueta inicial s&#8217;inclouen algunes d&#8217;aquestes p\u00e0gines amb contingut simulat. L&#8217;administrador\/a pot\u00a0editar-les,\u00a0eliminar-les o crear-ne de noves des del tauler. \u00c9s important que\u00a0a la caixa <em>Atributs<\/em> de les p\u00e0gines hi consti com a <em>pare\/mare<\/em> la p\u00e0gina &#8220;<em>L&#8217;escola<\/em>&#8220;.<\/p>\n","protected":false},"excerpt":{"rendered":"<p>Aquesta secci\u00f3&nbsp;pot contenir&nbsp;totes les p\u00e0gines necess\u00e0ries per a oferir una descripci\u00f3 general de l&#8217;escola: ubicaci\u00f3, hist\u00f2ria, instal\u00b7lacions, equip docent, consell escolar, pla de qualitat, calendari, salut, informacions pr\u00e0ctiques, normativa&#8230; En la maqueta inicial s&#8217;inclouen algunes d&#8217;aquestes p\u00e0gines amb contingut simulat. L&#8217;administrador\/a pot\u00a0editar-les,\u00a0eliminar-les o crear-ne de noves des del tauler. \u00c9s important que\u00a0a la caixa Atributs [&hellip;]<\/p>\n","protected":false},"author":1,"featured_media":0,"parent":0,"menu_order":0,"comment_status":"closed","ping_status":"closed","template":"","meta":{"site-sidebar-layout":"default","site-content-layout":"","ast-site-content-layout":"default","site-content-style":"default","site-sidebar-style":"default","ast-global-header-display":"","ast-banner-title-visibility":"","ast-main-header-display":"","ast-hfb-above-header-display":"","ast-hfb-below-header-display":"","ast-hfb-mobile-header-display":"","site-post-title":"","ast-breadcrumbs-content":"","ast-featured-img":"","footer-sml-layout":"","theme-transparent-header-meta":"","adv-header-id-meta":"","stick-header-meta":"","header-above-stick-meta":"","header-main-stick-meta":"","header-below-stick-meta":"","astra-migrate-meta-layouts":"set","ast-page-background-enabled":"default","ast-page-background-meta":{"desktop":{"background-color":"var(--ast-global-color-4)","background-image":"","background-repeat":"repeat","background-position":"center center","background-size":"auto","background-attachment":"scroll","background-type":"","background-media":"","overlay-type":"","overlay-color":"","overlay-opacity":"","overlay-gradient":""},"tablet":{"background-color":"","background-image":"","background-repeat":"repeat","background-position":"center center","background-size":"auto","background-attachment":"scroll","background-type":"","background-media":"","overlay-type":"","overlay-color":"","overlay-opacity":"","overlay-gradient":""},"mobile":{"background-color":"","background-image":"","background-repeat":"repeat","background-position":"center center","background-size":"auto","background-attachment":"scroll","background-type":"","background-media":"","overlay-type":"","overlay-color":"","overlay-opacity":"","overlay-gradient":""}},"ast-content-background-meta":{"desktop":{"background-color":"var(--ast-global-color-5)","background-image":"","background-repeat":"repeat","background-position":"center center","background-size":"auto","background-attachment":"scroll","background-type":"","background-media":"","overlay-type":"","overlay-color":"","overlay-opacity":"","overlay-gradient":""},"tablet":{"background-color":"var(--ast-global-color-5)","background-image":"","background-repeat":"repeat","background-position":"center center","background-size":"auto","background-attachment":"scroll","background-type":"","background-media":"","overlay-type":"","overlay-color":"","overlay-opacity":"","overlay-gradient":""},"mobile":{"background-color":"var(--ast-global-color-5)","background-image":"","background-repeat":"repeat","background-position":"center center","background-size":"auto","background-attachment":"scroll","background-type":"","background-media":"","overlay-type":"","overlay-color":"","overlay-opacity":"","overlay-gradient":""}},"footnotes":""},"class_list":["post-22","page","type-page","status-publish","hentry"],"post_mailing_queue_ids":[],"_links":{"self":[{"href":"https:\/\/agora.xtec.cat\/escolacandeu\/wp-json\/wp\/v2\/pages\/22","targetHints":{"allow":["GET"]}}],"collection":[{"href":"https:\/\/agora.xtec.cat\/escolacandeu\/wp-json\/wp\/v2\/pages"}],"about":[{"href":"https:\/\/agora.xtec.cat\/escolacandeu\/wp-json\/wp\/v2\/types\/page"}],"author":[{"embeddable":true,"href":"https:\/\/agora.xtec.cat\/escolacandeu\/wp-json\/wp\/v2\/users\/1"}],"replies":[{"embeddable":true,"href":"https:\/\/agora.xtec.cat\/escolacandeu\/wp-json\/wp\/v2\/comments?post=22"}],"version-history":[{"count":1,"href":"https:\/\/agora.xtec.cat\/escolacandeu\/wp-json\/wp\/v2\/pages\/22\/revisions"}],"predecessor-version":[{"id":689,"href":"https:\/\/agora.xtec.cat\/escolacandeu\/wp-json\/wp\/v2\/pages\/22\/revisions\/689"}],"wp:attachment":[{"href":"https:\/\/agora.xtec.cat\/escolacandeu\/wp-json\/wp\/v2\/media?parent=22"}],"curies":[{"name":"wp","href":"https:\/\/api.w.org\/{rel}","templated":true}]}}