{"id":36,"date":"2014-09-18T12:33:11","date_gmt":"2014-09-18T11:33:11","guid":{"rendered":"http:\/\/agora.xtec.cat\/escolacancladellas\/?page_id=36"},"modified":"2019-01-16T21:27:45","modified_gmt":"2019-01-16T20:27:45","slug":"lescolaquevolem","status":"publish","type":"page","link":"https:\/\/agora.xtec.cat\/escolacancladellas\/lescola\/lescolaquevolem\/","title":{"rendered":"L&#8217;escola que volem"},"content":{"rendered":"<p>Can Cladellas \u00e9s una escola que vol educar els infants perqu\u00e8 esdevinguin persones responsablement lliures. Intentem crear a l&#8217;escola climes i espais per tal que els infants vagin construint la seva llibertat i vagin exercint alhora la seva responsabilitat. La visi\u00f3 de com volem ser i cap a on volem anar es resumeix en els seg\u00fcents punts:<\/p>\n<ul>\n<li>Que els alumnes hagin assolit les compet\u00e8ncies b\u00e0siques.<\/li>\n<li>Que els alumnes siguin persones compromeses, responsables i competents amb la societat i el medi ambient. Que tinguin valors i respectin les difer\u00e8ncies dels altres.<\/li>\n<li>Que les fam\u00edlies estiguin implicades i siguin participatives i col\u00b7laboradores en el proc\u00e9s educatiu dels seus fills al llarg de tota l&#8217;escolaritzaci\u00f3. Treballar conjuntament h\u00e0bits, civisme, puntualitat, respecte i solidaritat amb la comunitat educativa.<\/li>\n<li>Un centre que l&#8217;alumnat, en acabar aquesta part d&#8217;educaci\u00f3 obligat\u00f2ria tingui un domini comunicatiu i ling\u00fc\u00edstic de la llengua catalana, castellana i de la llengua anglesa que el capaciti per a la gesti\u00f3 dels seus aprenentatges futurs en un m\u00f3n global.<\/li>\n<li>Ser una escola que s&#8217;adapti a la societat actuals, amb les noves tecnologies i les noves metodologies.<\/li>\n<\/ul>\n<p><a href=\"http:\/\/agora.xtec.cat\/escolacancladellas\/wp-content\/uploads\/usu1872\/2018\/09\/foto.jpeg\"><img loading=\"lazy\" decoding=\"async\" class=\"wp-image-620 aligncenter\" src=\"http:\/\/agora.xtec.cat\/escolacancladellas\/wp-content\/uploads\/usu1872\/2018\/09\/foto.jpeg\" alt=\"\" width=\"513\" height=\"513\" srcset=\"https:\/\/agora.xtec.cat\/escolacancladellas\/wp-content\/uploads\/usu1872\/2018\/09\/foto.jpeg 1000w, https:\/\/agora.xtec.cat\/escolacancladellas\/wp-content\/uploads\/usu1872\/2018\/09\/foto-150x150.jpeg 150w, https:\/\/agora.xtec.cat\/escolacancladellas\/wp-content\/uploads\/usu1872\/2018\/09\/foto-300x300.jpeg 300w, https:\/\/agora.xtec.cat\/escolacancladellas\/wp-content\/uploads\/usu1872\/2018\/09\/foto-768x768.jpeg 768w\" sizes=\"auto, (max-width: 513px) 100vw, 513px\" \/><\/a><\/p>\n<p>&nbsp;<\/p>\n","protected":false},"excerpt":{"rendered":"<p>Can Cladellas \u00e9s una escola que vol educar els infants perqu\u00e8 esdevinguin persones responsablement lliures. Intentem crear a l&#8217;escola climes i espais per tal que els infants vagin construint la seva llibertat i vagin exercint alhora la seva responsabilitat. La visi\u00f3 de com volem ser i cap a on volem anar es resumeix en els [&hellip;]<\/p>\n","protected":false},"author":1,"featured_media":0,"parent":22,"menu_order":70,"comment_status":"closed","ping_status":"closed","template":"page-templates\/side-menu.php","meta":{"_bbp_topic_count":0,"_bbp_reply_count":0,"_bbp_total_topic_count":0,"_bbp_total_reply_count":0,"_bbp_voice_count":0,"_bbp_anonymous_reply_count":0,"_bbp_topic_count_hidden":0,"_bbp_reply_count_hidden":0,"_bbp_forum_subforum_count":0,"site-sidebar-layout":"default","site-content-layout":"","ast-site-content-layout":"","site-content-style":"default","site-sidebar-style":"default","ast-global-header-display":"","ast-banner-title-visibility":"","ast-main-header-display":"","ast-hfb-above-header-display":"","ast-hfb-below-header-display":"","ast-hfb-mobile-header-display":"","site-post-title":"","ast-breadcrumbs-content":"","ast-featured-img":"","footer-sml-layout":"","theme-transparent-header-meta":"","adv-header-id-meta":"","stick-header-meta":"","header-above-stick-meta":"","header-main-stick-meta":"","header-below-stick-meta":"","astra-migrate-meta-layouts":"default","ast-page-background-enabled":"default","ast-page-background-meta":{"desktop":{"background-color":"var(--ast-global-color-4)","background-image":"","background-repeat":"repeat","background-position":"center center","background-size":"auto","background-attachment":"scroll","background-type":"","background-media":"","overlay-type":"","overlay-color":"","overlay-opacity":"","overlay-gradient":""},"tablet":{"background-color":"","background-image":"","background-repeat":"repeat","background-position":"center center","background-size":"auto","background-attachment":"scroll","background-type":"","background-media":"","overlay-type":"","overlay-color":"","overlay-opacity":"","overlay-gradient":""},"mobile":{"background-color":"","background-image":"","background-repeat":"repeat","background-position":"center center","background-size":"auto","background-attachment":"scroll","background-type":"","background-media":"","overlay-type":"","overlay-color":"","overlay-opacity":"","overlay-gradient":""}},"ast-content-background-meta":{"desktop":{"background-color":"var(--ast-global-color-5)","background-image":"","background-repeat":"repeat","background-position":"center center","background-size":"auto","background-attachment":"scroll","background-type":"","background-media":"","overlay-type":"","overlay-color":"","overlay-opacity":"","overlay-gradient":""},"tablet":{"background-color":"var(--ast-global-color-5)","background-image":"","background-repeat":"repeat","background-position":"center center","background-size":"auto","background-attachment":"scroll","background-type":"","background-media":"","overlay-type":"","overlay-color":"","overlay-opacity":"","overlay-gradient":""},"mobile":{"background-color":"var(--ast-global-color-5)","background-image":"","background-repeat":"repeat","background-position":"center center","background-size":"auto","background-attachment":"scroll","background-type":"","background-media":"","overlay-type":"","overlay-color":"","overlay-opacity":"","overlay-gradient":""}},"footnotes":""},"class_list":["post-36","page","type-page","status-publish","hentry"],"post_mailing_queue_ids":[],"_links":{"self":[{"href":"https:\/\/agora.xtec.cat\/escolacancladellas\/wp-json\/wp\/v2\/pages\/36","targetHints":{"allow":["GET"]}}],"collection":[{"href":"https:\/\/agora.xtec.cat\/escolacancladellas\/wp-json\/wp\/v2\/pages"}],"about":[{"href":"https:\/\/agora.xtec.cat\/escolacancladellas\/wp-json\/wp\/v2\/types\/page"}],"author":[{"embeddable":true,"href":"https:\/\/agora.xtec.cat\/escolacancladellas\/wp-json\/wp\/v2\/users\/1"}],"replies":[{"embeddable":true,"href":"https:\/\/agora.xtec.cat\/escolacancladellas\/wp-json\/wp\/v2\/comments?post=36"}],"version-history":[{"count":4,"href":"https:\/\/agora.xtec.cat\/escolacancladellas\/wp-json\/wp\/v2\/pages\/36\/revisions"}],"predecessor-version":[{"id":832,"href":"https:\/\/agora.xtec.cat\/escolacancladellas\/wp-json\/wp\/v2\/pages\/36\/revisions\/832"}],"up":[{"embeddable":true,"href":"https:\/\/agora.xtec.cat\/escolacancladellas\/wp-json\/wp\/v2\/pages\/22"}],"wp:attachment":[{"href":"https:\/\/agora.xtec.cat\/escolacancladellas\/wp-json\/wp\/v2\/media?parent=36"}],"curies":[{"name":"wp","href":"https:\/\/api.w.org\/{rel}","templated":true}]}}