{"id":73,"date":"2014-09-18T14:01:51","date_gmt":"2014-09-18T13:01:51","guid":{"rendered":"http:\/\/agora.xtec.cat\/escolacanalzamora\/?page_id=73"},"modified":"2026-02-10T16:17:46","modified_gmt":"2026-02-10T15:17:46","slug":"menjador-escolar","status":"publish","type":"page","link":"https:\/\/agora.xtec.cat\/escolacanalzamora\/serveis\/menjador-escolar\/","title":{"rendered":"Menjador escolar"},"content":{"rendered":"<ul>\n<li>Per accedir \u00a0al servei de menjador escolar, us heu de registrar a l&#8217;espai web de Fundesplai: <a href=\"https:\/\/escoles.fundesplai.org\/escola-ca-n-alzamora\/\">\u00a0Fundesplai<\/a><\/li>\n<li>Si voleu con\u00e8ixer m\u00e9s sobre el menjador escolar, feu clic aqu\u00ed:<\/li>\n<\/ul>\n<p><a href=\"https:\/\/agora.xtec.cat\/escolacanalzamora\/wp-content\/uploads\/usu1932\/2026\/02\/2026-FUNDESPLAI-PORTES-OBERTES-CA-NALZAMORA.pdf\"><img loading=\"lazy\" decoding=\"async\" class=\"aligncenter wp-image-7951 size-large\" src=\"https:\/\/agora.xtec.cat\/escolacanalzamora\/wp-content\/uploads\/usu1932\/2025\/01\/menjador-1024x538.png\" alt=\"\" width=\"1024\" height=\"538\" srcset=\"https:\/\/agora.xtec.cat\/escolacanalzamora\/wp-content\/uploads\/usu1932\/2025\/01\/menjador-1024x538.png 1024w, https:\/\/agora.xtec.cat\/escolacanalzamora\/wp-content\/uploads\/usu1932\/2025\/01\/menjador-300x158.png 300w, https:\/\/agora.xtec.cat\/escolacanalzamora\/wp-content\/uploads\/usu1932\/2025\/01\/menjador-768x404.png 768w, https:\/\/agora.xtec.cat\/escolacanalzamora\/wp-content\/uploads\/usu1932\/2025\/01\/menjador.png 1486w\" sizes=\"auto, (max-width: 1024px) 100vw, 1024px\" \/><\/a><\/p>\n","protected":false},"excerpt":{"rendered":"<ul>\n<li>Per accedir \u00a0al servei de menjador escolar, us heu de registrar a l&#8217;espai web de Fundesplai: <a href=\"https:\/\/escoles.fundesplai.org\/escola-ca-n-alzamora\/\">\u00a0Fundesplai<\/a><\/li>\n<li>Si voleu con\u00e8ixer m\u00e9s sobre el menjador escolar, feu clic aqu\u00ed:<\/li>\n<\/ul>\n<p><a href=\"https:\/\/agora.xtec.cat\/escolacanalzamora\/wp-content\/uploads\/usu1932\/2026\/02\/2026-FUNDESPLAI-PORTES-OBERTES-CA-NALZAMORA.pdf\"><\/a><\/p>\n","protected":false},"author":1,"featured_media":0,"parent":66,"menu_order":30,"comment_status":"closed","ping_status":"closed","template":"page-templates\/side-menu.php","meta":{"_bbp_topic_count":0,"_bbp_reply_count":0,"_bbp_total_topic_count":0,"_bbp_total_reply_count":0,"_bbp_voice_count":0,"_bbp_anonymous_reply_count":0,"_bbp_topic_count_hidden":0,"_bbp_reply_count_hidden":0,"_bbp_forum_subforum_count":0,"footnotes":""},"class_list":["post-73","page","type-page","status-publish","hentry"],"post_mailing_queue_ids":[],"_links":{"self":[{"href":"https:\/\/agora.xtec.cat\/escolacanalzamora\/wp-json\/wp\/v2\/pages\/73","targetHints":{"allow":["GET"]}}],"collection":[{"href":"https:\/\/agora.xtec.cat\/escolacanalzamora\/wp-json\/wp\/v2\/pages"}],"about":[{"href":"https:\/\/agora.xtec.cat\/escolacanalzamora\/wp-json\/wp\/v2\/types\/page"}],"author":[{"embeddable":true,"href":"https:\/\/agora.xtec.cat\/escolacanalzamora\/wp-json\/wp\/v2\/users\/1"}],"replies":[{"embeddable":true,"href":"https:\/\/agora.xtec.cat\/escolacanalzamora\/wp-json\/wp\/v2\/comments?post=73"}],"version-history":[{"count":5,"href":"https:\/\/agora.xtec.cat\/escolacanalzamora\/wp-json\/wp\/v2\/pages\/73\/revisions"}],"predecessor-version":[{"id":8547,"href":"https:\/\/agora.xtec.cat\/escolacanalzamora\/wp-json\/wp\/v2\/pages\/73\/revisions\/8547"}],"up":[{"embeddable":true,"href":"https:\/\/agora.xtec.cat\/escolacanalzamora\/wp-json\/wp\/v2\/pages\/66"}],"wp:attachment":[{"href":"https:\/\/agora.xtec.cat\/escolacanalzamora\/wp-json\/wp\/v2\/media?parent=73"}],"curies":[{"name":"wp","href":"https:\/\/api.w.org\/{rel}","templated":true}]}}