{"id":64,"date":"2014-09-18T12:39:08","date_gmt":"2014-09-18T11:39:08","guid":{"rendered":"http:\/\/agora.xtec.cat\/escolacanalzamora\/?page_id=64"},"modified":"2021-12-14T11:57:20","modified_gmt":"2021-12-14T10:57:20","slug":"projecte-educatiu","status":"publish","type":"page","link":"https:\/\/agora.xtec.cat\/escolacanalzamora\/projecte-educatiu\/","title":{"rendered":"Projecte educatiu"},"content":{"rendered":"<p>El nou centre t\u00e9 com a marc de refer\u00e8ncia l\u2019escola p\u00fablica, i com a tal t\u00e9 unes l\u00ednies generals que la caracteritzen:<\/p>\n<ul>\n<li>Escola catalana<\/li>\n<li>Escola democr\u00e0tica i coeducativa<\/li>\n<li>Escola respectuosa amb la diversitat cultural<\/li>\n<li>Escola integradora, compensadora, cooperativa i solid\u00e0ria<\/li>\n<li>Escola oberta a les tecnologies de la informaci\u00f3<\/li>\n<li>Escola impulsora de l\u2019angl\u00e8s com una llengua m\u00e9s a la nostra comunitat<\/li>\n<li>Escola sensible amb l\u2019educaci\u00f3 musical<\/li>\n<li>Escola participativa i oberta a les fam\u00edlies<\/li>\n<\/ul>\n<p style=\"line-height: 16.5pt; background: #F4F3E4;\"><span style=\"font-family: Helvetica; color: #222222;\">El nostre projecte d\u2019escola promou el desenvolupament integral de l\u2019alumnat basant-se en:<\/span><\/p>\n<ul>\n<li>L\u2019\u00fas de les tecnologies de la informaci\u00f3 m\u00e9s innovadores com a eines d\u2019aprenentatge de les diferents \u00e0rees curriculars.<\/li>\n<li>L\u2019aprenentatge de l\u2019angl\u00e8s s\u2019inicia a educaci\u00f3 infantil, a partir de p\u00e0rvuls de 3 anys setmanalment i a partir de P4 di\u00e0riament, en sessions de mitja hora. A tota la prim\u00e0ria, a part de les sessions di\u00e0ries, tamb\u00e9 s\u2019imparteixen unitats del medi natural en angl\u00e8s.\u00a0 Al cicle superior es fa pl\u00e0stica en angl\u00e8s i franc\u00e8s. Durant el temps de menjador tamb\u00e9 disposem d\u2019un monitor de parla anglesa, com a suport al nostre projecte ling\u00fc\u00edstic del centre. D\u2019aquesta manera\u00a0assegurem que els nostres alumnes, en acabar la prim\u00e0ria, a part del catal\u00e0 i del castell\u00e0, tinguin un bon domini de l\u2019idioma que es fa servir com a referent a la Uni\u00f3 Europea.<\/li>\n<li>L\u2019observaci\u00f3 i l\u2019experimentaci\u00f3 com a eines per arribar a descobrir els conceptes cient\u00edfics.<\/li>\n<li>L\u2019aprenentatge de viure junts amb diferents cultures i l\u2019aprofitament de la diversitat cultural com a mitj\u00e0 per a enriquir la nostra cultura.<\/li>\n<li>Sensibilitzaci\u00f3 amb els altres: Projecte \u201cSom iguals, som diferents\u201d<\/li>\n<li>La formaci\u00f3 d\u2019aprendre a ser i a cr\u00e9ixer com a persona.<\/li>\n<\/ul>\n<p>Podeu consultar els diferents documents de l&#8217;escola que formen part del nostre Projecte Educatiu (els trobareu a Men\u00fa\/Projecte Educatiu)<\/p>\n<ul>\n<li>Pla educatiu de centre<\/li>\n<li>Acord de coresponsabilitat<\/li>\n<li>Normes d&#8217;organitzaci\u00f3 i funcionament de centre<\/li>\n<li>Projecte ling\u00fc\u00edstic de centre<\/li>\n<li>Pla TAC<\/li>\n<li>Projectes d&#8217;innovaci\u00f3<\/li>\n<li>Carta de comprom\u00eds educatiu<\/li>\n<li>Projecte de conviv\u00e8ncia<\/li>\n<\/ul>\n<p>&nbsp;<\/p>\n","protected":false},"excerpt":{"rendered":"<p>El nou centre t\u00e9 com a marc de refer\u00e8ncia l\u2019escola p\u00fablica, i com a tal t\u00e9 unes l\u00ednies generals que la caracteritzen:<\/p>\n<ul>\n<li>Escola catalana<\/li>\n<li>Escola democr\u00e0tica i coeducativa<\/li>\n<li>Escola respectuosa amb la diversitat cultural<\/li>\n<li>Escola integradora, compensadora, cooperativa i solid\u00e0ria<\/li>\n<li>Escola oberta a les tecnologies de la informaci\u00f3<\/li>\n<li>Escola impulsora de&hellip;  <a href=\"https:\/\/agora.xtec.cat\/escolacanalzamora\/projecte-educatiu\/\" title=\"Read Projecte educatiu\">Llegeix m\u00e9s\u00bb<\/a><br \/>\n","protected":false},"author":1,"featured_media":0,"parent":0,"menu_order":0,"comment_status":"closed","ping_status":"closed","template":"page-templates\/side-menu.php","meta":{"_bbp_topic_count":0,"_bbp_reply_count":0,"_bbp_total_topic_count":0,"_bbp_total_reply_count":0,"_bbp_voice_count":0,"_bbp_anonymous_reply_count":0,"_bbp_topic_count_hidden":0,"_bbp_reply_count_hidden":0,"_bbp_forum_subforum_count":0,"footnotes":""},"class_list":["post-64","page","type-page","status-publish","hentry"],"post_mailing_queue_ids":[],"_links":{"self":[{"href":"https:\/\/agora.xtec.cat\/escolacanalzamora\/wp-json\/wp\/v2\/pages\/64","targetHints":{"allow":["GET"]}}],"collection":[{"href":"https:\/\/agora.xtec.cat\/escolacanalzamora\/wp-json\/wp\/v2\/pages"}],"about":[{"href":"https:\/\/agora.xtec.cat\/escolacanalzamora\/wp-json\/wp\/v2\/types\/page"}],"author":[{"embeddable":true,"href":"https:\/\/agora.xtec.cat\/escolacanalzamora\/wp-json\/wp\/v2\/users\/1"}],"replies":[{"embeddable":true,"href":"https:\/\/agora.xtec.cat\/escolacanalzamora\/wp-json\/wp\/v2\/comments?post=64"}],"version-history":[{"count":4,"href":"https:\/\/agora.xtec.cat\/escolacanalzamora\/wp-json\/wp\/v2\/pages\/64\/revisions"}],"predecessor-version":[{"id":4327,"href":"https:\/\/agora.xtec.cat\/escolacanalzamora\/wp-json\/wp\/v2\/pages\/64\/revisions\/4327"}],"wp:attachment":[{"href":"https:\/\/agora.xtec.cat\/escolacanalzamora\/wp-json\/wp\/v2\/media?parent=64"}],"curies":[{"name":"wp","href":"https:\/\/api.w.org\/{rel}","templated":true}]}}