{"id":5389,"date":"2022-10-26T10:19:59","date_gmt":"2022-10-26T08:19:59","guid":{"rendered":"https:\/\/agora.xtec.cat\/escolacanalzamora\/?page_id=5389"},"modified":"2022-10-26T10:34:44","modified_gmt":"2022-10-26T08:34:44","slug":"legiland","status":"publish","type":"page","link":"https:\/\/agora.xtec.cat\/escolacanalzamora\/legiland\/","title":{"rendered":"Legiland"},"content":{"rendered":"<p>Benvolgudes fam\u00edlies,<\/p>\n<p>Des del curs passat, a 3r i 4t de Prim\u00e0ria, hem iniciat un nou Projecte d\u2019Innovaci\u00f3 anomenat Legiland.<\/p>\n<p>Aquest projecte pret\u00e9n fomentar la lectura entre els infants, i conseq\u00fcentment millorar la seva comprensi\u00f3 lectora. Es tracta d\u2019una plataforma digital que cont\u00e9 llibres, articles i altres lectures en catal\u00e0, castell\u00e0 i angl\u00e8s<strong>. <\/strong><\/p>\n<p>Hi ha m\u00e9s de 1.000\u00a0propostes de lectura de tota mena per a captar l&#8217;inter\u00e8s\u00a0de qualsevol lector, i cadascuna d\u2019elles va acompanyada de q\u00fcestionaris de comprensi\u00f3 lectora, creats segons criteris PISA (Programa per a l\u2019Avaluaci\u00f3 Internacional del Alumnes). Aquestes activitats\u00a0permeten que la lectura pugui focalitzar-se en\u00a0acompanyar l&#8217;alumne\/a i dinamitzar la lectura del grup.<\/p>\n<p>La\u00a0plataforma Legiland disposa d&#8217;un sistema de punts, nivells, avatars i medalles. A m\u00e9s, proposen nous reptes, hist\u00f2ries, activitats i concursos\u00a0per a dinamitzar la lectura i desenvolupar l&#8217;h\u00e0bit lector.<\/p>\n<p>Entenem la lectura des de la diversitat: al cat\u00e0leg hi ha\u00a0tota mena de lectures per a qualsevol classe de lector\u00a0infantil-juvenil des dels 6 anys fins als 16 anys, hi ha\u00a0lectures adaptades i es pot configurar cada perfil d&#8217;alumne\u00a0per a personalitzar la seva experi\u00e8ncia a la plataforma Legiland.<\/p>\n<p>La lectura \u00e9s clau per a l&#8217;adquisici\u00f3 de nous aprenentatges i per prosperar a la vida.\u00a0Acompanyeu-nos en aquest viatge!<\/p>\n<p><a href=\"https:\/\/legiland.club\/es\/\"><img loading=\"lazy\" decoding=\"async\" class=\"aligncenter wp-image-5392 size-full\" src=\"https:\/\/agora.xtec.cat\/escolacanalzamora\/wp-content\/uploads\/usu1932\/2022\/10\/legiland-club.jpg\" alt=\"\" width=\"476\" height=\"289\" srcset=\"https:\/\/agora.xtec.cat\/escolacanalzamora\/wp-content\/uploads\/usu1932\/2022\/10\/legiland-club.jpg 476w, https:\/\/agora.xtec.cat\/escolacanalzamora\/wp-content\/uploads\/usu1932\/2022\/10\/legiland-club-300x182.jpg 300w\" sizes=\"auto, (max-width: 476px) 100vw, 476px\" \/><\/a><\/p>\n<p>&nbsp;<\/p>\n","protected":false},"excerpt":{"rendered":"<p>Benvolgudes fam\u00edlies,<br \/>\nDes del curs passat, a 3r i 4t de Prim\u00e0ria, hem iniciat un nou Projecte d\u2019Innovaci\u00f3 anomenat Legiland.<br \/>\nAquest projecte pret\u00e9n fomentar la lectura entre els infants, i conseq\u00fcentment millorar la seva comprensi\u00f3 lectora. Es tracta d\u2019una plataforma digital que cont\u00e9 llibres, articles i altres&hellip;  <a href=\"https:\/\/agora.xtec.cat\/escolacanalzamora\/legiland\/\" title=\"Read Legiland\">Llegeix m\u00e9s\u00bb<\/a><\/p>\n","protected":false},"author":1,"featured_media":0,"parent":0,"menu_order":0,"comment_status":"closed","ping_status":"closed","template":"","meta":{"_bbp_topic_count":0,"_bbp_reply_count":0,"_bbp_total_topic_count":0,"_bbp_total_reply_count":0,"_bbp_voice_count":0,"_bbp_anonymous_reply_count":0,"_bbp_topic_count_hidden":0,"_bbp_reply_count_hidden":0,"_bbp_forum_subforum_count":0,"footnotes":""},"class_list":["post-5389","page","type-page","status-publish","hentry"],"post_mailing_queue_ids":[],"_links":{"self":[{"href":"https:\/\/agora.xtec.cat\/escolacanalzamora\/wp-json\/wp\/v2\/pages\/5389","targetHints":{"allow":["GET"]}}],"collection":[{"href":"https:\/\/agora.xtec.cat\/escolacanalzamora\/wp-json\/wp\/v2\/pages"}],"about":[{"href":"https:\/\/agora.xtec.cat\/escolacanalzamora\/wp-json\/wp\/v2\/types\/page"}],"author":[{"embeddable":true,"href":"https:\/\/agora.xtec.cat\/escolacanalzamora\/wp-json\/wp\/v2\/users\/1"}],"replies":[{"embeddable":true,"href":"https:\/\/agora.xtec.cat\/escolacanalzamora\/wp-json\/wp\/v2\/comments?post=5389"}],"version-history":[{"count":2,"href":"https:\/\/agora.xtec.cat\/escolacanalzamora\/wp-json\/wp\/v2\/pages\/5389\/revisions"}],"predecessor-version":[{"id":5394,"href":"https:\/\/agora.xtec.cat\/escolacanalzamora\/wp-json\/wp\/v2\/pages\/5389\/revisions\/5394"}],"wp:attachment":[{"href":"https:\/\/agora.xtec.cat\/escolacanalzamora\/wp-json\/wp\/v2\/media?parent=5389"}],"curies":[{"name":"wp","href":"https:\/\/api.w.org\/{rel}","templated":true}]}}