{"id":5376,"date":"2022-10-21T16:28:25","date_gmt":"2022-10-21T14:28:25","guid":{"rendered":"https:\/\/agora.xtec.cat\/escolacanalzamora\/?page_id=5376"},"modified":"2022-10-26T10:32:28","modified_gmt":"2022-10-26T08:32:28","slug":"innovamat","status":"publish","type":"page","link":"https:\/\/agora.xtec.cat\/escolacanalzamora\/innovamat\/","title":{"rendered":"Innovamat"},"content":{"rendered":"<p>Benvolgudes fam\u00edlies,<\/p>\n<p>Per ajudar-vos a entendre qu\u00e8 \u00e9s Innovamat i aclarir dubtes o inquietuds que puguin sorgir, hem recopilat aquests recursos:<\/p>\n<p><strong>Presentaci\u00f3 d&#8217;Innovamat per a fam\u00edlies,\u00a0<\/strong>on els referents did\u00e0ctics d&#8217;Innovamat us expliquen com \u00e9s Innovamat a l&#8217;aula i poden respondre alguns dels dubtes m\u00e9s freq\u00fcents.<\/p>\n<p><a href=\"https:\/\/forms.innovamat.com\/cat-families-innovamat\/?utm_source=emailing&amp;utm_medium=email&amp;utm_campaign=cjnews\">Consulta el calendari<\/a><\/p>\n<p><strong>Secci\u00f3 per a fam\u00edlies,\u00a0<\/strong>on hi trobareu recursos per ajudar a casa, v\u00eddeos explicatius, informaci\u00f3 sobre qui son Innovamat i com estan transformant l&#8217;aula de matem\u00e0tiques i altres informacions molt \u00fatils perqu\u00e8 pugueu ajudar als vostres fills\/es.<\/p>\n<p><a href=\"https:\/\/www.innovamat.com\/ca\/familias?utm_source=emailing&amp;utm_medium=email&amp;utm_campaign=cjnews\">Visita la secci\u00f3 per a fam\u00edlies!<\/a><\/p>\n<p><strong>Butllet\u00ed per a fam\u00edlies,\u00a0<\/strong>en el que us podeu subscriure i rebreu contingut interessant de manera regular, com activitats per a casa o informaci\u00f3 sobre com ensenyem els conceptes a l&#8217;aula.<\/p>\n<p><a href=\"https:\/\/forms.innovamat.com\/suscripcio-newsletter\/?utm_source=emailing&amp;utm_medium=email&amp;utm_campaign=cjnews\">Feu la subscripci\u00f3!<\/a><a href=\"https:\/\/www.innovamat.com\/ca\/familias?utm_source=emailing&amp;utm_medium=email&amp;utm_campaign=cjnews\"><img loading=\"lazy\" decoding=\"async\" class=\"aligncenter wp-image-5378 size-full\" src=\"https:\/\/agora.xtec.cat\/escolacanalzamora\/wp-content\/uploads\/usu1932\/2022\/10\/innovamat.png\" alt=\"\" width=\"812\" height=\"362\" srcset=\"https:\/\/agora.xtec.cat\/escolacanalzamora\/wp-content\/uploads\/usu1932\/2022\/10\/innovamat.png 812w, https:\/\/agora.xtec.cat\/escolacanalzamora\/wp-content\/uploads\/usu1932\/2022\/10\/innovamat-300x134.png 300w, https:\/\/agora.xtec.cat\/escolacanalzamora\/wp-content\/uploads\/usu1932\/2022\/10\/innovamat-768x342.png 768w\" sizes=\"auto, (max-width: 812px) 100vw, 812px\" \/><\/a><\/p>\n","protected":false},"excerpt":{"rendered":"<p>Benvolgudes fam\u00edlies,<br \/>\nPer ajudar-vos a entendre qu\u00e8 \u00e9s Innovamat i aclarir dubtes o inquietuds que puguin sorgir, hem recopilat aquests recursos:<br \/>\nPresentaci\u00f3 d&#8217;Innovamat per a fam\u00edlies,\u00a0on els referents did\u00e0ctics d&#8217;Innovamat us expliquen com \u00e9s Innovamat a l&#8217;aula i poden respondre alguns dels dubtes m\u00e9s freq\u00fcents.<br \/>\n<a href=\"https:\/\/forms.innovamat.com\/cat-families-innovamat\/?utm_source=emailing&amp;utm_medium=email&amp;utm_campaign=cjnews\">Consulta el&hellip;  <a href=\"https:\/\/agora.xtec.cat\/escolacanalzamora\/innovamat\/\" title=\"Read Innovamat\">Llegeix m\u00e9s\u00bb<\/a><\/p>\n","protected":false},"author":1,"featured_media":0,"parent":0,"menu_order":0,"comment_status":"closed","ping_status":"closed","template":"","meta":{"_bbp_topic_count":0,"_bbp_reply_count":0,"_bbp_total_topic_count":0,"_bbp_total_reply_count":0,"_bbp_voice_count":0,"_bbp_anonymous_reply_count":0,"_bbp_topic_count_hidden":0,"_bbp_reply_count_hidden":0,"_bbp_forum_subforum_count":0,"footnotes":""},"class_list":["post-5376","page","type-page","status-publish","hentry"],"post_mailing_queue_ids":[],"_links":{"self":[{"href":"https:\/\/agora.xtec.cat\/escolacanalzamora\/wp-json\/wp\/v2\/pages\/5376","targetHints":{"allow":["GET"]}}],"collection":[{"href":"https:\/\/agora.xtec.cat\/escolacanalzamora\/wp-json\/wp\/v2\/pages"}],"about":[{"href":"https:\/\/agora.xtec.cat\/escolacanalzamora\/wp-json\/wp\/v2\/types\/page"}],"author":[{"embeddable":true,"href":"https:\/\/agora.xtec.cat\/escolacanalzamora\/wp-json\/wp\/v2\/users\/1"}],"replies":[{"embeddable":true,"href":"https:\/\/agora.xtec.cat\/escolacanalzamora\/wp-json\/wp\/v2\/comments?post=5376"}],"version-history":[{"count":3,"href":"https:\/\/agora.xtec.cat\/escolacanalzamora\/wp-json\/wp\/v2\/pages\/5376\/revisions"}],"predecessor-version":[{"id":5393,"href":"https:\/\/agora.xtec.cat\/escolacanalzamora\/wp-json\/wp\/v2\/pages\/5376\/revisions\/5393"}],"wp:attachment":[{"href":"https:\/\/agora.xtec.cat\/escolacanalzamora\/wp-json\/wp\/v2\/media?parent=5376"}],"curies":[{"name":"wp","href":"https:\/\/api.w.org\/{rel}","templated":true}]}}