{"id":5230,"date":"2022-07-21T13:13:53","date_gmt":"2022-07-21T11:13:53","guid":{"rendered":"https:\/\/agora.xtec.cat\/escolacanalzamora\/?page_id=5230"},"modified":"2022-07-21T13:13:53","modified_gmt":"2022-07-21T11:13:53","slug":"estrategia-digital-de-centre-edc","status":"publish","type":"page","link":"https:\/\/agora.xtec.cat\/escolacanalzamora\/estrategia-digital-de-centre-edc\/","title":{"rendered":"Estrat\u00e8gia Digital de Centre (EDC)"},"content":{"rendered":"<p>A partir del curs 2021-22 l&#8217;Estrat\u00e8gia Digital de Centre (EDC) elabora un conjunt d&#8217;actuacions que fan possible que docents, alumnat i centre assoleixi la compet\u00e8ncia digital.<\/p>\n<p>Es divideix en dues parts:<\/p>\n<ul>\n<li><strong>Estrat\u00e8gia:<\/strong> \u00c9s la planificaci\u00f3 que fem per aconseguir els objectius. Consta de quatre fases: diagnosi, objectius, planificaci\u00f3 i avaluaci\u00f3.<\/li>\n<li><strong>Cultura digital:<\/strong> \u00c9s el conjunt d&#8217;accions, procediments, protocols i acords relacionats amb tots els \u00e0mbits digitals del centre.<\/li>\n<\/ul>\n<p>Per consultar el document d\u2019Estrat\u00e8gia Digital de Centre (EDC) cliqueu la imatge<\/p>\n<p style=\"text-align: center;\"><a href=\"https:\/\/sites.google.com\/xtec.cat\/canalzamoraedc\/p%C3%A0gina-principal\"><img loading=\"lazy\" decoding=\"async\" class=\"alignnone wp-image-5231 size-large\" src=\"https:\/\/agora.xtec.cat\/escolacanalzamora\/wp-content\/uploads\/usu1932\/2022\/07\/maxresdefault-1024x576.jpg\" alt=\"\" width=\"1024\" height=\"576\" srcset=\"https:\/\/agora.xtec.cat\/escolacanalzamora\/wp-content\/uploads\/usu1932\/2022\/07\/maxresdefault-1024x576.jpg 1024w, https:\/\/agora.xtec.cat\/escolacanalzamora\/wp-content\/uploads\/usu1932\/2022\/07\/maxresdefault-300x169.jpg 300w, https:\/\/agora.xtec.cat\/escolacanalzamora\/wp-content\/uploads\/usu1932\/2022\/07\/maxresdefault-768x432.jpg 768w, https:\/\/agora.xtec.cat\/escolacanalzamora\/wp-content\/uploads\/usu1932\/2022\/07\/maxresdefault.jpg 1280w\" sizes=\"auto, (max-width: 1024px) 100vw, 1024px\" \/><\/a><\/p>\n","protected":false},"excerpt":{"rendered":"<p>A partir del curs 2021-22 l&#8217;Estrat\u00e8gia Digital de Centre (EDC) elabora un conjunt d&#8217;actuacions que fan possible que docents, alumnat i centre assoleixi la compet\u00e8ncia digital.<br \/>\nEs divideix en dues parts:<\/p>\n<ul>\n<li>Estrat\u00e8gia: \u00c9s la planificaci\u00f3 que fem per aconseguir els objectius. Consta de quatre fases: diagnosi, objectius,&hellip;  <a href=\"https:\/\/agora.xtec.cat\/escolacanalzamora\/estrategia-digital-de-centre-edc\/\" title=\"Read Estrat\u00e8gia Digital de Centre (EDC)\">Llegeix m\u00e9s\u00bb<\/a><br \/>\n","protected":false},"author":1,"featured_media":0,"parent":0,"menu_order":0,"comment_status":"closed","ping_status":"closed","template":"","meta":{"_bbp_topic_count":0,"_bbp_reply_count":0,"_bbp_total_topic_count":0,"_bbp_total_reply_count":0,"_bbp_voice_count":0,"_bbp_anonymous_reply_count":0,"_bbp_topic_count_hidden":0,"_bbp_reply_count_hidden":0,"_bbp_forum_subforum_count":0,"footnotes":""},"class_list":["post-5230","page","type-page","status-publish","hentry"],"post_mailing_queue_ids":[],"_links":{"self":[{"href":"https:\/\/agora.xtec.cat\/escolacanalzamora\/wp-json\/wp\/v2\/pages\/5230","targetHints":{"allow":["GET"]}}],"collection":[{"href":"https:\/\/agora.xtec.cat\/escolacanalzamora\/wp-json\/wp\/v2\/pages"}],"about":[{"href":"https:\/\/agora.xtec.cat\/escolacanalzamora\/wp-json\/wp\/v2\/types\/page"}],"author":[{"embeddable":true,"href":"https:\/\/agora.xtec.cat\/escolacanalzamora\/wp-json\/wp\/v2\/users\/1"}],"replies":[{"embeddable":true,"href":"https:\/\/agora.xtec.cat\/escolacanalzamora\/wp-json\/wp\/v2\/comments?post=5230"}],"version-history":[{"count":1,"href":"https:\/\/agora.xtec.cat\/escolacanalzamora\/wp-json\/wp\/v2\/pages\/5230\/revisions"}],"predecessor-version":[{"id":5232,"href":"https:\/\/agora.xtec.cat\/escolacanalzamora\/wp-json\/wp\/v2\/pages\/5230\/revisions\/5232"}],"wp:attachment":[{"href":"https:\/\/agora.xtec.cat\/escolacanalzamora\/wp-json\/wp\/v2\/media?parent=5230"}],"curies":[{"name":"wp","href":"https:\/\/api.w.org\/{rel}","templated":true}]}}