{"id":38,"date":"2014-09-18T12:34:08","date_gmt":"2014-09-18T11:34:08","guid":{"rendered":"http:\/\/agora.xtec.cat\/escolacanalzamora\/?page_id=38"},"modified":"2022-11-11T09:32:48","modified_gmt":"2022-11-11T08:32:48","slug":"salut","status":"publish","type":"page","link":"https:\/\/agora.xtec.cat\/escolacanalzamora\/lescola\/salut\/","title":{"rendered":"Salut"},"content":{"rendered":"<p>En aquesta p\u00e0gina anireu trobant les diferents recomanacions que ens adrecen els organismes p\u00fablics de salut sobre diferents temes; medicacions, par\u00e0sits, malalties&#8230;<\/p>\n<p>Tanmateix trobareu els documents d&#8217;autoritzaci\u00f3 relatius als temes de salut.<\/p>\n<p><a href=\"https:\/\/agora.xtec.cat\/escolacanalzamora\/wp-content\/uploads\/usu1932\/2018\/11\/polls.pdf\">Prevenci\u00f3 de polls<\/a><\/p>\n<p><a href=\"https:\/\/agora.xtec.cat\/escolacanalzamora\/wp-content\/uploads\/usu1932\/2018\/11\/grip-a1.pdf\">Recomanacions sobre la grip A<\/a><\/p>\n<p><a href=\"https:\/\/agora.xtec.cat\/escolacanalzamora\/wp-content\/uploads\/usu1932\/2018\/11\/Que-es-la-tos-ferina-2018-1.pdf\">Recomanacions sobre la Tos ferina<\/a><\/p>\n<p><a href=\"https:\/\/agora.xtec.cat\/escolacanalzamora\/wp-content\/uploads\/usu1932\/2022\/11\/autoritzacio-medicacio.pdf\">autoritzaci\u00f3 per a l&#8217;administraci\u00f3 de medicaci\u00f3 a l&#8217;escola<\/a><\/p>\n<p><a href=\"https:\/\/agora.xtec.cat\/escolacanalzamora\/wp-content\/uploads\/usu1932\/2020\/10\/Autoritzaci\u00f3-paracetamol.pdf\">Autoritzaci\u00f3 de l&#8217;administraci\u00f3 de paracetamol<\/a><\/p>\n<p><a href=\"https:\/\/agora.xtec.cat\/escolacanalzamora\/wp-content\/uploads\/usu1932\/2020\/10\/Autoritzacio_proves_covid.pdf\">Autoritzaci\u00f3 de proves Covid<\/a><\/p>\n<p><a href=\"https:\/\/agora.xtec.cat\/escolacanalzamora\/wp-content\/uploads\/usu1932\/2021\/07\/autoritzaci\u00f3-dades-servei-infermeria-revisat-tractament-v2.pdf\">Autoritzaci\u00f3 per l&#8217;atenci\u00f3 de l&#8217;alumnat amb necessitats especials de salut als centres educatius<\/a><\/p>\n<p>&nbsp;<\/p>\n<p>&nbsp;<\/p>\n<p>&nbsp;<\/p>\n<p>&nbsp;<\/p>\n<p>&nbsp;<\/p>\n","protected":false},"excerpt":{"rendered":"<p>En aquesta p\u00e0gina anireu trobant les diferents recomanacions que ens adrecen els organismes p\u00fablics de salut sobre diferents temes; medicacions, par\u00e0sits, malalties&#8230;<br \/>\nTanmateix trobareu els documents d&#8217;autoritzaci\u00f3 relatius als temes de salut.<br \/>\n<a href=\"https:\/\/agora.xtec.cat\/escolacanalzamora\/wp-content\/uploads\/usu1932\/2018\/11\/polls.pdf\">Prevenci\u00f3 de polls<\/a><br \/>\n<a href=\"https:\/\/agora.xtec.cat\/escolacanalzamora\/wp-content\/uploads\/usu1932\/2018\/11\/grip-a1.pdf\">Recomanacions sobre la grip A<\/a><br \/>\n<a href=\"https:\/\/agora.xtec.cat\/escolacanalzamora\/wp-content\/uploads\/usu1932\/2018\/11\/Que-es-la-tos-ferina-2018-1.pdf\">Recomanacions sobre la Tos ferina<\/a><br \/>\n<a href=\"https:\/\/agora.xtec.cat\/escolacanalzamora\/wp-content\/uploads\/usu1932\/2022\/11\/autoritzacio-medicacio.pdf\">autoritzaci\u00f3&hellip;  <a href=\"https:\/\/agora.xtec.cat\/escolacanalzamora\/lescola\/salut\/\" title=\"Read Salut\">Llegeix m\u00e9s\u00bb<\/a><\/p>\n","protected":false},"author":1,"featured_media":0,"parent":22,"menu_order":80,"comment_status":"closed","ping_status":"closed","template":"page-templates\/side-menu.php","meta":{"_bbp_topic_count":0,"_bbp_reply_count":0,"_bbp_total_topic_count":0,"_bbp_total_reply_count":0,"_bbp_voice_count":0,"_bbp_anonymous_reply_count":0,"_bbp_topic_count_hidden":0,"_bbp_reply_count_hidden":0,"_bbp_forum_subforum_count":0,"footnotes":""},"class_list":["post-38","page","type-page","status-publish","hentry"],"post_mailing_queue_ids":[],"_links":{"self":[{"href":"https:\/\/agora.xtec.cat\/escolacanalzamora\/wp-json\/wp\/v2\/pages\/38","targetHints":{"allow":["GET"]}}],"collection":[{"href":"https:\/\/agora.xtec.cat\/escolacanalzamora\/wp-json\/wp\/v2\/pages"}],"about":[{"href":"https:\/\/agora.xtec.cat\/escolacanalzamora\/wp-json\/wp\/v2\/types\/page"}],"author":[{"embeddable":true,"href":"https:\/\/agora.xtec.cat\/escolacanalzamora\/wp-json\/wp\/v2\/users\/1"}],"replies":[{"embeddable":true,"href":"https:\/\/agora.xtec.cat\/escolacanalzamora\/wp-json\/wp\/v2\/comments?post=38"}],"version-history":[{"count":3,"href":"https:\/\/agora.xtec.cat\/escolacanalzamora\/wp-json\/wp\/v2\/pages\/38\/revisions"}],"predecessor-version":[{"id":5474,"href":"https:\/\/agora.xtec.cat\/escolacanalzamora\/wp-json\/wp\/v2\/pages\/38\/revisions\/5474"}],"up":[{"embeddable":true,"href":"https:\/\/agora.xtec.cat\/escolacanalzamora\/wp-json\/wp\/v2\/pages\/22"}],"wp:attachment":[{"href":"https:\/\/agora.xtec.cat\/escolacanalzamora\/wp-json\/wp\/v2\/media?parent=38"}],"curies":[{"name":"wp","href":"https:\/\/api.w.org\/{rel}","templated":true}]}}