{"id":3685,"date":"2021-06-01T15:21:26","date_gmt":"2021-06-01T13:21:26","guid":{"rendered":"https:\/\/agora.xtec.cat\/escolacanalzamora\/?page_id=3685"},"modified":"2021-06-01T15:28:49","modified_gmt":"2021-06-01T13:28:49","slug":"projecte-de-convivencia","status":"publish","type":"page","link":"https:\/\/agora.xtec.cat\/escolacanalzamora\/projecte-de-convivencia\/","title":{"rendered":"Projecte de conviv\u00e8ncia"},"content":{"rendered":"<p>El Projecte de conviv\u00e8ncia t\u00e9 com a missi\u00f3 contribuir a l\u2019\u00e8xit personal, acad\u00e8mic, social i laboral de tot l\u2019alumnat.<br \/>\nEls objectius generals s\u00f3n:<\/p>\n<ul>\n<li>Assegurar i garantir la participaci\u00f3, la implicaci\u00f3 i el comprom\u00eds de tota la comunitat escolar.<\/li>\n<li>Ajudar cada alumne a relacionar-se amb si mateix, amb els altres i amb el m\u00f3n.<\/li>\n<li>Potenciar l&#8217;equitat i el respecte a la diversitat de l\u2019alumnat en un marc de valors compartits.<\/li>\n<li>Fomentar la mediaci\u00f3 escolar i la cultura del di\u00e0leg com a eina b\u00e0sica en la gesti\u00f3 del conflicte.<\/li>\n<li>Fomentar una cultura de la pau i la no-viol\u00e8ncia, juntament amb els valors que fan possible preservar i enriquir la vida de totes les persones.<\/li>\n<\/ul>\n<p>El projecte educatiu de la nostra escola ha estat aprovat en sessi\u00f3 de Consell Escolar el 31 de maig de 2021.<\/p>\n<p>feu clic a la imatge per llegir el Projecte de conviv\u00e8ncia.<\/p>\n<p>&nbsp;<\/p>\n<p><a href=\"https:\/\/drive.google.com\/file\/d\/17c1gxnI6_hyxUlLI374RoBHXMBnsBA2C\/view?usp=sharing\"><img loading=\"lazy\" decoding=\"async\" class=\"wp-image-3689 size-full aligncenter\" src=\"https:\/\/agora.xtec.cat\/escolacanalzamora\/wp-content\/uploads\/usu1932\/2021\/06\/conviv\u00e8ncia2.jpg\" alt=\"\" width=\"270\" height=\"187\" \/><\/a><\/p>\n<p>&nbsp;<\/p>\n","protected":false},"excerpt":{"rendered":"<p>El Projecte de conviv\u00e8ncia t\u00e9 com a missi\u00f3 contribuir a l\u2019\u00e8xit personal, acad\u00e8mic, social i laboral de tot l\u2019alumnat.<br \/>\nEls objectius generals s\u00f3n:<\/p>\n<ul>\n<li>Assegurar i garantir la participaci\u00f3, la implicaci\u00f3 i el comprom\u00eds de tota la comunitat escolar.<\/li>\n<li>Ajudar cada alumne a relacionar-se amb si mateix, amb els&hellip;  <a href=\"https:\/\/agora.xtec.cat\/escolacanalzamora\/projecte-de-convivencia\/\" title=\"Read Projecte de conviv\u00e8ncia\">Llegeix m\u00e9s\u00bb<\/a><br \/>\n","protected":false},"author":1,"featured_media":0,"parent":0,"menu_order":0,"comment_status":"closed","ping_status":"closed","template":"","meta":{"_bbp_topic_count":0,"_bbp_reply_count":0,"_bbp_total_topic_count":0,"_bbp_total_reply_count":0,"_bbp_voice_count":0,"_bbp_anonymous_reply_count":0,"_bbp_topic_count_hidden":0,"_bbp_reply_count_hidden":0,"_bbp_forum_subforum_count":0,"footnotes":""},"class_list":["post-3685","page","type-page","status-publish","hentry"],"post_mailing_queue_ids":[],"_links":{"self":[{"href":"https:\/\/agora.xtec.cat\/escolacanalzamora\/wp-json\/wp\/v2\/pages\/3685","targetHints":{"allow":["GET"]}}],"collection":[{"href":"https:\/\/agora.xtec.cat\/escolacanalzamora\/wp-json\/wp\/v2\/pages"}],"about":[{"href":"https:\/\/agora.xtec.cat\/escolacanalzamora\/wp-json\/wp\/v2\/types\/page"}],"author":[{"embeddable":true,"href":"https:\/\/agora.xtec.cat\/escolacanalzamora\/wp-json\/wp\/v2\/users\/1"}],"replies":[{"embeddable":true,"href":"https:\/\/agora.xtec.cat\/escolacanalzamora\/wp-json\/wp\/v2\/comments?post=3685"}],"version-history":[{"count":2,"href":"https:\/\/agora.xtec.cat\/escolacanalzamora\/wp-json\/wp\/v2\/pages\/3685\/revisions"}],"predecessor-version":[{"id":3690,"href":"https:\/\/agora.xtec.cat\/escolacanalzamora\/wp-json\/wp\/v2\/pages\/3685\/revisions\/3690"}],"wp:attachment":[{"href":"https:\/\/agora.xtec.cat\/escolacanalzamora\/wp-json\/wp\/v2\/media?parent=3685"}],"curies":[{"name":"wp","href":"https:\/\/api.w.org\/{rel}","templated":true}]}}