{"id":26,"date":"2014-09-18T12:24:32","date_gmt":"2014-09-18T11:24:32","guid":{"rendered":"http:\/\/agora.xtec.cat\/escolacanalzamora\/?page_id=26"},"modified":"2025-10-07T10:53:50","modified_gmt":"2025-10-07T08:53:50","slug":"historia","status":"publish","type":"page","link":"https:\/\/agora.xtec.cat\/escolacanalzamora\/lescola\/historia\/","title":{"rendered":"Hist\u00f2ria"},"content":{"rendered":"<p style=\"text-align: justify;\">Som un centre p\u00fablic que va entrar en funcionament el curs de 2005 \u2013 2006, provisionalment a l\u2019espai adaptat de l\u2019antic IES Bullidor, mentre es constru\u00efa el nou edifici que funciona plenament des de l\u20191 de setembre de 2006.<\/p>\n<p style=\"text-align: justify;\">El Col\u00b7legi ca n\u2019Alzamora est\u00e0 situat al carrer Antoni Sed\u00f3 del barri Ca n\u2019Alzamora; \u00e9s un centre de dues l\u00ednies completes d\u2019educaci\u00f3 infantil i dues l\u00ednies de prim\u00e0ria.<\/p>\n<p style=\"text-align: justify;\">El nou edifici consta de tres espais diferenciats: pavell\u00f3 d\u2019infantil, pavell\u00f3 de prim\u00e0ria i gimn\u00e0s. A part, hi ha les pistes esportives i el pati d\u2019esbarjo.<\/p>\n<p style=\"text-align: justify;\">En total, l\u2019escola t\u00e9 18 aules i diferents espais complementaris: aula de psicomotricitat, aules per treballar els diferents tipus d\u2019agrupaments, biblioteca, aula d\u2019idiomes, aula de ci\u00e8ncies, aula de m\u00fasica, tutories, menjador, cuina, etc.<\/p>\n<p style=\"text-align: justify;\">\n<p>&nbsp;<\/p>\n","protected":false},"excerpt":{"rendered":"<p>Som un centre p\u00fablic que va entrar en funcionament el curs de 2005 \u2013 2006, provisionalment a l\u2019espai adaptat de l\u2019antic IES Bullidor, mentre es constru\u00efa el nou edifici que funciona plenament des de l\u20191 de setembre de 2006.<br \/>\nEl Col\u00b7legi ca n\u2019Alzamora est\u00e0 situat al&hellip;  <a href=\"https:\/\/agora.xtec.cat\/escolacanalzamora\/lescola\/historia\/\" title=\"Read Hist\u00f2ria\">Llegeix m\u00e9s\u00bb<\/a><\/p>\n","protected":false},"author":1,"featured_media":0,"parent":22,"menu_order":20,"comment_status":"closed","ping_status":"closed","template":"page-templates\/side-menu.php","meta":{"_bbp_topic_count":0,"_bbp_reply_count":0,"_bbp_total_topic_count":0,"_bbp_total_reply_count":0,"_bbp_voice_count":0,"_bbp_anonymous_reply_count":0,"_bbp_topic_count_hidden":0,"_bbp_reply_count_hidden":0,"_bbp_forum_subforum_count":0,"footnotes":""},"class_list":["post-26","page","type-page","status-publish","hentry"],"post_mailing_queue_ids":[],"_links":{"self":[{"href":"https:\/\/agora.xtec.cat\/escolacanalzamora\/wp-json\/wp\/v2\/pages\/26","targetHints":{"allow":["GET"]}}],"collection":[{"href":"https:\/\/agora.xtec.cat\/escolacanalzamora\/wp-json\/wp\/v2\/pages"}],"about":[{"href":"https:\/\/agora.xtec.cat\/escolacanalzamora\/wp-json\/wp\/v2\/types\/page"}],"author":[{"embeddable":true,"href":"https:\/\/agora.xtec.cat\/escolacanalzamora\/wp-json\/wp\/v2\/users\/1"}],"replies":[{"embeddable":true,"href":"https:\/\/agora.xtec.cat\/escolacanalzamora\/wp-json\/wp\/v2\/comments?post=26"}],"version-history":[{"count":4,"href":"https:\/\/agora.xtec.cat\/escolacanalzamora\/wp-json\/wp\/v2\/pages\/26\/revisions"}],"predecessor-version":[{"id":8278,"href":"https:\/\/agora.xtec.cat\/escolacanalzamora\/wp-json\/wp\/v2\/pages\/26\/revisions\/8278"}],"up":[{"embeddable":true,"href":"https:\/\/agora.xtec.cat\/escolacanalzamora\/wp-json\/wp\/v2\/pages\/22"}],"wp:attachment":[{"href":"https:\/\/agora.xtec.cat\/escolacanalzamora\/wp-json\/wp\/v2\/media?parent=26"}],"curies":[{"name":"wp","href":"https:\/\/api.w.org\/{rel}","templated":true}]}}