{"id":2002,"date":"2020-02-06T13:00:42","date_gmt":"2020-02-06T12:00:42","guid":{"rendered":"https:\/\/agora.xtec.cat\/escolacanalzamora\/?page_id=2002"},"modified":"2022-05-09T12:06:34","modified_gmt":"2022-05-09T10:06:34","slug":"projecte-de-direccio","status":"publish","type":"page","link":"https:\/\/agora.xtec.cat\/escolacanalzamora\/projecte-de-direccio\/","title":{"rendered":"Projecte de Direcci\u00f3"},"content":{"rendered":"<p>El Projecte de Direcci\u00f3 \u00e9s un document b\u00e0sic de gesti\u00f3 del centre docent i un instrument de la seva autonomia: desplega el projecte educatiu, quantifica i temporalitza les millores i vincula l&#8217;acci\u00f3 dels \u00f2rgans unipersonals i col\u00b7legiats. Podeu veure el resum del projecte <a href=\"https:\/\/agora.xtec.cat\/escolacanalzamora\/wp-content\/uploads\/usu1932\/2022\/05\/resum-PdD.pdf\">fent clic aqu\u00ed<\/a> o b\u00e9 feu clic a la imatge per veure la presentaci\u00f3.<\/p>\n<p><a href=\"https:\/\/view.genial.ly\/625ed88a2001eb00119f73c7\/presentation-pres-projdireccio\"><img loading=\"lazy\" decoding=\"async\" class=\"aligncenter wp-image-2004\" src=\"https:\/\/agora.xtec.cat\/escolacanalzamora\/wp-content\/uploads\/usu1932\/2020\/02\/escola.png\" alt=\"\" width=\"548\" height=\"314\" srcset=\"https:\/\/agora.xtec.cat\/escolacanalzamora\/wp-content\/uploads\/usu1932\/2020\/02\/escola.png 742w, https:\/\/agora.xtec.cat\/escolacanalzamora\/wp-content\/uploads\/usu1932\/2020\/02\/escola-300x172.png 300w\" sizes=\"auto, (max-width: 548px) 100vw, 548px\" \/><\/a><\/p>\n","protected":false},"excerpt":{"rendered":"<p>El Projecte de Direcci\u00f3 \u00e9s un document b\u00e0sic de gesti\u00f3 del centre docent i un instrument de la seva autonomia: desplega el projecte educatiu, quantifica i temporalitza les millores i vincula l&#8217;acci\u00f3 dels \u00f2rgans unipersonals i col\u00b7legiats. Podeu veure el resum del projecte <a href=\"https:\/\/agora.xtec.cat\/escolacanalzamora\/wp-content\/uploads\/usu1932\/2022\/05\/resum-PdD.pdf\">fent&hellip;  <a href=\"https:\/\/agora.xtec.cat\/escolacanalzamora\/projecte-de-direccio\/\" title=\"Read Projecte de Direcci\u00f3\">Llegeix m\u00e9s\u00bb<\/a><\/p>\n","protected":false},"author":1,"featured_media":0,"parent":0,"menu_order":0,"comment_status":"closed","ping_status":"closed","template":"","meta":{"_bbp_topic_count":0,"_bbp_reply_count":0,"_bbp_total_topic_count":0,"_bbp_total_reply_count":0,"_bbp_voice_count":0,"_bbp_anonymous_reply_count":0,"_bbp_topic_count_hidden":0,"_bbp_reply_count_hidden":0,"_bbp_forum_subforum_count":0,"footnotes":""},"class_list":["post-2002","page","type-page","status-publish","hentry"],"post_mailing_queue_ids":[],"_links":{"self":[{"href":"https:\/\/agora.xtec.cat\/escolacanalzamora\/wp-json\/wp\/v2\/pages\/2002","targetHints":{"allow":["GET"]}}],"collection":[{"href":"https:\/\/agora.xtec.cat\/escolacanalzamora\/wp-json\/wp\/v2\/pages"}],"about":[{"href":"https:\/\/agora.xtec.cat\/escolacanalzamora\/wp-json\/wp\/v2\/types\/page"}],"author":[{"embeddable":true,"href":"https:\/\/agora.xtec.cat\/escolacanalzamora\/wp-json\/wp\/v2\/users\/1"}],"replies":[{"embeddable":true,"href":"https:\/\/agora.xtec.cat\/escolacanalzamora\/wp-json\/wp\/v2\/comments?post=2002"}],"version-history":[{"count":3,"href":"https:\/\/agora.xtec.cat\/escolacanalzamora\/wp-json\/wp\/v2\/pages\/2002\/revisions"}],"predecessor-version":[{"id":4960,"href":"https:\/\/agora.xtec.cat\/escolacanalzamora\/wp-json\/wp\/v2\/pages\/2002\/revisions\/4960"}],"wp:attachment":[{"href":"https:\/\/agora.xtec.cat\/escolacanalzamora\/wp-json\/wp\/v2\/media?parent=2002"}],"curies":[{"name":"wp","href":"https:\/\/api.w.org\/{rel}","templated":true}]}}