{"id":1922,"date":"2020-01-30T15:53:59","date_gmt":"2020-01-30T14:53:59","guid":{"rendered":"https:\/\/agora.xtec.cat\/escolacanalzamora\/?page_id=1922"},"modified":"2022-10-19T10:23:00","modified_gmt":"2022-10-19T08:23:00","slug":"acde","status":"publish","type":"page","link":"https:\/\/agora.xtec.cat\/escolacanalzamora\/acde\/","title":{"rendered":"ACDE"},"content":{"rendered":"<p>El Departament d\u2019Educaci\u00f3 impulsa i prioritza els acords de corresponsabilitat amb els centres educatius, amb la finalitat de:<\/p>\n<p>&#8211; potenciar l&#8217;autonomia dels centres<\/p>\n<p>&#8211; donar suport als objectius del projecte de direcci\u00f3<\/p>\n<p>&#8211; fomentar el lideratge fort i distribu\u00eft de la direcci\u00f3 i de l&#8217;equip directiu<\/p>\n<p>Els\u00a0acords de corresponsabilitat\u00a0es signen amb centres que desenvolupen estrat\u00e8gies orientades a assegurar l&#8217;equitat i a millorar els resultats educatius en entorns de caracter\u00edstiques socio- econ\u00f2miques i culturals desafavorides o singulars, aix\u00ed com a prevenir l&#8217;abandonament primerenc de l&#8217;educaci\u00f3 i la formaci\u00f3. Tamb\u00e9 amb aquells centres que desenvolupen projectes d&#8217;excel\u00b7l\u00e8ncia educativa que aporten experi\u00e8ncies de qualitat al sistema educatiu.<\/p>\n<p>En aquest document es recull l&#8217;acord de corresponsabilitat amb el Departament d&#8217;Ensenyament pel curs 2022-23.<\/p>\n<p><a href=\"https:\/\/agora.xtec.cat\/escolacanalzamora\/wp-content\/uploads\/usu1932\/2022\/10\/PGA_ACDE_2022_23.pdf\"><img loading=\"lazy\" decoding=\"async\" class=\"aligncenter wp-image-1923 size-full\" src=\"https:\/\/agora.xtec.cat\/escolacanalzamora\/wp-content\/uploads\/usu1932\/2020\/01\/acde.jpg\" alt=\"\" width=\"365\" height=\"138\" srcset=\"https:\/\/agora.xtec.cat\/escolacanalzamora\/wp-content\/uploads\/usu1932\/2020\/01\/acde.jpg 365w, https:\/\/agora.xtec.cat\/escolacanalzamora\/wp-content\/uploads\/usu1932\/2020\/01\/acde-300x113.jpg 300w\" sizes=\"auto, (max-width: 365px) 100vw, 365px\" \/><\/a><\/p>\n","protected":false},"excerpt":{"rendered":"<p>El Departament d\u2019Educaci\u00f3 impulsa i prioritza els acords de corresponsabilitat amb els centres educatius, amb la finalitat de:<br \/>\n&#8211; potenciar l&#8217;autonomia dels centres<br \/>\n&#8211; donar suport als objectius del projecte de direcci\u00f3<br \/>\n&#8211; fomentar el lideratge fort i distribu\u00eft de la direcci\u00f3 i de l&#8217;equip directiu<br \/>\nEls\u00a0acords de corresponsabilitat\u00a0es&hellip;  <a href=\"https:\/\/agora.xtec.cat\/escolacanalzamora\/acde\/\" title=\"Read ACDE\">Llegeix m\u00e9s\u00bb<\/a><\/p>\n","protected":false},"author":1,"featured_media":0,"parent":0,"menu_order":0,"comment_status":"closed","ping_status":"closed","template":"","meta":{"_bbp_topic_count":0,"_bbp_reply_count":0,"_bbp_total_topic_count":0,"_bbp_total_reply_count":0,"_bbp_voice_count":0,"_bbp_anonymous_reply_count":0,"_bbp_topic_count_hidden":0,"_bbp_reply_count_hidden":0,"_bbp_forum_subforum_count":0,"footnotes":""},"class_list":["post-1922","page","type-page","status-publish","hentry"],"post_mailing_queue_ids":[],"_links":{"self":[{"href":"https:\/\/agora.xtec.cat\/escolacanalzamora\/wp-json\/wp\/v2\/pages\/1922","targetHints":{"allow":["GET"]}}],"collection":[{"href":"https:\/\/agora.xtec.cat\/escolacanalzamora\/wp-json\/wp\/v2\/pages"}],"about":[{"href":"https:\/\/agora.xtec.cat\/escolacanalzamora\/wp-json\/wp\/v2\/types\/page"}],"author":[{"embeddable":true,"href":"https:\/\/agora.xtec.cat\/escolacanalzamora\/wp-json\/wp\/v2\/users\/1"}],"replies":[{"embeddable":true,"href":"https:\/\/agora.xtec.cat\/escolacanalzamora\/wp-json\/wp\/v2\/comments?post=1922"}],"version-history":[{"count":4,"href":"https:\/\/agora.xtec.cat\/escolacanalzamora\/wp-json\/wp\/v2\/pages\/1922\/revisions"}],"predecessor-version":[{"id":5326,"href":"https:\/\/agora.xtec.cat\/escolacanalzamora\/wp-json\/wp\/v2\/pages\/1922\/revisions\/5326"}],"wp:attachment":[{"href":"https:\/\/agora.xtec.cat\/escolacanalzamora\/wp-json\/wp\/v2\/media?parent=1922"}],"curies":[{"name":"wp","href":"https:\/\/api.w.org\/{rel}","templated":true}]}}