{"id":1680,"date":"2019-12-12T13:17:49","date_gmt":"2019-12-12T12:17:49","guid":{"rendered":"https:\/\/agora.xtec.cat\/escolacanalzamora\/?page_id=1680"},"modified":"2025-07-10T13:27:42","modified_gmt":"2025-07-10T11:27:42","slug":"aportacions-de-families","status":"publish","type":"page","link":"https:\/\/agora.xtec.cat\/escolacanalzamora\/aportacions-de-families\/","title":{"rendered":"Aportacions de fam\u00edlies"},"content":{"rendered":"<p>Les fam\u00edlies feu diferents tipus d&#8217;aportacions:<\/p>\n<p><strong>A l&#8217;escola:<\/strong><\/p>\n<p style=\"text-align: justify;\">L&#8217;escola gestiona les aportacions de fam\u00edlies per material fungible i d&#8217;\u00fas educatiu, les sortides i col\u00f2nies. L&#8217;aportaci\u00f3 per material escolar \u00e9s de 98 euros a Educaci\u00f3 Infantil i de 92 euros a Educaci\u00f3 Prim\u00e0ria, un cop al curs. L&#8217;aportaci\u00f3 per sortides \u00e9s de 90 euros a Infantil i 70 euros a Prim\u00e0ria, un cop al curs. Les col\u00f2nies es paguen independentment a aquestes quotes.<\/p>\n<p><strong>A l&#8217;AFI:<\/strong><\/p>\n<p>L&#8217;AFI estableix una quota de socis, per fam\u00edlia, de 44 euros (pel finan\u00e7ament de millores a l&#8217;escola, manteniment de plataforma, servei de secretaria d&#8217;AFI&#8230;) i una quota de 158 euros, per alumne\/a, que inclou els llibres de text, les despeses dels regals de Nadal i l&#8217;auxiliar de conversa en angl\u00e8s.<\/p>\n<p>A m\u00e9s, l&#8217;AFI gestiona el menjador escolar i les activitats extraescolars.<\/p>\n<p>Per a m\u00e9s informaci\u00f3, podeu consultar els documents d&#8217;AFI adjunts:<\/p>\n<p><a href=\"https:\/\/agora.xtec.cat\/escolacanalzamora\/wp-content\/uploads\/usu1932\/2025\/07\/DOSSIER-FAMILIES-AFI-25-26-3-1.pdf\">Dossier AFI Ca n&#8217;Alzamora, curs 25-26<\/a><\/p>\n<p><a href=\"https:\/\/agora.xtec.cat\/escolacanalzamora\/wp-content\/uploads\/usu1932\/2025\/07\/I3-DOSSIER-Quotes-Desgossades-Curs-2025_26-Ca-nAlzamora-2.pdf\">Dossier quotes AFI Ca n&#8217;Alzamora, curs 25-26<\/a><\/p>\n<p>&nbsp;<\/p>\n<p>&nbsp;<\/p>\n<p>&nbsp;<\/p>\n","protected":false},"excerpt":{"rendered":"<p>Les fam\u00edlies feu diferents tipus d&#8217;aportacions:<br \/>\nA l&#8217;escola:<br \/>\nL&#8217;escola gestiona les aportacions de fam\u00edlies per material fungible i d&#8217;\u00fas educatiu, les sortides i col\u00f2nies. L&#8217;aportaci\u00f3 per material escolar \u00e9s de 98 euros a Educaci\u00f3 Infantil i de 92 euros a Educaci\u00f3 Prim\u00e0ria, un cop al curs. L&#8217;aportaci\u00f3&hellip;  <a href=\"https:\/\/agora.xtec.cat\/escolacanalzamora\/aportacions-de-families\/\" title=\"Read Aportacions de fam\u00edlies\">Llegeix m\u00e9s\u00bb<\/a><\/p>\n","protected":false},"author":1,"featured_media":0,"parent":0,"menu_order":0,"comment_status":"closed","ping_status":"closed","template":"","meta":{"_bbp_topic_count":0,"_bbp_reply_count":0,"_bbp_total_topic_count":0,"_bbp_total_reply_count":0,"_bbp_voice_count":0,"_bbp_anonymous_reply_count":0,"_bbp_topic_count_hidden":0,"_bbp_reply_count_hidden":0,"_bbp_forum_subforum_count":0,"footnotes":""},"class_list":["post-1680","page","type-page","status-publish","hentry"],"post_mailing_queue_ids":[],"_links":{"self":[{"href":"https:\/\/agora.xtec.cat\/escolacanalzamora\/wp-json\/wp\/v2\/pages\/1680","targetHints":{"allow":["GET"]}}],"collection":[{"href":"https:\/\/agora.xtec.cat\/escolacanalzamora\/wp-json\/wp\/v2\/pages"}],"about":[{"href":"https:\/\/agora.xtec.cat\/escolacanalzamora\/wp-json\/wp\/v2\/types\/page"}],"author":[{"embeddable":true,"href":"https:\/\/agora.xtec.cat\/escolacanalzamora\/wp-json\/wp\/v2\/users\/1"}],"replies":[{"embeddable":true,"href":"https:\/\/agora.xtec.cat\/escolacanalzamora\/wp-json\/wp\/v2\/comments?post=1680"}],"version-history":[{"count":7,"href":"https:\/\/agora.xtec.cat\/escolacanalzamora\/wp-json\/wp\/v2\/pages\/1680\/revisions"}],"predecessor-version":[{"id":8239,"href":"https:\/\/agora.xtec.cat\/escolacanalzamora\/wp-json\/wp\/v2\/pages\/1680\/revisions\/8239"}],"wp:attachment":[{"href":"https:\/\/agora.xtec.cat\/escolacanalzamora\/wp-json\/wp\/v2\/media?parent=1680"}],"curies":[{"name":"wp","href":"https:\/\/api.w.org\/{rel}","templated":true}]}}