{"id":1678,"date":"2019-12-12T13:17:49","date_gmt":"2019-12-12T12:17:49","guid":{"rendered":"https:\/\/agora.xtec.cat\/escolacanalzamora\/?page_id=1678"},"modified":"2025-02-13T09:15:17","modified_gmt":"2025-02-13T08:15:17","slug":"convenis-vigents","status":"publish","type":"page","link":"https:\/\/agora.xtec.cat\/escolacanalzamora\/convenis-vigents\/","title":{"rendered":"Convenis vigents"},"content":{"rendered":"<p><a href=\"https:\/\/agora.xtec.cat\/escolacanalzamora\/wp-content\/uploads\/usu1932\/2025\/02\/conveni-subvencio-transport.pdf\">Conveni de subvenci\u00f3 directa nominativa del transport utilitzat per a dur a terme les activitats pedag\u00f2giques del Servei d&#8217;educaci\u00f3 de l&#8217;Ajuntament de Rub\u00ed.<\/a><\/p>\n","protected":false},"excerpt":{"rendered":"<p><a href=\"https:\/\/agora.xtec.cat\/escolacanalzamora\/wp-content\/uploads\/usu1932\/2025\/02\/conveni-subvencio-transport.pdf\">Conveni de subvenci\u00f3 directa nominativa del transport utilitzat per a dur a terme les activitats pedag\u00f2giques del Servei d&#8217;educaci\u00f3 de l&#8217;Ajuntament de Rub\u00ed.<\/a><\/p>\n","protected":false},"author":1,"featured_media":0,"parent":0,"menu_order":0,"comment_status":"closed","ping_status":"closed","template":"","meta":{"_bbp_topic_count":0,"_bbp_reply_count":0,"_bbp_total_topic_count":0,"_bbp_total_reply_count":0,"_bbp_voice_count":0,"_bbp_anonymous_reply_count":0,"_bbp_topic_count_hidden":0,"_bbp_reply_count_hidden":0,"_bbp_forum_subforum_count":0,"footnotes":""},"class_list":["post-1678","page","type-page","status-publish","hentry"],"post_mailing_queue_ids":[],"_links":{"self":[{"href":"https:\/\/agora.xtec.cat\/escolacanalzamora\/wp-json\/wp\/v2\/pages\/1678","targetHints":{"allow":["GET"]}}],"collection":[{"href":"https:\/\/agora.xtec.cat\/escolacanalzamora\/wp-json\/wp\/v2\/pages"}],"about":[{"href":"https:\/\/agora.xtec.cat\/escolacanalzamora\/wp-json\/wp\/v2\/types\/page"}],"author":[{"embeddable":true,"href":"https:\/\/agora.xtec.cat\/escolacanalzamora\/wp-json\/wp\/v2\/users\/1"}],"replies":[{"embeddable":true,"href":"https:\/\/agora.xtec.cat\/escolacanalzamora\/wp-json\/wp\/v2\/comments?post=1678"}],"version-history":[{"count":4,"href":"https:\/\/agora.xtec.cat\/escolacanalzamora\/wp-json\/wp\/v2\/pages\/1678\/revisions"}],"predecessor-version":[{"id":7866,"href":"https:\/\/agora.xtec.cat\/escolacanalzamora\/wp-json\/wp\/v2\/pages\/1678\/revisions\/7866"}],"wp:attachment":[{"href":"https:\/\/agora.xtec.cat\/escolacanalzamora\/wp-json\/wp\/v2\/media?parent=1678"}],"curies":[{"name":"wp","href":"https:\/\/api.w.org\/{rel}","templated":true}]}}