{"id":895,"date":"2019-03-17T20:13:46","date_gmt":"2019-03-17T19:13:46","guid":{"rendered":"http:\/\/agora.xtec.cat\/escolacampderros\/?page_id=895"},"modified":"2022-02-09T16:56:10","modified_gmt":"2022-02-09T15:56:10","slug":"pla-dangles","status":"publish","type":"page","link":"https:\/\/agora.xtec.cat\/escolacampderros\/projectes-de-centre\/pla-dangles\/","title":{"rendered":"PLA D&#8217;ANGL\u00c8S"},"content":{"rendered":"<p>&nbsp;<\/p>\n<p>A partir de P4 fan dues sessions setmanals, una de mig grup i una de grup sencer, a m\u00e9s de la sessi\u00f3 quinzenal de taller d&#8217;experimentaci\u00f3.<\/p>\n<p>A prim\u00e0ria els alumnes fan una sessi\u00f3 de grup sencer i una de mig grup i a partir de CS fan dues sessions de grup sencer i una de mig grup.<\/p>\n<p>A CS la pl\u00e0stica es fa en angl\u00e8s.<\/p>\n<p>A partir de CM els alumnes tenen un pla lector en angles i a l&#8217;estiu han de llegir un llibre en angl\u00e8s.<\/p>\n<p>A 6\u00e8 fem l&#8217;activitat de la r\u00e0dio, els alumnes expliquen en angl\u00e8s mitjan\u00e7ant la megafonia de l&#8217;escola fets importants de l&#8217;escola.<\/p>\n<p>Tamb\u00e9 participem en diferents projectes:<\/p>\n<ul>\n<li>sharing learning\u00a0 amb alumnes de 4t de la ESO de l&#8217;institut Vall d&#8217;Arus<\/li>\n<li>eTwinning projectes telem\u00e0tics que fem amb alumnes d&#8217;algun pa\u00eds Europeu<\/li>\n<\/ul>\n<p>&nbsp;<\/p>\n","protected":false},"excerpt":{"rendered":"<p>&nbsp; A partir de P4 fan dues sessions setmanals, una de mig grup i una de grup sencer, a m\u00e9s de la sessi\u00f3 quinzenal de taller d&#8217;experimentaci\u00f3. A prim\u00e0ria els alumnes fan una sessi\u00f3 de grup sencer i una de mig grup i a partir de CS fan dues sessions de grup sencer i una [&hellip;]<\/p>\n","protected":false},"author":3,"featured_media":0,"parent":527,"menu_order":0,"comment_status":"closed","ping_status":"closed","template":"page-templates\/side-menu.php","meta":{"_bbp_topic_count":0,"_bbp_reply_count":0,"_bbp_total_topic_count":0,"_bbp_total_reply_count":0,"_bbp_voice_count":0,"_bbp_anonymous_reply_count":0,"_bbp_topic_count_hidden":0,"_bbp_reply_count_hidden":0,"_bbp_forum_subforum_count":0,"site-sidebar-layout":"default","site-content-layout":"","ast-site-content-layout":"","site-content-style":"default","site-sidebar-style":"default","ast-global-header-display":"","ast-banner-title-visibility":"","ast-main-header-display":"","ast-hfb-above-header-display":"","ast-hfb-below-header-display":"","ast-hfb-mobile-header-display":"","site-post-title":"","ast-breadcrumbs-content":"","ast-featured-img":"","footer-sml-layout":"","theme-transparent-header-meta":"","adv-header-id-meta":"","stick-header-meta":"","header-above-stick-meta":"","header-main-stick-meta":"","header-below-stick-meta":"","astra-migrate-meta-layouts":"default","ast-page-background-enabled":"default","ast-page-background-meta":{"desktop":{"background-color":"var(--ast-global-color-4)","background-image":"","background-repeat":"repeat","background-position":"center center","background-size":"auto","background-attachment":"scroll","background-type":"","background-media":"","overlay-type":"","overlay-color":"","overlay-opacity":"","overlay-gradient":""},"tablet":{"background-color":"","background-image":"","background-repeat":"repeat","background-position":"center center","background-size":"auto","background-attachment":"scroll","background-type":"","background-media":"","overlay-type":"","overlay-color":"","overlay-opacity":"","overlay-gradient":""},"mobile":{"background-color":"","background-image":"","background-repeat":"repeat","background-position":"center center","background-size":"auto","background-attachment":"scroll","background-type":"","background-media":"","overlay-type":"","overlay-color":"","overlay-opacity":"","overlay-gradient":""}},"ast-content-background-meta":{"desktop":{"background-color":"var(--ast-global-color-5)","background-image":"","background-repeat":"repeat","background-position":"center center","background-size":"auto","background-attachment":"scroll","background-type":"","background-media":"","overlay-type":"","overlay-color":"","overlay-opacity":"","overlay-gradient":""},"tablet":{"background-color":"var(--ast-global-color-5)","background-image":"","background-repeat":"repeat","background-position":"center center","background-size":"auto","background-attachment":"scroll","background-type":"","background-media":"","overlay-type":"","overlay-color":"","overlay-opacity":"","overlay-gradient":""},"mobile":{"background-color":"var(--ast-global-color-5)","background-image":"","background-repeat":"repeat","background-position":"center center","background-size":"auto","background-attachment":"scroll","background-type":"","background-media":"","overlay-type":"","overlay-color":"","overlay-opacity":"","overlay-gradient":""}},"footnotes":""},"class_list":["post-895","page","type-page","status-publish","hentry"],"post_mailing_queue_ids":[],"_links":{"self":[{"href":"https:\/\/agora.xtec.cat\/escolacampderros\/wp-json\/wp\/v2\/pages\/895","targetHints":{"allow":["GET"]}}],"collection":[{"href":"https:\/\/agora.xtec.cat\/escolacampderros\/wp-json\/wp\/v2\/pages"}],"about":[{"href":"https:\/\/agora.xtec.cat\/escolacampderros\/wp-json\/wp\/v2\/types\/page"}],"author":[{"embeddable":true,"href":"https:\/\/agora.xtec.cat\/escolacampderros\/wp-json\/wp\/v2\/users\/3"}],"replies":[{"embeddable":true,"href":"https:\/\/agora.xtec.cat\/escolacampderros\/wp-json\/wp\/v2\/comments?post=895"}],"version-history":[{"count":3,"href":"https:\/\/agora.xtec.cat\/escolacampderros\/wp-json\/wp\/v2\/pages\/895\/revisions"}],"predecessor-version":[{"id":2490,"href":"https:\/\/agora.xtec.cat\/escolacampderros\/wp-json\/wp\/v2\/pages\/895\/revisions\/2490"}],"up":[{"embeddable":true,"href":"https:\/\/agora.xtec.cat\/escolacampderros\/wp-json\/wp\/v2\/pages\/527"}],"wp:attachment":[{"href":"https:\/\/agora.xtec.cat\/escolacampderros\/wp-json\/wp\/v2\/media?parent=895"}],"curies":[{"name":"wp","href":"https:\/\/api.w.org\/{rel}","templated":true}]}}