{"id":853,"date":"2019-02-19T11:47:50","date_gmt":"2019-02-19T10:47:50","guid":{"rendered":"http:\/\/agora.xtec.cat\/escolacampderros\/?page_id=853"},"modified":"2025-12-10T11:56:07","modified_gmt":"2025-12-10T10:56:07","slug":"ampa","status":"publish","type":"page","link":"https:\/\/agora.xtec.cat\/escolacampderros\/ampa\/","title":{"rendered":"AFA"},"content":{"rendered":"<p>L\u2019Associaci\u00f3 de Mares i de Pares d\u2019aquesta escola va ser fundada l\u2019any 2008 i va comen\u00e7ar a funcionar quan els primers infants de l\u2019escola estaven al CEIP L\u2019Olivera, mentre es feien les obres de l\u2019Escola.<br \/>\nLa Presidenta Fundadora va ser l\u2019Anna Ant\u00f3n i Asensi, qui va ser nomenada S\u00f2cia Fundadora d\u2019Honor per l\u2019Assemblea General .<\/p>\n<p>L\u2019AFA ofereix Servei de Menjador, Acollida, Venda de Llibres i Quaderns de Text, no de reutilitzaci\u00f3, i Venda de Roba Esportiva. Tots aquests serveis funcionen en r\u00e8gim de gesti\u00f3 indirecta amb l\u2019empresa DACOR, EDUCACI\u00d3 I ESPORT.<\/p>\n<p>L\u2019AFA es proposa millorar la gesti\u00f3 di\u00e0ria, augmentar la col\u00b7laboraci\u00f3 amb l\u2019escola, seguir buscant noves activitats i trobar noves idees per seguir creixent i, en definitiva, millorar l&#8217;entorn dels nostres fills.<\/p>\n<p>L\u2019AFA col.labora en Festes i Esdeveniments, tals com la cursa solid\u00e0ria, el concert de Santa Cec\u00edlia, Castanyada i esmorzars de Nadal i Carnestoltes, aix\u00ed com a activitats culturals i l\u00fadiques de l\u2019Escola.<\/p>\n<p>L\u2019AFA ofereix les seg\u00fcents Activitats Extraescolars que funcionen en r\u00e8gim de gesti\u00f3 indirecta amb les empreses DACOR, EDUCACI\u00d3 I ESPORT ( Psicomotricitat, Iniciaci\u00f3 Esportiva, Ball, Futbol Sala amb Acollida Tarda Especial, Rob\u00f2tica i Patinatge),\u00a0 i CLUB ESPORTIU TAGYM (Tekwondo), Angl\u00e8s&#8230;<\/p>\n<p>*AV\u00cdS: Els no socis de l\u2019AMPA pagaran una matr\u00edcula de 25 euros, m\u00e9s un rec\u00e0rrec del 25% sobre el preu mensual per a socis.<\/p>\n<p>La quota de soci de l\u2019AMPA, va ser fixada per la darrera Assemblea General de Socis de 8 de novembre de 2019 en 35 euros anuals per fam\u00edlia.<\/p>\n<p>El e-mail de contacte de l&#8217;AMPA on us podeu adre\u00e7ar a nosaltres \u00e9s afacampderros@gmail.com<\/p>\n","protected":false},"excerpt":{"rendered":"<p>L\u2019Associaci\u00f3 de Mares i de Pares d\u2019aquesta escola va ser fundada l\u2019any 2008 i va comen\u00e7ar a funcionar quan els primers infants de l\u2019escola estaven al CEIP L\u2019Olivera, mentre es feien les obres de l\u2019Escola. La Presidenta Fundadora va ser l\u2019Anna Ant\u00f3n i Asensi, qui va ser nomenada S\u00f2cia Fundadora d\u2019Honor per l\u2019Assemblea General . [&hellip;]<\/p>\n","protected":false},"author":3,"featured_media":0,"parent":0,"menu_order":0,"comment_status":"closed","ping_status":"closed","template":"page-templates\/side-menu.php","meta":{"_bbp_topic_count":0,"_bbp_reply_count":0,"_bbp_total_topic_count":0,"_bbp_total_reply_count":0,"_bbp_voice_count":0,"_bbp_anonymous_reply_count":0,"_bbp_topic_count_hidden":0,"_bbp_reply_count_hidden":0,"_bbp_forum_subforum_count":0,"site-sidebar-layout":"default","site-content-layout":"","ast-site-content-layout":"","site-content-style":"default","site-sidebar-style":"default","ast-global-header-display":"","ast-banner-title-visibility":"","ast-main-header-display":"","ast-hfb-above-header-display":"","ast-hfb-below-header-display":"","ast-hfb-mobile-header-display":"","site-post-title":"","ast-breadcrumbs-content":"","ast-featured-img":"","footer-sml-layout":"","theme-transparent-header-meta":"","adv-header-id-meta":"","stick-header-meta":"","header-above-stick-meta":"","header-main-stick-meta":"","header-below-stick-meta":"","astra-migrate-meta-layouts":"default","ast-page-background-enabled":"default","ast-page-background-meta":{"desktop":{"background-color":"var(--ast-global-color-4)","background-image":"","background-repeat":"repeat","background-position":"center center","background-size":"auto","background-attachment":"scroll","background-type":"","background-media":"","overlay-type":"","overlay-color":"","overlay-opacity":"","overlay-gradient":""},"tablet":{"background-color":"","background-image":"","background-repeat":"repeat","background-position":"center center","background-size":"auto","background-attachment":"scroll","background-type":"","background-media":"","overlay-type":"","overlay-color":"","overlay-opacity":"","overlay-gradient":""},"mobile":{"background-color":"","background-image":"","background-repeat":"repeat","background-position":"center center","background-size":"auto","background-attachment":"scroll","background-type":"","background-media":"","overlay-type":"","overlay-color":"","overlay-opacity":"","overlay-gradient":""}},"ast-content-background-meta":{"desktop":{"background-color":"var(--ast-global-color-5)","background-image":"","background-repeat":"repeat","background-position":"center center","background-size":"auto","background-attachment":"scroll","background-type":"","background-media":"","overlay-type":"","overlay-color":"","overlay-opacity":"","overlay-gradient":""},"tablet":{"background-color":"var(--ast-global-color-5)","background-image":"","background-repeat":"repeat","background-position":"center center","background-size":"auto","background-attachment":"scroll","background-type":"","background-media":"","overlay-type":"","overlay-color":"","overlay-opacity":"","overlay-gradient":""},"mobile":{"background-color":"var(--ast-global-color-5)","background-image":"","background-repeat":"repeat","background-position":"center center","background-size":"auto","background-attachment":"scroll","background-type":"","background-media":"","overlay-type":"","overlay-color":"","overlay-opacity":"","overlay-gradient":""}},"footnotes":""},"class_list":["post-853","page","type-page","status-publish","hentry"],"post_mailing_queue_ids":[],"_links":{"self":[{"href":"https:\/\/agora.xtec.cat\/escolacampderros\/wp-json\/wp\/v2\/pages\/853","targetHints":{"allow":["GET"]}}],"collection":[{"href":"https:\/\/agora.xtec.cat\/escolacampderros\/wp-json\/wp\/v2\/pages"}],"about":[{"href":"https:\/\/agora.xtec.cat\/escolacampderros\/wp-json\/wp\/v2\/types\/page"}],"author":[{"embeddable":true,"href":"https:\/\/agora.xtec.cat\/escolacampderros\/wp-json\/wp\/v2\/users\/3"}],"replies":[{"embeddable":true,"href":"https:\/\/agora.xtec.cat\/escolacampderros\/wp-json\/wp\/v2\/comments?post=853"}],"version-history":[{"count":6,"href":"https:\/\/agora.xtec.cat\/escolacampderros\/wp-json\/wp\/v2\/pages\/853\/revisions"}],"predecessor-version":[{"id":2915,"href":"https:\/\/agora.xtec.cat\/escolacampderros\/wp-json\/wp\/v2\/pages\/853\/revisions\/2915"}],"wp:attachment":[{"href":"https:\/\/agora.xtec.cat\/escolacampderros\/wp-json\/wp\/v2\/media?parent=853"}],"curies":[{"name":"wp","href":"https:\/\/api.w.org\/{rel}","templated":true}]}}