{"id":671,"date":"2019-01-10T17:39:40","date_gmt":"2019-01-10T16:39:40","guid":{"rendered":"http:\/\/agora.xtec.cat\/escolacampderros\/?page_id=671"},"modified":"2019-01-10T17:39:40","modified_gmt":"2019-01-10T16:39:40","slug":"eix-transversal","status":"publish","type":"page","link":"https:\/\/agora.xtec.cat\/escolacampderros\/projectes-de-centre\/eix-transversal\/","title":{"rendered":"EIX TRANSVERSAL"},"content":{"rendered":"<p>Treballem de manera interdisciplin\u00e0ria un conte cada curs. Potenciem activitats que engloben diferents compet\u00e8ncies i ajuden als alumnes a interrelacionar l&#8217;aprenentatge:<\/p>\n<ul style=\"list-style-type: square;\">\n<li>Lectura d&#8217;un conte popular: fem activitats de motivaci\u00f3 a la lectura, apliquem estrat\u00e8gies lectores i treballem el gust per llegir i llegir per aprendre.<\/li>\n<li>Representaci\u00f3 del conte popular: els alumnes representen el conte el dia de Carnestoltes, a m\u00e9s tamb\u00e9 es despla\u00e7a al centre una companyia de teatre per representar el conte.<\/li>\n<li>Tallers: durant una setmana els alumnes es barregen per cicle per fer activitats relacionades amb el conte.<\/li>\n<\/ul>\n<p style=\"text-align: left;\">\u00a0<em> \u00a0 \u00a0 \u00a0\u00a0 Decoraci\u00f3 de l&#8217;escola i elements per l&#8217;escenificaci\u00f3 del conte<\/em><\/p>\n<p style=\"text-align: left;\"><em>\u00a0 \u00a0 \u00a0 \u00a0\u00a0 Taller d&#8217;expressi\u00f3 escrita<\/em><\/p>\n<p style=\"text-align: left;\"><em>\u00a0 \u00a0 \u00a0 \u00a0\u00a0 Taller de biografia de l&#8217;escriptor<\/em><\/p>\n<p style=\"text-align: left;\"><em>\u00a0 \u00a0 \u00a0 \u00a0 \u00a0 Taller en angl\u00e8s<\/em><\/p>\n<p>&nbsp;<\/p>\n","protected":false},"excerpt":{"rendered":"<p>Treballem de manera interdisciplin\u00e0ria un conte cada curs. Potenciem activitats que engloben diferents compet\u00e8ncies i ajuden als alumnes a interrelacionar l&#8217;aprenentatge: Lectura d&#8217;un conte popular: fem activitats de motivaci\u00f3 a la lectura, apliquem estrat\u00e8gies lectores i treballem el gust per llegir i llegir per aprendre. Representaci\u00f3 del conte popular: els alumnes representen el conte el [&hellip;]<\/p>\n","protected":false},"author":3,"featured_media":0,"parent":527,"menu_order":0,"comment_status":"closed","ping_status":"closed","template":"page-templates\/side-menu.php","meta":{"_bbp_topic_count":0,"_bbp_reply_count":0,"_bbp_total_topic_count":0,"_bbp_total_reply_count":0,"_bbp_voice_count":0,"_bbp_anonymous_reply_count":0,"_bbp_topic_count_hidden":0,"_bbp_reply_count_hidden":0,"_bbp_forum_subforum_count":0,"site-sidebar-layout":"default","site-content-layout":"","ast-site-content-layout":"","site-content-style":"default","site-sidebar-style":"default","ast-global-header-display":"","ast-banner-title-visibility":"","ast-main-header-display":"","ast-hfb-above-header-display":"","ast-hfb-below-header-display":"","ast-hfb-mobile-header-display":"","site-post-title":"","ast-breadcrumbs-content":"","ast-featured-img":"","footer-sml-layout":"","theme-transparent-header-meta":"","adv-header-id-meta":"","stick-header-meta":"","header-above-stick-meta":"","header-main-stick-meta":"","header-below-stick-meta":"","astra-migrate-meta-layouts":"default","ast-page-background-enabled":"default","ast-page-background-meta":{"desktop":{"background-color":"var(--ast-global-color-4)","background-image":"","background-repeat":"repeat","background-position":"center center","background-size":"auto","background-attachment":"scroll","background-type":"","background-media":"","overlay-type":"","overlay-color":"","overlay-opacity":"","overlay-gradient":""},"tablet":{"background-color":"","background-image":"","background-repeat":"repeat","background-position":"center center","background-size":"auto","background-attachment":"scroll","background-type":"","background-media":"","overlay-type":"","overlay-color":"","overlay-opacity":"","overlay-gradient":""},"mobile":{"background-color":"","background-image":"","background-repeat":"repeat","background-position":"center center","background-size":"auto","background-attachment":"scroll","background-type":"","background-media":"","overlay-type":"","overlay-color":"","overlay-opacity":"","overlay-gradient":""}},"ast-content-background-meta":{"desktop":{"background-color":"var(--ast-global-color-5)","background-image":"","background-repeat":"repeat","background-position":"center center","background-size":"auto","background-attachment":"scroll","background-type":"","background-media":"","overlay-type":"","overlay-color":"","overlay-opacity":"","overlay-gradient":""},"tablet":{"background-color":"var(--ast-global-color-5)","background-image":"","background-repeat":"repeat","background-position":"center center","background-size":"auto","background-attachment":"scroll","background-type":"","background-media":"","overlay-type":"","overlay-color":"","overlay-opacity":"","overlay-gradient":""},"mobile":{"background-color":"var(--ast-global-color-5)","background-image":"","background-repeat":"repeat","background-position":"center center","background-size":"auto","background-attachment":"scroll","background-type":"","background-media":"","overlay-type":"","overlay-color":"","overlay-opacity":"","overlay-gradient":""}},"footnotes":""},"class_list":["post-671","page","type-page","status-publish","hentry"],"post_mailing_queue_ids":[],"_links":{"self":[{"href":"https:\/\/agora.xtec.cat\/escolacampderros\/wp-json\/wp\/v2\/pages\/671","targetHints":{"allow":["GET"]}}],"collection":[{"href":"https:\/\/agora.xtec.cat\/escolacampderros\/wp-json\/wp\/v2\/pages"}],"about":[{"href":"https:\/\/agora.xtec.cat\/escolacampderros\/wp-json\/wp\/v2\/types\/page"}],"author":[{"embeddable":true,"href":"https:\/\/agora.xtec.cat\/escolacampderros\/wp-json\/wp\/v2\/users\/3"}],"replies":[{"embeddable":true,"href":"https:\/\/agora.xtec.cat\/escolacampderros\/wp-json\/wp\/v2\/comments?post=671"}],"version-history":[{"count":1,"href":"https:\/\/agora.xtec.cat\/escolacampderros\/wp-json\/wp\/v2\/pages\/671\/revisions"}],"predecessor-version":[{"id":672,"href":"https:\/\/agora.xtec.cat\/escolacampderros\/wp-json\/wp\/v2\/pages\/671\/revisions\/672"}],"up":[{"embeddable":true,"href":"https:\/\/agora.xtec.cat\/escolacampderros\/wp-json\/wp\/v2\/pages\/527"}],"wp:attachment":[{"href":"https:\/\/agora.xtec.cat\/escolacampderros\/wp-json\/wp\/v2\/media?parent=671"}],"curies":[{"name":"wp","href":"https:\/\/api.w.org\/{rel}","templated":true}]}}