{"id":669,"date":"2019-01-10T17:29:53","date_gmt":"2019-01-10T16:29:53","guid":{"rendered":"http:\/\/agora.xtec.cat\/escolacampderros\/?page_id=669"},"modified":"2019-02-07T22:40:01","modified_gmt":"2019-02-07T21:40:01","slug":"juguem-i-experimentem","status":"publish","type":"page","link":"https:\/\/agora.xtec.cat\/escolacampderros\/projectes-de-centre\/juguem-i-experimentem\/","title":{"rendered":"JUGUEM I EXPERIMENTEM"},"content":{"rendered":"<p>Volem que els nens i nenes aprenguin jugant i experimentant per aix\u00f2 potenciem aquest tipus d&#8217;activitats:<\/p>\n<ul>\n<li><strong>Racons a educaci\u00f3 infantil:<\/strong> es plantegen activitats de llengua, matem\u00e0tiques, grafisme&#8230;amb material manipulatiu,<\/li>\n<li><strong>Racons a cicle inicial i 3r:<\/strong> es plantegen activitats de llengua, matem\u00e0tiques, grafisme&#8230;amb material manipulatiu.<\/li>\n<li><strong>Ludoteca a educaci\u00f3 infantil:<\/strong> els alumnes d&#8217;educaci\u00f3 infantil tenen dues sessions de ludoteca per poder realizar joc simb\u00f2lic.<\/li>\n<li><strong>L&#8217;hora del pati:<\/strong> al pati de prim\u00e0ria comptem amb diversos espais per poder gaudir del temps d&#8217;esbarjo, hi ha jocs de pati, plataforma de jocs, hort i bibliopati. A infantil tamb\u00e9 hi ha diferents possibilitats de joc com les bicicletes que es fan servir en un circuit, sorral i plataformes de joc.<\/li>\n<li><strong>Tallers a infantil:<\/strong> els alumnes de P4 i P5 realitzen durant dos dies a la setmana activitats manipulatives i vivencials en diferents espais ( construccions i experimentaci\u00f3, biblioteca, ludoteca, ioga)<\/li>\n<li><strong>Rob\u00f3tica:<\/strong> activitats de rob\u00f3tica a infantil i cicle inicial. Els alumnes aprenen mitjan\u00e7ant\u00a0BeeBot a donar ordres, a crear seq\u00fcencies i orientar-se en l&#8217;espai.<\/li>\n<li><strong>Aula sensorial:<\/strong> els alumnes d&#8217;educaci\u00f3 infantil i cicle inicial, experimenten a l&#8217;aula\u00a0 amb les tauletes de llum i altres materials sensorials.<\/li>\n<\/ul>\n<p>&nbsp;<\/p>\n<p><a href=\"https:\/\/agora.xtec.cat\/escolacampderros\/wp-content\/uploads\/usu1748\/2019\/02\/abelles.jpg\"><img loading=\"lazy\" decoding=\"async\" class=\" wp-image-839 aligncenter\" src=\"https:\/\/agora.xtec.cat\/escolacampderros\/wp-content\/uploads\/usu1748\/2019\/02\/abelles.jpg\" alt=\"\" width=\"362\" height=\"272\" srcset=\"https:\/\/agora.xtec.cat\/escolacampderros\/wp-content\/uploads\/usu1748\/2019\/02\/abelles.jpg 448w, https:\/\/agora.xtec.cat\/escolacampderros\/wp-content\/uploads\/usu1748\/2019\/02\/abelles-300x225.jpg 300w, https:\/\/agora.xtec.cat\/escolacampderros\/wp-content\/uploads\/usu1748\/2019\/02\/abelles-200x150.jpg 200w\" sizes=\"auto, (max-width: 362px) 100vw, 362px\" \/><\/a><\/p>\n<p><a href=\"https:\/\/agora.xtec.cat\/escolacampderros\/wp-content\/uploads\/usu1748\/2019\/02\/IMG_20181113_155157.jpg\"><img loading=\"lazy\" decoding=\"async\" class=\" wp-image-840\" src=\"https:\/\/agora.xtec.cat\/escolacampderros\/wp-content\/uploads\/usu1748\/2019\/02\/IMG_20181113_155157.jpg\" alt=\"\" width=\"360\" height=\"202\" srcset=\"https:\/\/agora.xtec.cat\/escolacampderros\/wp-content\/uploads\/usu1748\/2019\/02\/IMG_20181113_155157.jpg 448w, https:\/\/agora.xtec.cat\/escolacampderros\/wp-content\/uploads\/usu1748\/2019\/02\/IMG_20181113_155157-300x169.jpg 300w\" sizes=\"auto, (max-width: 360px) 100vw, 360px\" \/><\/a><\/p>\n<p><a href=\"https:\/\/agora.xtec.cat\/escolacampderros\/wp-content\/uploads\/usu1748\/2019\/02\/taules-llum.jpg\"><img loading=\"lazy\" decoding=\"async\" class=\"size-large wp-image-841 aligncenter\" src=\"https:\/\/agora.xtec.cat\/escolacampderros\/wp-content\/uploads\/usu1748\/2019\/02\/taules-llum.jpg\" alt=\"\" width=\"336\" height=\"448\" srcset=\"https:\/\/agora.xtec.cat\/escolacampderros\/wp-content\/uploads\/usu1748\/2019\/02\/taules-llum.jpg 336w, https:\/\/agora.xtec.cat\/escolacampderros\/wp-content\/uploads\/usu1748\/2019\/02\/taules-llum-225x300.jpg 225w\" sizes=\"auto, (max-width: 336px) 100vw, 336px\" \/><\/a><\/p>\n","protected":false},"excerpt":{"rendered":"<p>Volem que els nens i nenes aprenguin jugant i experimentant per aix\u00f2 potenciem aquest tipus d&#8217;activitats: Racons a educaci\u00f3 infantil: es plantegen activitats de llengua, matem\u00e0tiques, grafisme&#8230;amb material manipulatiu, Racons a cicle inicial i 3r: es plantegen activitats de llengua, matem\u00e0tiques, grafisme&#8230;amb material manipulatiu. Ludoteca a educaci\u00f3 infantil: els alumnes d&#8217;educaci\u00f3 infantil tenen dues sessions [&hellip;]<\/p>\n","protected":false},"author":3,"featured_media":0,"parent":527,"menu_order":0,"comment_status":"closed","ping_status":"closed","template":"page-templates\/side-menu.php","meta":{"_bbp_topic_count":0,"_bbp_reply_count":0,"_bbp_total_topic_count":0,"_bbp_total_reply_count":0,"_bbp_voice_count":0,"_bbp_anonymous_reply_count":0,"_bbp_topic_count_hidden":0,"_bbp_reply_count_hidden":0,"_bbp_forum_subforum_count":0,"site-sidebar-layout":"default","site-content-layout":"","ast-site-content-layout":"","site-content-style":"default","site-sidebar-style":"default","ast-global-header-display":"","ast-banner-title-visibility":"","ast-main-header-display":"","ast-hfb-above-header-display":"","ast-hfb-below-header-display":"","ast-hfb-mobile-header-display":"","site-post-title":"","ast-breadcrumbs-content":"","ast-featured-img":"","footer-sml-layout":"","theme-transparent-header-meta":"","adv-header-id-meta":"","stick-header-meta":"","header-above-stick-meta":"","header-main-stick-meta":"","header-below-stick-meta":"","astra-migrate-meta-layouts":"default","ast-page-background-enabled":"default","ast-page-background-meta":{"desktop":{"background-color":"var(--ast-global-color-4)","background-image":"","background-repeat":"repeat","background-position":"center center","background-size":"auto","background-attachment":"scroll","background-type":"","background-media":"","overlay-type":"","overlay-color":"","overlay-opacity":"","overlay-gradient":""},"tablet":{"background-color":"","background-image":"","background-repeat":"repeat","background-position":"center center","background-size":"auto","background-attachment":"scroll","background-type":"","background-media":"","overlay-type":"","overlay-color":"","overlay-opacity":"","overlay-gradient":""},"mobile":{"background-color":"","background-image":"","background-repeat":"repeat","background-position":"center center","background-size":"auto","background-attachment":"scroll","background-type":"","background-media":"","overlay-type":"","overlay-color":"","overlay-opacity":"","overlay-gradient":""}},"ast-content-background-meta":{"desktop":{"background-color":"var(--ast-global-color-5)","background-image":"","background-repeat":"repeat","background-position":"center center","background-size":"auto","background-attachment":"scroll","background-type":"","background-media":"","overlay-type":"","overlay-color":"","overlay-opacity":"","overlay-gradient":""},"tablet":{"background-color":"var(--ast-global-color-5)","background-image":"","background-repeat":"repeat","background-position":"center center","background-size":"auto","background-attachment":"scroll","background-type":"","background-media":"","overlay-type":"","overlay-color":"","overlay-opacity":"","overlay-gradient":""},"mobile":{"background-color":"var(--ast-global-color-5)","background-image":"","background-repeat":"repeat","background-position":"center center","background-size":"auto","background-attachment":"scroll","background-type":"","background-media":"","overlay-type":"","overlay-color":"","overlay-opacity":"","overlay-gradient":""}},"footnotes":""},"class_list":["post-669","page","type-page","status-publish","hentry"],"post_mailing_queue_ids":[],"_links":{"self":[{"href":"https:\/\/agora.xtec.cat\/escolacampderros\/wp-json\/wp\/v2\/pages\/669","targetHints":{"allow":["GET"]}}],"collection":[{"href":"https:\/\/agora.xtec.cat\/escolacampderros\/wp-json\/wp\/v2\/pages"}],"about":[{"href":"https:\/\/agora.xtec.cat\/escolacampderros\/wp-json\/wp\/v2\/types\/page"}],"author":[{"embeddable":true,"href":"https:\/\/agora.xtec.cat\/escolacampderros\/wp-json\/wp\/v2\/users\/3"}],"replies":[{"embeddable":true,"href":"https:\/\/agora.xtec.cat\/escolacampderros\/wp-json\/wp\/v2\/comments?post=669"}],"version-history":[{"count":2,"href":"https:\/\/agora.xtec.cat\/escolacampderros\/wp-json\/wp\/v2\/pages\/669\/revisions"}],"predecessor-version":[{"id":842,"href":"https:\/\/agora.xtec.cat\/escolacampderros\/wp-json\/wp\/v2\/pages\/669\/revisions\/842"}],"up":[{"embeddable":true,"href":"https:\/\/agora.xtec.cat\/escolacampderros\/wp-json\/wp\/v2\/pages\/527"}],"wp:attachment":[{"href":"https:\/\/agora.xtec.cat\/escolacampderros\/wp-json\/wp\/v2\/media?parent=669"}],"curies":[{"name":"wp","href":"https:\/\/api.w.org\/{rel}","templated":true}]}}